{"id":7284,"date":"2024-04-15T11:44:27","date_gmt":"2024-04-15T09:44:27","guid":{"rendered":"https:\/\/www.icrea.cat\/cookies-policy\/"},"modified":"2024-11-25T15:44:48","modified_gmt":"2024-11-25T14:44:48","slug":"cookies-policy","status":"publish","type":"page","link":"https:\/\/www.icrea.cat\/es\/cookies-policy\/","title":{"rendered":"Cookies policy"},"content":{"rendered":"\t\t<div data-elementor-type=\"wp-page\" data-elementor-id=\"7284\" class=\"elementor elementor-7284 elementor-2650\">\n\t\t\t\t<div class=\"elementor-element elementor-element-e27f949 e-flex e-con-boxed e-con e-parent\" data-id=\"e27f949\" data-element_type=\"container\" data-e-type=\"container\">\n\t\t\t\t\t<div class=\"e-con-inner\">\n\t\t\t\t<div class=\"elementor-element elementor-element-6ccd110 elementor-widget elementor-widget-heading\" data-id=\"6ccd110\" data-element_type=\"widget\" data-e-type=\"widget\" data-widget_type=\"heading.default\">\n\t\t\t\t<div class=\"elementor-widget-container\">\n\t\t\t\t\t<h2 class=\"elementor-heading-title elementor-size-default\">Cookies policy<\/h2>\t\t\t\t<\/div>\n\t\t\t\t<\/div>\n\t\t\t\t<div class=\"elementor-element elementor-element-b6c3f0c custom-policy elementor-widget elementor-widget-text-editor\" data-id=\"b6c3f0c\" data-element_type=\"widget\" data-e-type=\"widget\" data-widget_type=\"text-editor.default\">\n\t\t\t\t<div class=\"elementor-widget-container\">\n\t\t\t\t\t\t\t\t\t<strong>INSTITUCI\u00d3 CATALANA DE RECERCA I ESTUDIS AVAN\u00c7ATS (ICREA)\u00a0<\/strong>utiliza distintas cookies durante la navegaci\u00f3n por su sitio web. Para conocer toda la informaci\u00f3n relativa a nuestra Pol\u00edtica de cookies, consulte en los apartados que encontrar\u00e1 a continuaci\u00f3n:\n<ol>\n<li><strong>\u00bfQu\u00e9 es una cookie?<\/strong><br>\nLas cookies son archivos de texto que contienen peque\u00f1as cantidades de informaci\u00f3n que se descargan en su ordenador o dispositivo m\u00f3vil cuando usted visita un sitio web. Las cookies se env\u00edan de vuelta al sitio web original en cada visita posterior, o a otro sitio web que las reconoce. Las cookies son \u00fatiles porque permiten a un sitio web reconocer el dispositivo del usuario. Las cookies pueden realizar diferentes funciones como permitir navegar entre las p\u00e1ginas de manera eficiente, recordando sus preferencias, y en general mejorar la navegaci\u00f3n del usuario.<\/li>\n\n<li><strong>\u00bfQu\u00e9 tipos de cookies existen?<\/strong>\nEn funci\u00f3n de su finalidad, las cookies pueden ser:<br>\n\n<ul class=\"ul1\">\n \t<li>Cookies t\u00e9cnicas:\u00a0son aqu\u00e9llas que permiten al usuario la navegaci\u00f3n a trav\u00e9s de una p\u00e1gina web, plataforma o aplicaci\u00f3n y la utilizaci\u00f3n de las diferentes opciones o servicios que en ella existan incluyendo aquellas que el editor utiliza para permitir la gesti\u00f3n y operativa de la p\u00e1gina web y habilitar sus funciones y servicios, como como, por ejemplo, controlar el tr\u00e1fico y la comunicaci\u00f3n de datos, identificar la sesi\u00f3n, acceder a partes de acceso restringido, recordar los elementos que integran un pedido, realizar el proceso de compra de un pedido, gestionar el pago, controlar el fraude vinculado a la seguridad del servicio realizar la solicitud de inscripci\u00f3n o participaci\u00f3n en un evento, contar visitas a efectos de la facturaci\u00f3n de licencias de software con el que funciona el servicio, utilizar elementos de seguridad durante la navegaci\u00f3n, almacenar contenidos para la difusi\u00f3n de videos o sonido, habilitar contenidos din\u00e1micos (por ejemplo animaci\u00f3n de carga de un texto o imagen) o compartir contenidos a trav\u00e9s de redes sociales.<\/li>\n<li>Cookies de personalizaci\u00f3n o preferencias: son aqu\u00e9llas que permiten recordar informaci\u00f3n para que el usuario pueda acceder al servicio con algunas caracter\u00edsticas que pueden diferenciar su experiencia de la de otros usuarios, como, por ejemplo, el idioma, el n\u00famero de resultados a mostrar cuando el usuario realiza una b\u00fasqueda, el aspecto o el contenido del servicio en funci\u00f3n del tipo de navegador a trav\u00e9s del cual accede al servicio, la configuraci\u00f3n regional desde donde accede al servicio, etc.<\/li>\n<li>Cookies de an\u00e1lisis o medici\u00f3n: son aqu\u00e9llas que permiten al responsable de las mismas, el seguimiento y an\u00e1lisis del comportamiento de los usuarios de los sitios web a los que est\u00e1n vinculadas, incluida la cuantificaci\u00f3n de los impactos de los anuncios. La informaci\u00f3n recogida mediante este tipo de cookies se utiliza en la medici\u00f3n de la actividad de los sitios web, aplicaci\u00f3n o plataforma, con el fin de introducir mejoras en funci\u00f3n del an\u00e1lisis de los datos de uso que hacen los usuarios del servicio.<\/li>\n<li>Cookies de publicidad comportamental: estas cookies almacenan informaci\u00f3n del comportamiento de los usuarios obtenida a trav\u00e9s de la observaci\u00f3n continuada de sus h\u00e1bitos de navegaci\u00f3n, lo que permite desarrollar un perfil espec\u00edfico para mostrar publicidad en funci\u00f3n del mismo.<\/li>\n<\/ul>\n<li><strong>\u00bfQu\u00e9 cookies utilizamos? Panel de configuraci\u00f3n de cookies.<\/strong><br>\nSiguiendo las directrices de la Agencia Espa\u00f1ola de Protecci\u00f3n de Datos procedemos a detallar el uso de\u00a0<i>cookies<\/i>\u00a0que hace esta web con el fin de informarle con la m\u00e1xima exactitud posible.<br><br>\nPara tener m\u00e1s informaci\u00f3n sobre el tratamiento que hace Google Analytics de los datos recogidos pod\u00e9is acceder a este enlace\u00a0<a href=\"https:\/\/support.google.com\/analytics\/answer\/6004245?hl=es\">https:\/\/support.google.com\/analytics\/answer\/6004245?hl=es<\/a><br><br>\nTipos de cookies que utilizamos especificando el tipo y la finalidad que tienen\n\n<table class=\"t1\" cellspacing=\"0\" cellpadding=\"0\">\n<tbody>\n<tr>\n<td class=\"td1\" colspan=\"5\" valign=\"middle\">\n<p class=\"p1\">Tipos de cookies que utilizamos<\/p>\n<\/td>\n<\/tr>\n<tr>\n<td class=\"td2\" valign=\"middle\">\n<p class=\"p1\"><b>TIPOLOG\u00cdA<\/b><\/p>\n<\/td>\n<td class=\"td3\" valign=\"middle\">\n<p class=\"p1\"><b>DENOMINACI\u00d3N\u00a0<\/b><\/p>\n<\/td>\n<td class=\"td4\" valign=\"middle\">\n<p class=\"p1\"><b>FINALIDAD<\/b><\/p>\n<\/td>\n<td class=\"td5\" valign=\"middle\">\n<p class=\"p1\"><b>RESPONSABLE<\/b><\/p>\n<\/td>\n<td class=\"td6\" valign=\"middle\">\n<p class=\"p1\"><b>CONSERVACI\u00d3N<\/b><\/p>\n<\/td>\n<\/tr>\n<tr>\n<td class=\"td7\" valign=\"middle\">\n<p class=\"p1\"><b>T\u00e9cnica<\/b><\/p>\n<\/td>\n<td class=\"td8\" valign=\"middle\">\n<p class=\"p1\">has_js<\/p>\n<\/td>\n<td class=\"td9\" valign=\"middle\">\n<p class=\"p1\">Cookie que se utiliza para detectar si el navegador acepta JavaScript.<\/p>\n<\/td>\n<td class=\"td10\" valign=\"middle\">\n<p class=\"p1\"><b>PROPIA<\/b><\/p>\n<\/td>\n<td class=\"td11\" valign=\"middle\">\n<p class=\"p1\">Al finalizar la sesi\u00f3n<\/p>\n<\/td>\n<\/tr>\n<tr>\n<td class=\"td12\" valign=\"middle\">\n<p class=\"p1\"><b>T\u00e9cnica<\/b><\/p>\n<\/td>\n<td class=\"td13\" valign=\"middle\">\n<p class=\"p1\">cookie-agreed<\/p>\n<\/td>\n<td class=\"td14\" valign=\"middle\">\n<p class=\"p1\">Cookie sirve para registrar la aceptaci\u00f3n del uso de las cookies.<\/p>\n<\/td>\n<td class=\"td15\" valign=\"middle\">\n<p class=\"p1\"><b>PROPIA<\/b><\/p>\n<\/td>\n<td class=\"td16\" valign=\"middle\">\n<p class=\"p1\">3 meses<\/p>\n<\/td>\n<\/tr>\n<tr>\n<td class=\"td17\" valign=\"middle\">\n<p class=\"p1\"><b>T\u00e9cnica<\/b><\/p>\n<\/td>\n<td class=\"td18\" valign=\"middle\">\n<p class=\"p1\">SESS\u2026<\/p>\n<\/td>\n<td class=\"td19\" valign=\"middle\">\n<p class=\"p1\">Cookie de sesi\u00f3n del usuario de Drupal.<\/p>\n<\/td>\n<td class=\"td20\" valign=\"middle\">\n<p class=\"p1\"><b>PROPIA<\/b><\/p>\n<\/td>\n<td class=\"td21\" valign=\"middle\">\n<p class=\"p1\">1 mes<\/p>\n<\/td>\n<\/tr>\n<tr>\n<td class=\"td17\" valign=\"middle\">\n<p class=\"p1\"><b>Anal\u00edtica<\/b><\/p>\n<\/td>\n<td class=\"td18\" valign=\"middle\">\n<p class=\"p1\">_ga<\/p>\n<\/td>\n<td class=\"td19\" valign=\"middle\">\n<p class=\"p1\">Cookie usada para distinguir a los usuarios.<\/p>\n<\/td>\n<td class=\"td20\" valign=\"middle\">\n<p class=\"p2\"><span class=\"s3\"><a href=\"https:\/\/support.google.com\/analytics\/answer\/6004245?hl=es\"><b>GOOGLE<\/b><\/a><\/span><\/p>\n<\/td>\n<td class=\"td21\" valign=\"middle\">\n<p class=\"p1\">2 a\u00f1os<\/p>\n<\/td>\n<\/tr>\n<tr>\n<td class=\"td22\" valign=\"middle\">\n<p class=\"p1\"><b>Anal\u00edtica<\/b><\/p>\n<\/td>\n<td class=\"td23\" valign=\"middle\">\n<p class=\"p1\">_gat<\/p>\n<\/td>\n<td class=\"td24\" valign=\"middle\">\n<p class=\"p1\">Cookie usada para limitar el porcentaje de solicitudes.<\/p>\n<\/td>\n<td class=\"td25\" valign=\"middle\">\n<p class=\"p2\"><span class=\"s3\"><a href=\"https:\/\/support.google.com\/analytics\/answer\/6004245?hl=es\"><b>GOOGLE<\/b><\/a><\/span><\/p>\n<\/td>\n<td class=\"td26\" valign=\"middle\">\n<p class=\"p1\">1 minuto<\/p>\n<\/td>\n<\/tr>\n<tr>\n<td class=\"td17\" valign=\"middle\">\n<p class=\"p1\"><b>Anal\u00edtica<\/b><\/p>\n<\/td>\n<td class=\"td18\" valign=\"middle\">\n<p class=\"p1\">_gid<\/p>\n<\/td>\n<td class=\"td19\" valign=\"middle\">\n<p class=\"p1\">Cookie usada para distinguir a los usuarios.<\/p>\n<\/td>\n<td class=\"td20\" valign=\"middle\">\n<p class=\"p2\"><span class=\"s3\"><a href=\"https:\/\/support.google.com\/analytics\/answer\/6004245?hl=es\"><b>GOOGLE<\/b><\/a><\/span><\/p>\n<\/td>\n<td class=\"td21\" valign=\"middle\">\n<p class=\"p1\">24 horas<\/p>\n<\/td>\n<\/tr>\n<\/tbody>\n<\/table>\n<\/li>\n\n<li><strong>\u00bfC\u00f3mo desinstalo las cookies?<\/strong><br>\nEl usuario puede libremente decidir acerca de la implantaci\u00f3n o no en su disco duro de nuestras cookies, as\u00ed como su eliminaci\u00f3n, siguiendo el procedimiento establecido en la secci\u00f3n de ayuda de su navegador. El usuario puede tambi\u00e9n configurar su navegador para aceptar o rechazar por defecto todas las cookies o para recibir un aviso en pantalla de la recepci\u00f3n de cada cookie y decidir en ese momento su implantaci\u00f3n o no en su disco duro. A continuaci\u00f3n, le facilitamos los enlaces a los fabricantes de dispositivos y navegadores para la gesti\u00f3n o desactivaci\u00f3n de cookies de la mayor\u00eda de navegadores:\n\n<ul>\n<li>Para\u00a0<strong>Internet Explorer<\/strong>: en la opci\u00f3n de men\u00fa: Herramientas &gt; Opciones de Internet &gt; Privacidad &gt; Configuraci\u00f3n. Para saber m\u00e1s visita el siguiente enlace:\u00a0<a href=\"https:\/\/support.microsoft.com\/es-es\/help\/17442\/windows-internet-explorer-delete-manage-cookies\">https:\/\/support.microsoft.com\/es-es\/help\/17442\/windows-internet-explorer-delete-manage-cookies<\/a><\/li>\n<li>Para<strong>Google Chrome<\/strong>: en Opciones &gt; Opciones avanzadas &gt; Privacidad &gt; Cookies. Para m\u00e1s informaci\u00f3n visita el siguiente enlace:\u00a0<a href=\"https:\/\/support.google.com\/chrome\/answer\/95647?hl=es\">https:\/\/support.google.com\/chrome\/answer\/95647?hl=es<\/a>\n<li>Para\u00a0<strong>Mozilla Firefox:<\/strong>\u00a0en la opci\u00f3n de men\u00fa: Herramientas &gt; Opciones &gt; Privacidad &gt; Cookies. Para saber m\u00e1s visita los siguientes enlaces:\u00a0<a href=\"https:\/\/support.mozilla.org\/es\/kb\/Borrar%252520cookies\">https:\/\/support.mozilla.org\/es\/kb\/Borrar%20cookies<\/a>\u00a0y\u00a0<a href=\"https:\/\/support.mozilla.org\/es\/kb\/habilitar-y-deshabilitar-cookies-sitios-web-rastrear-preferencias?redirectlocale=es&amp;redirectslug=habilitar-y-deshabilitar-cookies-que-los-sitios-we\">https:\/\/support.mozilla.org\/es\/kb\/habilitar-y-deshabilitar-cookies-sitios-web-rastrear-preferencias?redirectlocale=es&amp;redirectslug=habilitar-y-deshabilitar-cookies-que-los-sitios-we<\/a><\/span><\/li>\n<li>Para\u00a0<strong>Safari (IOS 8):\u00a0<\/strong>en Ajustes &gt; Safari &gt; Bloquear cookies. Para saber m\u00e1s visita el siguiente enlace:\u00a0<a href=\"http:\/\/support.apple.com\/kb\/HT1677?viewlocale=es_ES\">http:\/\/support.apple.com\/kb\/HT1677?viewlocale=es_ES<\/a><\/li>\n<li>Para\u00a0<strong>Opera:<\/strong>\u00a0en Ajustes &gt; Avanzado &gt; Privacidad y seguridad &gt; Ajustes de contenido &gt; Cookies. Para m\u00e1s informaci\u00f3n visita el siguiente enlace:\u00a0<a href=\"https:\/\/help.opera.com\/en\/latest\/web-preferences\/#cookies\">https:\/\/help.opera.com\/en\/latest\/web-preferences\/#cookies<\/a><\/li>\n<li>Para\u00a0<strong>Android:<\/strong>\u00a0en Men\u00fa &gt; Ajustes &gt; Seguridad y Privacidad &gt; Aceptar cookies para que active o desactive la casilla. Para m\u00e1s informaci\u00f3n visita el siguiente enlace:\u00a0<a href=\"http:\/\/support.google.com\/android\/?hl=es\">http:\/\/support.google.com\/android\/?hl=es<\/a><\/li>\n<\/ul>\nEl hecho de que el usuario configure su navegador para rechazar todas las cookies o expresamente nuestras cookies puede suponer que no sea posible acceder a algunos de los servicios y que su experiencia en nuestra web pueda resultar menos satisfactoria. Si desea tener un mayor control sobre la instalaci\u00f3n de cookies, puede instalar programas o complementos a su navegador, conocidos como herramientas de \u201c<i>Do Not Track<\/i>\u201d, que le permitir\u00e1n escoger aquellas cookies que desea permitir.<br><br>\nGoogle pone a disposici\u00f3n de los usuarios una herramienta que permite configurar la informaci\u00f3n que se env\u00eda desde el navegador a Google Analytics, os pod\u00e9is descargar la herramienta desde este enlace\u00a0<a href=\"https:\/\/tools.google.com\/dlpage\/gaoptout?hl=es\">https:\/\/tools.google.com\/dlpage\/gaoptout<\/span><span class=\"s6\">\u200b<\/a><br><br>\nNi esta web ni sus representantes legales se hacen responsables ni del contenido ni de la veracidad de las pol\u00edticas de privacidad que puedan tener los terceros mencionados en la presente Pol\u00edtica de\u00a0<i>cookies<\/i>. As\u00ed como no se garantiza la correcta o incorrecta manipulaci\u00f3n de las\u00a0<i>cookies<\/i>\u00a0por parte de los navegadores.<br><br>\n<strong>ICREA<\/strong>\u00a0se reserva el derecho a modificar la presente Pol\u00edtica de Cookies para adaptarla a futura legislaci\u00f3n y\/o jurisprudencia aplicable, as\u00ed como a los futuros usos de los datos personales del usuario en el Sitio Web. En cualquier caso, los usuarios ser\u00e1n informados previamente de los cambios en la mencionada pol\u00edtica. Por lo tanto, se recomienda al usuario que proceda a leer la Pol\u00edtica de Cookies cada vez que acceda al sitio web.\t\t\t\t\t\t\t\t<\/div>\n\t\t\t\t<\/div>\n\t\t\t\t\t<\/div>\n\t\t\t\t<\/div>\n\t\t\t\t<\/div>\n\t\t","protected":false},"excerpt":{"rendered":"<p>Cookies policy INSTITUCI\u00d3 CATALANA DE RECERCA I ESTUDIS AVAN\u00c7ATS (ICREA)\u00a0utiliza distintas cookies durante la navegaci\u00f3n por su sitio web. Para conocer toda la informaci\u00f3n relativa a nuestra Pol\u00edtica de cookies, consulte en los apartados que encontrar\u00e1 a continuaci\u00f3n: \u00bfQu\u00e9 es una cookie? Las cookies son archivos de texto que contienen peque\u00f1as cantidades de informaci\u00f3n que [&hellip;]<\/p>\n","protected":false},"author":1,"featured_media":0,"parent":0,"menu_order":0,"comment_status":"closed","ping_status":"closed","template":"","meta":{"_acf_changed":false,"footnotes":""},"class_list":["post-7284","page","type-page","status-publish","hentry"],"acf":[],"yoast_head":"<!-- This site is optimized with the Yoast SEO plugin v27.3 - https:\/\/yoast.com\/product\/yoast-seo-wordpress\/ -->\n<title>Cookies policy - ICREA<\/title>\n<meta name=\"robots\" content=\"index, follow, max-snippet:-1, max-image-preview:large, max-video-preview:-1\" \/>\n<link rel=\"canonical\" href=\"https:\/\/www.icrea.cat\/cookies-policy\/\" \/>\n<meta property=\"og:locale\" content=\"es_ES\" \/>\n<meta property=\"og:type\" content=\"article\" \/>\n<meta property=\"og:title\" content=\"Cookies policy - ICREA\" \/>\n<meta property=\"og:description\" content=\"Cookies policy INSTITUCI\u00d3 CATALANA DE RECERCA I ESTUDIS AVAN\u00c7ATS (ICREA)\u00a0utiliza distintas cookies durante la navegaci\u00f3n por su sitio web. Para conocer toda la informaci\u00f3n relativa a nuestra Pol\u00edtica de cookies, consulte en los apartados que encontrar\u00e1 a continuaci\u00f3n: \u00bfQu\u00e9 es una cookie? Las cookies son archivos de texto que contienen peque\u00f1as cantidades de informaci\u00f3n que [&hellip;]\" \/>\n<meta property=\"og:url\" content=\"https:\/\/www.icrea.cat\/cookies-policy\/\" \/>\n<meta property=\"og:site_name\" content=\"ICREA\" \/>\n<meta property=\"article:modified_time\" content=\"2024-11-25T14:44:48+00:00\" \/>\n<meta name=\"twitter:card\" content=\"summary_large_image\" \/>\n<meta name=\"twitter:label1\" content=\"Tiempo de lectura\" \/>\n\t<meta name=\"twitter:data1\" content=\"6 minutos\" \/>\n<script type=\"application\/ld+json\" class=\"yoast-schema-graph\">{\"@context\":\"https:\\\/\\\/schema.org\",\"@graph\":[{\"@type\":\"WebPage\",\"@id\":\"https:\\\/\\\/www.icrea.cat\\\/cookies-policy\\\/\",\"url\":\"https:\\\/\\\/www.icrea.cat\\\/cookies-policy\\\/\",\"name\":\"Cookies policy - ICREA\",\"isPartOf\":{\"@id\":\"https:\\\/\\\/www.icrea.cat\\\/#website\"},\"datePublished\":\"2024-04-15T09:44:27+00:00\",\"dateModified\":\"2024-11-25T14:44:48+00:00\",\"breadcrumb\":{\"@id\":\"https:\\\/\\\/www.icrea.cat\\\/cookies-policy\\\/#breadcrumb\"},\"inLanguage\":\"es\",\"potentialAction\":[{\"@type\":\"ReadAction\",\"target\":[\"https:\\\/\\\/www.icrea.cat\\\/cookies-policy\\\/\"]}]},{\"@type\":\"BreadcrumbList\",\"@id\":\"https:\\\/\\\/www.icrea.cat\\\/cookies-policy\\\/#breadcrumb\",\"itemListElement\":[{\"@type\":\"ListItem\",\"position\":1,\"name\":\"Home\",\"item\":\"https:\\\/\\\/www.icrea.cat\\\/\"},{\"@type\":\"ListItem\",\"position\":2,\"name\":\"Cookies policy\"}]},{\"@type\":\"WebSite\",\"@id\":\"https:\\\/\\\/www.icrea.cat\\\/#website\",\"url\":\"https:\\\/\\\/www.icrea.cat\\\/\",\"name\":\"ICREA\",\"description\":\"\",\"publisher\":{\"@id\":\"https:\\\/\\\/www.icrea.cat\\\/#organization\"},\"potentialAction\":[{\"@type\":\"SearchAction\",\"target\":{\"@type\":\"EntryPoint\",\"urlTemplate\":\"https:\\\/\\\/www.icrea.cat\\\/?s={search_term_string}\"},\"query-input\":{\"@type\":\"PropertyValueSpecification\",\"valueRequired\":true,\"valueName\":\"search_term_string\"}}],\"inLanguage\":\"es\"},{\"@type\":\"Organization\",\"@id\":\"https:\\\/\\\/www.icrea.cat\\\/#organization\",\"name\":\"ICREA\",\"url\":\"https:\\\/\\\/www.icrea.cat\\\/\",\"logo\":{\"@type\":\"ImageObject\",\"inLanguage\":\"es\",\"@id\":\"https:\\\/\\\/www.icrea.cat\\\/#\\\/schema\\\/logo\\\/image\\\/\",\"url\":\"https:\\\/\\\/www.icrea.cat\\\/wp-content\\\/uploads\\\/2025\\\/01\\\/cropped-logo-icrea-claim-white.png\",\"contentUrl\":\"https:\\\/\\\/www.icrea.cat\\\/wp-content\\\/uploads\\\/2025\\\/01\\\/cropped-logo-icrea-claim-white.png\",\"width\":1658,\"height\":709,\"caption\":\"ICREA\"},\"image\":{\"@id\":\"https:\\\/\\\/www.icrea.cat\\\/#\\\/schema\\\/logo\\\/image\\\/\"}}]}<\/script>\n<!-- \/ Yoast SEO plugin. -->","yoast_head_json":{"title":"Cookies policy - ICREA","robots":{"index":"index","follow":"follow","max-snippet":"max-snippet:-1","max-image-preview":"max-image-preview:large","max-video-preview":"max-video-preview:-1"},"canonical":"https:\/\/www.icrea.cat\/cookies-policy\/","og_locale":"es_ES","og_type":"article","og_title":"Cookies policy - ICREA","og_description":"Cookies policy INSTITUCI\u00d3 CATALANA DE RECERCA I ESTUDIS AVAN\u00c7ATS (ICREA)\u00a0utiliza distintas cookies durante la navegaci\u00f3n por su sitio web. Para conocer toda la informaci\u00f3n relativa a nuestra Pol\u00edtica de cookies, consulte en los apartados que encontrar\u00e1 a continuaci\u00f3n: \u00bfQu\u00e9 es una cookie? Las cookies son archivos de texto que contienen peque\u00f1as cantidades de informaci\u00f3n que [&hellip;]","og_url":"https:\/\/www.icrea.cat\/cookies-policy\/","og_site_name":"ICREA","article_modified_time":"2024-11-25T14:44:48+00:00","twitter_card":"summary_large_image","twitter_misc":{"Tiempo de lectura":"6 minutos"},"schema":{"@context":"https:\/\/schema.org","@graph":[{"@type":"WebPage","@id":"https:\/\/www.icrea.cat\/cookies-policy\/","url":"https:\/\/www.icrea.cat\/cookies-policy\/","name":"Cookies policy - ICREA","isPartOf":{"@id":"https:\/\/www.icrea.cat\/#website"},"datePublished":"2024-04-15T09:44:27+00:00","dateModified":"2024-11-25T14:44:48+00:00","breadcrumb":{"@id":"https:\/\/www.icrea.cat\/cookies-policy\/#breadcrumb"},"inLanguage":"es","potentialAction":[{"@type":"ReadAction","target":["https:\/\/www.icrea.cat\/cookies-policy\/"]}]},{"@type":"BreadcrumbList","@id":"https:\/\/www.icrea.cat\/cookies-policy\/#breadcrumb","itemListElement":[{"@type":"ListItem","position":1,"name":"Home","item":"https:\/\/www.icrea.cat\/"},{"@type":"ListItem","position":2,"name":"Cookies policy"}]},{"@type":"WebSite","@id":"https:\/\/www.icrea.cat\/#website","url":"https:\/\/www.icrea.cat\/","name":"ICREA","description":"","publisher":{"@id":"https:\/\/www.icrea.cat\/#organization"},"potentialAction":[{"@type":"SearchAction","target":{"@type":"EntryPoint","urlTemplate":"https:\/\/www.icrea.cat\/?s={search_term_string}"},"query-input":{"@type":"PropertyValueSpecification","valueRequired":true,"valueName":"search_term_string"}}],"inLanguage":"es"},{"@type":"Organization","@id":"https:\/\/www.icrea.cat\/#organization","name":"ICREA","url":"https:\/\/www.icrea.cat\/","logo":{"@type":"ImageObject","inLanguage":"es","@id":"https:\/\/www.icrea.cat\/#\/schema\/logo\/image\/","url":"https:\/\/www.icrea.cat\/wp-content\/uploads\/2025\/01\/cropped-logo-icrea-claim-white.png","contentUrl":"https:\/\/www.icrea.cat\/wp-content\/uploads\/2025\/01\/cropped-logo-icrea-claim-white.png","width":1658,"height":709,"caption":"ICREA"},"image":{"@id":"https:\/\/www.icrea.cat\/#\/schema\/logo\/image\/"}}]}},"_links":{"self":[{"href":"https:\/\/www.icrea.cat\/es\/wp-json\/wp\/v2\/pages\/7284","targetHints":{"allow":["GET"]}}],"collection":[{"href":"https:\/\/www.icrea.cat\/es\/wp-json\/wp\/v2\/pages"}],"about":[{"href":"https:\/\/www.icrea.cat\/es\/wp-json\/wp\/v2\/types\/page"}],"author":[{"embeddable":true,"href":"https:\/\/www.icrea.cat\/es\/wp-json\/wp\/v2\/users\/1"}],"replies":[{"embeddable":true,"href":"https:\/\/www.icrea.cat\/es\/wp-json\/wp\/v2\/comments?post=7284"}],"version-history":[{"count":4,"href":"https:\/\/www.icrea.cat\/es\/wp-json\/wp\/v2\/pages\/7284\/revisions"}],"predecessor-version":[{"id":19911,"href":"https:\/\/www.icrea.cat\/es\/wp-json\/wp\/v2\/pages\/7284\/revisions\/19911"}],"wp:attachment":[{"href":"https:\/\/www.icrea.cat\/es\/wp-json\/wp\/v2\/media?parent=7284"}],"curies":[{"name":"wp","href":"https:\/\/api.w.org\/{rel}","templated":true}]}}