{"id":7210,"date":"2024-01-30T09:53:56","date_gmt":"2024-01-30T08:53:56","guid":{"rendered":"https:\/\/www.icrea.cat\/impact\/innovacion\/"},"modified":"2024-10-24T12:21:47","modified_gmt":"2024-10-24T10:21:47","slug":"innovacion","status":"publish","type":"page","link":"https:\/\/www.icrea.cat\/es\/impacto\/innovacion\/","title":{"rendered":"Innovaci\u00f3n"},"content":{"rendered":"\t\t<div data-elementor-type=\"wp-page\" data-elementor-id=\"7210\" class=\"elementor elementor-7210 elementor-750\">\n\t\t\t\t<div class=\"elementor-element elementor-element-083e46a hero-banner-def e-flex e-con-boxed e-con e-parent\" data-id=\"083e46a\" data-element_type=\"container\" data-e-type=\"container\" data-settings=\"{&quot;background_background&quot;:&quot;slideshow&quot;,&quot;background_slideshow_gallery&quot;:[{&quot;id&quot;:763,&quot;url&quot;:&quot;https:\\\/\\\/www.icrea.cat\\\/wp-content\\\/uploads\\\/2024\\\/01\\\/Mask-group.png&quot;}],&quot;background_slideshow_loop&quot;:&quot;yes&quot;,&quot;background_slideshow_slide_duration&quot;:5000,&quot;background_slideshow_slide_transition&quot;:&quot;fade&quot;,&quot;background_slideshow_transition_duration&quot;:500}\">\n\t\t\t\t\t<div class=\"e-con-inner\">\n\t\t\t\t<div class=\"elementor-element elementor-element-af291f6 elementor-widget elementor-widget-heading\" data-id=\"af291f6\" data-element_type=\"widget\" data-e-type=\"widget\" data-widget_type=\"heading.default\">\n\t\t\t\t<div class=\"elementor-widget-container\">\n\t\t\t\t\t<h1 class=\"elementor-heading-title elementor-size-default\"><mark>Innovaci\u00f3n<\/mark><\/h1>\t\t\t\t<\/div>\n\t\t\t\t<\/div>\n\t\t\t\t\t<\/div>\n\t\t\t\t<\/div>\n\t\t<div class=\"elementor-element elementor-element-0f385b1 e-flex e-con-boxed e-con e-parent\" data-id=\"0f385b1\" data-element_type=\"container\" data-e-type=\"container\">\n\t\t\t\t\t<div class=\"e-con-inner\">\n\t\t<div class=\"elementor-element elementor-element-be2089d e-con-full e-flex e-con e-child\" data-id=\"be2089d\" data-element_type=\"container\" data-e-type=\"container\">\n\t\t\t\t<div class=\"elementor-element elementor-element-d08af59 elementor-widget elementor-widget-heading\" data-id=\"d08af59\" data-element_type=\"widget\" data-e-type=\"widget\" data-widget_type=\"heading.default\">\n\t\t\t\t<div class=\"elementor-widget-container\">\n\t\t\t\t\t<h2 class=\"elementor-heading-title elementor-size-default\"><mark>APORTACI\u00d3N<\/mark> DE IDEAS AL MERCADO<br><\/h2>\t\t\t\t<\/div>\n\t\t\t\t<\/div>\n\t\t\t\t<\/div>\n\t\t<div class=\"elementor-element elementor-element-5f38cde e-con-full e-flex e-con e-child\" data-id=\"5f38cde\" data-element_type=\"container\" data-e-type=\"container\">\n\t\t\t\t<div class=\"elementor-element elementor-element-a072c43 elementor-widget elementor-widget-text-editor\" data-id=\"a072c43\" data-element_type=\"widget\" data-e-type=\"widget\" data-widget_type=\"text-editor.default\">\n\t\t\t\t<div class=\"elementor-widget-container\">\n\t\t\t\t\t\t\t\t\t<p>Los investigadores de ICREA tienen plena libertad para proseguir con la investigaci\u00f3n que escojan, se los selecciona \u00fanicamente en base a su excelencia cient\u00edfica y acad\u00e9mica. Sin embargo, la excelencia cient\u00edfica desemboca a menudo en descubrimientos incre\u00edbles que pueden transformar el modo en que hacemos las cosas y lo que pensamos de nosotros y del futuro. <\/p>\n\t\t\t\t\t\t\t\t<\/div>\n\t\t\t\t<\/div>\n\t\t\t\t<\/div>\n\t\t<div class=\"elementor-element elementor-element-09aff6b e-con-full e-flex e-con e-child\" data-id=\"09aff6b\" data-element_type=\"container\" data-e-type=\"container\">\n\t\t\t\t<div class=\"elementor-element elementor-element-3ce7e71 elementor-widget elementor-widget-text-editor\" data-id=\"3ce7e71\" data-element_type=\"widget\" data-e-type=\"widget\" data-widget_type=\"text-editor.default\">\n\t\t\t\t<div class=\"elementor-widget-container\">\n\t\t\t\t\t\t\t\t\t<p>Cuando eso sucede, ICREA presta su ayuda. Y sucede muy a menudo puesto que la investigaci\u00f3n sobresaliente a la vanguardia del conocimiento conduce a menudo a puntos de vista que pueden cambiar el modo de hacer las cosas. <\/p>\n\t\t\t\t\t\t\t\t<\/div>\n\t\t\t\t<\/div>\n\t\t\t\t<div class=\"elementor-element elementor-element-18d0070 elementor-widget elementor-widget-text-editor\" data-id=\"18d0070\" data-element_type=\"widget\" data-e-type=\"widget\" data-widget_type=\"text-editor.default\">\n\t\t\t\t<div class=\"elementor-widget-container\">\n\t\t\t\t\t\t\t\t\t<p>Aportar ideas al mercado, mediante la creaci\u00f3n de una empresa o la concesi\u00f3n de licencias para el uso de tecnolog\u00edas desarrolladas por catedr\u00e1ticos de investigaci\u00f3n de ICREA, tiene cada vez m\u00e1s importancia en nuestra labor diaria.<\/p>\n\t\t\t\t\t\t\t\t<\/div>\n\t\t\t\t<\/div>\n\t\t\t\t<\/div>\n\t\t\t\t\t<\/div>\n\t\t\t\t<\/div>\n\t\t<div class=\"elementor-element elementor-element-db4e4ea golden-section e-flex e-con-boxed e-con e-parent\" data-id=\"db4e4ea\" data-element_type=\"container\" data-e-type=\"container\">\n\t\t\t\t\t<div class=\"e-con-inner\">\n\t\t<div class=\"elementor-element elementor-element-699aacf e-con-full e-flex e-con e-child\" data-id=\"699aacf\" data-element_type=\"container\" data-e-type=\"container\">\n\t\t\t\t<div class=\"elementor-element elementor-element-f33f168 elementor-widget elementor-widget-heading\" data-id=\"f33f168\" data-element_type=\"widget\" data-e-type=\"widget\" data-widget_type=\"heading.default\">\n\t\t\t\t<div class=\"elementor-widget-container\">\n\t\t\t\t\t<h2 class=\"elementor-heading-title elementor-size-default\"> EMPRESAS <mark>DERIVADAS<\/mark><\/h2>\t\t\t\t<\/div>\n\t\t\t\t<\/div>\n\t\t\t\t<div class=\"elementor-element elementor-element-59732d1 elementor-widget elementor-widget-text-editor\" data-id=\"59732d1\" data-element_type=\"widget\" data-e-type=\"widget\" data-widget_type=\"text-editor.default\">\n\t\t\t\t<div class=\"elementor-widget-container\">\n\t\t\t\t\t\t\t\t\t<p>Aunque no es algo que se espere en absoluto de los investigadores de ICREA, a veces dan con algo que promete convertirse en una potente tecnolog\u00eda nueva pero parece imposible ir m\u00e1s all\u00e1 en su desarrollo sin una inversi\u00f3n significativa de tiempo y dinero. En estos casos, muchos optan por estudiar la creaci\u00f3n de una empresa derivada. <\/p>\n\t\t\t\t\t\t\t\t<\/div>\n\t\t\t\t<\/div>\n\t\t\t\t<div class=\"elementor-element elementor-element-bbc4bab icrea-btn-black elementor-widget elementor-widget-button\" data-id=\"bbc4bab\" data-element_type=\"widget\" data-e-type=\"widget\" data-widget_type=\"button.default\">\n\t\t\t\t<div class=\"elementor-widget-container\">\n\t\t\t\t\t\t\t\t\t<div class=\"elementor-button-wrapper\">\n\t\t\t\t\t<a class=\"elementor-button elementor-button-link elementor-size-sm\" href=\"\/impact\/innovation\/spin-offs\/\">\n\t\t\t\t\t\t<span class=\"elementor-button-content-wrapper\">\n\t\t\t\t\t\t\t\t\t<span class=\"elementor-button-text\">Ir a empresas derivadas<\/span>\n\t\t\t\t\t<\/span>\n\t\t\t\t\t<\/a>\n\t\t\t\t<\/div>\n\t\t\t\t\t\t\t\t<\/div>\n\t\t\t\t<\/div>\n\t\t\t\t<\/div>\n\t\t<div class=\"elementor-element elementor-element-2b0e225 e-con-full e-flex e-con e-child\" data-id=\"2b0e225\" data-element_type=\"container\" data-e-type=\"container\">\n\t\t\t\t<div class=\"elementor-element elementor-element-23b8eaa elementor-widget elementor-widget-image\" data-id=\"23b8eaa\" data-element_type=\"widget\" data-e-type=\"widget\" data-widget_type=\"image.default\">\n\t\t\t\t<div class=\"elementor-widget-container\">\n\t\t\t\t\t\t\t\t\t\t\t\t\t\t\t<img fetchpriority=\"high\" decoding=\"async\" width=\"633\" height=\"633\" src=\"https:\/\/www.icrea.cat\/wp-content\/uploads\/2024\/01\/Rectangle-45spinoff.jpg\" class=\"attachment-large size-large wp-image-5051\" alt=\"\" srcset=\"https:\/\/www.icrea.cat\/wp-content\/uploads\/2024\/01\/Rectangle-45spinoff.jpg 633w, https:\/\/www.icrea.cat\/wp-content\/uploads\/2024\/01\/Rectangle-45spinoff-300x300.jpg 300w, https:\/\/www.icrea.cat\/wp-content\/uploads\/2024\/01\/Rectangle-45spinoff-150x150.jpg 150w\" sizes=\"(max-width: 633px) 100vw, 633px\" \/>\t\t\t\t\t\t\t\t\t\t\t\t\t\t\t<\/div>\n\t\t\t\t<\/div>\n\t\t\t\t<\/div>\n\t\t\t\t\t<\/div>\n\t\t\t\t<\/div>\n\t\t<div class=\"elementor-element elementor-element-da1858c e-flex e-con-boxed e-con e-parent\" data-id=\"da1858c\" data-element_type=\"container\" data-e-type=\"container\">\n\t\t\t\t\t<div class=\"e-con-inner\">\n\t\t<div class=\"elementor-element elementor-element-c78c2bc e-con-full e-flex e-con e-child\" data-id=\"c78c2bc\" data-element_type=\"container\" data-e-type=\"container\">\n\t\t\t\t<div class=\"elementor-element elementor-element-192b078 elementor-widget elementor-widget-heading\" data-id=\"192b078\" data-element_type=\"widget\" data-e-type=\"widget\" data-widget_type=\"heading.default\">\n\t\t\t\t<div class=\"elementor-widget-container\">\n\t\t\t\t\t<h2 class=\"elementor-heading-title elementor-size-default\"><mark> PROPIEDAD INDUSTRIAL<\/mark><\/h2>\t\t\t\t<\/div>\n\t\t\t\t<\/div>\n\t\t\t\t<div class=\"elementor-element elementor-element-1b96c3d elementor-widget elementor-widget-text-editor\" data-id=\"1b96c3d\" data-element_type=\"widget\" data-e-type=\"widget\" data-widget_type=\"text-editor.default\">\n\t\t\t\t<div class=\"elementor-widget-container\">\n\t\t\t\t\t\t\t\t\t<p><strong>ICREA<\/strong> selecciona a los investigadores \u00fanicamente en base a sus logros cient\u00edficos. No obstante, la excelencia cient\u00edfica desemboca a menudo en la invenci\u00f3n de nuevas tecnolog\u00edas y soluciones incre\u00edbles. Cuando eso sucede, ICREA apoya plenamente el aprovechamiento de estas oportunidades.  <\/p>\n\t\t\t\t\t\t\t\t<\/div>\n\t\t\t\t<\/div>\n\t\t\t\t<\/div>\n\t\t<div class=\"elementor-element elementor-element-45c25e2 e-con-full e-flex e-con e-child\" data-id=\"45c25e2\" data-element_type=\"container\" data-e-type=\"container\">\n\t\t\t\t<div class=\"elementor-element elementor-element-0366c9b elementor-widget elementor-widget-text-editor\" data-id=\"0366c9b\" data-element_type=\"widget\" data-e-type=\"widget\" data-widget_type=\"text-editor.default\">\n\t\t\t\t<div class=\"elementor-widget-container\">\n\t\t\t\t\t\t\t\t\t<p>Los catedr\u00e1ticos de investigaci\u00f3n de ICREA trabajan en varias universidades y centros de investigaci\u00f3n. De ah\u00ed que la titularidad de cualquier propiedad industrial se comparta siempre entre ICREA y la instituci\u00f3n de acogida. <\/p>\n\t\t\t\t\t\t\t\t<\/div>\n\t\t\t\t<\/div>\n\t\t\t\t<div class=\"elementor-element elementor-element-4861d78 elementor-widget elementor-widget-text-editor\" data-id=\"4861d78\" data-element_type=\"widget\" data-e-type=\"widget\" data-widget_type=\"text-editor.default\">\n\t\t\t\t<div class=\"elementor-widget-container\">\n\t\t\t\t\t\t\t\t\t<p><span style=\"white-space-collapse: preserve;\">Para que las negociaciones sean lo m\u00e1s \u00e1giles y concluyentes posible, si surge la oportunidad, las instituciones de acogida pueden estudiar y emprender actividades de transferencia de tecnolog\u00eda en nombre de ICREA.<\/span><\/p>\n\t\t\t\t\t\t\t\t<\/div>\n\t\t\t\t<\/div>\n\t\t\t\t<\/div>\n\t\t<div class=\"elementor-element elementor-element-65f319f e-con-full e-flex e-con e-child\" data-id=\"65f319f\" data-element_type=\"container\" data-e-type=\"container\">\n\t\t\t\t<div class=\"elementor-element elementor-element-b66dbd2 elementor-widget elementor-widget-text-editor\" data-id=\"b66dbd2\" data-element_type=\"widget\" data-e-type=\"widget\" data-widget_type=\"text-editor.default\">\n\t\t\t\t<div class=\"elementor-widget-container\">\n\t\t\t\t\t\t\t\t\t<p>ICREA apoya las acciones encaminadas a tal aprovechamiento y presta su asesoramiento durante todo el proceso.<\/p>\n\t\t\t\t\t\t\t\t<\/div>\n\t\t\t\t<\/div>\n\t\t\t\t<div class=\"elementor-element elementor-element-a4048ae elementor-widget elementor-widget-text-editor\" data-id=\"a4048ae\" data-element_type=\"widget\" data-e-type=\"widget\" data-widget_type=\"text-editor.default\">\n\t\t\t\t<div class=\"elementor-widget-container\">\n\t\t\t\t\t\t\t\t\t<p>Consulte nuestras tecnolog\u00edas actuales y contacte con ICREA para saber m\u00e1s.<\/p>\n\t\t\t\t\t\t\t\t<\/div>\n\t\t\t\t<\/div>\n\t\t\t\t<\/div>\n\t\t<div class=\"elementor-element elementor-element-3528710 e-con-full e-flex e-con e-child\" data-id=\"3528710\" data-element_type=\"container\" data-e-type=\"container\">\n\t\t\t\t<div class=\"elementor-element elementor-element-4f0d2d1 icrea-btn elementor-widget elementor-widget-button\" data-id=\"4f0d2d1\" data-element_type=\"widget\" data-e-type=\"widget\" data-widget_type=\"button.default\">\n\t\t\t\t<div class=\"elementor-widget-container\">\n\t\t\t\t\t\t\t\t\t<div class=\"elementor-button-wrapper\">\n\t\t\t\t\t<a class=\"elementor-button elementor-button-link elementor-size-sm\" href=\"https:\/\/www.icrea.cat\/impact\/innovation\/industrial-property\/\">\n\t\t\t\t\t\t<span class=\"elementor-button-content-wrapper\">\n\t\t\t\t\t\t\t\t\t<span class=\"elementor-button-text\">Ir a propiedad industrial<\/span>\n\t\t\t\t\t<\/span>\n\t\t\t\t\t<\/a>\n\t\t\t\t<\/div>\n\t\t\t\t\t\t\t\t<\/div>\n\t\t\t\t<\/div>\n\t\t\t\t<\/div>\n\t\t\t\t\t<\/div>\n\t\t\t\t<\/div>\n\t\t\t\t<\/div>\n\t\t","protected":false},"excerpt":{"rendered":"<p>Innovaci\u00f3n APORTACI\u00d3N DE IDEAS AL MERCADO Los investigadores de ICREA tienen plena libertad para proseguir con la investigaci\u00f3n que escojan, se los selecciona \u00fanicamente en base a su excelencia cient\u00edfica y acad\u00e9mica. Sin embargo, la excelencia cient\u00edfica desemboca a menudo en descubrimientos incre\u00edbles que pueden transformar el modo en que hacemos las cosas y lo [&hellip;]<\/p>\n","protected":false},"author":1,"featured_media":0,"parent":7166,"menu_order":0,"comment_status":"closed","ping_status":"closed","template":"","meta":{"_acf_changed":false,"footnotes":""},"class_list":["post-7210","page","type-page","status-publish","hentry"],"acf":[],"yoast_head":"<!-- This site is optimized with the Yoast SEO plugin v27.4 - https:\/\/yoast.com\/product\/yoast-seo-wordpress\/ -->\n<title>Innovaci\u00f3n - ICREA<\/title>\n<meta name=\"robots\" content=\"index, follow, max-snippet:-1, max-image-preview:large, max-video-preview:-1\" \/>\n<link rel=\"canonical\" href=\"https:\/\/www.icrea.cat\/impact\/innovation\/\" \/>\n<meta property=\"og:locale\" content=\"es_ES\" \/>\n<meta property=\"og:type\" content=\"article\" \/>\n<meta property=\"og:title\" content=\"Innovaci\u00f3n - ICREA\" \/>\n<meta property=\"og:description\" content=\"Innovaci\u00f3n APORTACI\u00d3N DE IDEAS AL MERCADO Los investigadores de ICREA tienen plena libertad para proseguir con la investigaci\u00f3n que escojan, se los selecciona \u00fanicamente en base a su excelencia cient\u00edfica y acad\u00e9mica. Sin embargo, la excelencia cient\u00edfica desemboca a menudo en descubrimientos incre\u00edbles que pueden transformar el modo en que hacemos las cosas y lo [&hellip;]\" \/>\n<meta property=\"og:url\" content=\"https:\/\/www.icrea.cat\/impact\/innovation\/\" \/>\n<meta property=\"og:site_name\" content=\"ICREA\" \/>\n<meta property=\"article:modified_time\" content=\"2024-10-24T10:21:47+00:00\" \/>\n<meta property=\"og:image\" content=\"https:\/\/www.icrea.cat\/wp-content\/uploads\/2024\/01\/Rectangle-45spinoff.jpg\" \/>\n\t<meta property=\"og:image:width\" content=\"633\" \/>\n\t<meta property=\"og:image:height\" content=\"633\" \/>\n\t<meta property=\"og:image:type\" content=\"image\/jpeg\" \/>\n<meta name=\"twitter:card\" content=\"summary_large_image\" \/>\n<meta name=\"twitter:label1\" content=\"Tiempo de lectura\" \/>\n\t<meta name=\"twitter:data1\" content=\"2 minutos\" \/>\n<script type=\"application\/ld+json\" class=\"yoast-schema-graph\">{\"@context\":\"https:\\\/\\\/schema.org\",\"@graph\":[{\"@type\":\"WebPage\",\"@id\":\"https:\\\/\\\/www.icrea.cat\\\/impact\\\/innovation\\\/\",\"url\":\"https:\\\/\\\/www.icrea.cat\\\/impact\\\/innovation\\\/\",\"name\":\"Innovaci\u00f3n - ICREA\",\"isPartOf\":{\"@id\":\"https:\\\/\\\/www.icrea.cat\\\/#website\"},\"primaryImageOfPage\":{\"@id\":\"https:\\\/\\\/www.icrea.cat\\\/impact\\\/innovation\\\/#primaryimage\"},\"image\":{\"@id\":\"https:\\\/\\\/www.icrea.cat\\\/impact\\\/innovation\\\/#primaryimage\"},\"thumbnailUrl\":\"https:\\\/\\\/www.icrea.cat\\\/wp-content\\\/uploads\\\/2024\\\/01\\\/Rectangle-45spinoff.jpg\",\"datePublished\":\"2024-01-30T08:53:56+00:00\",\"dateModified\":\"2024-10-24T10:21:47+00:00\",\"breadcrumb\":{\"@id\":\"https:\\\/\\\/www.icrea.cat\\\/impact\\\/innovation\\\/#breadcrumb\"},\"inLanguage\":\"es\",\"potentialAction\":[{\"@type\":\"ReadAction\",\"target\":[\"https:\\\/\\\/www.icrea.cat\\\/impact\\\/innovation\\\/\"]}]},{\"@type\":\"ImageObject\",\"inLanguage\":\"es\",\"@id\":\"https:\\\/\\\/www.icrea.cat\\\/impact\\\/innovation\\\/#primaryimage\",\"url\":\"https:\\\/\\\/www.icrea.cat\\\/wp-content\\\/uploads\\\/2024\\\/01\\\/Rectangle-45spinoff.jpg\",\"contentUrl\":\"https:\\\/\\\/www.icrea.cat\\\/wp-content\\\/uploads\\\/2024\\\/01\\\/Rectangle-45spinoff.jpg\"},{\"@type\":\"BreadcrumbList\",\"@id\":\"https:\\\/\\\/www.icrea.cat\\\/impact\\\/innovation\\\/#breadcrumb\",\"itemListElement\":[{\"@type\":\"ListItem\",\"position\":1,\"name\":\"Home\",\"item\":\"https:\\\/\\\/www.icrea.cat\\\/\"},{\"@type\":\"ListItem\",\"position\":2,\"name\":\"Impacto\",\"item\":\"https:\\\/\\\/www.icrea.cat\\\/impact\\\/\"},{\"@type\":\"ListItem\",\"position\":3,\"name\":\"Innovaci\u00f3n\"}]},{\"@type\":\"WebSite\",\"@id\":\"https:\\\/\\\/www.icrea.cat\\\/#website\",\"url\":\"https:\\\/\\\/www.icrea.cat\\\/\",\"name\":\"ICREA\",\"description\":\"\",\"publisher\":{\"@id\":\"https:\\\/\\\/www.icrea.cat\\\/#organization\"},\"potentialAction\":[{\"@type\":\"SearchAction\",\"target\":{\"@type\":\"EntryPoint\",\"urlTemplate\":\"https:\\\/\\\/www.icrea.cat\\\/?s={search_term_string}\"},\"query-input\":{\"@type\":\"PropertyValueSpecification\",\"valueRequired\":true,\"valueName\":\"search_term_string\"}}],\"inLanguage\":\"es\"},{\"@type\":\"Organization\",\"@id\":\"https:\\\/\\\/www.icrea.cat\\\/#organization\",\"name\":\"ICREA\",\"url\":\"https:\\\/\\\/www.icrea.cat\\\/\",\"logo\":{\"@type\":\"ImageObject\",\"inLanguage\":\"es\",\"@id\":\"https:\\\/\\\/www.icrea.cat\\\/#\\\/schema\\\/logo\\\/image\\\/\",\"url\":\"https:\\\/\\\/www.icrea.cat\\\/wp-content\\\/uploads\\\/2025\\\/01\\\/cropped-logo-icrea-claim-white.png\",\"contentUrl\":\"https:\\\/\\\/www.icrea.cat\\\/wp-content\\\/uploads\\\/2025\\\/01\\\/cropped-logo-icrea-claim-white.png\",\"width\":1658,\"height\":709,\"caption\":\"ICREA\"},\"image\":{\"@id\":\"https:\\\/\\\/www.icrea.cat\\\/#\\\/schema\\\/logo\\\/image\\\/\"}}]}<\/script>\n<!-- \/ Yoast SEO plugin. -->","yoast_head_json":{"title":"Innovaci\u00f3n - ICREA","robots":{"index":"index","follow":"follow","max-snippet":"max-snippet:-1","max-image-preview":"max-image-preview:large","max-video-preview":"max-video-preview:-1"},"canonical":"https:\/\/www.icrea.cat\/impact\/innovation\/","og_locale":"es_ES","og_type":"article","og_title":"Innovaci\u00f3n - ICREA","og_description":"Innovaci\u00f3n APORTACI\u00d3N DE IDEAS AL MERCADO Los investigadores de ICREA tienen plena libertad para proseguir con la investigaci\u00f3n que escojan, se los selecciona \u00fanicamente en base a su excelencia cient\u00edfica y acad\u00e9mica. Sin embargo, la excelencia cient\u00edfica desemboca a menudo en descubrimientos incre\u00edbles que pueden transformar el modo en que hacemos las cosas y lo [&hellip;]","og_url":"https:\/\/www.icrea.cat\/impact\/innovation\/","og_site_name":"ICREA","article_modified_time":"2024-10-24T10:21:47+00:00","og_image":[{"width":633,"height":633,"url":"https:\/\/www.icrea.cat\/wp-content\/uploads\/2024\/01\/Rectangle-45spinoff.jpg","type":"image\/jpeg"}],"twitter_card":"summary_large_image","twitter_misc":{"Tiempo de lectura":"2 minutos"},"schema":{"@context":"https:\/\/schema.org","@graph":[{"@type":"WebPage","@id":"https:\/\/www.icrea.cat\/impact\/innovation\/","url":"https:\/\/www.icrea.cat\/impact\/innovation\/","name":"Innovaci\u00f3n - ICREA","isPartOf":{"@id":"https:\/\/www.icrea.cat\/#website"},"primaryImageOfPage":{"@id":"https:\/\/www.icrea.cat\/impact\/innovation\/#primaryimage"},"image":{"@id":"https:\/\/www.icrea.cat\/impact\/innovation\/#primaryimage"},"thumbnailUrl":"https:\/\/www.icrea.cat\/wp-content\/uploads\/2024\/01\/Rectangle-45spinoff.jpg","datePublished":"2024-01-30T08:53:56+00:00","dateModified":"2024-10-24T10:21:47+00:00","breadcrumb":{"@id":"https:\/\/www.icrea.cat\/impact\/innovation\/#breadcrumb"},"inLanguage":"es","potentialAction":[{"@type":"ReadAction","target":["https:\/\/www.icrea.cat\/impact\/innovation\/"]}]},{"@type":"ImageObject","inLanguage":"es","@id":"https:\/\/www.icrea.cat\/impact\/innovation\/#primaryimage","url":"https:\/\/www.icrea.cat\/wp-content\/uploads\/2024\/01\/Rectangle-45spinoff.jpg","contentUrl":"https:\/\/www.icrea.cat\/wp-content\/uploads\/2024\/01\/Rectangle-45spinoff.jpg"},{"@type":"BreadcrumbList","@id":"https:\/\/www.icrea.cat\/impact\/innovation\/#breadcrumb","itemListElement":[{"@type":"ListItem","position":1,"name":"Home","item":"https:\/\/www.icrea.cat\/"},{"@type":"ListItem","position":2,"name":"Impacto","item":"https:\/\/www.icrea.cat\/impact\/"},{"@type":"ListItem","position":3,"name":"Innovaci\u00f3n"}]},{"@type":"WebSite","@id":"https:\/\/www.icrea.cat\/#website","url":"https:\/\/www.icrea.cat\/","name":"ICREA","description":"","publisher":{"@id":"https:\/\/www.icrea.cat\/#organization"},"potentialAction":[{"@type":"SearchAction","target":{"@type":"EntryPoint","urlTemplate":"https:\/\/www.icrea.cat\/?s={search_term_string}"},"query-input":{"@type":"PropertyValueSpecification","valueRequired":true,"valueName":"search_term_string"}}],"inLanguage":"es"},{"@type":"Organization","@id":"https:\/\/www.icrea.cat\/#organization","name":"ICREA","url":"https:\/\/www.icrea.cat\/","logo":{"@type":"ImageObject","inLanguage":"es","@id":"https:\/\/www.icrea.cat\/#\/schema\/logo\/image\/","url":"https:\/\/www.icrea.cat\/wp-content\/uploads\/2025\/01\/cropped-logo-icrea-claim-white.png","contentUrl":"https:\/\/www.icrea.cat\/wp-content\/uploads\/2025\/01\/cropped-logo-icrea-claim-white.png","width":1658,"height":709,"caption":"ICREA"},"image":{"@id":"https:\/\/www.icrea.cat\/#\/schema\/logo\/image\/"}}]}},"_links":{"self":[{"href":"https:\/\/www.icrea.cat\/es\/wp-json\/wp\/v2\/pages\/7210","targetHints":{"allow":["GET"]}}],"collection":[{"href":"https:\/\/www.icrea.cat\/es\/wp-json\/wp\/v2\/pages"}],"about":[{"href":"https:\/\/www.icrea.cat\/es\/wp-json\/wp\/v2\/types\/page"}],"author":[{"embeddable":true,"href":"https:\/\/www.icrea.cat\/es\/wp-json\/wp\/v2\/users\/1"}],"replies":[{"embeddable":true,"href":"https:\/\/www.icrea.cat\/es\/wp-json\/wp\/v2\/comments?post=7210"}],"version-history":[{"count":1,"href":"https:\/\/www.icrea.cat\/es\/wp-json\/wp\/v2\/pages\/7210\/revisions"}],"predecessor-version":[{"id":7211,"href":"https:\/\/www.icrea.cat\/es\/wp-json\/wp\/v2\/pages\/7210\/revisions\/7211"}],"up":[{"embeddable":true,"href":"https:\/\/www.icrea.cat\/es\/wp-json\/wp\/v2\/pages\/7166"}],"wp:attachment":[{"href":"https:\/\/www.icrea.cat\/es\/wp-json\/wp\/v2\/media?parent=7210"}],"curies":[{"name":"wp","href":"https:\/\/api.w.org\/{rel}","templated":true}]}}