{"id":7183,"date":"2024-01-30T17:05:45","date_gmt":"2024-01-30T16:05:45","guid":{"rendered":"https:\/\/www.icrea.cat\/impact\/informes-anuales\/"},"modified":"2024-10-24T09:58:42","modified_gmt":"2024-10-24T07:58:42","slug":"informes-anuales","status":"publish","type":"page","link":"https:\/\/www.icrea.cat\/es\/impacto\/informes-anuales\/","title":{"rendered":"Informes anuales"},"content":{"rendered":"\t\t<div data-elementor-type=\"wp-page\" data-elementor-id=\"7183\" class=\"elementor elementor-7183 elementor-858\">\n\t\t\t\t<div class=\"elementor-element elementor-element-9bdb52d hero-banner-def e-flex e-con-boxed e-con e-parent\" data-id=\"9bdb52d\" data-element_type=\"container\" data-e-type=\"container\" data-settings=\"{&quot;background_background&quot;:&quot;slideshow&quot;,&quot;background_slideshow_gallery&quot;:[{&quot;id&quot;:800,&quot;url&quot;:&quot;https:\\\/\\\/www.icrea.cat\\\/wp-content\\\/uploads\\\/2024\\\/01\\\/Group-63hero-spin-off.jpg&quot;}],&quot;background_slideshow_loop&quot;:&quot;yes&quot;,&quot;background_slideshow_slide_duration&quot;:5000,&quot;background_slideshow_slide_transition&quot;:&quot;fade&quot;,&quot;background_slideshow_transition_duration&quot;:500}\">\n\t\t\t\t\t<div class=\"e-con-inner\">\n\t\t\t\t<div class=\"elementor-element elementor-element-6d0ad5c elementor-widget elementor-widget-heading\" data-id=\"6d0ad5c\" data-element_type=\"widget\" data-e-type=\"widget\" data-widget_type=\"heading.default\">\n\t\t\t\t<div class=\"elementor-widget-container\">\n\t\t\t\t\t<h1 class=\"elementor-heading-title elementor-size-default\"><mark>Informes<\/mark> anuales<\/h1>\t\t\t\t<\/div>\n\t\t\t\t<\/div>\n\t\t\t\t\t<\/div>\n\t\t\t\t<\/div>\n\t\t<div class=\"elementor-element elementor-element-c360353 custom-intro e-flex e-con-boxed e-con e-parent\" data-id=\"c360353\" data-element_type=\"container\" data-e-type=\"container\" data-settings=\"{&quot;background_background&quot;:&quot;classic&quot;}\">\n\t\t\t\t\t<div class=\"e-con-inner\">\n\t\t<div class=\"elementor-element elementor-element-e37b399 e-con-full animated-slow e-flex elementor-invisible e-con e-child\" data-id=\"e37b399\" data-element_type=\"container\" data-e-type=\"container\" data-settings=\"{&quot;animation&quot;:&quot;fadeInDown&quot;,&quot;animation_delay&quot;:5}\">\n\t\t\t\t<div class=\"elementor-element elementor-element-a65f590 intro-section  negative-margin elementor-widget elementor-widget-text-editor\" data-id=\"a65f590\" data-element_type=\"widget\" data-e-type=\"widget\" data-widget_type=\"text-editor.default\">\n\t\t\t\t<div class=\"elementor-widget-container\">\n\t\t\t\t\t\t\t\t\t<p>Estos informes de investigaci\u00f3n resumen el trabajo realizado durante un a\u00f1o. Las publicaciones son la parte m\u00e1s visible de la investigaci\u00f3n, pero tambi\u00e9n hay que tener en cuenta otros elementos que muestran la contribuci\u00f3n de nuestros investigadores a la mejora del sistema catal\u00e1n de I+D: creaci\u00f3n de nuevos equipos de investigaci\u00f3n y apertura de nuevas l\u00edneas de investigaci\u00f3n, consolidaci\u00f3n de equipos y \u00e1reas de investigaci\u00f3n ya existentes, tutorizaci\u00f3n de tesis doctorales, docencia en todos los niveles acad\u00e9micos, etc. As\u00ed, los datos contenidos en los informes intentan cuantificar no s\u00f3lo la producci\u00f3n cient\u00edfica de nuestros investigadores sino tambi\u00e9n su impacto m\u00e1s amplio en el sistema de investigaci\u00f3n.<\/p>\n\t\t\t\t\t\t\t\t<\/div>\n\t\t\t\t<\/div>\n\t\t\t\t<\/div>\n\t\t\t\t\t<\/div>\n\t\t\t\t<\/div>\n\t\t<div class=\"elementor-element elementor-element-1515123 e-flex e-con-boxed e-con e-parent\" data-id=\"1515123\" data-element_type=\"container\" data-e-type=\"container\">\n\t\t\t\t\t<div class=\"e-con-inner\">\n\t\t\t\t<div class=\"elementor-element elementor-element-dd6413b elementor-widget elementor-widget-widget_memoirs\" data-id=\"dd6413b\" data-element_type=\"widget\" data-e-type=\"widget\" data-widget_type=\"widget_memoirs.default\">\n\t\t\t\t<div class=\"elementor-widget-container\">\n\t\t\t\t\t<div class=\"annual-reports-container\">\n            <div class=\"memoir-current-container memoir-destacado\">\n            <div class=\"memoir-fitxa\">\n                <div class=\"row row-memoirs\">\n                    <div class=\"col-6 memoir-content\">\n                        <h2 class=\"memoir-title\">ICREA <strong>MEMOIR 2025<\/strong><\/h2>\n                        <div class=\"memoir-description\"><\/div>\n                                                    <a class=\"memoir-link\" href=\"https:\/\/memoir.icrea.cat\" target=\"_blank\"  title=\"Memoir 2025\">View our latest memoir<\/a>\n                                            <\/div>\n                    <div class=\"col-6 memoir-image\">\n                        <figure style=\"background-image: url('https:\/\/api.icrea.cat\/api\/show-file\/54111?token=e93QZVcbwi9MQxRz6wtTQzfAHr28aOEUdAPEPJfy2lA4d7E1KuZ61cSaXiLAPtqq');\"><!--<img decoding=\"async\" src=\"https:\/\/api.icrea.cat\/api\/show-file\/54111?token=e93QZVcbwi9MQxRz6wtTQzfAHr28aOEUdAPEPJfy2lA4d7E1KuZ61cSaXiLAPtqq\" alt=\"Memoir 2025\">--><\/figure>                    <\/div>\n                <\/div>\n            <\/div>\n        <\/div>\n                <script>\n            jQuery(function($) {\n                $(document).ready(function() {\n                    var element = $('.subcol figure'); \n                    var ancho = element.width();\n                    element.height(ancho);\n                });\n            })\n        <\/script>\n\n        <div class=\"memoirs-container\">\n            <div class=\"row-memoir\">\n                                    <div class=\"memoir-fitxa subcol col-3\">\n                        <figure style=\"background-image: url('https:\/\/api.icrea.cat\/api\/show-file\/49664?token=e93QZVcbwi9MQxRz6wtTQzfAHr28aOEUdAPEPJfy2lA4d7E1KuZ61cSaXiLAPtqq');\"><!--<img decoding=\"async\" src=\"https:\/\/api.icrea.cat\/api\/show-file\/49664?token=e93QZVcbwi9MQxRz6wtTQzfAHr28aOEUdAPEPJfy2lA4d7E1KuZ61cSaXiLAPtqq\" alt=\"Memoir 2024\">--><\/figure>                        <h2 class=\"memoir-title\">ICREA <strong>MEMOIR 2024<\/strong><\/h2>\n                        <!-- <div class=\"memoir-description\"><div><br><\/div><\/div>-->\n                                                    <a class=\"memoir-link\" href=\"https:\/\/memoir.icrea.cat\/2024\" target=\"_blank\" title=\"Memoir 2024\">Ver la memoria anual<\/a>\n                                            <\/div>\n                                    <div class=\"memoir-fitxa subcol col-3\">\n                        <figure style=\"background-image: url('https:\/\/api.icrea.cat\/api\/show-file\/46100?token=e93QZVcbwi9MQxRz6wtTQzfAHr28aOEUdAPEPJfy2lA4d7E1KuZ61cSaXiLAPtqq');\"><!--<img decoding=\"async\" src=\"https:\/\/api.icrea.cat\/api\/show-file\/46100?token=e93QZVcbwi9MQxRz6wtTQzfAHr28aOEUdAPEPJfy2lA4d7E1KuZ61cSaXiLAPtqq\" alt=\"Cover memoir 2023\">--><\/figure>                        <h2 class=\"memoir-title\">ICREA <strong>MEMOIR 2023<\/strong><\/h2>\n                        <!-- <div class=\"memoir-description\"><div>We invite you to visit our latest memoir.&nbsp;You will learn that our community keeps thriving while mantaining the same excellence standards as always.&nbsp;<\/div><\/div>-->\n                                                    <a class=\"memoir-link\" href=\"https:\/\/memoir.icrea.cat\/2023\" target=\"_blank\" title=\"Memoir 2023\">Ver la memoria anual<\/a>\n                                            <\/div>\n                                    <div class=\"memoir-fitxa subcol col-3\">\n                        <figure style=\"background-image: url('https:\/\/api.icrea.cat\/api\/show-file\/44771?token=e93QZVcbwi9MQxRz6wtTQzfAHr28aOEUdAPEPJfy2lA4d7E1KuZ61cSaXiLAPtqq');\"><!--<img decoding=\"async\" src=\"https:\/\/api.icrea.cat\/api\/show-file\/44771?token=e93QZVcbwi9MQxRz6wtTQzfAHr28aOEUdAPEPJfy2lA4d7E1KuZ61cSaXiLAPtqq\" alt=\"Memoir 2022 front page\">--><\/figure>                        <h2 class=\"memoir-title\">ICREA <strong>MEMOIR 2022<\/strong><\/h2>\n                        <!-- <div class=\"memoir-description\"><div><br><\/div><\/div>-->\n                                                    <a class=\"memoir-link\" href=\"https:\/\/memoir.icrea.cat\/2022\" target=\"_blank\" title=\"Memoir 2022\">Ver la memoria anual<\/a>\n                                            <\/div>\n                                    <div class=\"memoir-fitxa subcol col-3\">\n                        <figure style=\"background-image: url('https:\/\/api.icrea.cat\/api\/show-file\/40352?token=e93QZVcbwi9MQxRz6wtTQzfAHr28aOEUdAPEPJfy2lA4d7E1KuZ61cSaXiLAPtqq');\"><!--<img decoding=\"async\" src=\"https:\/\/api.icrea.cat\/api\/show-file\/40352?token=e93QZVcbwi9MQxRz6wtTQzfAHr28aOEUdAPEPJfy2lA4d7E1KuZ61cSaXiLAPtqq\" alt=\"Memoir 2021 front page\">--><\/figure>                        <h2 class=\"memoir-title\">ICREA <strong>MEMOIR 2021<\/strong><\/h2>\n                        <!-- <div class=\"memoir-description\"><\/div>-->\n                                                    <a class=\"memoir-link\" href=\"https:\/\/memoir.icrea.cat\/2021\" target=\"_blank\" title=\"Memoir 2021\">Ver la memoria anual<\/a>\n                                            <\/div>\n                                    <div class=\"memoir-fitxa subcol col-3\">\n                        <figure style=\"background-image: url('https:\/\/api.icrea.cat\/api\/show-file\/39982?token=e93QZVcbwi9MQxRz6wtTQzfAHr28aOEUdAPEPJfy2lA4d7E1KuZ61cSaXiLAPtqq');\"><!--<img decoding=\"async\" src=\"https:\/\/api.icrea.cat\/api\/show-file\/39982?token=e93QZVcbwi9MQxRz6wtTQzfAHr28aOEUdAPEPJfy2lA4d7E1KuZ61cSaXiLAPtqq\" alt=\"Memoir photograph\">--><\/figure>                        <h2 class=\"memoir-title\">ICREA <strong>MEMOIR 2020<\/strong><\/h2>\n                        <!-- <div class=\"memoir-description\"><div><br><\/div><\/div>-->\n                                                    <a class=\"memoir-link\" href=\"https:\/\/memoir.icrea.cat\/2020\" target=\"_blank\" title=\"Memoir 2020\">Ver la memoria anual<\/a>\n                                            <\/div>\n                                    <div class=\"memoir-fitxa subcol col-3\">\n                        <figure style=\"background-image: url('https:\/\/api.icrea.cat\/api\/show-file\/39624?token=e93QZVcbwi9MQxRz6wtTQzfAHr28aOEUdAPEPJfy2lA4d7E1KuZ61cSaXiLAPtqq');\"><!--<img decoding=\"async\" src=\"https:\/\/api.icrea.cat\/api\/show-file\/39624?token=e93QZVcbwi9MQxRz6wtTQzfAHr28aOEUdAPEPJfy2lA4d7E1KuZ61cSaXiLAPtqq\" alt=\"Memoir 2019 front page\">--><\/figure>                        <h2 class=\"memoir-title\">ICREA <strong>MEMOIR 2019<\/strong><\/h2>\n                        <!-- <div class=\"memoir-description\"><\/div>-->\n                                                    <a class=\"memoir-link\" href=\"http:\/\/memoir.icrea.cat\/2019\" target=\"_blank\" title=\"Memoir 2019\">Ver la memoria anual<\/a>\n                                            <\/div>\n                                    <div class=\"memoir-fitxa subcol col-3\">\n                        <figure style=\"background-image: url('https:\/\/api.icrea.cat\/api\/show-file\/39298?token=e93QZVcbwi9MQxRz6wtTQzfAHr28aOEUdAPEPJfy2lA4d7E1KuZ61cSaXiLAPtqq');\"><!--<img decoding=\"async\" src=\"https:\/\/api.icrea.cat\/api\/show-file\/39298?token=e93QZVcbwi9MQxRz6wtTQzfAHr28aOEUdAPEPJfy2lA4d7E1KuZ61cSaXiLAPtqq\" alt=\"Memoir 2018 front page\">--><\/figure>                        <h2 class=\"memoir-title\">ICREA <strong>MEMOIR 2018<\/strong><\/h2>\n                        <!-- <div class=\"memoir-description\"><\/div>-->\n                                                    <a class=\"memoir-link\" href=\"http:\/\/memoir.icrea.cat\/2018\" target=\"_blank\" title=\"Memoir 2018\">Ver la memoria anual<\/a>\n                                            <\/div>\n                                    <div class=\"memoir-fitxa subcol col-3\">\n                        <figure style=\"background-image: url('https:\/\/api.icrea.cat\/api\/show-file\/46254?token=e93QZVcbwi9MQxRz6wtTQzfAHr28aOEUdAPEPJfy2lA4d7E1KuZ61cSaXiLAPtqq');\"><!--<img decoding=\"async\" src=\"https:\/\/api.icrea.cat\/api\/show-file\/46254?token=e93QZVcbwi9MQxRz6wtTQzfAHr28aOEUdAPEPJfy2lA4d7E1KuZ61cSaXiLAPtqq\" alt=\"Memoir 2017 fornt page\">--><\/figure>                        <h2 class=\"memoir-title\">ICREA <strong>MEMOIR 2017<\/strong><\/h2>\n                        <!-- <div class=\"memoir-description\"><\/div>-->\n                                                    <a class=\"memoir-link\" href=\"http:\/\/memoir.icrea.cat\/2017\" target=\"_blank\" title=\"Memoir 2017\">Ver la memoria anual<\/a>\n                                            <\/div>\n                                    <div class=\"memoir-fitxa subcol col-3\">\n                        <figure style=\"background-image: url('https:\/\/api.icrea.cat\/api\/show-file\/46259?token=e93QZVcbwi9MQxRz6wtTQzfAHr28aOEUdAPEPJfy2lA4d7E1KuZ61cSaXiLAPtqq');\"><!--<img decoding=\"async\" src=\"https:\/\/api.icrea.cat\/api\/show-file\/46259?token=e93QZVcbwi9MQxRz6wtTQzfAHr28aOEUdAPEPJfy2lA4d7E1KuZ61cSaXiLAPtqq\" alt=\"Memoir 2016 front page\">--><\/figure>                        <h2 class=\"memoir-title\">ICREA <strong>MEMOIR 2016<\/strong><\/h2>\n                        <!-- <div class=\"memoir-description\"><\/div>-->\n                                                    <a class=\"memoir-link\" href=\"http:\/\/memoir.icrea.cat\/2016\" target=\"_blank\" title=\"Memoir 2016\">Ver la memoria anual<\/a>\n                                            <\/div>\n                            <\/div>\n        <\/div>\n    <\/div>\n\n\t\t\t\t<\/div>\n\t\t\t\t<\/div>\n\t\t\t\t\t<\/div>\n\t\t\t\t<\/div>\n\t\t\t\t<\/div>\n\t\t","protected":false},"excerpt":{"rendered":"<p>Informes anuales Estos informes de investigaci\u00f3n resumen el trabajo realizado durante un a\u00f1o. Las publicaciones son la parte m\u00e1s visible de la investigaci\u00f3n, pero tambi\u00e9n hay que tener en cuenta otros elementos que muestran la contribuci\u00f3n de nuestros investigadores a la mejora del sistema catal\u00e1n de I+D: creaci\u00f3n de nuevos equipos de investigaci\u00f3n y apertura [&hellip;]<\/p>\n","protected":false},"author":1,"featured_media":0,"parent":7166,"menu_order":0,"comment_status":"closed","ping_status":"closed","template":"","meta":{"_acf_changed":false,"footnotes":""},"class_list":["post-7183","page","type-page","status-publish","hentry"],"acf":[],"yoast_head":"<!-- This site is optimized with the Yoast SEO plugin v27.5 - https:\/\/yoast.com\/product\/yoast-seo-wordpress\/ -->\n<title>Informes anuales - ICREA<\/title>\n<meta name=\"robots\" content=\"index, follow, max-snippet:-1, max-image-preview:large, max-video-preview:-1\" \/>\n<link rel=\"canonical\" href=\"https:\/\/www.icrea.cat\/impact\/annual-reports\/\" \/>\n<meta property=\"og:locale\" content=\"es_ES\" \/>\n<meta property=\"og:type\" content=\"article\" \/>\n<meta property=\"og:title\" content=\"Informes anuales - ICREA\" \/>\n<meta property=\"og:description\" content=\"Informes anuales Estos informes de investigaci\u00f3n resumen el trabajo realizado durante un a\u00f1o. Las publicaciones son la parte m\u00e1s visible de la investigaci\u00f3n, pero tambi\u00e9n hay que tener en cuenta otros elementos que muestran la contribuci\u00f3n de nuestros investigadores a la mejora del sistema catal\u00e1n de I+D: creaci\u00f3n de nuevos equipos de investigaci\u00f3n y apertura [&hellip;]\" \/>\n<meta property=\"og:url\" content=\"https:\/\/www.icrea.cat\/impact\/annual-reports\/\" \/>\n<meta property=\"og:site_name\" content=\"ICREA\" \/>\n<meta property=\"article:modified_time\" content=\"2024-10-24T07:58:42+00:00\" \/>\n<meta property=\"og:image\" content=\"https:\/\/api.icrea.cat\/api\/show-file\/46100?token=e93QZVcbwi9MQxRz6wtTQzfAHr28aOEUdAPEPJfy2lA4d7E1KuZ61cSaXiLAPtqq\" \/>\n<meta name=\"twitter:card\" content=\"summary_large_image\" \/>\n<meta name=\"twitter:label1\" content=\"Tiempo de lectura\" \/>\n\t<meta name=\"twitter:data1\" content=\"1 minuto\" \/>\n<script type=\"application\/ld+json\" class=\"yoast-schema-graph\">{\"@context\":\"https:\\\/\\\/schema.org\",\"@graph\":[{\"@type\":\"WebPage\",\"@id\":\"https:\\\/\\\/www.icrea.cat\\\/impact\\\/annual-reports\\\/\",\"url\":\"https:\\\/\\\/www.icrea.cat\\\/impact\\\/annual-reports\\\/\",\"name\":\"Informes anuales - ICREA\",\"isPartOf\":{\"@id\":\"https:\\\/\\\/www.icrea.cat\\\/#website\"},\"primaryImageOfPage\":{\"@id\":\"https:\\\/\\\/www.icrea.cat\\\/impact\\\/annual-reports\\\/#primaryimage\"},\"image\":{\"@id\":\"https:\\\/\\\/www.icrea.cat\\\/impact\\\/annual-reports\\\/#primaryimage\"},\"thumbnailUrl\":\"https:\\\/\\\/api.icrea.cat\\\/api\\\/show-file\\\/46100?token=e93QZVcbwi9MQxRz6wtTQzfAHr28aOEUdAPEPJfy2lA4d7E1KuZ61cSaXiLAPtqq\",\"datePublished\":\"2024-01-30T16:05:45+00:00\",\"dateModified\":\"2024-10-24T07:58:42+00:00\",\"breadcrumb\":{\"@id\":\"https:\\\/\\\/www.icrea.cat\\\/impact\\\/annual-reports\\\/#breadcrumb\"},\"inLanguage\":\"es\",\"potentialAction\":[{\"@type\":\"ReadAction\",\"target\":[\"https:\\\/\\\/www.icrea.cat\\\/impact\\\/annual-reports\\\/\"]}]},{\"@type\":\"ImageObject\",\"inLanguage\":\"es\",\"@id\":\"https:\\\/\\\/www.icrea.cat\\\/impact\\\/annual-reports\\\/#primaryimage\",\"url\":\"https:\\\/\\\/api.icrea.cat\\\/api\\\/show-file\\\/46100?token=e93QZVcbwi9MQxRz6wtTQzfAHr28aOEUdAPEPJfy2lA4d7E1KuZ61cSaXiLAPtqq\",\"contentUrl\":\"https:\\\/\\\/api.icrea.cat\\\/api\\\/show-file\\\/46100?token=e93QZVcbwi9MQxRz6wtTQzfAHr28aOEUdAPEPJfy2lA4d7E1KuZ61cSaXiLAPtqq\"},{\"@type\":\"BreadcrumbList\",\"@id\":\"https:\\\/\\\/www.icrea.cat\\\/impact\\\/annual-reports\\\/#breadcrumb\",\"itemListElement\":[{\"@type\":\"ListItem\",\"position\":1,\"name\":\"Home\",\"item\":\"https:\\\/\\\/www.icrea.cat\\\/\"},{\"@type\":\"ListItem\",\"position\":2,\"name\":\"Impacto\",\"item\":\"https:\\\/\\\/www.icrea.cat\\\/impact\\\/\"},{\"@type\":\"ListItem\",\"position\":3,\"name\":\"Informes anuales\"}]},{\"@type\":\"WebSite\",\"@id\":\"https:\\\/\\\/www.icrea.cat\\\/#website\",\"url\":\"https:\\\/\\\/www.icrea.cat\\\/\",\"name\":\"ICREA\",\"description\":\"\",\"publisher\":{\"@id\":\"https:\\\/\\\/www.icrea.cat\\\/#organization\"},\"potentialAction\":[{\"@type\":\"SearchAction\",\"target\":{\"@type\":\"EntryPoint\",\"urlTemplate\":\"https:\\\/\\\/www.icrea.cat\\\/?s={search_term_string}\"},\"query-input\":{\"@type\":\"PropertyValueSpecification\",\"valueRequired\":true,\"valueName\":\"search_term_string\"}}],\"inLanguage\":\"es\"},{\"@type\":\"Organization\",\"@id\":\"https:\\\/\\\/www.icrea.cat\\\/#organization\",\"name\":\"ICREA\",\"url\":\"https:\\\/\\\/www.icrea.cat\\\/\",\"logo\":{\"@type\":\"ImageObject\",\"inLanguage\":\"es\",\"@id\":\"https:\\\/\\\/www.icrea.cat\\\/#\\\/schema\\\/logo\\\/image\\\/\",\"url\":\"https:\\\/\\\/www.icrea.cat\\\/wp-content\\\/uploads\\\/2025\\\/01\\\/cropped-logo-icrea-claim-white.png\",\"contentUrl\":\"https:\\\/\\\/www.icrea.cat\\\/wp-content\\\/uploads\\\/2025\\\/01\\\/cropped-logo-icrea-claim-white.png\",\"width\":1658,\"height\":709,\"caption\":\"ICREA\"},\"image\":{\"@id\":\"https:\\\/\\\/www.icrea.cat\\\/#\\\/schema\\\/logo\\\/image\\\/\"}}]}<\/script>\n<!-- \/ Yoast SEO plugin. -->","yoast_head_json":{"title":"Informes anuales - ICREA","robots":{"index":"index","follow":"follow","max-snippet":"max-snippet:-1","max-image-preview":"max-image-preview:large","max-video-preview":"max-video-preview:-1"},"canonical":"https:\/\/www.icrea.cat\/impact\/annual-reports\/","og_locale":"es_ES","og_type":"article","og_title":"Informes anuales - ICREA","og_description":"Informes anuales Estos informes de investigaci\u00f3n resumen el trabajo realizado durante un a\u00f1o. Las publicaciones son la parte m\u00e1s visible de la investigaci\u00f3n, pero tambi\u00e9n hay que tener en cuenta otros elementos que muestran la contribuci\u00f3n de nuestros investigadores a la mejora del sistema catal\u00e1n de I+D: creaci\u00f3n de nuevos equipos de investigaci\u00f3n y apertura [&hellip;]","og_url":"https:\/\/www.icrea.cat\/impact\/annual-reports\/","og_site_name":"ICREA","article_modified_time":"2024-10-24T07:58:42+00:00","og_image":[{"url":"https:\/\/api.icrea.cat\/api\/show-file\/46100?token=e93QZVcbwi9MQxRz6wtTQzfAHr28aOEUdAPEPJfy2lA4d7E1KuZ61cSaXiLAPtqq","type":"","width":"","height":""}],"twitter_card":"summary_large_image","twitter_misc":{"Tiempo de lectura":"1 minuto"},"schema":{"@context":"https:\/\/schema.org","@graph":[{"@type":"WebPage","@id":"https:\/\/www.icrea.cat\/impact\/annual-reports\/","url":"https:\/\/www.icrea.cat\/impact\/annual-reports\/","name":"Informes anuales - ICREA","isPartOf":{"@id":"https:\/\/www.icrea.cat\/#website"},"primaryImageOfPage":{"@id":"https:\/\/www.icrea.cat\/impact\/annual-reports\/#primaryimage"},"image":{"@id":"https:\/\/www.icrea.cat\/impact\/annual-reports\/#primaryimage"},"thumbnailUrl":"https:\/\/api.icrea.cat\/api\/show-file\/46100?token=e93QZVcbwi9MQxRz6wtTQzfAHr28aOEUdAPEPJfy2lA4d7E1KuZ61cSaXiLAPtqq","datePublished":"2024-01-30T16:05:45+00:00","dateModified":"2024-10-24T07:58:42+00:00","breadcrumb":{"@id":"https:\/\/www.icrea.cat\/impact\/annual-reports\/#breadcrumb"},"inLanguage":"es","potentialAction":[{"@type":"ReadAction","target":["https:\/\/www.icrea.cat\/impact\/annual-reports\/"]}]},{"@type":"ImageObject","inLanguage":"es","@id":"https:\/\/www.icrea.cat\/impact\/annual-reports\/#primaryimage","url":"https:\/\/api.icrea.cat\/api\/show-file\/46100?token=e93QZVcbwi9MQxRz6wtTQzfAHr28aOEUdAPEPJfy2lA4d7E1KuZ61cSaXiLAPtqq","contentUrl":"https:\/\/api.icrea.cat\/api\/show-file\/46100?token=e93QZVcbwi9MQxRz6wtTQzfAHr28aOEUdAPEPJfy2lA4d7E1KuZ61cSaXiLAPtqq"},{"@type":"BreadcrumbList","@id":"https:\/\/www.icrea.cat\/impact\/annual-reports\/#breadcrumb","itemListElement":[{"@type":"ListItem","position":1,"name":"Home","item":"https:\/\/www.icrea.cat\/"},{"@type":"ListItem","position":2,"name":"Impacto","item":"https:\/\/www.icrea.cat\/impact\/"},{"@type":"ListItem","position":3,"name":"Informes anuales"}]},{"@type":"WebSite","@id":"https:\/\/www.icrea.cat\/#website","url":"https:\/\/www.icrea.cat\/","name":"ICREA","description":"","publisher":{"@id":"https:\/\/www.icrea.cat\/#organization"},"potentialAction":[{"@type":"SearchAction","target":{"@type":"EntryPoint","urlTemplate":"https:\/\/www.icrea.cat\/?s={search_term_string}"},"query-input":{"@type":"PropertyValueSpecification","valueRequired":true,"valueName":"search_term_string"}}],"inLanguage":"es"},{"@type":"Organization","@id":"https:\/\/www.icrea.cat\/#organization","name":"ICREA","url":"https:\/\/www.icrea.cat\/","logo":{"@type":"ImageObject","inLanguage":"es","@id":"https:\/\/www.icrea.cat\/#\/schema\/logo\/image\/","url":"https:\/\/www.icrea.cat\/wp-content\/uploads\/2025\/01\/cropped-logo-icrea-claim-white.png","contentUrl":"https:\/\/www.icrea.cat\/wp-content\/uploads\/2025\/01\/cropped-logo-icrea-claim-white.png","width":1658,"height":709,"caption":"ICREA"},"image":{"@id":"https:\/\/www.icrea.cat\/#\/schema\/logo\/image\/"}}]}},"_links":{"self":[{"href":"https:\/\/www.icrea.cat\/es\/wp-json\/wp\/v2\/pages\/7183","targetHints":{"allow":["GET"]}}],"collection":[{"href":"https:\/\/www.icrea.cat\/es\/wp-json\/wp\/v2\/pages"}],"about":[{"href":"https:\/\/www.icrea.cat\/es\/wp-json\/wp\/v2\/types\/page"}],"author":[{"embeddable":true,"href":"https:\/\/www.icrea.cat\/es\/wp-json\/wp\/v2\/users\/1"}],"replies":[{"embeddable":true,"href":"https:\/\/www.icrea.cat\/es\/wp-json\/wp\/v2\/comments?post=7183"}],"version-history":[{"count":1,"href":"https:\/\/www.icrea.cat\/es\/wp-json\/wp\/v2\/pages\/7183\/revisions"}],"predecessor-version":[{"id":7184,"href":"https:\/\/www.icrea.cat\/es\/wp-json\/wp\/v2\/pages\/7183\/revisions\/7184"}],"up":[{"embeddable":true,"href":"https:\/\/www.icrea.cat\/es\/wp-json\/wp\/v2\/pages\/7166"}],"wp:attachment":[{"href":"https:\/\/www.icrea.cat\/es\/wp-json\/wp\/v2\/media?parent=7183"}],"curies":[{"name":"wp","href":"https:\/\/api.w.org\/{rel}","templated":true}]}}