{"id":7181,"date":"2024-04-10T17:06:17","date_gmt":"2024-04-10T15:06:17","guid":{"rendered":"https:\/\/www.icrea.cat\/noticias\/"},"modified":"2024-11-27T15:51:51","modified_gmt":"2024-11-27T14:51:51","slug":"noticias","status":"publish","type":"page","link":"https:\/\/www.icrea.cat\/es\/noticias\/","title":{"rendered":"Noticias"},"content":{"rendered":"\t\t<div data-elementor-type=\"wp-page\" data-elementor-id=\"7181\" class=\"elementor elementor-7181 elementor-1952\">\n\t\t\t\t<div class=\"elementor-element elementor-element-9aa9bee hero-banner-def e-flex e-con-boxed e-con e-parent\" data-id=\"9aa9bee\" data-element_type=\"container\" data-e-type=\"container\" data-settings=\"{&quot;background_background&quot;:&quot;slideshow&quot;,&quot;background_slideshow_gallery&quot;:[{&quot;id&quot;:1958,&quot;url&quot;:&quot;https:\\\/\\\/www.icrea.cat\\\/wp-content\\\/uploads\\\/2024\\\/04\\\/hero-news.jpg&quot;}],&quot;background_slideshow_loop&quot;:&quot;yes&quot;,&quot;background_slideshow_slide_duration&quot;:5000,&quot;background_slideshow_slide_transition&quot;:&quot;fade&quot;,&quot;background_slideshow_transition_duration&quot;:500}\">\n\t\t\t\t\t<div class=\"e-con-inner\">\n\t\t\t\t<div class=\"elementor-element elementor-element-1f4a85d elementor-invisible elementor-widget elementor-widget-heading\" data-id=\"1f4a85d\" data-element_type=\"widget\" data-e-type=\"widget\" data-settings=\"{&quot;_animation&quot;:&quot;fadeInDown&quot;}\" data-widget_type=\"heading.default\">\n\t\t\t\t<div class=\"elementor-widget-container\">\n\t\t\t\t\t<h1 class=\"elementor-heading-title elementor-size-default\">Noticias <mark>ICREA<\/mark><\/h1>\t\t\t\t<\/div>\n\t\t\t\t<\/div>\n\t\t\t\t\t<\/div>\n\t\t\t\t<\/div>\n\t\t<div class=\"elementor-element elementor-element-99e200a e-flex e-con-boxed e-con e-parent\" data-id=\"99e200a\" data-element_type=\"container\" data-e-type=\"container\">\n\t\t\t\t\t<div class=\"e-con-inner\">\n\t\t\t\t<div class=\"elementor-element elementor-element-1bf9b7b elementor-widget elementor-widget-icrea_sina_blogpost\" data-id=\"1bf9b7b\" data-element_type=\"widget\" data-e-type=\"widget\" data-widget_type=\"icrea_sina_blogpost.default\">\n\t\t\t\t<div class=\"elementor-widget-container\">\n\t\t\t\t\t\t\t\t<div class=\"sina-blogpost sina-bp-1bf9b7b\"\n\t\t\tdata-uid=\"1bf9b7b\"\n\t\t\tdata-offset=\"7\"\n\t\t\tdata-posts-data='{\"posts_num\":7,\"offset\":7,\"total_posts\":65,\"layout\":\"grid\",\"columns\":null,\"layout_type\":\"custom\",\"custom_columns\":\"6,6,6,6,6,6,6,6\",\"categories\":[\"58\"],\"tags\":\"\",\"order_by\":\"date\",\"sort\":\"DESC\",\"posts_text\":\"yes\",\"excerpt\":\"yes\",\"content_length\":19,\"posts_meta\":\"\",\"thumb_right\":null,\"is_thumb\":\"yes\",\"read_more_effect\":\"\",\"read_more_text\":\"Read\",\"read_more_icon\":\"\",\"read_more_icon_align\":null,\"effects\":\"\",\"cats_position\":null,\"cats_icon\":null,\"posts_avatar\":null,\"avatar_size\":null,\"read_btn_bg_layer_effects\":\"\",\"bg_layer_effects\":\"\"}'>\n\t\t\t\t<div class=\"sina-bp-grid\">\n\t\t\t\t\t<div class=\"sina-bp-grid-sizer\"><\/div>\n\t\t\t\t\t\n<form class=\"form-icrea-search\" action=\"\/es\/noticias\" method=\"get\"> \n    <div class=\"col-4\">\n        <label for=\"\">Texto<\/label>\n        <input type=\"text\" id=\"news_text\" name=\"news_text\" >\n    <\/div>\n            <div class=\"col-4\">\n            <label for=\"\">Categor\u00eda<\/label>\n            <select id=\"news_category\" name=\"news_category\">\n                <option value=\"\" selected>Todas categor\u00edas<\/option>\n                                    <option value=\"67\" >Ayudas<\/option>\n                                    <option value=\"71\" >Premios<\/option>\n                                    <option value=\"65\" >Seminars<\/option>\n                            <\/select>\n        <\/div>\n        <div class=\"col-2\">\n        <button type=\"submit\">Buscar <img decoding=\"async\" src=\"\/wp-content\/uploads\/2024\/04\/search-line.svg\"><\/button>\n    <\/div>\n<\/form><div class=\"sina-bp-col sina-bp-custom-12 sina-bp-custom-destacado \">\n\t<div class=\"custom-sina-col\">\n        <div class=\"custom-sina-text\">\n            <p class=\"category\"><a>News<\/a> <a>Noticias<\/a> <a>Premios<\/a><\/p>\n            <a class=\"custom-sina-title\" href=\"https:\/\/www.icrea.cat\/es\/premis-nacionals-de-recerca-2025\/\"><h2>Premios Nacionales de Investigaci\u00f3n de Catalu\u00f1a 2025<\/h2><\/a>\n            <p>\n                Los investigadores ICREA, Luis Serrano y Katherine Villa han sido galardonados en la 36\u00aa edici\u00f3n de los 'Premis Nacionals&hellip;            <\/p>\n        \n                            <div class=\"sina-btn-wrapper\">\n                    <a href=\"https:\/\/www.icrea.cat\/es\/premis-nacionals-de-recerca-2025\/\" class=\"arrow-btn  \">\n                        \t\tRead\t\t                    <\/a>\n                \n                <\/div>\n                    <\/div>\n                    <figure style=\"background-image:url(https:\/\/www.icrea.cat\/wp-content\/uploads\/2026\/02\/PNR-generic_b-scaled.jpg)\"><\/figure>\n            <\/div>\n<\/div>\n<div class=\"sina-bp-col sina-bp-custom-6 \">\n\t<div class=\"custom-sina-col\">\n        <div class=\"custom-sina-text\">\n            <p class=\"category\"><a>News<\/a> <a>Noticias<\/a><\/p>\n            <a class=\"custom-sina-title\" href=\"https:\/\/www.icrea.cat\/es\/25-anos-de-icrea-un-exito-compartido-que-proyecta-cataluna-al-futuro25-years-of-icrea-a-shared-success-that-projects-catalonia-into-the-future\/\"><h2>25 a\u00f1os de ICREA: un \u00e9xito compartido que proyecta Catalu\u00f1a al futuro<\/h2><\/a>\n            <p>\n                La Instituci\u00f3n Catalana de Investigaci\u00f3n y Estudios Avanzados (ICREA) ha celebrado hoy viernes, 6 de febrero, su 25.\u00ba aniversario&hellip;            <\/p>\n        \n                            <div class=\"sina-btn-wrapper\">\n                    <a href=\"https:\/\/www.icrea.cat\/es\/25-anos-de-icrea-un-exito-compartido-que-proyecta-cataluna-al-futuro25-years-of-icrea-a-shared-success-that-projects-catalonia-into-the-future\/\" class=\"arrow-btn  \">\n                        \t\tRead\t\t                    <\/a>\n                \n                <\/div>\n                    <\/div>\n                    <figure style=\"background-image:url(https:\/\/www.icrea.cat\/wp-content\/uploads\/2026\/02\/Pastis_DEF-1296x581-1.webp)\"><\/figure>\n            <\/div>\n<\/div>\n<div class=\"sina-bp-col sina-bp-custom-6 \">\n\t<div class=\"custom-sina-col\">\n        <div class=\"custom-sina-text\">\n            <p class=\"category\"><a>News<\/a> <a>Noticias<\/a><\/p>\n            <a class=\"custom-sina-title\" href=\"https:\/\/www.icrea.cat\/es\/luxquanta-capta-8-me-para-desplegar-soluciones-de-ciberseguridad-cuantica\/\"><h2>LuxQuanta capta 8 M\u20ac para desplegar soluciones de ciberseguridad cu\u00e1ntica.<\/h2><\/a>\n            <p>\n                Esta spin-off del ICFO se basa en la investigaci\u00f3n liderada por el investigador ICREA Valerio Pruneri, que tambi\u00e9n es&hellip;            <\/p>\n        \n                            <div class=\"sina-btn-wrapper\">\n                    <a href=\"https:\/\/www.icrea.cat\/es\/luxquanta-capta-8-me-para-desplegar-soluciones-de-ciberseguridad-cuantica\/\" class=\"arrow-btn  \">\n                        \t\tRead\t\t                    <\/a>\n                \n                <\/div>\n                    <\/div>\n                    <figure style=\"background-image:url(https:\/\/www.icrea.cat\/wp-content\/uploads\/2025\/10\/640_LuxQuanta_3.webp)\"><\/figure>\n            <\/div>\n<\/div>\n<div class=\"sina-bp-col sina-bp-custom-6 \">\n\t<div class=\"custom-sina-col\">\n        <div class=\"custom-sina-text\">\n            <p class=\"category\"><a>News<\/a> <a>Noticias<\/a> <a>Premios<\/a><\/p>\n            <a class=\"custom-sina-title\" href=\"https:\/\/www.icrea.cat\/es\/premios-nacionales-de-investigacion-2025\/\"><h2>Premios Nacionales de Investigaci\u00f3n 2025<\/h2><\/a>\n            <p>\n                Tres Profesores de Investigaci\u00f3n ICREA han recibido el Premio Nacional de Investigaci\u00f3n 2025. Felicidades a: \u00b7 Josep Dalmau (FRCB-IDIBAPS)&hellip;            <\/p>\n        \n                            <div class=\"sina-btn-wrapper\">\n                    <a href=\"https:\/\/www.icrea.cat\/es\/premios-nacionales-de-investigacion-2025\/\" class=\"arrow-btn  \">\n                        \t\tRead\t\t                    <\/a>\n                \n                <\/div>\n                    <\/div>\n                    <figure style=\"background-image:url(https:\/\/www.icrea.cat\/wp-content\/uploads\/2024\/10\/PNI_image_4.jpg)\"><\/figure>\n            <\/div>\n<\/div>\n<div class=\"sina-bp-col sina-bp-custom-6 \">\n\t<div class=\"custom-sina-col\">\n        <div class=\"custom-sina-text\">\n            <p class=\"category\"><a>News<\/a> <a>Noticias<\/a> <a>Premios<\/a><\/p>\n            <a class=\"custom-sina-title\" href=\"https:\/\/www.icrea.cat\/es\/premios-fundacion-banco-de-sabadell-2025\/\"><h2>Premios Fundaci\u00f3n Banco de Sabadell 2025<\/h2><\/a>\n            <p>\n                La Profesora de Investigaci\u00f3n ICREA S\u00edlvia Osuna (UdG) recibe el IX Premio a las Ciencias y la Ingenier\u00eda por&hellip;            <\/p>\n        \n                            <div class=\"sina-btn-wrapper\">\n                    <a href=\"https:\/\/www.icrea.cat\/es\/premios-fundacion-banco-de-sabadell-2025\/\" class=\"arrow-btn  \">\n                        \t\tRead\t\t                    <\/a>\n                \n                <\/div>\n                    <\/div>\n                    <figure style=\"background-image:url(https:\/\/www.icrea.cat\/wp-content\/uploads\/2025\/07\/Banc-de-Sabadell_imatge_02.jpeg)\"><\/figure>\n            <\/div>\n<\/div>\n<div class=\"sina-bp-col sina-bp-custom-6 \">\n\t<div class=\"custom-sina-col\">\n        <div class=\"custom-sina-text\">\n            <p class=\"category\"><a>News<\/a> <a>Noticias<\/a> <a>Premios<\/a><\/p>\n            <a class=\"custom-sina-title\" href=\"https:\/\/www.icrea.cat\/es\/premis-ciutat-de-barcelona-2024\/\"><h2>Premis Ciutat de Barcelona &#8211; 2024<\/h2><\/a>\n            <p>\n                Los Premios Ciudad de Barcelona, otorgados por el Ayuntamiento de Barcelona, reconocen la crecai\u00f3n art\u00edstica y cultural unida a&hellip;            <\/p>\n        \n                            <div class=\"sina-btn-wrapper\">\n                    <a href=\"https:\/\/www.icrea.cat\/es\/premis-ciutat-de-barcelona-2024\/\" class=\"arrow-btn  \">\n                        \t\tRead\t\t                    <\/a>\n                \n                <\/div>\n                    <\/div>\n                    <figure style=\"background-image:url(https:\/\/www.icrea.cat\/wp-content\/uploads\/2025\/06\/Ciutat-de-Barcelona.png)\"><\/figure>\n            <\/div>\n<\/div>\n<div class=\"sina-bp-col sina-bp-custom-6 \">\n\t<div class=\"custom-sina-col\">\n        <div class=\"custom-sina-text\">\n            <p class=\"category\"><a>News<\/a> <a>Noticias<\/a> <a>Premios<\/a><\/p>\n            <a class=\"custom-sina-title\" href=\"https:\/\/www.icrea.cat\/es\/premios-rei-jaume-i-2024-2\/\"><h2>Premios Rei Jaume I &#8211; 2024<\/h2><\/a>\n            <p>\n                Tres Profesores de Investigaci\u00f3n ICREA reciben el Premio Rei Jaume I en la 37\u00aa edici\u00f3n de este galard\u00f3n. Muchas&hellip;            <\/p>\n        \n                            <div class=\"sina-btn-wrapper\">\n                    <a href=\"https:\/\/www.icrea.cat\/es\/premios-rei-jaume-i-2024-2\/\" class=\"arrow-btn  \">\n                        \t\tRead\t\t                    <\/a>\n                \n                <\/div>\n                    <\/div>\n                    <figure style=\"background-image:url(https:\/\/www.icrea.cat\/wp-content\/uploads\/2025\/06\/Jaume-I_2.png)\"><\/figure>\n            <\/div>\n<\/div>\n\t\t\t\t\t\t\t\t\t<\/div>\n\n\t\t\t\t\n\t\t\t\t\t\t\t\t\t<div class=\"sina-bp-pagination\">\n\t\t\t\t\t\t<a aria-current=\"page\" class=\"page-numbers current\">1<\/a>\n<a class=\"page-numbers\" href=\"https:\/\/www.icrea.cat\/es\/wp-json\/wp\/v2\/pages\/7181\/page\/2\/\">2<\/a>\n<a class=\"page-numbers\" href=\"https:\/\/www.icrea.cat\/es\/wp-json\/wp\/v2\/pages\/7181\/page\/3\/\">3<\/a>\n<a class=\"page-numbers dots\">&hellip;<\/a>\n<a class=\"page-numbers\" href=\"https:\/\/www.icrea.cat\/es\/wp-json\/wp\/v2\/pages\/7181\/page\/10\/\">10<\/a>\t\t\t\t\t<\/div>\n\t\t\t\t\t\t\t\t<input type=\"hidden\" id=\"sina_load_more_posts1bf9b7b\" name=\"sina_load_more_posts1bf9b7b\" value=\"5c69f2f2f4\" \/><input type=\"hidden\" name=\"_wp_http_referer\" value=\"\/es\/wp-json\/wp\/v2\/pages\/7181\" \/>\t\t\t<\/div><!-- .sina-blogpost -->\n\t\t\t\t\t\t\t<\/div>\n\t\t\t\t<\/div>\n\t\t\t\t\t<\/div>\n\t\t\t\t<\/div>\n\t\t\t\t<\/div>\n\t\t","protected":false},"excerpt":{"rendered":"<p>Noticias ICREA Text Category All categoriesAwardsGrantsSeminars Search News 5 ICREAs amongst the 1% most cited researchers of 2024 worldwide Congratulations to all of them, and also to their host institutions for this well deserved recognition. \u00b7 Josep Dalmau&hellip; Read Grants News ERC Synergy grants 2024 Congratulations to Diego Blas, Mariona Graupera and Kostas Kostarelos on [&hellip;]<\/p>\n","protected":false},"author":1,"featured_media":0,"parent":0,"menu_order":0,"comment_status":"closed","ping_status":"closed","template":"","meta":{"_acf_changed":false,"footnotes":""},"class_list":["post-7181","page","type-page","status-publish","hentry"],"acf":[],"yoast_head":"<!-- This site is optimized with the Yoast SEO plugin v27.3 - https:\/\/yoast.com\/product\/yoast-seo-wordpress\/ -->\n<title>Noticias - ICREA<\/title>\n<meta name=\"robots\" content=\"index, follow, max-snippet:-1, max-image-preview:large, max-video-preview:-1\" \/>\n<link rel=\"canonical\" href=\"https:\/\/www.icrea.cat\/es\/noticias\/\" \/>\n<meta property=\"og:locale\" content=\"es_ES\" \/>\n<meta property=\"og:type\" content=\"article\" \/>\n<meta property=\"og:title\" content=\"Noticias - ICREA\" \/>\n<meta property=\"og:description\" content=\"Noticias ICREA Text Category All categoriesAwardsGrantsSeminars Search News 5 ICREAs amongst the 1% most cited researchers of 2024 worldwide Congratulations to all of them, and also to their host institutions for this well deserved recognition. \u00b7 Josep Dalmau&hellip; Read Grants News ERC Synergy grants 2024 Congratulations to Diego Blas, Mariona Graupera and Kostas Kostarelos on [&hellip;]\" \/>\n<meta property=\"og:url\" content=\"https:\/\/www.icrea.cat\/es\/noticias\/\" \/>\n<meta property=\"og:site_name\" content=\"ICREA\" \/>\n<meta property=\"article:modified_time\" content=\"2024-11-27T14:51:51+00:00\" \/>\n<meta name=\"twitter:card\" content=\"summary_large_image\" \/>\n<meta name=\"twitter:label1\" content=\"Tiempo de lectura\" \/>\n\t<meta name=\"twitter:data1\" content=\"1 minuto\" \/>\n<script type=\"application\/ld+json\" class=\"yoast-schema-graph\">{\"@context\":\"https:\\\/\\\/schema.org\",\"@graph\":[{\"@type\":\"WebPage\",\"@id\":\"https:\\\/\\\/www.icrea.cat\\\/es\\\/noticias\\\/\",\"url\":\"https:\\\/\\\/www.icrea.cat\\\/es\\\/noticias\\\/\",\"name\":\"Noticias - ICREA\",\"isPartOf\":{\"@id\":\"https:\\\/\\\/www.icrea.cat\\\/#website\"},\"datePublished\":\"2024-04-10T15:06:17+00:00\",\"dateModified\":\"2024-11-27T14:51:51+00:00\",\"breadcrumb\":{\"@id\":\"https:\\\/\\\/www.icrea.cat\\\/es\\\/noticias\\\/#breadcrumb\"},\"inLanguage\":\"es\",\"potentialAction\":[{\"@type\":\"ReadAction\",\"target\":[\"https:\\\/\\\/www.icrea.cat\\\/es\\\/noticias\\\/\"]}]},{\"@type\":\"BreadcrumbList\",\"@id\":\"https:\\\/\\\/www.icrea.cat\\\/es\\\/noticias\\\/#breadcrumb\",\"itemListElement\":[{\"@type\":\"ListItem\",\"position\":1,\"name\":\"Home\",\"item\":\"https:\\\/\\\/www.icrea.cat\\\/\"},{\"@type\":\"ListItem\",\"position\":2,\"name\":\"Noticias\"}]},{\"@type\":\"WebSite\",\"@id\":\"https:\\\/\\\/www.icrea.cat\\\/#website\",\"url\":\"https:\\\/\\\/www.icrea.cat\\\/\",\"name\":\"ICREA\",\"description\":\"\",\"publisher\":{\"@id\":\"https:\\\/\\\/www.icrea.cat\\\/#organization\"},\"potentialAction\":[{\"@type\":\"SearchAction\",\"target\":{\"@type\":\"EntryPoint\",\"urlTemplate\":\"https:\\\/\\\/www.icrea.cat\\\/?s={search_term_string}\"},\"query-input\":{\"@type\":\"PropertyValueSpecification\",\"valueRequired\":true,\"valueName\":\"search_term_string\"}}],\"inLanguage\":\"es\"},{\"@type\":\"Organization\",\"@id\":\"https:\\\/\\\/www.icrea.cat\\\/#organization\",\"name\":\"ICREA\",\"url\":\"https:\\\/\\\/www.icrea.cat\\\/\",\"logo\":{\"@type\":\"ImageObject\",\"inLanguage\":\"es\",\"@id\":\"https:\\\/\\\/www.icrea.cat\\\/#\\\/schema\\\/logo\\\/image\\\/\",\"url\":\"https:\\\/\\\/www.icrea.cat\\\/wp-content\\\/uploads\\\/2025\\\/01\\\/cropped-logo-icrea-claim-white.png\",\"contentUrl\":\"https:\\\/\\\/www.icrea.cat\\\/wp-content\\\/uploads\\\/2025\\\/01\\\/cropped-logo-icrea-claim-white.png\",\"width\":1658,\"height\":709,\"caption\":\"ICREA\"},\"image\":{\"@id\":\"https:\\\/\\\/www.icrea.cat\\\/#\\\/schema\\\/logo\\\/image\\\/\"}}]}<\/script>\n<!-- \/ Yoast SEO plugin. -->","yoast_head_json":{"title":"Noticias - ICREA","robots":{"index":"index","follow":"follow","max-snippet":"max-snippet:-1","max-image-preview":"max-image-preview:large","max-video-preview":"max-video-preview:-1"},"canonical":"https:\/\/www.icrea.cat\/es\/noticias\/","og_locale":"es_ES","og_type":"article","og_title":"Noticias - ICREA","og_description":"Noticias ICREA Text Category All categoriesAwardsGrantsSeminars Search News 5 ICREAs amongst the 1% most cited researchers of 2024 worldwide Congratulations to all of them, and also to their host institutions for this well deserved recognition. \u00b7 Josep Dalmau&hellip; Read Grants News ERC Synergy grants 2024 Congratulations to Diego Blas, Mariona Graupera and Kostas Kostarelos on [&hellip;]","og_url":"https:\/\/www.icrea.cat\/es\/noticias\/","og_site_name":"ICREA","article_modified_time":"2024-11-27T14:51:51+00:00","twitter_card":"summary_large_image","twitter_misc":{"Tiempo de lectura":"1 minuto"},"schema":{"@context":"https:\/\/schema.org","@graph":[{"@type":"WebPage","@id":"https:\/\/www.icrea.cat\/es\/noticias\/","url":"https:\/\/www.icrea.cat\/es\/noticias\/","name":"Noticias - ICREA","isPartOf":{"@id":"https:\/\/www.icrea.cat\/#website"},"datePublished":"2024-04-10T15:06:17+00:00","dateModified":"2024-11-27T14:51:51+00:00","breadcrumb":{"@id":"https:\/\/www.icrea.cat\/es\/noticias\/#breadcrumb"},"inLanguage":"es","potentialAction":[{"@type":"ReadAction","target":["https:\/\/www.icrea.cat\/es\/noticias\/"]}]},{"@type":"BreadcrumbList","@id":"https:\/\/www.icrea.cat\/es\/noticias\/#breadcrumb","itemListElement":[{"@type":"ListItem","position":1,"name":"Home","item":"https:\/\/www.icrea.cat\/"},{"@type":"ListItem","position":2,"name":"Noticias"}]},{"@type":"WebSite","@id":"https:\/\/www.icrea.cat\/#website","url":"https:\/\/www.icrea.cat\/","name":"ICREA","description":"","publisher":{"@id":"https:\/\/www.icrea.cat\/#organization"},"potentialAction":[{"@type":"SearchAction","target":{"@type":"EntryPoint","urlTemplate":"https:\/\/www.icrea.cat\/?s={search_term_string}"},"query-input":{"@type":"PropertyValueSpecification","valueRequired":true,"valueName":"search_term_string"}}],"inLanguage":"es"},{"@type":"Organization","@id":"https:\/\/www.icrea.cat\/#organization","name":"ICREA","url":"https:\/\/www.icrea.cat\/","logo":{"@type":"ImageObject","inLanguage":"es","@id":"https:\/\/www.icrea.cat\/#\/schema\/logo\/image\/","url":"https:\/\/www.icrea.cat\/wp-content\/uploads\/2025\/01\/cropped-logo-icrea-claim-white.png","contentUrl":"https:\/\/www.icrea.cat\/wp-content\/uploads\/2025\/01\/cropped-logo-icrea-claim-white.png","width":1658,"height":709,"caption":"ICREA"},"image":{"@id":"https:\/\/www.icrea.cat\/#\/schema\/logo\/image\/"}}]}},"_links":{"self":[{"href":"https:\/\/www.icrea.cat\/es\/wp-json\/wp\/v2\/pages\/7181","targetHints":{"allow":["GET"]}}],"collection":[{"href":"https:\/\/www.icrea.cat\/es\/wp-json\/wp\/v2\/pages"}],"about":[{"href":"https:\/\/www.icrea.cat\/es\/wp-json\/wp\/v2\/types\/page"}],"author":[{"embeddable":true,"href":"https:\/\/www.icrea.cat\/es\/wp-json\/wp\/v2\/users\/1"}],"replies":[{"embeddable":true,"href":"https:\/\/www.icrea.cat\/es\/wp-json\/wp\/v2\/comments?post=7181"}],"version-history":[{"count":17,"href":"https:\/\/www.icrea.cat\/es\/wp-json\/wp\/v2\/pages\/7181\/revisions"}],"predecessor-version":[{"id":20003,"href":"https:\/\/www.icrea.cat\/es\/wp-json\/wp\/v2\/pages\/7181\/revisions\/20003"}],"wp:attachment":[{"href":"https:\/\/www.icrea.cat\/es\/wp-json\/wp\/v2\/media?parent=7181"}],"curies":[{"name":"wp","href":"https:\/\/api.w.org\/{rel}","templated":true}]}}