{"id":7115,"date":"2024-04-15T11:55:06","date_gmt":"2024-04-15T09:55:06","guid":{"rendered":"https:\/\/www.icrea.cat\/aviso-legal\/"},"modified":"2024-10-23T13:06:21","modified_gmt":"2024-10-23T11:06:21","slug":"aviso-legal","status":"publish","type":"page","link":"https:\/\/www.icrea.cat\/es\/aviso-legal\/","title":{"rendered":"Aviso Legal"},"content":{"rendered":"\t\t<div data-elementor-type=\"wp-page\" data-elementor-id=\"7115\" class=\"elementor elementor-7115 elementor-2674\">\n\t\t\t\t<div class=\"elementor-element elementor-element-9a7ae97 e-flex e-con-boxed e-con e-parent\" data-id=\"9a7ae97\" data-element_type=\"container\" data-e-type=\"container\">\n\t\t\t\t\t<div class=\"e-con-inner\">\n\t\t\t\t<div class=\"elementor-element elementor-element-9c15b56 elementor-widget elementor-widget-heading\" data-id=\"9c15b56\" data-element_type=\"widget\" data-e-type=\"widget\" data-widget_type=\"heading.default\">\n\t\t\t\t<div class=\"elementor-widget-container\">\n\t\t\t\t\t<h2 class=\"elementor-heading-title elementor-size-default\">Aviso legal<\/h2>\t\t\t\t<\/div>\n\t\t\t\t<\/div>\n\t\t\t\t<div class=\"elementor-element elementor-element-c00660d custom-policy elementor-widget elementor-widget-text-editor\" data-id=\"c00660d\" data-element_type=\"widget\" data-e-type=\"widget\" data-widget_type=\"text-editor.default\">\n\t\t\t\t<div class=\"elementor-widget-container\">\n\t\t\t\t\t\t\t\t\t<p class=\"p1\">La Fundaci\u00f3n&nbsp;INSTITUCI\u00d3 CATALANA DE RECERCA I ESTUDIS AVAN\u00c7ATS (ICREA)&nbsp;con C.I.F. n\u00famero G62515838 y registrada en la Direcci\u00f3 General de Dret i d&#8217;Entitats Jur\u00eddiques con el n\u00famero 1532 es titular del nombre de dominio&nbsp;<a href=\"http:\/\/www.icrea.cat\/\"><span class=\"s1\">www.icrea.cat<\/span><\/a>&nbsp;&nbsp;(de ahora en adelante y conjuntamente, el \u201cLugar web\u201d).<\/p>\n<p class=\"p1\">Direcci\u00f3n:<\/p>\n<p class=\"p1\">Passeig Llu\u00eds Companys, 23, 08010, Barcelona<\/p>\n<p class=\"p1\">Tel\u00e9fono: +34 93 567 0281<\/p>\n<p class=\"p1\">Correo electr\u00f3nico:&nbsp;<a href=\"mailto:icrea@icrea.cat\"><span class=\"s1\">icrea@icrea.cat<\/span><\/a><\/p>\n<p class=\"p1\"><b>1.- CONDICIONES DE USO GENERALES<\/b><\/p>\n<p class=\"p1\">El usuario accede voluntariamente a este Lugar web, lo que implica que utilizar\u00e1 conforme el presente aviso legal, la ley, la moral, la buena fe y\/o las buenas costumbres.<\/p>\n<ul class=\"ul1\">\n<li class=\"li2\"><span class=\"s3\">La utilizaci\u00f3n de este Lugar web supone la aceptaci\u00f3n de este aviso legal.<\/span><\/li>\n<li class=\"li2\"><span class=\"s3\">Las p\u00e1ginas web de este Lugar web pueden ser visitadas libremente por los usuarios y no requieren la subscripci\u00f3n previa o el registro de usuarios.<\/span><\/li>\n<li class=\"li2\"><span class=\"s3\">ICREA&nbsp;se reserva el derecho de modificar sin aviso previo el contenido de este aviso legal, por tanto y para una correcta utilizaci\u00f3n del Lugar web, le recomendamos que visite peri\u00f3dicamente esta secci\u00f3n.<\/span><\/li>\n<\/ul>\n<p class=\"p1\"><b>2.- PROPIEDAD INTELECTUAL E INDUSTRIAL<\/b><\/p>\n<p class=\"p1\">\u00a9 2021,&nbsp;ICREA&nbsp;Todos los derechos reservados.<\/p>\n<ul class=\"ul1\">\n<li class=\"li2\"><span class=\"s3\">Este Lugar web y los contenidos incluidos en el mismo; art\u00edculos, textos, im\u00e1genes, logotipos, marcas, botones, programario, etc. Est\u00e1n protegidos por la legislaci\u00f3n vigente de propiedad industrial e intelectual y son propiedad de&nbsp;ICREA&nbsp;o de terceros que han autorizado su uso a&nbsp;ICREA, quedando expresamente prohibida la explotaci\u00f3n sin autorizaci\u00f3n de&nbsp;ICREA. <\/span><\/li>\n<li class=\"li2\"><span class=\"s3\">El acceso a este Lugar web no supone, en ning\u00fan caso, la adquisici\u00f3n por parte de los usuarios de ning\u00fan derecho de propiedad sobre los contenidos que figuran en el mismo.<\/span><\/li>\n<li class=\"li2\"><span class=\"s3\">ICREA&nbsp;se reserva el derecho a modificar, actualizar o suprimir cualquiera de los contenidos de este Lugar web, en cualquier momento y sin previo aviso.<\/span><\/li>\n<li class=\"li2\"><span class=\"s3\">Se permite la creaci\u00f3n de enlaces (\u00ablinks\u00bb) a esta web, siempre que sean a la p\u00e1gina principal. Se proh\u00edben expresamente enlaces profundos a otras p\u00e1ginas (\u00abdeep link\u00bb), su enmarcado (\u00abframing\u00bb) as\u00ed como cualquier otro no autorizado. En este sentido aquellas personas que deseen establecer un \u00ablink\u00bb o \u201chiperenlace\u201d entre su p\u00e1gina Web y esta Website deber\u00e1n obtener la autorizaci\u00f3n expresa y por escrito de&nbsp;ICREA&nbsp;si que esto implique una relaci\u00f3n entre esta y el titular de la p\u00e1gina en la que se establece el \u00ablink\u00bb, ni la aprobaci\u00f3n o aceptaci\u00f3n por parte de&nbsp;ICREA&nbsp;des sus contenidos o servicios.  <\/span><\/li>\n<\/ul>\n<p class=\"p1\"><b>3.- LIMITACI\u00d3N DE LA RESPONSABILIDAD<\/b><\/p>\n<ul class=\"ul1\">\n<li class=\"li2\"><span class=\"s3\">ICREA&nbsp;se reserva el derecho a interrumpir el acceso a su Lugar web, as\u00ed como la prestaci\u00f3n de cualquier servicio a trav\u00e9s de este en cualquier momento y sin previo aviso, sea por motivos t\u00e9cnicos, de seguridad, de mantenimiento o por cualquier otra causa.<\/span><\/li>\n<li class=\"li2\"><span class=\"s3\">ICREA&nbsp;no ser\u00e1 responsable en ning\u00fan caso que se tenga que interrumpir el servicio, retraso o mal funcionamiento y otros inconvenientes que tengan su origen en causas que se escapen del control de&nbsp;ICREA&nbsp;y\/o sean debidas a una actuaci\u00f3n dolosa o culpable del usuario y\/o tengan su origen en causas de fuerza mayor.<\/span><\/li>\n<li class=\"li2\"><span class=\"s3\">La informaci\u00f3n contenida en este Lugar web puede no ser correcta, a pesar de los esfuerzos realizados por asegurar su exactitud y actualizaci\u00f3n. En consecuencia, ICREA no se responsabiliza de los errores contenidos, ni de los da\u00f1os o perjuicios de su utilizaci\u00f3n. <\/span><\/li>\n<li class=\"li2\"><span class=\"s3\">Este Lugar web puede contener enlaces a otros lugares web del contenido de los cuales, utilidad o exactitud no se puede responsabilizar&nbsp;ICREA.&nbsp;La incorporaci\u00f3n de un enlace en este Lugar web no puede considerarse una recomendaci\u00f3n a los usuarios para que procedan a su utilizaci\u00f3n, la decisi\u00f3n de utilizarlos es responsabilidad de estos \u00faltimos.<\/span><\/li>\n<li class=\"li2\"><span class=\"s3\">ICREA&nbsp;no se hace responsable de los da\u00f1os y perjuicios derivados del uso de este Lugar web o de sus contenidos, no garantizando la ausencia de virus o la imposibilidad de causar da\u00f1os en los sistemas inform\u00e1ticos del usuario.<\/span><\/li>\n<li class=\"li2\"><span class=\"s3\">ICREA&nbsp;no se responsabiliza del mal uso que se pueda hacer de este Lugar web.<\/span><\/li>\n<\/ul>\n<p class=\"p1\"><b>4.- LEGISLACI\u00d3N APLICABLE Y TRIBUNALES COMPETENTES<\/b><\/p>\n<ul class=\"ul1\">\n<li class=\"li2\"><span class=\"s3\">Las condiciones de este Lugar web y las relaciones entre el usuario e&nbsp;ICREA&nbsp;se regir\u00e1n por la legislaci\u00f3n y jurisdicci\u00f3n espa\u00f1ola.<\/span><\/li>\n<li class=\"li2\"><span class=\"s3\">Para conocer cualquier discrepancia que pueda surgir entre el usuario y&nbsp;ICREA&nbsp;ambas partes se someten a los Juzgados y Tribunales de Barcelona (Espa\u00f1a).<\/span><\/li>\n<\/ul>\n<p class=\"p1\">Texto actualizado en noviembre de 2021<\/p>\t\t\t\t\t\t\t\t<\/div>\n\t\t\t\t<\/div>\n\t\t\t\t\t<\/div>\n\t\t\t\t<\/div>\n\t\t\t\t<\/div>\n\t\t","protected":false},"excerpt":{"rendered":"<p>Aviso legal La Fundaci\u00f3n&nbsp;INSTITUCI\u00d3 CATALANA DE RECERCA I ESTUDIS AVAN\u00c7ATS (ICREA)&nbsp;con C.I.F. n\u00famero G62515838 y registrada en la Direcci\u00f3 General de Dret i d&#8217;Entitats Jur\u00eddiques con el n\u00famero 1532 es titular del nombre de dominio&nbsp;www.icrea.cat&nbsp;&nbsp;(de ahora en adelante y conjuntamente, el \u201cLugar web\u201d). Direcci\u00f3n: Passeig Llu\u00eds Companys, 23, 08010, Barcelona Tel\u00e9fono: +34 93 567 0281 [&hellip;]<\/p>\n","protected":false},"author":1,"featured_media":0,"parent":0,"menu_order":0,"comment_status":"closed","ping_status":"closed","template":"","meta":{"_acf_changed":false,"footnotes":""},"class_list":["post-7115","page","type-page","status-publish","hentry"],"acf":[],"yoast_head":"<!-- This site is optimized with the Yoast SEO plugin v27.5 - https:\/\/yoast.com\/product\/yoast-seo-wordpress\/ -->\n<title>Aviso Legal - ICREA<\/title>\n<meta name=\"robots\" content=\"index, follow, max-snippet:-1, max-image-preview:large, max-video-preview:-1\" \/>\n<link rel=\"canonical\" href=\"https:\/\/www.icrea.cat\/legal-notice\/\" \/>\n<meta property=\"og:locale\" content=\"es_ES\" \/>\n<meta property=\"og:type\" content=\"article\" \/>\n<meta property=\"og:title\" content=\"Aviso Legal - ICREA\" \/>\n<meta property=\"og:description\" content=\"Aviso legal La Fundaci\u00f3n&nbsp;INSTITUCI\u00d3 CATALANA DE RECERCA I ESTUDIS AVAN\u00c7ATS (ICREA)&nbsp;con C.I.F. n\u00famero G62515838 y registrada en la Direcci\u00f3 General de Dret i d&#8217;Entitats Jur\u00eddiques con el n\u00famero 1532 es titular del nombre de dominio&nbsp;www.icrea.cat&nbsp;&nbsp;(de ahora en adelante y conjuntamente, el \u201cLugar web\u201d). Direcci\u00f3n: Passeig Llu\u00eds Companys, 23, 08010, Barcelona Tel\u00e9fono: +34 93 567 0281 [&hellip;]\" \/>\n<meta property=\"og:url\" content=\"https:\/\/www.icrea.cat\/legal-notice\/\" \/>\n<meta property=\"og:site_name\" content=\"ICREA\" \/>\n<meta property=\"article:modified_time\" content=\"2024-10-23T11:06:21+00:00\" \/>\n<meta name=\"twitter:card\" content=\"summary_large_image\" \/>\n<meta name=\"twitter:label1\" content=\"Tiempo de lectura\" \/>\n\t<meta name=\"twitter:data1\" content=\"4 minutos\" \/>\n<script type=\"application\/ld+json\" class=\"yoast-schema-graph\">{\"@context\":\"https:\\\/\\\/schema.org\",\"@graph\":[{\"@type\":\"WebPage\",\"@id\":\"https:\\\/\\\/www.icrea.cat\\\/legal-notice\\\/\",\"url\":\"https:\\\/\\\/www.icrea.cat\\\/legal-notice\\\/\",\"name\":\"Aviso Legal - ICREA\",\"isPartOf\":{\"@id\":\"https:\\\/\\\/www.icrea.cat\\\/#website\"},\"datePublished\":\"2024-04-15T09:55:06+00:00\",\"dateModified\":\"2024-10-23T11:06:21+00:00\",\"breadcrumb\":{\"@id\":\"https:\\\/\\\/www.icrea.cat\\\/legal-notice\\\/#breadcrumb\"},\"inLanguage\":\"es\",\"potentialAction\":[{\"@type\":\"ReadAction\",\"target\":[\"https:\\\/\\\/www.icrea.cat\\\/legal-notice\\\/\"]}]},{\"@type\":\"BreadcrumbList\",\"@id\":\"https:\\\/\\\/www.icrea.cat\\\/legal-notice\\\/#breadcrumb\",\"itemListElement\":[{\"@type\":\"ListItem\",\"position\":1,\"name\":\"Home\",\"item\":\"https:\\\/\\\/www.icrea.cat\\\/\"},{\"@type\":\"ListItem\",\"position\":2,\"name\":\"Aviso Legal\"}]},{\"@type\":\"WebSite\",\"@id\":\"https:\\\/\\\/www.icrea.cat\\\/#website\",\"url\":\"https:\\\/\\\/www.icrea.cat\\\/\",\"name\":\"ICREA\",\"description\":\"\",\"publisher\":{\"@id\":\"https:\\\/\\\/www.icrea.cat\\\/#organization\"},\"potentialAction\":[{\"@type\":\"SearchAction\",\"target\":{\"@type\":\"EntryPoint\",\"urlTemplate\":\"https:\\\/\\\/www.icrea.cat\\\/?s={search_term_string}\"},\"query-input\":{\"@type\":\"PropertyValueSpecification\",\"valueRequired\":true,\"valueName\":\"search_term_string\"}}],\"inLanguage\":\"es\"},{\"@type\":\"Organization\",\"@id\":\"https:\\\/\\\/www.icrea.cat\\\/#organization\",\"name\":\"ICREA\",\"url\":\"https:\\\/\\\/www.icrea.cat\\\/\",\"logo\":{\"@type\":\"ImageObject\",\"inLanguage\":\"es\",\"@id\":\"https:\\\/\\\/www.icrea.cat\\\/#\\\/schema\\\/logo\\\/image\\\/\",\"url\":\"https:\\\/\\\/www.icrea.cat\\\/wp-content\\\/uploads\\\/2025\\\/01\\\/cropped-logo-icrea-claim-white.png\",\"contentUrl\":\"https:\\\/\\\/www.icrea.cat\\\/wp-content\\\/uploads\\\/2025\\\/01\\\/cropped-logo-icrea-claim-white.png\",\"width\":1658,\"height\":709,\"caption\":\"ICREA\"},\"image\":{\"@id\":\"https:\\\/\\\/www.icrea.cat\\\/#\\\/schema\\\/logo\\\/image\\\/\"}}]}<\/script>\n<!-- \/ Yoast SEO plugin. -->","yoast_head_json":{"title":"Aviso Legal - ICREA","robots":{"index":"index","follow":"follow","max-snippet":"max-snippet:-1","max-image-preview":"max-image-preview:large","max-video-preview":"max-video-preview:-1"},"canonical":"https:\/\/www.icrea.cat\/legal-notice\/","og_locale":"es_ES","og_type":"article","og_title":"Aviso Legal - ICREA","og_description":"Aviso legal La Fundaci\u00f3n&nbsp;INSTITUCI\u00d3 CATALANA DE RECERCA I ESTUDIS AVAN\u00c7ATS (ICREA)&nbsp;con C.I.F. n\u00famero G62515838 y registrada en la Direcci\u00f3 General de Dret i d&#8217;Entitats Jur\u00eddiques con el n\u00famero 1532 es titular del nombre de dominio&nbsp;www.icrea.cat&nbsp;&nbsp;(de ahora en adelante y conjuntamente, el \u201cLugar web\u201d). Direcci\u00f3n: Passeig Llu\u00eds Companys, 23, 08010, Barcelona Tel\u00e9fono: +34 93 567 0281 [&hellip;]","og_url":"https:\/\/www.icrea.cat\/legal-notice\/","og_site_name":"ICREA","article_modified_time":"2024-10-23T11:06:21+00:00","twitter_card":"summary_large_image","twitter_misc":{"Tiempo de lectura":"4 minutos"},"schema":{"@context":"https:\/\/schema.org","@graph":[{"@type":"WebPage","@id":"https:\/\/www.icrea.cat\/legal-notice\/","url":"https:\/\/www.icrea.cat\/legal-notice\/","name":"Aviso Legal - ICREA","isPartOf":{"@id":"https:\/\/www.icrea.cat\/#website"},"datePublished":"2024-04-15T09:55:06+00:00","dateModified":"2024-10-23T11:06:21+00:00","breadcrumb":{"@id":"https:\/\/www.icrea.cat\/legal-notice\/#breadcrumb"},"inLanguage":"es","potentialAction":[{"@type":"ReadAction","target":["https:\/\/www.icrea.cat\/legal-notice\/"]}]},{"@type":"BreadcrumbList","@id":"https:\/\/www.icrea.cat\/legal-notice\/#breadcrumb","itemListElement":[{"@type":"ListItem","position":1,"name":"Home","item":"https:\/\/www.icrea.cat\/"},{"@type":"ListItem","position":2,"name":"Aviso Legal"}]},{"@type":"WebSite","@id":"https:\/\/www.icrea.cat\/#website","url":"https:\/\/www.icrea.cat\/","name":"ICREA","description":"","publisher":{"@id":"https:\/\/www.icrea.cat\/#organization"},"potentialAction":[{"@type":"SearchAction","target":{"@type":"EntryPoint","urlTemplate":"https:\/\/www.icrea.cat\/?s={search_term_string}"},"query-input":{"@type":"PropertyValueSpecification","valueRequired":true,"valueName":"search_term_string"}}],"inLanguage":"es"},{"@type":"Organization","@id":"https:\/\/www.icrea.cat\/#organization","name":"ICREA","url":"https:\/\/www.icrea.cat\/","logo":{"@type":"ImageObject","inLanguage":"es","@id":"https:\/\/www.icrea.cat\/#\/schema\/logo\/image\/","url":"https:\/\/www.icrea.cat\/wp-content\/uploads\/2025\/01\/cropped-logo-icrea-claim-white.png","contentUrl":"https:\/\/www.icrea.cat\/wp-content\/uploads\/2025\/01\/cropped-logo-icrea-claim-white.png","width":1658,"height":709,"caption":"ICREA"},"image":{"@id":"https:\/\/www.icrea.cat\/#\/schema\/logo\/image\/"}}]}},"_links":{"self":[{"href":"https:\/\/www.icrea.cat\/es\/wp-json\/wp\/v2\/pages\/7115","targetHints":{"allow":["GET"]}}],"collection":[{"href":"https:\/\/www.icrea.cat\/es\/wp-json\/wp\/v2\/pages"}],"about":[{"href":"https:\/\/www.icrea.cat\/es\/wp-json\/wp\/v2\/types\/page"}],"author":[{"embeddable":true,"href":"https:\/\/www.icrea.cat\/es\/wp-json\/wp\/v2\/users\/1"}],"replies":[{"embeddable":true,"href":"https:\/\/www.icrea.cat\/es\/wp-json\/wp\/v2\/comments?post=7115"}],"version-history":[{"count":5,"href":"https:\/\/www.icrea.cat\/es\/wp-json\/wp\/v2\/pages\/7115\/revisions"}],"predecessor-version":[{"id":7132,"href":"https:\/\/www.icrea.cat\/es\/wp-json\/wp\/v2\/pages\/7115\/revisions\/7132"}],"wp:attachment":[{"href":"https:\/\/www.icrea.cat\/es\/wp-json\/wp\/v2\/media?parent=7115"}],"curies":[{"name":"wp","href":"https:\/\/api.w.org\/{rel}","templated":true}]}}