{"id":7099,"date":"2024-01-29T16:40:45","date_gmt":"2024-01-29T15:40:45","guid":{"rendered":"https:\/\/www.icrea.cat\/hosts-institutions\/host-institution\/"},"modified":"2024-10-25T17:07:47","modified_gmt":"2024-10-25T15:07:47","slug":"institucion-acogida","status":"publish","type":"page","link":"https:\/\/www.icrea.cat\/es\/comunidad\/instituciones-acogida\/institucion-acogida\/","title":{"rendered":"Institucion de acogida"},"content":{"rendered":"\t\t<div data-elementor-type=\"wp-page\" data-elementor-id=\"7099\" class=\"elementor elementor-7099 elementor-666\">\n\t\t\t\t<div class=\"elementor-element elementor-element-66dedb5 e-flex e-con-boxed e-con e-parent\" data-id=\"66dedb5\" data-element_type=\"container\" data-e-type=\"container\">\n\t\t\t\t\t<div class=\"e-con-inner\">\n\t\t\t\t<div class=\"elementor-element elementor-element-e3df25a elementor-widget elementor-widget-widget_institutions_content\" data-id=\"e3df25a\" data-element_type=\"widget\" data-e-type=\"widget\" data-widget_type=\"widget_institutions_content.default\">\n\t\t\t\t<div class=\"elementor-widget-container\">\n\t\t\t\t\t    <script type=\"text\/javascript\">\n        jQuery(function($) {\n                                                $('#ca_menu').attr('href', '\/ca\/comunitat\/institucions-acollida\/v2\/pages') \n                                    $('#en_menu').attr('href', '\/community\/hosts-institutions\/v2\/pages') \n                                    $('#es_menu').attr('href', '\/es\/comunidad\/instituciones-acogida\/v2\/pages') \n                                    });\n    <\/script>\nSomething went wrong\t\t\t\t<\/div>\n\t\t\t\t<\/div>\n\t\t\t\t<div class=\"elementor-element elementor-element-eb1fea5 elementor-widget elementor-widget-widget_institutions_icreas\" data-id=\"eb1fea5\" data-element_type=\"widget\" data-e-type=\"widget\" data-widget_type=\"widget_institutions_icreas.default\">\n\t\t\t\t<div class=\"elementor-widget-container\">\n\t\t\t\t\tSomething went wrong\t\t\t\t<\/div>\n\t\t\t\t<\/div>\n\t\t\t\t<div class=\"elementor-element elementor-element-2c64a15 elementor-widget elementor-widget-widget_institutions_other\" data-id=\"2c64a15\" data-element_type=\"widget\" data-e-type=\"widget\" data-widget_type=\"widget_institutions_other.default\">\n\t\t\t\t<div class=\"elementor-widget-container\">\n\t\t\t\t\tSomething went wrong\t\t\t\t<\/div>\n\t\t\t\t<\/div>\n\t\t\t\t\t<\/div>\n\t\t\t\t<\/div>\n\t\t<div class=\"elementor-element elementor-element-480e80b3 elementor-hidden-desktop elementor-hidden-tablet elementor-hidden-mobile e-flex e-con-boxed e-con e-parent\" data-id=\"480e80b3\" data-element_type=\"container\" data-e-type=\"container\" data-settings=\"{&quot;background_background&quot;:&quot;slideshow&quot;,&quot;background_slideshow_gallery&quot;:[{&quot;id&quot;:515,&quot;url&quot;:&quot;https:\\\/\\\/www.icrea.cat\\\/wp-content\\\/uploads\\\/2024\\\/01\\\/Group-62bg-banner.svg&quot;}],&quot;background_slideshow_loop&quot;:&quot;yes&quot;,&quot;background_slideshow_slide_duration&quot;:5000,&quot;background_slideshow_slide_transition&quot;:&quot;fade&quot;,&quot;background_slideshow_transition_duration&quot;:500}\">\n\t\t\t\t\t<div class=\"e-con-inner\">\n\t\t<div class=\"elementor-element elementor-element-74862a2b golden-section-radial e-flex e-con-boxed e-con e-child\" data-id=\"74862a2b\" data-element_type=\"container\" data-e-type=\"container\">\n\t\t\t\t\t<div class=\"e-con-inner\">\n\t\t\t\t<div class=\"elementor-element elementor-element-63e1f5fe elementor-widget elementor-widget-heading\" data-id=\"63e1f5fe\" data-element_type=\"widget\" data-e-type=\"widget\" data-widget_type=\"heading.default\">\n\t\t\t\t<div class=\"elementor-widget-container\">\n\t\t\t\t\t<h2 class=\"elementor-heading-title elementor-size-default\">\u00bfQuieres pertenecer a un equipo de investigaci\u00f3n l\u00edder a nivel mundial?<\/h2>\t\t\t\t<\/div>\n\t\t\t\t<\/div>\n\t\t\t\t<div class=\"elementor-element elementor-element-de14984 elementor-widget elementor-widget-heading\" data-id=\"de14984\" data-element_type=\"widget\" data-e-type=\"widget\" data-widget_type=\"heading.default\">\n\t\t\t\t<div class=\"elementor-widget-container\">\n\t\t\t\t\t<span class=\"elementor-heading-title elementor-size-default\">Lorem ipsum dolor sit amet consectetur. At tincidunt fermentum suspendisse malesuada suspendisse. <\/span>\t\t\t\t<\/div>\n\t\t\t\t<\/div>\n\t\t\t\t<div class=\"elementor-element elementor-element-60217e2a elementor-align-center elementor-widget elementor-widget-button\" data-id=\"60217e2a\" data-element_type=\"widget\" data-e-type=\"widget\" data-widget_type=\"button.default\">\n\t\t\t\t<div class=\"elementor-widget-container\">\n\t\t\t\t\t\t\t\t\t<div class=\"elementor-button-wrapper\">\n\t\t\t\t\t<a class=\"elementor-button elementor-button-link elementor-size-sm\" href=\"\/about\/icrea-call\/\">\n\t\t\t\t\t\t<span class=\"elementor-button-content-wrapper\">\n\t\t\t\t\t\t\t\t\t<span class=\"elementor-button-text\">M\u00c1S INFORMACI\u00d3N<\/span>\n\t\t\t\t\t<\/span>\n\t\t\t\t\t<\/a>\n\t\t\t\t<\/div>\n\t\t\t\t\t\t\t\t<\/div>\n\t\t\t\t<\/div>\n\t\t\t\t<div class=\"elementor-element elementor-element-6ba02fea elementor-widget elementor-widget-heading\" data-id=\"6ba02fea\" data-element_type=\"widget\" data-e-type=\"widget\" data-widget_type=\"heading.default\">\n\t\t\t\t<div class=\"elementor-widget-container\">\n\t\t\t\t\t<span class=\"elementor-heading-title elementor-size-default\">Next call in 2027<\/span>\t\t\t\t<\/div>\n\t\t\t\t<\/div>\n\t\t\t\t\t<\/div>\n\t\t\t\t<\/div>\n\t\t\t\t\t<\/div>\n\t\t\t\t<\/div>\n\t\t\t\t<\/div>\n\t\t","protected":false},"excerpt":{"rendered":"<p>Something went wrong Something went wrong \u00bfQuieres pertenecer a un equipo de investigaci\u00f3n l\u00edder a nivel mundial? Lorem ipsum dolor sit amet consectetur. At tincidunt fermentum suspendisse malesuada suspendisse. M\u00c1S INFORMACI\u00d3N<\/p>\n","protected":false},"author":1,"featured_media":0,"parent":7089,"menu_order":0,"comment_status":"closed","ping_status":"closed","template":"","meta":{"_acf_changed":false,"footnotes":""},"class_list":["post-7099","page","type-page","status-publish","hentry"],"acf":[],"yoast_head":"<!-- This site is optimized with the Yoast SEO plugin v27.5 - https:\/\/yoast.com\/product\/yoast-seo-wordpress\/ -->\n<title>Institucion de acogida - ICREA<\/title>\n<meta name=\"robots\" content=\"index, follow, max-snippet:-1, max-image-preview:large, max-video-preview:-1\" \/>\n<link rel=\"canonical\" href=\"https:\/\/www.icrea.cat\/community\/hosts-institutions\/host-institution\/\" \/>\n<meta property=\"og:locale\" content=\"es_ES\" \/>\n<meta property=\"og:type\" content=\"article\" \/>\n<meta property=\"og:title\" content=\"Institucion de acogida - ICREA\" \/>\n<meta property=\"og:description\" content=\"Something went wrong Something went wrong \u00bfQuieres pertenecer a un equipo de investigaci\u00f3n l\u00edder a nivel mundial? Lorem ipsum dolor sit amet consectetur. At tincidunt fermentum suspendisse malesuada suspendisse. M\u00c1S INFORMACI\u00d3N\" \/>\n<meta property=\"og:url\" content=\"https:\/\/www.icrea.cat\/community\/hosts-institutions\/host-institution\/\" \/>\n<meta property=\"og:site_name\" content=\"ICREA\" \/>\n<meta property=\"article:modified_time\" content=\"2024-10-25T15:07:47+00:00\" \/>\n<meta name=\"twitter:card\" content=\"summary_large_image\" \/>\n<script type=\"application\/ld+json\" class=\"yoast-schema-graph\">{\"@context\":\"https:\\\/\\\/schema.org\",\"@graph\":[{\"@type\":\"WebPage\",\"@id\":\"https:\\\/\\\/www.icrea.cat\\\/community\\\/hosts-institutions\\\/host-institution\\\/\",\"url\":\"https:\\\/\\\/www.icrea.cat\\\/community\\\/hosts-institutions\\\/host-institution\\\/\",\"name\":\"Institucion de acogida - ICREA\",\"isPartOf\":{\"@id\":\"https:\\\/\\\/www.icrea.cat\\\/#website\"},\"datePublished\":\"2024-01-29T15:40:45+00:00\",\"dateModified\":\"2024-10-25T15:07:47+00:00\",\"breadcrumb\":{\"@id\":\"https:\\\/\\\/www.icrea.cat\\\/community\\\/hosts-institutions\\\/host-institution\\\/#breadcrumb\"},\"inLanguage\":\"es\",\"potentialAction\":[{\"@type\":\"ReadAction\",\"target\":[\"https:\\\/\\\/www.icrea.cat\\\/community\\\/hosts-institutions\\\/host-institution\\\/\"]}]},{\"@type\":\"BreadcrumbList\",\"@id\":\"https:\\\/\\\/www.icrea.cat\\\/community\\\/hosts-institutions\\\/host-institution\\\/#breadcrumb\",\"itemListElement\":[{\"@type\":\"ListItem\",\"position\":1,\"name\":\"Home\",\"item\":\"https:\\\/\\\/www.icrea.cat\\\/\"},{\"@type\":\"ListItem\",\"position\":2,\"name\":\"Comunidad\",\"item\":\"https:\\\/\\\/www.icrea.cat\\\/community\\\/\"},{\"@type\":\"ListItem\",\"position\":3,\"name\":\"Instituciones de acogida\",\"item\":\"https:\\\/\\\/www.icrea.cat\\\/community\\\/hosts-institutions\\\/\"},{\"@type\":\"ListItem\",\"position\":4,\"name\":\"Institucion de acogida\"}]},{\"@type\":\"WebSite\",\"@id\":\"https:\\\/\\\/www.icrea.cat\\\/#website\",\"url\":\"https:\\\/\\\/www.icrea.cat\\\/\",\"name\":\"ICREA\",\"description\":\"\",\"publisher\":{\"@id\":\"https:\\\/\\\/www.icrea.cat\\\/#organization\"},\"potentialAction\":[{\"@type\":\"SearchAction\",\"target\":{\"@type\":\"EntryPoint\",\"urlTemplate\":\"https:\\\/\\\/www.icrea.cat\\\/?s={search_term_string}\"},\"query-input\":{\"@type\":\"PropertyValueSpecification\",\"valueRequired\":true,\"valueName\":\"search_term_string\"}}],\"inLanguage\":\"es\"},{\"@type\":\"Organization\",\"@id\":\"https:\\\/\\\/www.icrea.cat\\\/#organization\",\"name\":\"ICREA\",\"url\":\"https:\\\/\\\/www.icrea.cat\\\/\",\"logo\":{\"@type\":\"ImageObject\",\"inLanguage\":\"es\",\"@id\":\"https:\\\/\\\/www.icrea.cat\\\/#\\\/schema\\\/logo\\\/image\\\/\",\"url\":\"https:\\\/\\\/www.icrea.cat\\\/wp-content\\\/uploads\\\/2025\\\/01\\\/cropped-logo-icrea-claim-white.png\",\"contentUrl\":\"https:\\\/\\\/www.icrea.cat\\\/wp-content\\\/uploads\\\/2025\\\/01\\\/cropped-logo-icrea-claim-white.png\",\"width\":1658,\"height\":709,\"caption\":\"ICREA\"},\"image\":{\"@id\":\"https:\\\/\\\/www.icrea.cat\\\/#\\\/schema\\\/logo\\\/image\\\/\"}}]}<\/script>\n<!-- \/ Yoast SEO plugin. -->","yoast_head_json":{"title":"Institucion de acogida - ICREA","robots":{"index":"index","follow":"follow","max-snippet":"max-snippet:-1","max-image-preview":"max-image-preview:large","max-video-preview":"max-video-preview:-1"},"canonical":"https:\/\/www.icrea.cat\/community\/hosts-institutions\/host-institution\/","og_locale":"es_ES","og_type":"article","og_title":"Institucion de acogida - ICREA","og_description":"Something went wrong Something went wrong \u00bfQuieres pertenecer a un equipo de investigaci\u00f3n l\u00edder a nivel mundial? Lorem ipsum dolor sit amet consectetur. At tincidunt fermentum suspendisse malesuada suspendisse. M\u00c1S INFORMACI\u00d3N","og_url":"https:\/\/www.icrea.cat\/community\/hosts-institutions\/host-institution\/","og_site_name":"ICREA","article_modified_time":"2024-10-25T15:07:47+00:00","twitter_card":"summary_large_image","schema":{"@context":"https:\/\/schema.org","@graph":[{"@type":"WebPage","@id":"https:\/\/www.icrea.cat\/community\/hosts-institutions\/host-institution\/","url":"https:\/\/www.icrea.cat\/community\/hosts-institutions\/host-institution\/","name":"Institucion de acogida - ICREA","isPartOf":{"@id":"https:\/\/www.icrea.cat\/#website"},"datePublished":"2024-01-29T15:40:45+00:00","dateModified":"2024-10-25T15:07:47+00:00","breadcrumb":{"@id":"https:\/\/www.icrea.cat\/community\/hosts-institutions\/host-institution\/#breadcrumb"},"inLanguage":"es","potentialAction":[{"@type":"ReadAction","target":["https:\/\/www.icrea.cat\/community\/hosts-institutions\/host-institution\/"]}]},{"@type":"BreadcrumbList","@id":"https:\/\/www.icrea.cat\/community\/hosts-institutions\/host-institution\/#breadcrumb","itemListElement":[{"@type":"ListItem","position":1,"name":"Home","item":"https:\/\/www.icrea.cat\/"},{"@type":"ListItem","position":2,"name":"Comunidad","item":"https:\/\/www.icrea.cat\/community\/"},{"@type":"ListItem","position":3,"name":"Instituciones de acogida","item":"https:\/\/www.icrea.cat\/community\/hosts-institutions\/"},{"@type":"ListItem","position":4,"name":"Institucion de acogida"}]},{"@type":"WebSite","@id":"https:\/\/www.icrea.cat\/#website","url":"https:\/\/www.icrea.cat\/","name":"ICREA","description":"","publisher":{"@id":"https:\/\/www.icrea.cat\/#organization"},"potentialAction":[{"@type":"SearchAction","target":{"@type":"EntryPoint","urlTemplate":"https:\/\/www.icrea.cat\/?s={search_term_string}"},"query-input":{"@type":"PropertyValueSpecification","valueRequired":true,"valueName":"search_term_string"}}],"inLanguage":"es"},{"@type":"Organization","@id":"https:\/\/www.icrea.cat\/#organization","name":"ICREA","url":"https:\/\/www.icrea.cat\/","logo":{"@type":"ImageObject","inLanguage":"es","@id":"https:\/\/www.icrea.cat\/#\/schema\/logo\/image\/","url":"https:\/\/www.icrea.cat\/wp-content\/uploads\/2025\/01\/cropped-logo-icrea-claim-white.png","contentUrl":"https:\/\/www.icrea.cat\/wp-content\/uploads\/2025\/01\/cropped-logo-icrea-claim-white.png","width":1658,"height":709,"caption":"ICREA"},"image":{"@id":"https:\/\/www.icrea.cat\/#\/schema\/logo\/image\/"}}]}},"_links":{"self":[{"href":"https:\/\/www.icrea.cat\/es\/wp-json\/wp\/v2\/pages\/7099","targetHints":{"allow":["GET"]}}],"collection":[{"href":"https:\/\/www.icrea.cat\/es\/wp-json\/wp\/v2\/pages"}],"about":[{"href":"https:\/\/www.icrea.cat\/es\/wp-json\/wp\/v2\/types\/page"}],"author":[{"embeddable":true,"href":"https:\/\/www.icrea.cat\/es\/wp-json\/wp\/v2\/users\/1"}],"replies":[{"embeddable":true,"href":"https:\/\/www.icrea.cat\/es\/wp-json\/wp\/v2\/comments?post=7099"}],"version-history":[{"count":3,"href":"https:\/\/www.icrea.cat\/es\/wp-json\/wp\/v2\/pages\/7099\/revisions"}],"predecessor-version":[{"id":7462,"href":"https:\/\/www.icrea.cat\/es\/wp-json\/wp\/v2\/pages\/7099\/revisions\/7462"}],"up":[{"embeddable":true,"href":"https:\/\/www.icrea.cat\/es\/wp-json\/wp\/v2\/pages\/7089"}],"wp:attachment":[{"href":"https:\/\/www.icrea.cat\/es\/wp-json\/wp\/v2\/media?parent=7099"}],"curies":[{"name":"wp","href":"https:\/\/api.w.org\/{rel}","templated":true}]}}