{"id":7053,"date":"2024-04-10T17:35:14","date_gmt":"2024-04-10T15:35:14","guid":{"rendered":"https:\/\/www.icrea.cat\/agenda\/"},"modified":"2024-11-27T16:14:44","modified_gmt":"2024-11-27T15:14:44","slug":"agenda","status":"publish","type":"page","link":"https:\/\/www.icrea.cat\/es\/agenda\/","title":{"rendered":"Agenda"},"content":{"rendered":"\t\t<div data-elementor-type=\"wp-page\" data-elementor-id=\"7053\" class=\"elementor elementor-7053 elementor-1982\">\n\t\t\t\t<div class=\"elementor-element elementor-element-73240e2 hero-banner-def e-flex e-con-boxed e-con e-parent\" data-id=\"73240e2\" data-element_type=\"container\" data-e-type=\"container\" data-settings=\"{&quot;background_background&quot;:&quot;slideshow&quot;,&quot;background_slideshow_gallery&quot;:[{&quot;id&quot;:19326,&quot;url&quot;:&quot;https:\\\/\\\/www.icrea.cat\\\/wp-content\\\/uploads\\\/2024\\\/11\\\/Breakfast-colloquia-scaled-1.png&quot;}],&quot;background_slideshow_loop&quot;:&quot;yes&quot;,&quot;background_slideshow_slide_duration&quot;:5000,&quot;background_slideshow_slide_transition&quot;:&quot;fade&quot;,&quot;background_slideshow_transition_duration&quot;:500}\">\n\t\t\t\t\t<div class=\"e-con-inner\">\n\t\t\t\t<div class=\"elementor-element elementor-element-580896d elementor-invisible elementor-widget elementor-widget-heading\" data-id=\"580896d\" data-element_type=\"widget\" data-e-type=\"widget\" data-settings=\"{&quot;_animation&quot;:&quot;fadeInDown&quot;}\" data-widget_type=\"heading.default\">\n\t\t\t\t<div class=\"elementor-widget-container\">\n\t\t\t\t\t<h1 class=\"elementor-heading-title elementor-size-default\"><mark>Actividades<\/mark> ICREA<\/h1>\t\t\t\t<\/div>\n\t\t\t\t<\/div>\n\t\t\t\t\t<\/div>\n\t\t\t\t<\/div>\n\t\t<div class=\"elementor-element elementor-element-a404b05 e-flex e-con-boxed e-con e-parent\" data-id=\"a404b05\" data-element_type=\"container\" data-e-type=\"container\">\n\t\t\t\t\t<div class=\"e-con-inner\">\n\t\t\t\t<div class=\"elementor-element elementor-element-9c87523 elementor-invisible elementor-widget elementor-widget-heading\" data-id=\"9c87523\" data-element_type=\"widget\" data-e-type=\"widget\" data-settings=\"{&quot;_animation&quot;:&quot;fadeInDown&quot;}\" data-widget_type=\"heading.default\">\n\t\t\t\t<div class=\"elementor-widget-container\">\n\t\t\t\t\t<h2 class=\"elementor-heading-title elementor-size-default\"><mark>Actividades<\/mark> futuras<\/h2>\t\t\t\t<\/div>\n\t\t\t\t<\/div>\n\t\t\t\t<div class=\"elementor-element elementor-element-4edd2e2 elementor-widget elementor-widget-icrea_sina_blogpost\" data-id=\"4edd2e2\" data-element_type=\"widget\" data-e-type=\"widget\" data-widget_type=\"icrea_sina_blogpost.default\">\n\t\t\t\t<div class=\"elementor-widget-container\">\n\t\t\t\t\t\t\t\t<div class=\"sina-blogpost sina-bp-4edd2e2\"\n\t\t\tdata-uid=\"4edd2e2\"\n\t\t\tdata-offset=\"3\"\n\t\t\tdata-posts-data='{\"posts_num\":3,\"offset\":3,\"total_posts\":1,\"layout\":\"list\",\"columns\":\"1\",\"layout_type\":\"default\",\"custom_columns\":null,\"categories\":[\"60\"],\"tags\":\"\",\"order_by\":\"meta_value\",\"sort\":\"ASC\",\"posts_text\":\"yes\",\"excerpt\":\"\",\"content_length\":50,\"posts_meta\":\"\",\"thumb_right\":\"\",\"is_thumb\":null,\"read_more_effect\":\"\",\"read_more_text\":\"View event\",\"read_more_icon\":\"\",\"read_more_icon_align\":null,\"effects\":\"\",\"cats_position\":null,\"cats_icon\":null,\"posts_avatar\":null,\"avatar_size\":null,\"read_btn_bg_layer_effects\":\"\",\"bg_layer_effects\":\"\"}'>\n\t\t\t\t<div class=\"sina-bp-grid\">\n\t\t\t\t\t<div class=\"sina-bp-grid-sizer\"><\/div>\n\t\t\t\t\t\n<form class=\"form-icrea-search\" action=\"\/es\/agenda\" method=\"get\"> \n    <div class=\"col-4\">\n        <label for=\"\">Texto<\/label>\n        <input type=\"text\" id=\"activities_text\" name=\"activities_text\" >\n    <\/div>\n    <div class=\"col-2\">\n        <label for=\"\">Fecha<\/label>\n        <input type=\"date\" min=\"2026-04-05\" id=\"activities_date\" name=\"activities_date\" >\n    <\/div>\n        <div class=\"col-2\">\n        <button type=\"submit\">Buscar <img decoding=\"async\" src=\"\/wp-content\/uploads\/2024\/04\/search-line.svg\"><\/button>\n    <\/div>\n<\/form>\t<div class=\"sina-bp-col sina-bp-item-1 sina-bp-list  \">\n\t\t<div class=\"activity-controller\">\n            <div class=\"col-text\">\n                <div class=\"date\">\n                    <span>14<\/span>\n                    <span>Abr<\/span>\n                    <span>2026<\/span>\n                <\/div>\n                <div class=\"content\">\n                    <span>Coloquios<\/span>\n                    <a href=\"https:\/\/www.icrea.cat\/es\/el-119o-coloquio-icrea-de-las-llamas-a-los-iones-la-reinvencion-electroquimica-de-la-energia\/\"><h2>El 119\u00ba Coloquio ICREA \u2018De las Llamas a los Iones: La Reinvenci\u00f3n Electroqu\u00edmica de la Energ\u00eda\u2019<\/h2><\/a>\n\n                                            <p>Auditorio FCRI, Passeig Llu\u00eds Companys 23, 08010 Barcelona <\/p>\n                    \n                    <a href=\"https:\/\/www.icrea.cat\/es\/el-119o-coloquio-icrea-de-las-llamas-a-los-iones-la-reinvencion-electroquimica-de-la-energia\/\" class=\"arrow-btn  \">\n                        \t\tView event\t\t                    <\/a>\n                <\/div>\n            <\/div>\n                            <figure style=\"background-image:url(https:\/\/www.icrea.cat\/wp-content\/uploads\/2026\/03\/Proyecto-Cambiar-tamano-de-imagen.png)\"><\/figure>\n                    <\/div>\n\t<\/div>\n\t\t\t\t\t\t\t\t\t<\/div>\n\n\t\t\t\t\n\t\t\t\t\t\t\t\t\t<div class=\"sina-bp-pagination\">\n\t\t\t\t\t\t\t\t\t\t\t<\/div>\n\t\t\t\t\t\t\t\t<input type=\"hidden\" id=\"sina_load_more_posts4edd2e2\" name=\"sina_load_more_posts4edd2e2\" value=\"e362a36eb0\" \/><input type=\"hidden\" name=\"_wp_http_referer\" value=\"\/es\/wp-json\/wp\/v2\/pages\/7053\" \/>\t\t\t<\/div><!-- .sina-blogpost -->\n\t\t\t\t\t\t\t<\/div>\n\t\t\t\t<\/div>\n\t\t\t\t\t<\/div>\n\t\t\t\t<\/div>\n\t\t<div class=\"elementor-element elementor-element-cc77bdd golden-section past-agenda e-flex e-con-boxed e-con e-parent\" data-id=\"cc77bdd\" data-element_type=\"container\" data-e-type=\"container\">\n\t\t\t\t\t<div class=\"e-con-inner\">\n\t\t\t\t<div class=\"elementor-element elementor-element-120c916 elementor-invisible elementor-widget elementor-widget-heading\" data-id=\"120c916\" data-element_type=\"widget\" data-e-type=\"widget\" data-settings=\"{&quot;_animation&quot;:&quot;fadeInDown&quot;}\" data-widget_type=\"heading.default\">\n\t\t\t\t<div class=\"elementor-widget-container\">\n\t\t\t\t\t<h2 class=\"elementor-heading-title elementor-size-default\"><mark>Actividades<\/mark> pasadas<\/h2>\t\t\t\t<\/div>\n\t\t\t\t<\/div>\n\t\t\t\t<div class=\"elementor-element elementor-element-70a71a2 elementor-widget elementor-widget-icrea_sina_blogpost\" data-id=\"70a71a2\" data-element_type=\"widget\" data-e-type=\"widget\" data-widget_type=\"icrea_sina_blogpost.default\">\n\t\t\t\t<div class=\"elementor-widget-container\">\n\t\t\t\t\t\t\t\t<div class=\"sina-blogpost sina-bp-70a71a2\"\n\t\t\tdata-uid=\"70a71a2\"\n\t\t\tdata-offset=\"2\"\n\t\t\tdata-posts-data='{\"posts_num\":2,\"offset\":2,\"total_posts\":63,\"layout\":\"list\",\"columns\":\"2\",\"layout_type\":\"default\",\"custom_columns\":null,\"categories\":[\"60\"],\"tags\":\"\",\"order_by\":\"meta_value\",\"sort\":\"DESC\",\"posts_text\":\"yes\",\"excerpt\":\"\",\"content_length\":50,\"posts_meta\":\"\",\"thumb_right\":\"\",\"is_thumb\":null,\"read_more_effect\":\"\",\"read_more_text\":\"View event\",\"read_more_icon\":\"\",\"read_more_icon_align\":null,\"effects\":\"\",\"cats_position\":null,\"cats_icon\":null,\"posts_avatar\":null,\"avatar_size\":null,\"read_btn_bg_layer_effects\":\"\",\"bg_layer_effects\":\"\"}'>\n\t\t\t\t<div class=\"sina-bp-grid\">\n\t\t\t\t\t<div class=\"sina-bp-grid-sizer\"><\/div>\n\t\t\t\t\t\t<div class=\"sina-bp-col sina-bp-item-2 sina-bp-list  \">\n\t\t<div class=\"activity-controller\">\n            <div class=\"col-text\">\n                <div class=\"date\">\n                    <span>24<\/span>\n                    <span>Mar<\/span>\n                    <span>2026<\/span>\n                <\/div>\n                <div class=\"content\">\n                    <span>Seminars<\/span>\n                    <a href=\"https:\/\/www.icrea.cat\/es\/el-profesor-de-investigacion-icrea-thomas-sturm-uab-participara-en-la-conferencia-de-derechos-de-los-ciudadanos-ecas-europa-2026-estado-de-la-union-para-hablar-sobre-la-quinta-libertad\/\"><h2>El Profesor de Investigaci\u00f3n ICREA Thomas Sturm (UAB) participar\u00e1 en la Conferencia de Derechos de los Ciudadanos ecas-Europa 2026 Estado de la Uni\u00f3n, para hablar sobre la \u201cQuinta Libertad\u201d, la libertad del conocimiento<\/h2><\/a>\n\n                                            <p>Hotel Brussels (en persona) & online<\/p>\n                    \n                    <a href=\"https:\/\/www.icrea.cat\/es\/el-profesor-de-investigacion-icrea-thomas-sturm-uab-participara-en-la-conferencia-de-derechos-de-los-ciudadanos-ecas-europa-2026-estado-de-la-union-para-hablar-sobre-la-quinta-libertad\/\" class=\"arrow-btn  \">\n                        \t\tView event\t\t                    <\/a>\n                <\/div>\n            <\/div>\n                            <figure style=\"background-image:url(https:\/\/www.icrea.cat\/wp-content\/uploads\/2025\/10\/640_LuxQuanta_3.webp)\"><\/figure>\n                    <\/div>\n\t<\/div>\n\t<div class=\"sina-bp-col sina-bp-item-2 sina-bp-list  \">\n\t\t<div class=\"activity-controller\">\n            <div class=\"col-text\">\n                <div class=\"date\">\n                    <span>20<\/span>\n                    <span>Ene<\/span>\n                    <span>2026<\/span>\n                <\/div>\n                <div class=\"content\">\n                    <span>Coloquios<\/span>\n                    <a href=\"https:\/\/www.icrea.cat\/es\/el-118o-coloquio-icrea-revelando-los-secretos-de-la-vida-a-traves-de-la-teoria-y-el-experimento-hacia-la-comprension-de-la-singularidad-humana-signos-neuronales-y-conductuales-de-las-estrategias-de-2\/\"><h2>El 118\u00ba Coloquio ICREA \u2018Revelando los Secretos de la Vida a trav\u00e9s de la Teor\u00eda y la Experimentaci\u00f3n\u2019<\/h2><\/a>\n\n                                            <p>Auditorio FCRI, Passeig Llu\u00eds Companys 23, 08010 Barcelona <\/p>\n                    \n                    <a href=\"https:\/\/www.icrea.cat\/es\/el-118o-coloquio-icrea-revelando-los-secretos-de-la-vida-a-traves-de-la-teoria-y-el-experimento-hacia-la-comprension-de-la-singularidad-humana-signos-neuronales-y-conductuales-de-las-estrategias-de-2\/\" class=\"arrow-btn  \">\n                        \t\tView event\t\t                    <\/a>\n                <\/div>\n            <\/div>\n                            <figure style=\"background-image:url(https:\/\/www.icrea.cat\/wp-content\/uploads\/2025\/11\/Imatge-col\u00b7loqui.png)\"><\/figure>\n                    <\/div>\n\t<\/div>\n\t\t\t\t\t\t\t\t\t<\/div>\n\n\t\t\t\t\n\t\t\t\t\t\t\t\t<input type=\"hidden\" id=\"sina_load_more_posts70a71a2\" name=\"sina_load_more_posts70a71a2\" value=\"e362a36eb0\" \/><input type=\"hidden\" name=\"_wp_http_referer\" value=\"\/es\/wp-json\/wp\/v2\/pages\/7053\" \/>\t\t\t<\/div><!-- .sina-blogpost -->\n\t\t\t\t\t\t\t<\/div>\n\t\t\t\t<\/div>\n\t\t\t\t<div class=\"elementor-element elementor-element-758b2ca elementor-align-center icrea-btn elementor-widget elementor-widget-button\" data-id=\"758b2ca\" data-element_type=\"widget\" data-e-type=\"widget\" data-widget_type=\"button.default\">\n\t\t\t\t<div class=\"elementor-widget-container\">\n\t\t\t\t\t\t\t\t\t<div class=\"elementor-button-wrapper\">\n\t\t\t\t\t<a class=\"elementor-button elementor-button-link elementor-size-sm\" href=\"https:\/\/www.icrea.cat\/es\/actividades-pasadas\/\">\n\t\t\t\t\t\t<span class=\"elementor-button-content-wrapper\">\n\t\t\t\t\t\t\t\t\t<span class=\"elementor-button-text\">Ver actividades pasadas<\/span>\n\t\t\t\t\t<\/span>\n\t\t\t\t\t<\/a>\n\t\t\t\t<\/div>\n\t\t\t\t\t\t\t\t<\/div>\n\t\t\t\t<\/div>\n\t\t\t\t\t<\/div>\n\t\t\t\t<\/div>\n\t\t\t\t<\/div>\n\t\t","protected":false},"excerpt":{"rendered":"<p>Actividades ICREA Actividades futuras Text Date Category All categories Colloquia Search 10 Dic 2024 Colloquia The 113th ICREA Colloquium &#8216;How to solve global health challenges with a little help from data&#8217; Auditorium FCRI, Passeig Llu\u00eds Companys 23, 08010 Barcelona View event 25 Feb 2025 Colloquia The 114th ICREA Colloquium \u2018The Role of Nanobots in the [&hellip;]<\/p>\n","protected":false},"author":1,"featured_media":0,"parent":0,"menu_order":0,"comment_status":"closed","ping_status":"closed","template":"","meta":{"_acf_changed":false,"footnotes":""},"class_list":["post-7053","page","type-page","status-publish","hentry"],"acf":[],"yoast_head":"<!-- This site is optimized with the Yoast SEO plugin v27.3 - https:\/\/yoast.com\/product\/yoast-seo-wordpress\/ -->\n<title>Agenda - ICREA<\/title>\n<meta name=\"robots\" content=\"index, follow, max-snippet:-1, max-image-preview:large, max-video-preview:-1\" \/>\n<link rel=\"canonical\" href=\"https:\/\/www.icrea.cat\/agenda\/\" \/>\n<meta property=\"og:locale\" content=\"es_ES\" \/>\n<meta property=\"og:type\" content=\"article\" \/>\n<meta property=\"og:title\" content=\"Agenda - ICREA\" \/>\n<meta property=\"og:description\" content=\"Actividades ICREA Actividades futuras Text Date Category All categories Colloquia Search 10 Dic 2024 Colloquia The 113th ICREA Colloquium &#8216;How to solve global health challenges with a little help from data&#8217; Auditorium FCRI, Passeig Llu\u00eds Companys 23, 08010 Barcelona View event 25 Feb 2025 Colloquia The 114th ICREA Colloquium \u2018The Role of Nanobots in the [&hellip;]\" \/>\n<meta property=\"og:url\" content=\"https:\/\/www.icrea.cat\/agenda\/\" \/>\n<meta property=\"og:site_name\" content=\"ICREA\" \/>\n<meta property=\"article:modified_time\" content=\"2024-11-27T15:14:44+00:00\" \/>\n<meta name=\"twitter:card\" content=\"summary_large_image\" \/>\n<meta name=\"twitter:label1\" content=\"Tiempo de lectura\" \/>\n\t<meta name=\"twitter:data1\" content=\"1 minuto\" \/>\n<script type=\"application\/ld+json\" class=\"yoast-schema-graph\">{\"@context\":\"https:\\\/\\\/schema.org\",\"@graph\":[{\"@type\":\"WebPage\",\"@id\":\"https:\\\/\\\/www.icrea.cat\\\/agenda\\\/\",\"url\":\"https:\\\/\\\/www.icrea.cat\\\/agenda\\\/\",\"name\":\"Agenda - ICREA\",\"isPartOf\":{\"@id\":\"https:\\\/\\\/www.icrea.cat\\\/#website\"},\"datePublished\":\"2024-04-10T15:35:14+00:00\",\"dateModified\":\"2024-11-27T15:14:44+00:00\",\"breadcrumb\":{\"@id\":\"https:\\\/\\\/www.icrea.cat\\\/agenda\\\/#breadcrumb\"},\"inLanguage\":\"es\",\"potentialAction\":[{\"@type\":\"ReadAction\",\"target\":[\"https:\\\/\\\/www.icrea.cat\\\/agenda\\\/\"]}]},{\"@type\":\"BreadcrumbList\",\"@id\":\"https:\\\/\\\/www.icrea.cat\\\/agenda\\\/#breadcrumb\",\"itemListElement\":[{\"@type\":\"ListItem\",\"position\":1,\"name\":\"Home\",\"item\":\"https:\\\/\\\/www.icrea.cat\\\/\"},{\"@type\":\"ListItem\",\"position\":2,\"name\":\"Agenda\"}]},{\"@type\":\"WebSite\",\"@id\":\"https:\\\/\\\/www.icrea.cat\\\/#website\",\"url\":\"https:\\\/\\\/www.icrea.cat\\\/\",\"name\":\"ICREA\",\"description\":\"\",\"publisher\":{\"@id\":\"https:\\\/\\\/www.icrea.cat\\\/#organization\"},\"potentialAction\":[{\"@type\":\"SearchAction\",\"target\":{\"@type\":\"EntryPoint\",\"urlTemplate\":\"https:\\\/\\\/www.icrea.cat\\\/?s={search_term_string}\"},\"query-input\":{\"@type\":\"PropertyValueSpecification\",\"valueRequired\":true,\"valueName\":\"search_term_string\"}}],\"inLanguage\":\"es\"},{\"@type\":\"Organization\",\"@id\":\"https:\\\/\\\/www.icrea.cat\\\/#organization\",\"name\":\"ICREA\",\"url\":\"https:\\\/\\\/www.icrea.cat\\\/\",\"logo\":{\"@type\":\"ImageObject\",\"inLanguage\":\"es\",\"@id\":\"https:\\\/\\\/www.icrea.cat\\\/#\\\/schema\\\/logo\\\/image\\\/\",\"url\":\"https:\\\/\\\/www.icrea.cat\\\/wp-content\\\/uploads\\\/2025\\\/01\\\/cropped-logo-icrea-claim-white.png\",\"contentUrl\":\"https:\\\/\\\/www.icrea.cat\\\/wp-content\\\/uploads\\\/2025\\\/01\\\/cropped-logo-icrea-claim-white.png\",\"width\":1658,\"height\":709,\"caption\":\"ICREA\"},\"image\":{\"@id\":\"https:\\\/\\\/www.icrea.cat\\\/#\\\/schema\\\/logo\\\/image\\\/\"}}]}<\/script>\n<!-- \/ Yoast SEO plugin. -->","yoast_head_json":{"title":"Agenda - ICREA","robots":{"index":"index","follow":"follow","max-snippet":"max-snippet:-1","max-image-preview":"max-image-preview:large","max-video-preview":"max-video-preview:-1"},"canonical":"https:\/\/www.icrea.cat\/agenda\/","og_locale":"es_ES","og_type":"article","og_title":"Agenda - ICREA","og_description":"Actividades ICREA Actividades futuras Text Date Category All categories Colloquia Search 10 Dic 2024 Colloquia The 113th ICREA Colloquium &#8216;How to solve global health challenges with a little help from data&#8217; Auditorium FCRI, Passeig Llu\u00eds Companys 23, 08010 Barcelona View event 25 Feb 2025 Colloquia The 114th ICREA Colloquium \u2018The Role of Nanobots in the [&hellip;]","og_url":"https:\/\/www.icrea.cat\/agenda\/","og_site_name":"ICREA","article_modified_time":"2024-11-27T15:14:44+00:00","twitter_card":"summary_large_image","twitter_misc":{"Tiempo de lectura":"1 minuto"},"schema":{"@context":"https:\/\/schema.org","@graph":[{"@type":"WebPage","@id":"https:\/\/www.icrea.cat\/agenda\/","url":"https:\/\/www.icrea.cat\/agenda\/","name":"Agenda - ICREA","isPartOf":{"@id":"https:\/\/www.icrea.cat\/#website"},"datePublished":"2024-04-10T15:35:14+00:00","dateModified":"2024-11-27T15:14:44+00:00","breadcrumb":{"@id":"https:\/\/www.icrea.cat\/agenda\/#breadcrumb"},"inLanguage":"es","potentialAction":[{"@type":"ReadAction","target":["https:\/\/www.icrea.cat\/agenda\/"]}]},{"@type":"BreadcrumbList","@id":"https:\/\/www.icrea.cat\/agenda\/#breadcrumb","itemListElement":[{"@type":"ListItem","position":1,"name":"Home","item":"https:\/\/www.icrea.cat\/"},{"@type":"ListItem","position":2,"name":"Agenda"}]},{"@type":"WebSite","@id":"https:\/\/www.icrea.cat\/#website","url":"https:\/\/www.icrea.cat\/","name":"ICREA","description":"","publisher":{"@id":"https:\/\/www.icrea.cat\/#organization"},"potentialAction":[{"@type":"SearchAction","target":{"@type":"EntryPoint","urlTemplate":"https:\/\/www.icrea.cat\/?s={search_term_string}"},"query-input":{"@type":"PropertyValueSpecification","valueRequired":true,"valueName":"search_term_string"}}],"inLanguage":"es"},{"@type":"Organization","@id":"https:\/\/www.icrea.cat\/#organization","name":"ICREA","url":"https:\/\/www.icrea.cat\/","logo":{"@type":"ImageObject","inLanguage":"es","@id":"https:\/\/www.icrea.cat\/#\/schema\/logo\/image\/","url":"https:\/\/www.icrea.cat\/wp-content\/uploads\/2025\/01\/cropped-logo-icrea-claim-white.png","contentUrl":"https:\/\/www.icrea.cat\/wp-content\/uploads\/2025\/01\/cropped-logo-icrea-claim-white.png","width":1658,"height":709,"caption":"ICREA"},"image":{"@id":"https:\/\/www.icrea.cat\/#\/schema\/logo\/image\/"}}]}},"_links":{"self":[{"href":"https:\/\/www.icrea.cat\/es\/wp-json\/wp\/v2\/pages\/7053","targetHints":{"allow":["GET"]}}],"collection":[{"href":"https:\/\/www.icrea.cat\/es\/wp-json\/wp\/v2\/pages"}],"about":[{"href":"https:\/\/www.icrea.cat\/es\/wp-json\/wp\/v2\/types\/page"}],"author":[{"embeddable":true,"href":"https:\/\/www.icrea.cat\/es\/wp-json\/wp\/v2\/users\/1"}],"replies":[{"embeddable":true,"href":"https:\/\/www.icrea.cat\/es\/wp-json\/wp\/v2\/comments?post=7053"}],"version-history":[{"count":19,"href":"https:\/\/www.icrea.cat\/es\/wp-json\/wp\/v2\/pages\/7053\/revisions"}],"predecessor-version":[{"id":20009,"href":"https:\/\/www.icrea.cat\/es\/wp-json\/wp\/v2\/pages\/7053\/revisions\/20009"}],"wp:attachment":[{"href":"https:\/\/www.icrea.cat\/es\/wp-json\/wp\/v2\/media?parent=7053"}],"curies":[{"name":"wp","href":"https:\/\/api.w.org\/{rel}","templated":true}]}}