{"id":18908,"date":"2024-11-06T09:39:23","date_gmt":"2024-11-06T08:39:23","guid":{"rendered":"https:\/\/www.icrea.cat\/canal-de-alertas-internas\/"},"modified":"2024-11-07T11:56:26","modified_gmt":"2024-11-07T10:56:26","slug":"canal-de-alertas-internas","status":"publish","type":"page","link":"https:\/\/www.icrea.cat\/es\/canal-de-alertas-internas\/","title":{"rendered":"Canal de alertas internas"},"content":{"rendered":"\t\t<div data-elementor-type=\"wp-page\" data-elementor-id=\"18908\" class=\"elementor elementor-18908 elementor-18893\">\n\t\t\t\t<div class=\"elementor-element elementor-element-514cce6 hero-banner-def e-flex e-con-boxed e-con e-parent\" data-id=\"514cce6\" data-element_type=\"container\" data-e-type=\"container\" data-settings=\"{&quot;background_background&quot;:&quot;slideshow&quot;,&quot;background_slideshow_gallery&quot;:[{&quot;id&quot;:18894,&quot;url&quot;:&quot;https:\\\/\\\/www.icrea.cat\\\/wp-content\\\/uploads\\\/2024\\\/11\\\/Background.png&quot;}],&quot;background_slideshow_loop&quot;:&quot;yes&quot;,&quot;background_slideshow_slide_duration&quot;:5000,&quot;background_slideshow_slide_transition&quot;:&quot;fade&quot;,&quot;background_slideshow_transition_duration&quot;:500}\">\n\t\t\t\t\t<div class=\"e-con-inner\">\n\t\t\t\t<div class=\"elementor-element elementor-element-042f12d elementor-invisible elementor-widget elementor-widget-heading\" data-id=\"042f12d\" data-element_type=\"widget\" data-e-type=\"widget\" data-settings=\"{&quot;_animation&quot;:&quot;fadeInDown&quot;}\" data-widget_type=\"heading.default\">\n\t\t\t\t<div class=\"elementor-widget-container\">\n\t\t\t\t\t<h1 class=\"elementor-heading-title elementor-size-default\">Canal de <mark>alertas<\/mark> internas <\/h1>\t\t\t\t<\/div>\n\t\t\t\t<\/div>\n\t\t\t\t\t<\/div>\n\t\t\t\t<\/div>\n\t\t<div class=\"elementor-element elementor-element-c897b5d e-flex e-con-boxed e-con e-parent\" data-id=\"c897b5d\" data-element_type=\"container\" data-e-type=\"container\">\n\t\t\t\t\t<div class=\"e-con-inner\">\n\t\t<div class=\"elementor-element elementor-element-aa035bb e-con-full e-flex e-con e-child\" data-id=\"aa035bb\" data-element_type=\"container\" data-e-type=\"container\">\n\t\t\t\t<div class=\"elementor-element elementor-element-ae98c51 elementor-widget elementor-widget-text-editor\" data-id=\"ae98c51\" data-element_type=\"widget\" data-e-type=\"widget\" data-widget_type=\"text-editor.default\">\n\t\t\t\t<div class=\"elementor-widget-container\">\n\t\t\t\t\t\t\t\t\t<p>ICREA dispone de una plataforma on-line para informar sobre infracciones normativas y de lucha contra la corrupci\u00f3n conforme a la pol\u00edtica que ponemos a su disposici\u00f3n en la misma plataforma. De esta manera damos cumplimiento a la Ley 2\/2023 de 20 de febrero, reguladora de la protecci\u00f3n de las personas que informan sobre infracciones normativas y de lucha contra la corrupci\u00f3n.<br \/>Esta plataforma garantiza la m\u00e1s absoluta seguridad y confidencialidad en el tratamiento de la informaci\u00f3n que se comparte. <\/p>\n\t\t\t\t\t\t\t\t<\/div>\n\t\t\t\t<\/div>\n\t\t\t\t<div class=\"elementor-element elementor-element-0c104c4 elementor-widget elementor-widget-text-editor\" data-id=\"0c104c4\" data-element_type=\"widget\" data-e-type=\"widget\" data-widget_type=\"text-editor.default\">\n\t\t\t\t<div class=\"elementor-widget-container\">\n\t\t\t\t\t\t\t\t\t<p>Cuando acceda al canal saldr\u00e1 de esta web y se dirigir\u00e1 a una plataforma externa. Esta plataforma no forma parte de la p\u00e1gina web, de la intranet ni de ning\u00fan otro sistema de ICREA. <\/p>\n\t\t\t\t\t\t\t\t<\/div>\n\t\t\t\t<\/div>\n\t\t\t\t<div class=\"elementor-element elementor-element-d813ac3 icrea-btn elementor-widget elementor-widget-button\" data-id=\"d813ac3\" data-element_type=\"widget\" data-e-type=\"widget\" data-widget_type=\"button.default\">\n\t\t\t\t<div class=\"elementor-widget-container\">\n\t\t\t\t\t\t\t\t\t<div class=\"elementor-button-wrapper\">\n\t\t\t\t\t<a class=\"elementor-button elementor-button-link elementor-size-sm\" href=\"https:\/\/centinela.lefebvre.es\/public\/concept\/1913252?access=XdC24V0MfaaoH8ktD21eke5rNaZPelX2zeh%2FoCdIipU%3D\">\n\t\t\t\t\t\t<span class=\"elementor-button-content-wrapper\">\n\t\t\t\t\t\t\t\t\t<span class=\"elementor-button-text\">Acceso canal de alertas<\/span>\n\t\t\t\t\t<\/span>\n\t\t\t\t\t<\/a>\n\t\t\t\t<\/div>\n\t\t\t\t\t\t\t\t<\/div>\n\t\t\t\t<\/div>\n\t\t\t\t<\/div>\n\t\t<div class=\"elementor-element elementor-element-bea87e0 e-con-full e-flex e-con e-child\" data-id=\"bea87e0\" data-element_type=\"container\" data-e-type=\"container\">\n\t\t\t\t<\/div>\n\t\t\t\t\t<\/div>\n\t\t\t\t<\/div>\n\t\t\t\t<\/div>\n\t\t","protected":false},"excerpt":{"rendered":"<p>Canal de alertas internas ICREA dispone de una plataforma on-line para informar sobre infracciones normativas y de lucha contra la corrupci\u00f3n conforme a la pol\u00edtica que ponemos a su disposici\u00f3n en la misma plataforma. De esta manera damos cumplimiento a la Ley 2\/2023 de 20 de febrero, reguladora de la protecci\u00f3n de las personas que [&hellip;]<\/p>\n","protected":false},"author":1,"featured_media":0,"parent":0,"menu_order":0,"comment_status":"closed","ping_status":"closed","template":"","meta":{"_acf_changed":false,"footnotes":""},"class_list":["post-18908","page","type-page","status-publish","hentry"],"acf":[],"yoast_head":"<!-- This site is optimized with the Yoast SEO plugin v27.3 - https:\/\/yoast.com\/product\/yoast-seo-wordpress\/ -->\n<title>Canal de alertas internas - ICREA<\/title>\n<meta name=\"robots\" content=\"index, follow, max-snippet:-1, max-image-preview:large, max-video-preview:-1\" \/>\n<link rel=\"canonical\" href=\"https:\/\/www.icrea.cat\/internal-alert-channel\/\" \/>\n<meta property=\"og:locale\" content=\"es_ES\" \/>\n<meta property=\"og:type\" content=\"article\" \/>\n<meta property=\"og:title\" content=\"Canal de alertas internas - ICREA\" \/>\n<meta property=\"og:description\" content=\"Canal de alertas internas ICREA dispone de una plataforma on-line para informar sobre infracciones normativas y de lucha contra la corrupci\u00f3n conforme a la pol\u00edtica que ponemos a su disposici\u00f3n en la misma plataforma. De esta manera damos cumplimiento a la Ley 2\/2023 de 20 de febrero, reguladora de la protecci\u00f3n de las personas que [&hellip;]\" \/>\n<meta property=\"og:url\" content=\"https:\/\/www.icrea.cat\/internal-alert-channel\/\" \/>\n<meta property=\"og:site_name\" content=\"ICREA\" \/>\n<meta property=\"article:modified_time\" content=\"2024-11-07T10:56:26+00:00\" \/>\n<meta name=\"twitter:card\" content=\"summary_large_image\" \/>\n<meta name=\"twitter:label1\" content=\"Tiempo de lectura\" \/>\n\t<meta name=\"twitter:data1\" content=\"1 minuto\" \/>\n<script type=\"application\/ld+json\" class=\"yoast-schema-graph\">{\"@context\":\"https:\\\/\\\/schema.org\",\"@graph\":[{\"@type\":\"WebPage\",\"@id\":\"https:\\\/\\\/www.icrea.cat\\\/internal-alert-channel\\\/\",\"url\":\"https:\\\/\\\/www.icrea.cat\\\/internal-alert-channel\\\/\",\"name\":\"Canal de alertas internas - ICREA\",\"isPartOf\":{\"@id\":\"https:\\\/\\\/www.icrea.cat\\\/#website\"},\"datePublished\":\"2024-11-06T08:39:23+00:00\",\"dateModified\":\"2024-11-07T10:56:26+00:00\",\"breadcrumb\":{\"@id\":\"https:\\\/\\\/www.icrea.cat\\\/internal-alert-channel\\\/#breadcrumb\"},\"inLanguage\":\"es\",\"potentialAction\":[{\"@type\":\"ReadAction\",\"target\":[\"https:\\\/\\\/www.icrea.cat\\\/internal-alert-channel\\\/\"]}]},{\"@type\":\"BreadcrumbList\",\"@id\":\"https:\\\/\\\/www.icrea.cat\\\/internal-alert-channel\\\/#breadcrumb\",\"itemListElement\":[{\"@type\":\"ListItem\",\"position\":1,\"name\":\"Home\",\"item\":\"https:\\\/\\\/www.icrea.cat\\\/\"},{\"@type\":\"ListItem\",\"position\":2,\"name\":\"Canal de alertas internas\"}]},{\"@type\":\"WebSite\",\"@id\":\"https:\\\/\\\/www.icrea.cat\\\/#website\",\"url\":\"https:\\\/\\\/www.icrea.cat\\\/\",\"name\":\"ICREA\",\"description\":\"\",\"publisher\":{\"@id\":\"https:\\\/\\\/www.icrea.cat\\\/#organization\"},\"potentialAction\":[{\"@type\":\"SearchAction\",\"target\":{\"@type\":\"EntryPoint\",\"urlTemplate\":\"https:\\\/\\\/www.icrea.cat\\\/?s={search_term_string}\"},\"query-input\":{\"@type\":\"PropertyValueSpecification\",\"valueRequired\":true,\"valueName\":\"search_term_string\"}}],\"inLanguage\":\"es\"},{\"@type\":\"Organization\",\"@id\":\"https:\\\/\\\/www.icrea.cat\\\/#organization\",\"name\":\"ICREA\",\"url\":\"https:\\\/\\\/www.icrea.cat\\\/\",\"logo\":{\"@type\":\"ImageObject\",\"inLanguage\":\"es\",\"@id\":\"https:\\\/\\\/www.icrea.cat\\\/#\\\/schema\\\/logo\\\/image\\\/\",\"url\":\"https:\\\/\\\/www.icrea.cat\\\/wp-content\\\/uploads\\\/2025\\\/01\\\/cropped-logo-icrea-claim-white.png\",\"contentUrl\":\"https:\\\/\\\/www.icrea.cat\\\/wp-content\\\/uploads\\\/2025\\\/01\\\/cropped-logo-icrea-claim-white.png\",\"width\":1658,\"height\":709,\"caption\":\"ICREA\"},\"image\":{\"@id\":\"https:\\\/\\\/www.icrea.cat\\\/#\\\/schema\\\/logo\\\/image\\\/\"}}]}<\/script>\n<!-- \/ Yoast SEO plugin. -->","yoast_head_json":{"title":"Canal de alertas internas - ICREA","robots":{"index":"index","follow":"follow","max-snippet":"max-snippet:-1","max-image-preview":"max-image-preview:large","max-video-preview":"max-video-preview:-1"},"canonical":"https:\/\/www.icrea.cat\/internal-alert-channel\/","og_locale":"es_ES","og_type":"article","og_title":"Canal de alertas internas - ICREA","og_description":"Canal de alertas internas ICREA dispone de una plataforma on-line para informar sobre infracciones normativas y de lucha contra la corrupci\u00f3n conforme a la pol\u00edtica que ponemos a su disposici\u00f3n en la misma plataforma. De esta manera damos cumplimiento a la Ley 2\/2023 de 20 de febrero, reguladora de la protecci\u00f3n de las personas que [&hellip;]","og_url":"https:\/\/www.icrea.cat\/internal-alert-channel\/","og_site_name":"ICREA","article_modified_time":"2024-11-07T10:56:26+00:00","twitter_card":"summary_large_image","twitter_misc":{"Tiempo de lectura":"1 minuto"},"schema":{"@context":"https:\/\/schema.org","@graph":[{"@type":"WebPage","@id":"https:\/\/www.icrea.cat\/internal-alert-channel\/","url":"https:\/\/www.icrea.cat\/internal-alert-channel\/","name":"Canal de alertas internas - ICREA","isPartOf":{"@id":"https:\/\/www.icrea.cat\/#website"},"datePublished":"2024-11-06T08:39:23+00:00","dateModified":"2024-11-07T10:56:26+00:00","breadcrumb":{"@id":"https:\/\/www.icrea.cat\/internal-alert-channel\/#breadcrumb"},"inLanguage":"es","potentialAction":[{"@type":"ReadAction","target":["https:\/\/www.icrea.cat\/internal-alert-channel\/"]}]},{"@type":"BreadcrumbList","@id":"https:\/\/www.icrea.cat\/internal-alert-channel\/#breadcrumb","itemListElement":[{"@type":"ListItem","position":1,"name":"Home","item":"https:\/\/www.icrea.cat\/"},{"@type":"ListItem","position":2,"name":"Canal de alertas internas"}]},{"@type":"WebSite","@id":"https:\/\/www.icrea.cat\/#website","url":"https:\/\/www.icrea.cat\/","name":"ICREA","description":"","publisher":{"@id":"https:\/\/www.icrea.cat\/#organization"},"potentialAction":[{"@type":"SearchAction","target":{"@type":"EntryPoint","urlTemplate":"https:\/\/www.icrea.cat\/?s={search_term_string}"},"query-input":{"@type":"PropertyValueSpecification","valueRequired":true,"valueName":"search_term_string"}}],"inLanguage":"es"},{"@type":"Organization","@id":"https:\/\/www.icrea.cat\/#organization","name":"ICREA","url":"https:\/\/www.icrea.cat\/","logo":{"@type":"ImageObject","inLanguage":"es","@id":"https:\/\/www.icrea.cat\/#\/schema\/logo\/image\/","url":"https:\/\/www.icrea.cat\/wp-content\/uploads\/2025\/01\/cropped-logo-icrea-claim-white.png","contentUrl":"https:\/\/www.icrea.cat\/wp-content\/uploads\/2025\/01\/cropped-logo-icrea-claim-white.png","width":1658,"height":709,"caption":"ICREA"},"image":{"@id":"https:\/\/www.icrea.cat\/#\/schema\/logo\/image\/"}}]}},"_links":{"self":[{"href":"https:\/\/www.icrea.cat\/es\/wp-json\/wp\/v2\/pages\/18908","targetHints":{"allow":["GET"]}}],"collection":[{"href":"https:\/\/www.icrea.cat\/es\/wp-json\/wp\/v2\/pages"}],"about":[{"href":"https:\/\/www.icrea.cat\/es\/wp-json\/wp\/v2\/types\/page"}],"author":[{"embeddable":true,"href":"https:\/\/www.icrea.cat\/es\/wp-json\/wp\/v2\/users\/1"}],"replies":[{"embeddable":true,"href":"https:\/\/www.icrea.cat\/es\/wp-json\/wp\/v2\/comments?post=18908"}],"version-history":[{"count":4,"href":"https:\/\/www.icrea.cat\/es\/wp-json\/wp\/v2\/pages\/18908\/revisions"}],"predecessor-version":[{"id":18960,"href":"https:\/\/www.icrea.cat\/es\/wp-json\/wp\/v2\/pages\/18908\/revisions\/18960"}],"wp:attachment":[{"href":"https:\/\/www.icrea.cat\/es\/wp-json\/wp\/v2\/media?parent=18908"}],"curies":[{"name":"wp","href":"https:\/\/api.w.org\/{rel}","templated":true}]}}