{"id":18868,"date":"2024-10-18T10:10:04","date_gmt":"2024-10-18T08:10:04","guid":{"rendered":"https:\/\/www.icrea.cat\/actividades-pasadas\/"},"modified":"2024-10-30T16:10:35","modified_gmt":"2024-10-30T15:10:35","slug":"actividades-pasadas","status":"publish","type":"page","link":"https:\/\/www.icrea.cat\/es\/actividades-pasadas\/","title":{"rendered":"Actividades pasadas"},"content":{"rendered":"\t\t<div data-elementor-type=\"wp-page\" data-elementor-id=\"18868\" class=\"elementor elementor-18868 elementor-6884\">\n\t\t\t\t<div class=\"elementor-element elementor-element-764a955 hero-banner-def e-flex e-con-boxed e-con e-parent\" data-id=\"764a955\" data-element_type=\"container\" data-e-type=\"container\" data-settings=\"{&quot;background_background&quot;:&quot;slideshow&quot;,&quot;background_slideshow_gallery&quot;:[{&quot;id&quot;:1958,&quot;url&quot;:&quot;https:\\\/\\\/www.icrea.cat\\\/wp-content\\\/uploads\\\/2024\\\/04\\\/hero-news.jpg&quot;}],&quot;background_slideshow_loop&quot;:&quot;yes&quot;,&quot;background_slideshow_slide_duration&quot;:5000,&quot;background_slideshow_slide_transition&quot;:&quot;fade&quot;,&quot;background_slideshow_transition_duration&quot;:500}\">\n\t\t\t\t\t<div class=\"e-con-inner\">\n\t\t\t\t<div class=\"elementor-element elementor-element-c7833ad elementor-invisible elementor-widget elementor-widget-heading\" data-id=\"c7833ad\" data-element_type=\"widget\" data-e-type=\"widget\" data-settings=\"{&quot;_animation&quot;:&quot;fadeInDown&quot;}\" data-widget_type=\"heading.default\">\n\t\t\t\t<div class=\"elementor-widget-container\">\n\t\t\t\t\t<h1 class=\"elementor-heading-title elementor-size-default\">ICREA <mark>actividades<\/mark> pasadas<\/h1>\t\t\t\t<\/div>\n\t\t\t\t<\/div>\n\t\t\t\t\t<\/div>\n\t\t\t\t<\/div>\n\t\t<div class=\"elementor-element elementor-element-a4904c1 e-flex e-con-boxed e-con e-parent\" data-id=\"a4904c1\" data-element_type=\"container\" data-e-type=\"container\">\n\t\t\t\t\t<div class=\"e-con-inner\">\n\t\t\t\t<div class=\"elementor-element elementor-element-e4293fd elementor-invisible elementor-widget elementor-widget-heading\" data-id=\"e4293fd\" data-element_type=\"widget\" data-e-type=\"widget\" data-settings=\"{&quot;_animation&quot;:&quot;fadeInDown&quot;}\" data-widget_type=\"heading.default\">\n\t\t\t\t<div class=\"elementor-widget-container\">\n\t\t\t\t\t<h2 class=\"elementor-heading-title elementor-size-default\"><mark>Actividades<\/mark> pasadas<\/h2>\t\t\t\t<\/div>\n\t\t\t\t<\/div>\n\t\t\t\t<div class=\"elementor-element elementor-element-5ec6e12 elementor-widget elementor-widget-icrea_sina_blogpost\" data-id=\"5ec6e12\" data-element_type=\"widget\" data-e-type=\"widget\" data-widget_type=\"icrea_sina_blogpost.default\">\n\t\t\t\t<div class=\"elementor-widget-container\">\n\t\t\t\t\t\t\t\t<div class=\"sina-blogpost sina-bp-5ec6e12\"\n\t\t\tdata-uid=\"5ec6e12\"\n\t\t\tdata-offset=\"3\"\n\t\t\tdata-posts-data='{\"posts_num\":3,\"offset\":3,\"total_posts\":65,\"layout\":\"list\",\"columns\":\"1\",\"layout_type\":\"default\",\"custom_columns\":null,\"categories\":[\"60\"],\"tags\":\"\",\"order_by\":\"meta_value\",\"sort\":\"DESC\",\"posts_text\":\"yes\",\"excerpt\":\"\",\"content_length\":50,\"posts_meta\":\"\",\"thumb_right\":\"\",\"is_thumb\":null,\"read_more_effect\":\"\",\"read_more_text\":\"View event\",\"read_more_icon\":\"\",\"read_more_icon_align\":null,\"effects\":\"\",\"cats_position\":null,\"cats_icon\":null,\"posts_avatar\":null,\"avatar_size\":null,\"read_btn_bg_layer_effects\":\"\",\"bg_layer_effects\":\"\"}'>\n\t\t\t\t<div class=\"sina-bp-grid\">\n\t\t\t\t\t<div class=\"sina-bp-grid-sizer\"><\/div>\n\t\t\t\t\t\n<form class=\"form-icrea-search\" action=\"\/es\/agenda\" method=\"get\"> \n    <div class=\"col-4\">\n        <label for=\"\">Texto<\/label>\n        <input type=\"text\" id=\"activities_text\" name=\"activities_text\" >\n    <\/div>\n    <div class=\"col-2\">\n        <label for=\"\">Fecha<\/label>\n        <input type=\"date\" min=\"2026-04-30\" id=\"activities_date\" name=\"activities_date\" >\n    <\/div>\n        <div class=\"col-2\">\n        <button type=\"submit\">Buscar <img decoding=\"async\" src=\"\/wp-content\/uploads\/2024\/04\/search-line.svg\"><\/button>\n    <\/div>\n<\/form>\t<div class=\"sina-bp-col sina-bp-item-1 sina-bp-list  \">\n\t\t<div class=\"activity-controller\">\n            <div class=\"col-text\">\n                <div class=\"date\">\n                    <span>28<\/span>\n                    <span>Abr<\/span>\n                    <span>2026<\/span>\n                <\/div>\n                <div class=\"content\">\n                    <span><\/span>\n                    <a href=\"https:\/\/www.icrea.cat\/es\/acto-de-investidura-de-helga-nowotny-y-de-maria-leptin-como-doctoras-honoris-causa-por-la-upf\/\"><h2>Acto de investidura de Helga Nowotny y de Maria Leptin como doctoras honoris causa por la UPF<\/h2><\/a>\n\n                                            <p>Auditorio, Campus de la Ciutadella de la UPF (Ramon Trias Fargas, 25-27, Barcelona)<\/p>\n                    \n                    <a href=\"https:\/\/www.icrea.cat\/es\/acto-de-investidura-de-helga-nowotny-y-de-maria-leptin-como-doctoras-honoris-causa-por-la-upf\/\" class=\"arrow-btn  \">\n                        \t\tView event\t\t                    <\/a>\n                <\/div>\n            <\/div>\n                            <figure style=\"background-image:url(https:\/\/www.icrea.cat\/wp-content\/uploads\/2026\/04\/unnamed-e1776872104509.png)\"><\/figure>\n                    <\/div>\n\t<\/div>\n\t<div class=\"sina-bp-col sina-bp-item-1 sina-bp-list  \">\n\t\t<div class=\"activity-controller\">\n            <div class=\"col-text\">\n                <div class=\"date\">\n                    <span>14<\/span>\n                    <span>Abr<\/span>\n                    <span>2026<\/span>\n                <\/div>\n                <div class=\"content\">\n                    <span>Coloquios, Coloquios<\/span>\n                    <a href=\"https:\/\/www.icrea.cat\/es\/el-119o-coloquio-icrea-de-las-llamas-a-los-iones-la-reinvencion-electroquimica-de-la-energia\/\"><h2>El 119\u00ba Coloquio ICREA \u2018De las Llamas a los Iones: La Reinvenci\u00f3n Electroqu\u00edmica de la Energ\u00eda\u2019<\/h2><\/a>\n\n                                            <p>Auditorio FCRI, Passeig Llu\u00eds Companys 23, 08010 Barcelona <\/p>\n                    \n                    <a href=\"https:\/\/www.icrea.cat\/es\/el-119o-coloquio-icrea-de-las-llamas-a-los-iones-la-reinvencion-electroquimica-de-la-energia\/\" class=\"arrow-btn  \">\n                        \t\tView event\t\t                    <\/a>\n                <\/div>\n            <\/div>\n                            <figure style=\"background-image:url(https:\/\/www.icrea.cat\/wp-content\/uploads\/2026\/03\/Proyecto-Cambiar-tamano-de-imagen.png)\"><\/figure>\n                    <\/div>\n\t<\/div>\n\t<div class=\"sina-bp-col sina-bp-item-1 sina-bp-list  \">\n\t\t<div class=\"activity-controller\">\n            <div class=\"col-text\">\n                <div class=\"date\">\n                    <span>24<\/span>\n                    <span>Mar<\/span>\n                    <span>2026<\/span>\n                <\/div>\n                <div class=\"content\">\n                    <span>Seminars<\/span>\n                    <a href=\"https:\/\/www.icrea.cat\/es\/el-profesor-de-investigacion-icrea-thomas-sturm-uab-participara-en-la-conferencia-de-derechos-de-los-ciudadanos-ecas-europa-2026-estado-de-la-union-para-hablar-sobre-la-quinta-libertad\/\"><h2>El Profesor de Investigaci\u00f3n ICREA Thomas Sturm (UAB) participar\u00e1 en la Conferencia de Derechos de los Ciudadanos ecas-Europa 2026 Estado de la Uni\u00f3n, para hablar sobre la \u201cQuinta Libertad\u201d, la libertad del conocimiento<\/h2><\/a>\n\n                                            <p>Hotel Brussels (en persona) & online<\/p>\n                    \n                    <a href=\"https:\/\/www.icrea.cat\/es\/el-profesor-de-investigacion-icrea-thomas-sturm-uab-participara-en-la-conferencia-de-derechos-de-los-ciudadanos-ecas-europa-2026-estado-de-la-union-para-hablar-sobre-la-quinta-libertad\/\" class=\"arrow-btn  \">\n                        \t\tView event\t\t                    <\/a>\n                <\/div>\n            <\/div>\n                            <figure style=\"background-image:url(https:\/\/www.icrea.cat\/wp-content\/uploads\/2025\/10\/640_LuxQuanta_3.webp)\"><\/figure>\n                    <\/div>\n\t<\/div>\n\t\t\t\t\t\t\t\t\t<\/div>\n\n\t\t\t\t\n\t\t\t\t\t\t\t\t\t<div class=\"sina-bp-pagination\">\n\t\t\t\t\t\t<a aria-current=\"page\" class=\"page-numbers current\">1<\/a>\n<a class=\"page-numbers\" href=\"https:\/\/www.icrea.cat\/es\/wp-json\/wp\/v2\/pages\/18868\/page\/2\/\">2<\/a>\n<a class=\"page-numbers\" href=\"https:\/\/www.icrea.cat\/es\/wp-json\/wp\/v2\/pages\/18868\/page\/3\/\">3<\/a>\n<a class=\"page-numbers dots\">&hellip;<\/a>\n<a class=\"page-numbers\" href=\"https:\/\/www.icrea.cat\/es\/wp-json\/wp\/v2\/pages\/18868\/page\/22\/\">22<\/a>\t\t\t\t\t<\/div>\n\t\t\t\t\t\t\t\t<input type=\"hidden\" id=\"sina_load_more_posts5ec6e12\" name=\"sina_load_more_posts5ec6e12\" value=\"ad5c10db92\" \/><input type=\"hidden\" name=\"_wp_http_referer\" value=\"\/es\/wp-json\/wp\/v2\/pages\/18868\" \/>\t\t\t<\/div><!-- .sina-blogpost -->\n\t\t\t\t\t\t\t<\/div>\n\t\t\t\t<\/div>\n\t\t\t\t\t<\/div>\n\t\t\t\t<\/div>\n\t\t<div class=\"elementor-element elementor-element-7b67504 golden-section past-agenda e-flex e-con-boxed e-con e-parent\" data-id=\"7b67504\" data-element_type=\"container\" data-e-type=\"container\">\n\t\t\t\t\t<div class=\"e-con-inner\">\n\t\t\t\t<div class=\"elementor-element elementor-element-6cbb1c2 elementor-invisible elementor-widget elementor-widget-heading\" data-id=\"6cbb1c2\" data-element_type=\"widget\" data-e-type=\"widget\" data-settings=\"{&quot;_animation&quot;:&quot;fadeInDown&quot;}\" data-widget_type=\"heading.default\">\n\t\t\t\t<div class=\"elementor-widget-container\">\n\t\t\t\t\t<h2 class=\"elementor-heading-title elementor-size-default\"><mark>Actividades<\/mark> futuras<\/h2>\t\t\t\t<\/div>\n\t\t\t\t<\/div>\n\t\t\t\t<div class=\"elementor-element elementor-element-c50cafa elementor-widget elementor-widget-icrea_sina_blogpost\" data-id=\"c50cafa\" data-element_type=\"widget\" data-e-type=\"widget\" data-widget_type=\"icrea_sina_blogpost.default\">\n\t\t\t\t<div class=\"elementor-widget-container\">\n\t\t\t\t\t\t\t\t<div class=\"sina-blogpost sina-bp-c50cafa\"\n\t\t\tdata-uid=\"c50cafa\"\n\t\t\tdata-offset=\"2\"\n\t\t\tdata-posts-data='{\"posts_num\":2,\"offset\":2,\"total_posts\":1,\"layout\":\"list\",\"columns\":\"2\",\"layout_type\":\"default\",\"custom_columns\":null,\"categories\":[\"60\"],\"tags\":\"\",\"order_by\":\"meta_value\",\"sort\":\"ASC\",\"posts_text\":\"yes\",\"excerpt\":\"\",\"content_length\":50,\"posts_meta\":\"\",\"thumb_right\":\"\",\"is_thumb\":null,\"read_more_effect\":\"\",\"read_more_text\":\"View event\",\"read_more_icon\":\"\",\"read_more_icon_align\":null,\"effects\":\"\",\"cats_position\":null,\"cats_icon\":null,\"posts_avatar\":null,\"avatar_size\":null,\"read_btn_bg_layer_effects\":\"\",\"bg_layer_effects\":\"\"}'>\n\t\t\t\t<div class=\"sina-bp-grid\">\n\t\t\t\t\t<div class=\"sina-bp-grid-sizer\"><\/div>\n\t\t\t\t\t\t<div class=\"sina-bp-col sina-bp-item-2 sina-bp-list  \">\n\t\t<div class=\"activity-controller\">\n            <div class=\"col-text\">\n                <div class=\"date\">\n                    <span>05<\/span>\n                    <span>May<\/span>\n                    <span>2026<\/span>\n                <\/div>\n                <div class=\"content\">\n                    <span><\/span>\n                    <a href=\"https:\/\/www.icrea.cat\/es\/conferencia-rompiendo-barreras-en-la-salud-global-the-lancet-con-fernando-simon\/\"><h2>Conferencia &#8216;Rompiendo Barreras en Medicina Global: The Lancet&#8217; con Fernando Sim\u00f3n<\/h2><\/a>\n\n                                            <p>Auditorio de la Facultad de Medicina de la Universitat de Barcelona, Casanova 143, 08036 Barcelona<\/p>\n                    \n                    <a href=\"https:\/\/www.icrea.cat\/es\/conferencia-rompiendo-barreras-en-la-salud-global-the-lancet-con-fernando-simon\/\" class=\"arrow-btn  \">\n                        \t\tView event\t\t                    <\/a>\n                <\/div>\n            <\/div>\n                            <figure style=\"background-image:url(https:\/\/www.icrea.cat\/wp-content\/uploads\/2026\/04\/Keynote-speaker-Fernando-Simon-Presentation-of-medical-cases-from-Sahrawi-refugee-camp-in-Algeria-Migrant-health-in-Europe-2-e1776872218298.png)\"><\/figure>\n                    <\/div>\n\t<\/div>\n\t\t\t\t\t\t\t\t\t<\/div>\n\n\t\t\t\t\n\t\t\t\t\t\t\t\t<input type=\"hidden\" id=\"sina_load_more_postsc50cafa\" name=\"sina_load_more_postsc50cafa\" value=\"ad5c10db92\" \/><input type=\"hidden\" name=\"_wp_http_referer\" value=\"\/es\/wp-json\/wp\/v2\/pages\/18868\" \/>\t\t\t<\/div><!-- .sina-blogpost -->\n\t\t\t\t\t\t\t<\/div>\n\t\t\t\t<\/div>\n\t\t\t\t<div class=\"elementor-element elementor-element-f23b16b elementor-align-center icrea-btn elementor-widget elementor-widget-button\" data-id=\"f23b16b\" data-element_type=\"widget\" data-e-type=\"widget\" data-widget_type=\"button.default\">\n\t\t\t\t<div class=\"elementor-widget-container\">\n\t\t\t\t\t\t\t\t\t<div class=\"elementor-button-wrapper\">\n\t\t\t\t\t<a class=\"elementor-button elementor-button-link elementor-size-sm\" href=\"https:\/\/www.icrea.cat\/es\/agenda\/\">\n\t\t\t\t\t\t<span class=\"elementor-button-content-wrapper\">\n\t\t\t\t\t\t\t\t\t<span class=\"elementor-button-text\">Ver actividades futuras<\/span>\n\t\t\t\t\t<\/span>\n\t\t\t\t\t<\/a>\n\t\t\t\t<\/div>\n\t\t\t\t\t\t\t\t<\/div>\n\t\t\t\t<\/div>\n\t\t\t\t\t<\/div>\n\t\t\t\t<\/div>\n\t\t\t\t<\/div>\n\t\t","protected":false},"excerpt":{"rendered":"<p>ICREA actividades pasadas Actividades pasadas Text Date Category All categories Search 28 May 2024 The 111th ICREA Colloquium \u2018Stable isotopes in plants: reconstructing climate and human impacts on the environment\u2019 View event 16 Abr 2024 The 110th ICREA Colloquium \u2018The strain on scientific publishing\u2019 View event 27 Feb 2024 The 109th ICREA Colloquium \u2018Towards a [&hellip;]<\/p>\n","protected":false},"author":1,"featured_media":0,"parent":0,"menu_order":0,"comment_status":"closed","ping_status":"closed","template":"","meta":{"_acf_changed":false,"footnotes":""},"class_list":["post-18868","page","type-page","status-publish","hentry"],"acf":[],"yoast_head":"<!-- This site is optimized with the Yoast SEO plugin v27.5 - https:\/\/yoast.com\/product\/yoast-seo-wordpress\/ -->\n<title>Actividades pasadas - ICREA<\/title>\n<meta name=\"robots\" content=\"index, follow, max-snippet:-1, max-image-preview:large, max-video-preview:-1\" \/>\n<link rel=\"canonical\" href=\"https:\/\/www.icrea.cat\/past-activities\/\" \/>\n<meta property=\"og:locale\" content=\"es_ES\" \/>\n<meta property=\"og:type\" content=\"article\" \/>\n<meta property=\"og:title\" content=\"Actividades pasadas - ICREA\" \/>\n<meta property=\"og:description\" content=\"ICREA actividades pasadas Actividades pasadas Text Date Category All categories Search 28 May 2024 The 111th ICREA Colloquium \u2018Stable isotopes in plants: reconstructing climate and human impacts on the environment\u2019 View event 16 Abr 2024 The 110th ICREA Colloquium \u2018The strain on scientific publishing\u2019 View event 27 Feb 2024 The 109th ICREA Colloquium \u2018Towards a [&hellip;]\" \/>\n<meta property=\"og:url\" content=\"https:\/\/www.icrea.cat\/past-activities\/\" \/>\n<meta property=\"og:site_name\" content=\"ICREA\" \/>\n<meta property=\"article:modified_time\" content=\"2024-10-30T15:10:35+00:00\" \/>\n<meta name=\"twitter:card\" content=\"summary_large_image\" \/>\n<script type=\"application\/ld+json\" class=\"yoast-schema-graph\">{\"@context\":\"https:\\\/\\\/schema.org\",\"@graph\":[{\"@type\":\"WebPage\",\"@id\":\"https:\\\/\\\/www.icrea.cat\\\/past-activities\\\/\",\"url\":\"https:\\\/\\\/www.icrea.cat\\\/past-activities\\\/\",\"name\":\"Actividades pasadas - ICREA\",\"isPartOf\":{\"@id\":\"https:\\\/\\\/www.icrea.cat\\\/#website\"},\"datePublished\":\"2024-10-18T08:10:04+00:00\",\"dateModified\":\"2024-10-30T15:10:35+00:00\",\"breadcrumb\":{\"@id\":\"https:\\\/\\\/www.icrea.cat\\\/past-activities\\\/#breadcrumb\"},\"inLanguage\":\"es\",\"potentialAction\":[{\"@type\":\"ReadAction\",\"target\":[\"https:\\\/\\\/www.icrea.cat\\\/past-activities\\\/\"]}]},{\"@type\":\"BreadcrumbList\",\"@id\":\"https:\\\/\\\/www.icrea.cat\\\/past-activities\\\/#breadcrumb\",\"itemListElement\":[{\"@type\":\"ListItem\",\"position\":1,\"name\":\"Home\",\"item\":\"https:\\\/\\\/www.icrea.cat\\\/\"},{\"@type\":\"ListItem\",\"position\":2,\"name\":\"Actividades pasadas\"}]},{\"@type\":\"WebSite\",\"@id\":\"https:\\\/\\\/www.icrea.cat\\\/#website\",\"url\":\"https:\\\/\\\/www.icrea.cat\\\/\",\"name\":\"ICREA\",\"description\":\"\",\"publisher\":{\"@id\":\"https:\\\/\\\/www.icrea.cat\\\/#organization\"},\"potentialAction\":[{\"@type\":\"SearchAction\",\"target\":{\"@type\":\"EntryPoint\",\"urlTemplate\":\"https:\\\/\\\/www.icrea.cat\\\/?s={search_term_string}\"},\"query-input\":{\"@type\":\"PropertyValueSpecification\",\"valueRequired\":true,\"valueName\":\"search_term_string\"}}],\"inLanguage\":\"es\"},{\"@type\":\"Organization\",\"@id\":\"https:\\\/\\\/www.icrea.cat\\\/#organization\",\"name\":\"ICREA\",\"url\":\"https:\\\/\\\/www.icrea.cat\\\/\",\"logo\":{\"@type\":\"ImageObject\",\"inLanguage\":\"es\",\"@id\":\"https:\\\/\\\/www.icrea.cat\\\/#\\\/schema\\\/logo\\\/image\\\/\",\"url\":\"https:\\\/\\\/www.icrea.cat\\\/wp-content\\\/uploads\\\/2025\\\/01\\\/cropped-logo-icrea-claim-white.png\",\"contentUrl\":\"https:\\\/\\\/www.icrea.cat\\\/wp-content\\\/uploads\\\/2025\\\/01\\\/cropped-logo-icrea-claim-white.png\",\"width\":1658,\"height\":709,\"caption\":\"ICREA\"},\"image\":{\"@id\":\"https:\\\/\\\/www.icrea.cat\\\/#\\\/schema\\\/logo\\\/image\\\/\"}}]}<\/script>\n<!-- \/ Yoast SEO plugin. -->","yoast_head_json":{"title":"Actividades pasadas - ICREA","robots":{"index":"index","follow":"follow","max-snippet":"max-snippet:-1","max-image-preview":"max-image-preview:large","max-video-preview":"max-video-preview:-1"},"canonical":"https:\/\/www.icrea.cat\/past-activities\/","og_locale":"es_ES","og_type":"article","og_title":"Actividades pasadas - ICREA","og_description":"ICREA actividades pasadas Actividades pasadas Text Date Category All categories Search 28 May 2024 The 111th ICREA Colloquium \u2018Stable isotopes in plants: reconstructing climate and human impacts on the environment\u2019 View event 16 Abr 2024 The 110th ICREA Colloquium \u2018The strain on scientific publishing\u2019 View event 27 Feb 2024 The 109th ICREA Colloquium \u2018Towards a [&hellip;]","og_url":"https:\/\/www.icrea.cat\/past-activities\/","og_site_name":"ICREA","article_modified_time":"2024-10-30T15:10:35+00:00","twitter_card":"summary_large_image","schema":{"@context":"https:\/\/schema.org","@graph":[{"@type":"WebPage","@id":"https:\/\/www.icrea.cat\/past-activities\/","url":"https:\/\/www.icrea.cat\/past-activities\/","name":"Actividades pasadas - ICREA","isPartOf":{"@id":"https:\/\/www.icrea.cat\/#website"},"datePublished":"2024-10-18T08:10:04+00:00","dateModified":"2024-10-30T15:10:35+00:00","breadcrumb":{"@id":"https:\/\/www.icrea.cat\/past-activities\/#breadcrumb"},"inLanguage":"es","potentialAction":[{"@type":"ReadAction","target":["https:\/\/www.icrea.cat\/past-activities\/"]}]},{"@type":"BreadcrumbList","@id":"https:\/\/www.icrea.cat\/past-activities\/#breadcrumb","itemListElement":[{"@type":"ListItem","position":1,"name":"Home","item":"https:\/\/www.icrea.cat\/"},{"@type":"ListItem","position":2,"name":"Actividades pasadas"}]},{"@type":"WebSite","@id":"https:\/\/www.icrea.cat\/#website","url":"https:\/\/www.icrea.cat\/","name":"ICREA","description":"","publisher":{"@id":"https:\/\/www.icrea.cat\/#organization"},"potentialAction":[{"@type":"SearchAction","target":{"@type":"EntryPoint","urlTemplate":"https:\/\/www.icrea.cat\/?s={search_term_string}"},"query-input":{"@type":"PropertyValueSpecification","valueRequired":true,"valueName":"search_term_string"}}],"inLanguage":"es"},{"@type":"Organization","@id":"https:\/\/www.icrea.cat\/#organization","name":"ICREA","url":"https:\/\/www.icrea.cat\/","logo":{"@type":"ImageObject","inLanguage":"es","@id":"https:\/\/www.icrea.cat\/#\/schema\/logo\/image\/","url":"https:\/\/www.icrea.cat\/wp-content\/uploads\/2025\/01\/cropped-logo-icrea-claim-white.png","contentUrl":"https:\/\/www.icrea.cat\/wp-content\/uploads\/2025\/01\/cropped-logo-icrea-claim-white.png","width":1658,"height":709,"caption":"ICREA"},"image":{"@id":"https:\/\/www.icrea.cat\/#\/schema\/logo\/image\/"}}]}},"_links":{"self":[{"href":"https:\/\/www.icrea.cat\/es\/wp-json\/wp\/v2\/pages\/18868","targetHints":{"allow":["GET"]}}],"collection":[{"href":"https:\/\/www.icrea.cat\/es\/wp-json\/wp\/v2\/pages"}],"about":[{"href":"https:\/\/www.icrea.cat\/es\/wp-json\/wp\/v2\/types\/page"}],"author":[{"embeddable":true,"href":"https:\/\/www.icrea.cat\/es\/wp-json\/wp\/v2\/users\/1"}],"replies":[{"embeddable":true,"href":"https:\/\/www.icrea.cat\/es\/wp-json\/wp\/v2\/comments?post=18868"}],"version-history":[{"count":4,"href":"https:\/\/www.icrea.cat\/es\/wp-json\/wp\/v2\/pages\/18868\/revisions"}],"predecessor-version":[{"id":18881,"href":"https:\/\/www.icrea.cat\/es\/wp-json\/wp\/v2\/pages\/18868\/revisions\/18881"}],"wp:attachment":[{"href":"https:\/\/www.icrea.cat\/es\/wp-json\/wp\/v2\/media?parent=18868"}],"curies":[{"name":"wp","href":"https:\/\/api.w.org\/{rel}","templated":true}]}}