{"id":7413,"date":"2024-02-01T12:52:44","date_gmt":"2024-02-01T11:52:44","guid":{"rendered":"https:\/\/www.icrea.cat\/privacy-policy\/"},"modified":"2024-11-27T12:50:20","modified_gmt":"2024-11-27T11:50:20","slug":"privacy-policy","status":"publish","type":"page","link":"https:\/\/www.icrea.cat\/ca\/privacy-policy\/","title":{"rendered":"Privacy Policy"},"content":{"rendered":"\t\t<div data-elementor-type=\"wp-page\" data-elementor-id=\"7413\" class=\"elementor elementor-7413 elementor-1138\">\n\t\t\t\t<div class=\"elementor-element elementor-element-c359105 e-flex e-con-boxed e-con e-parent\" data-id=\"c359105\" data-element_type=\"container\" data-e-type=\"container\">\n\t\t\t\t\t<div class=\"e-con-inner\">\n\t\t\t\t<div class=\"elementor-element elementor-element-1e0d908 elementor-widget elementor-widget-heading\" data-id=\"1e0d908\" data-element_type=\"widget\" data-e-type=\"widget\" data-widget_type=\"heading.default\">\n\t\t\t\t<div class=\"elementor-widget-container\">\n\t\t\t\t\t<h2 class=\"elementor-heading-title elementor-size-default\">Pol\u00edtica de privacitat<\/h2>\t\t\t\t<\/div>\n\t\t\t\t<\/div>\n\t\t\t\t<div class=\"elementor-element elementor-element-22ff45f custom-policy elementor-widget elementor-widget-text-editor\" data-id=\"22ff45f\" data-element_type=\"widget\" data-e-type=\"widget\" data-widget_type=\"text-editor.default\">\n\t\t\t\t<div class=\"elementor-widget-container\">\n\t\t\t\t\t\t\t\t\t<strong>INSTITUCI\u00d3 CATALANA DE RECERCA I ESTUDIS AVAN\u00c7ATS (ICREA)<\/strong>, \u00e9s una fundaci\u00f3 finan\u00e7ada pel govern catal\u00e0 que treballa bra\u00e7 a bra\u00e7 amb les universitats catalanes i els centres de recerca per integrar els professors d&#8217;Investigaci\u00f3 ICREA al sistema de recerca catal\u00e0.<br><br>\n\nConsiderem important la privacitat de les persones, tant dels visitants del nostre lloc web<a href=\"http:\/\/www.icrea.cat\">\u00a0www.icrea.cat<\/a>\u00a0\u00a0(d&#8217;ara endavant, el \u201c<strong>lloc web<\/strong>\u201d) com de qualsevol altre afectat que ens proporci informaci\u00f3 a trav\u00e9s del mateix. Les dades obtingudes s\u00f3n tractades per\u00a0<strong>ICREA<\/strong>\u00a0com a part de la prestaci\u00f3 de serveis (d&#8217;ara endavant i conjuntament, \u201cvost\u00e8\u201d o l\u2019\u201cusuari\u201d i de forma plural, \u201c<strong>vost\u00e8s<\/strong>\u201d o els \u201c<strong>usuaris<\/strong>\u201d). En aquest sentit,\u00a0<strong>ICREA<\/strong>\u00a0es compromet al tractament de les seves dades d&#8217;acord amb la normativa de protecci\u00f3 de dades personals aplicable i en vigor a cada moment. Concretament,\u00a0<strong>ICREA<\/strong>\u00a0complir\u00e0 amb les premisses establertes al REGLAMENT UE 2016\/679 DEL PARLAMENT EUROPEU I DEL CONSELL de 27 d&#8217;abril de 2016 relatiu a la protecci\u00f3 de les persones f\u00edsiques pel que fa al tractament de dades personals i a la lliure circulaci\u00f3 d&#8217;aquestes dades aix\u00ed com altres regulacions nacionals d&#8217;aplicaci\u00f3 en vigor.\n<br><br>\n<strong>ICREA<\/strong>\u00a0informa de la seva Pol\u00edtica de Privacitat, amb la finalitat de fer coneixedors als usuaris sobre el tractament de les seves dades, aix\u00ed com dels principis fonamentals sobre protecci\u00f3 de dades personals que aplica. Malgrat aix\u00f2, certs serveis prestats o que puguin prestar-se en un futur en el lloc web poden contenir condicions d&#8217;\u00fas particulars amb previsions en mat\u00e8ria de protecci\u00f3 de dades personals, que prevalguin sobre aquesta Pol\u00edtica de Privacitat.\n\nA col\u00b7laci\u00f3 amb l&#8217;anterior, instem a tots els usuaris a llegir amb deteniment aquesta Pol\u00edtica de Privacitat a fi d&#8217;informar-se sobre les normes i pr\u00e0ctiques que hem elaborat per protegir les dades personals i per con\u00e8ixer millor les nostres relacions amb tercers que poguessin tenir acc\u00e9s a tals dades.\n\nEn qualsevol cas, l&#8217;usuari \u00e9s l&#8217;\u00fanic responsable de la informaci\u00f3 que proporcioni en el lloc web i si en un futur\u00a0<strong>ICREA<\/strong>\u00a0desitg\u00e9s utilitzar-la per a finalitats diferents de les referides, li informarem d&#8217;aquestes noves finalitats i sol\u00b7licitarem el seu consentiment, si calgu\u00e9s.\n\nEn utilitzar el nostre lloc web, l&#8217;usuari admet que ha llegit i accepta aquesta Pol\u00edtica de Privacitat i el nostre\u00a0Av\u00eds Legal\u00a0i\u00a0Pol\u00edtica de Cookies.\n<ol>\n \t<li style=\"list-style-type: none;\">\n<ol>\n \t<li><strong>Qui \u00e9s el Responsable del tractament de les seves dades?<\/strong>\nIdentitat del Responsable del tractament: INSTITUCI\u00d3 CATALANA DE RECERCA I ESTUDIS AVAN\u00c7ATS (ICREA)\nCIF:\u00a0\u00a0G62515838\nAdre\u00e7a postal:\u00a0Passeig Llu\u00eds Companys, 23, 08010, Barcelona\nTel\u00e8fon:\u00a0+34 935 67 06 86\nCorreu electr\u00f2nic:\u00a0<a href=\"mailto:dpd@icrea.cat\">dpd@icrea.cat<\/a><\/li>\n \t<li><strong>Quines s\u00f3n les finalitats del tractament de les seves dades?<\/strong>\nLes dades personals proporcionades i recaptades mitjan\u00e7ant els formularis de la p\u00e0gina web, o correus electr\u00f2nics i\/o trucades telef\u00f2niques seran utilitzades amb les seg\u00fcents finalitats: (a) contestar, respondre i atendre les consultes, preguntes i\/o sol\u00b7licituds realitzades pels diferents usuaris (inclosa la de gestionar el seu curr\u00edculum vitae per a processos de selecci\u00f3 presents i\/o futurs); (b) prestar els nostres serveis de conformitat amb l&#8217;Av\u00eds Legal; (c) garantir el correcte funcionament t\u00e8cnic de la p\u00e0gina web; i (d) utilitzar-los per a qualsevol altra finalitat requerida o autoritzada per la legislaci\u00f3 aplicable o per a la qual vost\u00e8 ha facilitat la informaci\u00f3.<\/li>\n \t<li><strong>Quines s\u00f3n les finalitats principals del tractament de les seves dades?<\/strong>\nLes bases jur\u00eddiques per al tractament de les seves dades personals s\u00f3n: (a) una relaci\u00f3 precontractual i\/o contractual; (b) en cas necessari, per als fins dels interessos leg\u00edtims perseguits per\u00a0<strong>ICREA<\/strong>; (c) quan vost\u00e8 hagi prestat el seu consentiment; i (d) en cas necessari, per a complir amb les obligacions legals i reglament\u00e0ries de\u00a0<strong>ICREA<\/strong>.<\/li>\n \t<li><strong>Durant quant temps conservem les seves dades personals?<\/strong>\nLes dades obtingudes seran conservades durant el temps necessari per a respondre la seva consulta o sol\u00b7licitud, i fins i tot amb posterioritat durant el termini necessari per a la formulaci\u00f3, exercici o defensa de reclamacions, i obligacions legals i contractuals, sempre estant degudament bloquejades. Les dades personals vinculades a processos de selecci\u00f3 (curr\u00edculums) seran conservades mentre vost\u00e8 no ens manifesti el contrari amb la finalitat de poder facilitar-li la gesti\u00f3 en futurs processos de selecci\u00f3. Recordi que si les seves dades o curr\u00edculum vitae han sofert alguna modificaci\u00f3 respecte a l&#8217;\u00faltima vegada que ens els va facilitar, haur\u00e0 de fer les modificacions oportunes en la convocat\u00f2ria corresponent.<\/li>\n \t<li><strong>Qui podran ser destinataris de la comunicaci\u00f3 de dades?<\/strong>\n\nDepenent dels fins per als quals es recopila la informaci\u00f3 personal, poden accedir a aquesta informaci\u00f3, indistintament, els seg\u00fcents destinataris:\n<ul>\n \t<li>Autoritats reguladores o altres tercers de conformitat amb les lleis aplicables;<\/li>\n \t<li>Tercers (prove\u00efdors de serveis que processen informaci\u00f3 com a encarregat de tractament de dades, sota les instruccions de\u00a0ICREA). Tot aix\u00f2 nom\u00e9s despr\u00e9s de dur a terme les mesures necess\u00e0ries per a assegurar que es pot compartir aquesta informaci\u00f3 i havent celebrat el corresponent contracte per enc\u00e0rrec de tractament, de conformitat amb normativa de protecci\u00f3 de dades aplicables.<\/li>\n<\/ul>\nLes seves dades s\u00f3n tractades dins de l&#8217;Espai Econ\u00f2mic Europeu i, amb car\u00e0cter general, es contracten prestadors de serveis situats tamb\u00e9 dins de l&#8217;Espai Econ\u00f2mic Europeu o en pa\u00efsos que han estat declarats amb un nivell adequat de protecci\u00f3.\n\nSi fos necessari transferir dades personals a prove\u00efdors de serveis fora de l&#8217;Espai Econ\u00f2mic Europeu (EEE) o en pa\u00efsos que no han estat identificats com a prove\u00efdors d&#8217;un nivell adequat de protecci\u00f3, nom\u00e9s es far\u00e0 si la protecci\u00f3 de dades est\u00e0 prou garantida.\n\nAquestes garanties poden incloure:\n<ul>\n \t<li>a. Cl\u00e0usules contractuals tipus aprovades per la Comissi\u00f3 Europea. Les Cl\u00e0usules tipus proporcionen garanties suficients per a complir els requisits d&#8217;adequaci\u00f3 i seguretat del RGPD o<\/li>\n \t<li>b. Certificacions que demostrin que tercers fora del EEE tracten les dades personals de manera coherent amb el RGPD. Aquestes certificacions estan aprovades per la Comissi\u00f3 Europea, una autoritat de supervisi\u00f3 competent o un organisme nacional d&#8217;acreditaci\u00f3 competent en termes del RGPD.<\/li>\n<\/ul>\nNo vendrem ni revelarem a tercers cap informaci\u00f3 personal o dades recollides en el nostre lloc web que puguin identificar-li directament o indirectament.<\/li>\n \t<li><strong>Quins s\u00f3n els seus drets quan ens facilita les seves dades?<\/strong>\n<ul>\n \t<li>Dret a sol\u00b7licitar l&#8217;acc\u00e9s a les dades personals: vost\u00e8 podr\u00e0 preguntar a\u00a0<strong>ICREA<\/strong>\u00a0si est\u00e0 tractant les seves dades, i en cas afirmatiu accedir a aquests.<\/li>\n \t<li>Dret a sol\u00b7licitar la seva rectificaci\u00f3 si les dades s\u00f3n inexactes, o completar les dades que resultin incomplets.<\/li>\n \t<li>Dret a sol\u00b7licitar la supressi\u00f3 de les seves dades.<\/li>\n \t<li>Dret a sol\u00b7licitar la limitaci\u00f3 del seu tractament: en aquest cas \u00fanicament es conservaran per a l&#8217;exercici o la defensa de reclamacions.<\/li>\n \t<li>Dret a oposar-se al tractament:\u00a0ICREA\u00a0deixar\u00e0 de tractar les dades personals, amb l&#8217;excepci\u00f3 que hagin de continuar tractant-se per motius leg\u00edtims o per a l&#8217;exercici o defensa de possibles reclamacions.<\/li>\n \t<li>Dret a la portabilitat de les dades: en cas que l&#8217;usuari vulgui que les seves dades siguin tractades per un altre responsable del tractament,\u00a0ICREA\u00a0li facilitar\u00e0 el transvasament de les seves dades al nou responsable.<\/li>\n \t<li>Dret a no ser objecte d&#8217;una decisi\u00f3 basada \u00fanicament en el tractament automatitzat de les seves dades personals.<\/li>\n<\/ul>\nSi hagu\u00e9s atorgat el consentiment per a alguna finalitat espec\u00edfica, podr\u00e0 retirar el mateix quan ho desitgi, sense que aix\u00f2 afecti la licitud del tractament basat en el consentiment previ a la seva retirada.\n\nPer a l&#8217;exercici dels seus drets li preguem que ens el comuniqui per escrit a\u00a0ICREA\u00a0a:\u00a0<a href=\"mailto:dpd@icrea.cat\">dpd@icrea.cat<\/a>. Si es t\u00e9 dubtes sobre la seva identitat, podr\u00e0 resultar necessari aportar fotoc\u00f2pia del DNI o document equivalent que acrediti la identitat i sigui considerat v\u00e0lid en dret. Per a aix\u00f2, pot utilitzar els models i formularis sobre els diferents drets que disposa l&#8217;Ag\u00e8ncia Espanyola de Protecci\u00f3 de Dades en la seva p\u00e0gina oficial\u00a0<a href=\"https:\/\/www.aepd.es\/reglamento\/derechos\/index.html\">https:\/\/www.aepd.es\/reglamento\/derechos\/index.html<\/a>\n\nL&#8217;informem del dret que li assisteix a presentar reclamaci\u00f3 davant l&#8217;Autoritat de Control, espec\u00edficament, davant l&#8217;Ag\u00e8ncia Espanyola de Protecci\u00f3 de Dades\u00a0https:\/\/sedeagpd.gob.es\/sede-electronica-web\/vistas\/formnuevareclamacion\/reclamacion.jsf, i altres organismes p\u00fablics competents per a qualsevol reclamaci\u00f3 derivada de les seves dades personals.<\/li>\n \t<li><strong>Com protegim les seves dades personals?<\/strong>\nAmb la finalitat de vetllar per la seguretat de la informaci\u00f3,\u00a0<strong>ICREA<\/strong>\u00a0aplica diferents mesures t\u00e8cniques i organitzatives per a garantir el nivell de seguretat adequat de conformitat amb la normativa aplicable. En qualsevol cas,\u00a0<strong>ICREA<\/strong>\u00a0prendr\u00e0 mesures t\u00e8cniques i organitzatives adequades, tant en dissenyar el sistema de tractament de les dades com en el moment del propi tractament, per a preservar la seguretat i impedir tractaments no autoritzats. No obstant aix\u00f2, malgrat la implementaci\u00f3 diligent de tals mesures, l&#8217;usuari ha de saber que les mesures de seguretat en Internet no s\u00f3n inexpugnables. <strong>ICREA<\/strong>\u00a0no \u00e9s responsable d&#8217;actuacions de tercers que, vulnerant aquestes mesures, accedeixin a les esmentades dades i informaci\u00f3.<\/li>\n \t<li><strong>Confidencialitat<\/strong>\nEls professionals que treballen amb\u00a0<strong>ICREA<\/strong>\u00a0i que tinguessin algun tipus d&#8217;intervenci\u00f3 en els serveis prestats a l&#8217;usuari, estan compromesos a no divulgar ni fer \u00fas de la informaci\u00f3 a la qual hagin accedit. La informaci\u00f3 subministrada per l&#8217;usuari tindr\u00e0, en tot cas, la consideraci\u00f3 de confidencial, sense que pugui ser utilitzada per a altres fins que els relacionats amb la gesti\u00f3 vinculada a les seves sol\u00b7licituds i als serveis contractats a\u00a0<strong>ICREA<\/strong>, si \u00e9s el cas. En aquest sentit, es compleix amb l&#8217;obligaci\u00f3 de no divulgar ni revelar informaci\u00f3 sobre les pretensions de l&#8217;usuari, els motius de l&#8217;assessorament sol\u00b7licitat o la durada de la seva relaci\u00f3 amb aquest.<\/li>\n \t<li><strong>Enlla\u00e7os<\/strong>\nLa Web pot contenir enlla\u00e7os a altres p\u00e0gines webs, de les quals\u00a0<strong>ICREA<\/strong>\u00a0no \u00e9s responsables de la privacitat i el tractament de dades que aquestes facin. Aquesta Pol\u00edtica de Privacitat \u00e9s aplicable exclusivament a la informaci\u00f3 que es recapta en la Web. Li recomanem que llegeixi les pol\u00edtiques de privacitat i tractament de dades d&#8217;altres p\u00e0gines web amb les quals enlla\u00e7 des d&#8217;aquesta Web o que visiti de qualsevol altre mode.<\/li>\n \t<li><strong>Xarxes socials<\/strong>\n<strong>ICREA<\/strong>\u00a0t\u00e9 pres\u00e8ncia en algunes de les principals xarxes socials d&#8217;Internet, i de les quals actua com a responsable del tractament en relaci\u00f3 amb les dades publicades per\u00a0<strong>ICREA<\/strong>.<\/li>\n<\/ol>\n<\/li>\n<\/ol>\n<strong>ICREA<\/strong>\u00a0tractar\u00e0 les dades en cada xarxa social segons les normes establertes a aquest efecte per cada xarxa social. Per tant, i mentre no es manifesti el contrari\u00a0<strong>ICREA<\/strong>\u00a0podr\u00e0 informar, als seguidors en la xarxa social corresponent de les seves activitats, esdeveniments, i altres temes relacionats, inclosa l&#8217;atenci\u00f3 al seguidor, pels canals que la xarxa social proporcioni a aquest efecte.\n\n<strong>ICREA<\/strong>\u00a0no extraur\u00e0 dades personals de les xarxes socials, tret que l&#8217;usuari ens doni el seu consentiment expr\u00e9s.\n<ul>\n \t<li><strong>Modificacions i integritat de la nostra Pol\u00edtica de Privacitat<\/strong>\nNom\u00e9s s&#8217;utilitzaran les seves dades de car\u00e0cter personal segons el que s&#8217;estableix en la Pol\u00edtica de Privacitat que estigui en vigor en el moment en qu\u00e8 recaptem les seves dades de car\u00e0cter personal.\u00a0<strong>ICREA<\/strong>\u00a0es reserva el dret a modificar en qualsevol moment aquesta Pol\u00edtica de Privacitat, publicant tals modificacions en la Web, per la qual cosa es recomana que consulti la Pol\u00edtica de Privacitat cada vegada que accedeixi a la Web. Si en algun moment es decideix utilitzar dades personals de mode diferent del que es va declarar en el moment de la seva obtenci\u00f3, se li comunicar\u00e0 per correu electr\u00f2nic, sempre que es disposi d&#8217;aquest. En aquest moment se li donar\u00e0 l&#8217;opci\u00f3 d&#8217;autoritzar altres usos o divulgacions de les dades personals que vost\u00e8 hagu\u00e9s facilitat abans de la modificaci\u00f3 de la Pol\u00edtica de Privacitat. En cas que qualsevol cl\u00e0usula de la present Pol\u00edtica de Privacitat fos anul\u00b7lada o considerada nul\u00b7la, la resta de les condicions no es veuran afectades, conservant plenament la seva validesa i vig\u00e8ncia, en atenci\u00f3 a la normativa vigent d&#8217;aplicaci\u00f3 a cada moment.<\/li>\n<\/ul>\n&nbsp;\n\nData darrera actualitzaci\u00f3: octubre de 2023.\t\t\t\t\t\t\t\t<\/div>\n\t\t\t\t<\/div>\n\t\t\t\t\t<\/div>\n\t\t\t\t<\/div>\n\t\t\t\t<\/div>\n\t\t","protected":false},"excerpt":{"rendered":"<p>Pol\u00edtica de privacitat INSTITUCI\u00d3 CATALANA DE RECERCA I ESTUDIS AVAN\u00c7ATS (ICREA), \u00e9s una fundaci\u00f3 finan\u00e7ada pel govern catal\u00e0 que treballa bra\u00e7 a bra\u00e7 amb les universitats catalanes i els centres de recerca per integrar els professors d&#8217;Investigaci\u00f3 ICREA al sistema de recerca catal\u00e0. Considerem important la privacitat de les persones, tant dels visitants del nostre [&hellip;]<\/p>\n","protected":false},"author":1,"featured_media":0,"parent":0,"menu_order":0,"comment_status":"closed","ping_status":"closed","template":"","meta":{"_acf_changed":false,"footnotes":""},"class_list":["post-7413","page","type-page","status-publish","hentry"],"acf":[],"yoast_head":"<!-- This site is optimized with the Yoast SEO plugin v27.5 - https:\/\/yoast.com\/product\/yoast-seo-wordpress\/ -->\n<title>Privacy Policy - ICREA<\/title>\n<meta name=\"robots\" content=\"index, follow, max-snippet:-1, max-image-preview:large, max-video-preview:-1\" \/>\n<link rel=\"canonical\" href=\"https:\/\/www.icrea.cat\/privacy-policy\/\" \/>\n<meta property=\"og:locale\" content=\"ca_ES\" \/>\n<meta property=\"og:type\" content=\"article\" \/>\n<meta property=\"og:title\" content=\"Privacy Policy - ICREA\" \/>\n<meta property=\"og:description\" content=\"Pol\u00edtica de privacitat INSTITUCI\u00d3 CATALANA DE RECERCA I ESTUDIS AVAN\u00c7ATS (ICREA), \u00e9s una fundaci\u00f3 finan\u00e7ada pel govern catal\u00e0 que treballa bra\u00e7 a bra\u00e7 amb les universitats catalanes i els centres de recerca per integrar els professors d&#8217;Investigaci\u00f3 ICREA al sistema de recerca catal\u00e0. Considerem important la privacitat de les persones, tant dels visitants del nostre [&hellip;]\" \/>\n<meta property=\"og:url\" content=\"https:\/\/www.icrea.cat\/privacy-policy\/\" \/>\n<meta property=\"og:site_name\" content=\"ICREA\" \/>\n<meta property=\"article:modified_time\" content=\"2024-11-27T11:50:20+00:00\" \/>\n<meta name=\"twitter:card\" content=\"summary_large_image\" \/>\n<meta name=\"twitter:label1\" content=\"Temps estimat de lectura\" \/>\n\t<meta name=\"twitter:data1\" content=\"11 minuts\" \/>\n<script type=\"application\/ld+json\" class=\"yoast-schema-graph\">{\"@context\":\"https:\\\/\\\/schema.org\",\"@graph\":[{\"@type\":\"WebPage\",\"@id\":\"https:\\\/\\\/www.icrea.cat\\\/privacy-policy\\\/\",\"url\":\"https:\\\/\\\/www.icrea.cat\\\/privacy-policy\\\/\",\"name\":\"Privacy Policy - ICREA\",\"isPartOf\":{\"@id\":\"https:\\\/\\\/www.icrea.cat\\\/#website\"},\"datePublished\":\"2024-02-01T11:52:44+00:00\",\"dateModified\":\"2024-11-27T11:50:20+00:00\",\"breadcrumb\":{\"@id\":\"https:\\\/\\\/www.icrea.cat\\\/privacy-policy\\\/#breadcrumb\"},\"inLanguage\":\"ca\",\"potentialAction\":[{\"@type\":\"ReadAction\",\"target\":[\"https:\\\/\\\/www.icrea.cat\\\/privacy-policy\\\/\"]}]},{\"@type\":\"BreadcrumbList\",\"@id\":\"https:\\\/\\\/www.icrea.cat\\\/privacy-policy\\\/#breadcrumb\",\"itemListElement\":[{\"@type\":\"ListItem\",\"position\":1,\"name\":\"Home\",\"item\":\"https:\\\/\\\/www.icrea.cat\\\/ca\\\/\"},{\"@type\":\"ListItem\",\"position\":2,\"name\":\"Privacy Policy\"}]},{\"@type\":\"WebSite\",\"@id\":\"https:\\\/\\\/www.icrea.cat\\\/#website\",\"url\":\"https:\\\/\\\/www.icrea.cat\\\/\",\"name\":\"ICREA\",\"description\":\"\",\"publisher\":{\"@id\":\"https:\\\/\\\/www.icrea.cat\\\/#organization\"},\"potentialAction\":[{\"@type\":\"SearchAction\",\"target\":{\"@type\":\"EntryPoint\",\"urlTemplate\":\"https:\\\/\\\/www.icrea.cat\\\/?s={search_term_string}\"},\"query-input\":{\"@type\":\"PropertyValueSpecification\",\"valueRequired\":true,\"valueName\":\"search_term_string\"}}],\"inLanguage\":\"ca\"},{\"@type\":\"Organization\",\"@id\":\"https:\\\/\\\/www.icrea.cat\\\/#organization\",\"name\":\"ICREA\",\"url\":\"https:\\\/\\\/www.icrea.cat\\\/\",\"logo\":{\"@type\":\"ImageObject\",\"inLanguage\":\"ca\",\"@id\":\"https:\\\/\\\/www.icrea.cat\\\/#\\\/schema\\\/logo\\\/image\\\/\",\"url\":\"https:\\\/\\\/www.icrea.cat\\\/wp-content\\\/uploads\\\/2025\\\/01\\\/cropped-logo-icrea-claim-white.png\",\"contentUrl\":\"https:\\\/\\\/www.icrea.cat\\\/wp-content\\\/uploads\\\/2025\\\/01\\\/cropped-logo-icrea-claim-white.png\",\"width\":1658,\"height\":709,\"caption\":\"ICREA\"},\"image\":{\"@id\":\"https:\\\/\\\/www.icrea.cat\\\/#\\\/schema\\\/logo\\\/image\\\/\"}}]}<\/script>\n<!-- \/ Yoast SEO plugin. -->","yoast_head_json":{"title":"Privacy Policy - ICREA","robots":{"index":"index","follow":"follow","max-snippet":"max-snippet:-1","max-image-preview":"max-image-preview:large","max-video-preview":"max-video-preview:-1"},"canonical":"https:\/\/www.icrea.cat\/privacy-policy\/","og_locale":"ca_ES","og_type":"article","og_title":"Privacy Policy - ICREA","og_description":"Pol\u00edtica de privacitat INSTITUCI\u00d3 CATALANA DE RECERCA I ESTUDIS AVAN\u00c7ATS (ICREA), \u00e9s una fundaci\u00f3 finan\u00e7ada pel govern catal\u00e0 que treballa bra\u00e7 a bra\u00e7 amb les universitats catalanes i els centres de recerca per integrar els professors d&#8217;Investigaci\u00f3 ICREA al sistema de recerca catal\u00e0. Considerem important la privacitat de les persones, tant dels visitants del nostre [&hellip;]","og_url":"https:\/\/www.icrea.cat\/privacy-policy\/","og_site_name":"ICREA","article_modified_time":"2024-11-27T11:50:20+00:00","twitter_card":"summary_large_image","twitter_misc":{"Temps estimat de lectura":"11 minuts"},"schema":{"@context":"https:\/\/schema.org","@graph":[{"@type":"WebPage","@id":"https:\/\/www.icrea.cat\/privacy-policy\/","url":"https:\/\/www.icrea.cat\/privacy-policy\/","name":"Privacy Policy - ICREA","isPartOf":{"@id":"https:\/\/www.icrea.cat\/#website"},"datePublished":"2024-02-01T11:52:44+00:00","dateModified":"2024-11-27T11:50:20+00:00","breadcrumb":{"@id":"https:\/\/www.icrea.cat\/privacy-policy\/#breadcrumb"},"inLanguage":"ca","potentialAction":[{"@type":"ReadAction","target":["https:\/\/www.icrea.cat\/privacy-policy\/"]}]},{"@type":"BreadcrumbList","@id":"https:\/\/www.icrea.cat\/privacy-policy\/#breadcrumb","itemListElement":[{"@type":"ListItem","position":1,"name":"Home","item":"https:\/\/www.icrea.cat\/ca\/"},{"@type":"ListItem","position":2,"name":"Privacy Policy"}]},{"@type":"WebSite","@id":"https:\/\/www.icrea.cat\/#website","url":"https:\/\/www.icrea.cat\/","name":"ICREA","description":"","publisher":{"@id":"https:\/\/www.icrea.cat\/#organization"},"potentialAction":[{"@type":"SearchAction","target":{"@type":"EntryPoint","urlTemplate":"https:\/\/www.icrea.cat\/?s={search_term_string}"},"query-input":{"@type":"PropertyValueSpecification","valueRequired":true,"valueName":"search_term_string"}}],"inLanguage":"ca"},{"@type":"Organization","@id":"https:\/\/www.icrea.cat\/#organization","name":"ICREA","url":"https:\/\/www.icrea.cat\/","logo":{"@type":"ImageObject","inLanguage":"ca","@id":"https:\/\/www.icrea.cat\/#\/schema\/logo\/image\/","url":"https:\/\/www.icrea.cat\/wp-content\/uploads\/2025\/01\/cropped-logo-icrea-claim-white.png","contentUrl":"https:\/\/www.icrea.cat\/wp-content\/uploads\/2025\/01\/cropped-logo-icrea-claim-white.png","width":1658,"height":709,"caption":"ICREA"},"image":{"@id":"https:\/\/www.icrea.cat\/#\/schema\/logo\/image\/"}}]}},"_links":{"self":[{"href":"https:\/\/www.icrea.cat\/ca\/wp-json\/wp\/v2\/pages\/7413","targetHints":{"allow":["GET"]}}],"collection":[{"href":"https:\/\/www.icrea.cat\/ca\/wp-json\/wp\/v2\/pages"}],"about":[{"href":"https:\/\/www.icrea.cat\/ca\/wp-json\/wp\/v2\/types\/page"}],"author":[{"embeddable":true,"href":"https:\/\/www.icrea.cat\/ca\/wp-json\/wp\/v2\/users\/1"}],"replies":[{"embeddable":true,"href":"https:\/\/www.icrea.cat\/ca\/wp-json\/wp\/v2\/comments?post=7413"}],"version-history":[{"count":55,"href":"https:\/\/www.icrea.cat\/ca\/wp-json\/wp\/v2\/pages\/7413\/revisions"}],"predecessor-version":[{"id":19967,"href":"https:\/\/www.icrea.cat\/ca\/wp-json\/wp\/v2\/pages\/7413\/revisions\/19967"}],"wp:attachment":[{"href":"https:\/\/www.icrea.cat\/ca\/wp-json\/wp\/v2\/media?parent=7413"}],"curies":[{"name":"wp","href":"https:\/\/api.w.org\/{rel}","templated":true}]}}