{"id":7312,"date":"2024-08-14T09:35:47","date_gmt":"2024-08-14T07:35:47","guid":{"rendered":"https:\/\/www.icrea.cat\/impact\/recerca\/"},"modified":"2024-10-24T17:28:50","modified_gmt":"2024-10-24T15:28:50","slug":"recerca","status":"publish","type":"page","link":"https:\/\/www.icrea.cat\/ca\/impacte\/recerca\/","title":{"rendered":"Recerca"},"content":{"rendered":"\t\t<div data-elementor-type=\"wp-page\" data-elementor-id=\"7312\" class=\"elementor elementor-7312 elementor-5273\">\n\t\t\t\t<div class=\"elementor-element elementor-element-13fa593 hero-banner-def e-flex e-con-boxed e-con e-parent\" data-id=\"13fa593\" data-element_type=\"container\" data-e-type=\"container\" data-settings=\"{&quot;background_background&quot;:&quot;slideshow&quot;,&quot;background_slideshow_gallery&quot;:[{&quot;id&quot;:5275,&quot;url&quot;:&quot;https:\\\/\\\/www.icrea.cat\\\/wp-content\\\/uploads\\\/2024\\\/08\\\/Mask-group.png&quot;}],&quot;background_slideshow_loop&quot;:&quot;yes&quot;,&quot;background_slideshow_slide_duration&quot;:5000,&quot;background_slideshow_slide_transition&quot;:&quot;fade&quot;,&quot;background_slideshow_transition_duration&quot;:500}\">\n\t\t\t\t\t<div class=\"e-con-inner\">\n\t\t\t\t<div class=\"elementor-element elementor-element-e935dc7 elementor-invisible elementor-widget elementor-widget-heading\" data-id=\"e935dc7\" data-element_type=\"widget\" data-e-type=\"widget\" data-settings=\"{&quot;_animation&quot;:&quot;fadeInDown&quot;}\" data-widget_type=\"heading.default\">\n\t\t\t\t<div class=\"elementor-widget-container\">\n\t\t\t\t\t<h1 class=\"elementor-heading-title elementor-size-default\"><mark>Recerca<\/mark><\/h1>\t\t\t\t<\/div>\n\t\t\t\t<\/div>\n\t\t\t\t\t<\/div>\n\t\t\t\t<\/div>\n\t\t<div class=\"elementor-element elementor-element-c014f87 custom-intro e-flex e-con-boxed e-con e-parent\" data-id=\"c014f87\" data-element_type=\"container\" data-e-type=\"container\" data-settings=\"{&quot;background_background&quot;:&quot;classic&quot;}\">\n\t\t\t\t\t<div class=\"e-con-inner\">\n\t\t<div class=\"elementor-element elementor-element-cae3fc9 e-con-full animated-slow e-flex elementor-invisible e-con e-child\" data-id=\"cae3fc9\" data-element_type=\"container\" data-e-type=\"container\" data-settings=\"{&quot;animation&quot;:&quot;fadeInDown&quot;,&quot;animation_delay&quot;:5}\">\n\t\t\t\t<div class=\"elementor-element elementor-element-09b7860 intro-section  negative-margin elementor-widget elementor-widget-text-editor\" data-id=\"09b7860\" data-element_type=\"widget\" data-e-type=\"widget\" data-widget_type=\"text-editor.default\">\n\t\t\t\t<div class=\"elementor-widget-container\">\n\t\t\t\t\t\t\t\t\t<p>Els investigadors ICREA s\u00f3n acad\u00e8mics enormement actius i generen una gran quantitat d&#8217;articles d&#8217;alt nivell, llibres i publicacions de tota mena, i tamb\u00e9 dirigeixen tesis doctoras, fan confer\u00e8ncies inaugurals a congressos i simposis, xerrades i tot tipus de producci\u00f3 acad\u00e8mica.<\/p>\n\t\t\t\t\t\t\t\t<\/div>\n\t\t\t\t<\/div>\n\t\t\t\t<\/div>\n\t\t\t\t\t<\/div>\n\t\t\t\t<\/div>\n\t\t<div class=\"elementor-element elementor-element-205f902 golden-section e-flex e-con-boxed e-con e-parent\" data-id=\"205f902\" data-element_type=\"container\" data-e-type=\"container\">\n\t\t\t\t\t<div class=\"e-con-inner\">\n\t\t<div class=\"elementor-element elementor-element-829335c e-con-full e-flex e-con e-child\" data-id=\"829335c\" data-element_type=\"container\" data-e-type=\"container\">\n\t\t\t\t<div class=\"elementor-element elementor-element-de012ef elementor-widget elementor-widget-heading\" data-id=\"de012ef\" data-element_type=\"widget\" data-e-type=\"widget\" data-widget_type=\"heading.default\">\n\t\t\t\t<div class=\"elementor-widget-container\">\n\t\t\t\t\t<h2 class=\"elementor-heading-title elementor-size-default\">PUBLICACIONS<\/h2>\t\t\t\t<\/div>\n\t\t\t\t<\/div>\n\t\t\t\t<div class=\"elementor-element elementor-element-b9c3d7e elementor-widget elementor-widget-text-editor\" data-id=\"b9c3d7e\" data-element_type=\"widget\" data-e-type=\"widget\" data-widget_type=\"text-editor.default\">\n\t\t\t\t<div class=\"elementor-widget-container\">\n\t\t\t\t\t\t\t\t\t<p>Anualment, els investigadors ICREA produeixen m\u00e9s de 2.000 publicacions. Un cop la tercera part de les publicacions dels investigadors ICREA Entre el 10% m\u00e9s citat.<\/p>\n\t\t\t\t\t\t\t\t<\/div>\n\t\t\t\t<\/div>\n\t\t\t\t<div class=\"elementor-element elementor-element-1e7d012 icrea-btn-black elementor-widget elementor-widget-button\" data-id=\"1e7d012\" data-element_type=\"widget\" data-e-type=\"widget\" data-widget_type=\"button.default\">\n\t\t\t\t<div class=\"elementor-widget-container\">\n\t\t\t\t\t\t\t\t\t<div class=\"elementor-button-wrapper\">\n\t\t\t\t\t<a class=\"elementor-button elementor-button-link elementor-size-sm\" href=\"https:\/\/www.icrea.cat\/impact\/research\/publications\/\">\n\t\t\t\t\t\t<span class=\"elementor-button-content-wrapper\">\n\t\t\t\t\t\t\t\t\t<span class=\"elementor-button-text\">Anar a publicacions<\/span>\n\t\t\t\t\t<\/span>\n\t\t\t\t\t<\/a>\n\t\t\t\t<\/div>\n\t\t\t\t\t\t\t\t<\/div>\n\t\t\t\t<\/div>\n\t\t\t\t<\/div>\n\t\t<div class=\"elementor-element elementor-element-1637789 e-con-full annual-control elementor-hidden-tablet elementor-hidden-mobile e-flex e-con e-child\" data-id=\"1637789\" data-element_type=\"container\" data-e-type=\"container\">\n\t\t\t\t<div class=\"elementor-element elementor-element-b0d263b elementor-widget elementor-widget-image\" data-id=\"b0d263b\" data-element_type=\"widget\" data-e-type=\"widget\" data-widget_type=\"image.default\">\n\t\t\t\t<div class=\"elementor-widget-container\">\n\t\t\t\t\t\t\t\t\t\t\t\t\t\t\t<img fetchpriority=\"high\" decoding=\"async\" width=\"800\" height=\"513\" src=\"https:\/\/www.icrea.cat\/wp-content\/uploads\/2024\/08\/Rectangle-45@2x-1024x657.jpg\" class=\"attachment-large size-large wp-image-5289\" alt=\"\" srcset=\"https:\/\/www.icrea.cat\/wp-content\/uploads\/2024\/08\/Rectangle-45@2x-1024x657.jpg 1024w, https:\/\/www.icrea.cat\/wp-content\/uploads\/2024\/08\/Rectangle-45@2x-300x192.jpg 300w, https:\/\/www.icrea.cat\/wp-content\/uploads\/2024\/08\/Rectangle-45@2x-768x493.jpg 768w, https:\/\/www.icrea.cat\/wp-content\/uploads\/2024\/08\/Rectangle-45@2x.jpg 1194w\" sizes=\"(max-width: 800px) 100vw, 800px\" \/>\t\t\t\t\t\t\t\t\t\t\t\t\t\t\t<\/div>\n\t\t\t\t<\/div>\n\t\t\t\t<\/div>\n\t\t\t\t\t<\/div>\n\t\t\t\t<\/div>\n\t\t<div class=\"elementor-element elementor-element-e3529a3 e-flex e-con-boxed e-con e-parent\" data-id=\"e3529a3\" data-element_type=\"container\" data-e-type=\"container\">\n\t\t\t\t\t<div class=\"e-con-inner\">\n\t\t<div class=\"elementor-element elementor-element-459954a e-con-full e-flex e-con e-child\" data-id=\"459954a\" data-element_type=\"container\" data-e-type=\"container\">\n\t\t\t\t<div class=\"elementor-element elementor-element-026fcf4 elementor-widget elementor-widget-image\" data-id=\"026fcf4\" data-element_type=\"widget\" data-e-type=\"widget\" data-widget_type=\"image.default\">\n\t\t\t\t<div class=\"elementor-widget-container\">\n\t\t\t\t\t\t\t\t\t\t\t\t\t\t\t<img decoding=\"async\" width=\"398\" height=\"484\" src=\"https:\/\/www.icrea.cat\/wp-content\/uploads\/2024\/08\/Mask-group.jpg\" class=\"attachment-large size-large wp-image-5295\" alt=\"\" srcset=\"https:\/\/www.icrea.cat\/wp-content\/uploads\/2024\/08\/Mask-group.jpg 398w, https:\/\/www.icrea.cat\/wp-content\/uploads\/2024\/08\/Mask-group-247x300.jpg 247w\" sizes=\"(max-width: 398px) 100vw, 398px\" \/>\t\t\t\t\t\t\t\t\t\t\t\t\t\t\t<\/div>\n\t\t\t\t<\/div>\n\t\t\t\t<\/div>\n\t\t<div class=\"elementor-element elementor-element-f940e97 e-con-full e-flex e-con e-child\" data-id=\"f940e97\" data-element_type=\"container\" data-e-type=\"container\">\n\t\t\t\t<div class=\"elementor-element elementor-element-fa96220 elementor-widget elementor-widget-heading\" data-id=\"fa96220\" data-element_type=\"widget\" data-e-type=\"widget\" data-widget_type=\"heading.default\">\n\t\t\t\t<div class=\"elementor-widget-container\">\n\t\t\t\t\t<h2 class=\"elementor-heading-title elementor-size-default\">ALTRES PRODUCCIONS <mark>CIENT\u00cdFIQUES<\/mark><\/h2>\t\t\t\t<\/div>\n\t\t\t\t<\/div>\n\t\t\t\t<div class=\"elementor-element elementor-element-71b18ce elementor-widget elementor-widget-text-editor\" data-id=\"71b18ce\" data-element_type=\"widget\" data-e-type=\"widget\" data-widget_type=\"text-editor.default\">\n\t\t\t\t<div class=\"elementor-widget-container\">\n\t\t\t\t\t\t\t\t\t<p>L&#8217;any 2024, investigadors ICREA van dirigir 182 tesis doctorals, van impartir 170 Cursos de postgrau i m\u00e9s de 300 xerrades magistrals.<\/p>\n\t\t\t\t\t\t\t\t<\/div>\n\t\t\t\t<\/div>\n\t\t\t\t<div class=\"elementor-element elementor-element-1d117f2 icrea-btn elementor-widget elementor-widget-button\" data-id=\"1d117f2\" data-element_type=\"widget\" data-e-type=\"widget\" data-widget_type=\"button.default\">\n\t\t\t\t<div class=\"elementor-widget-container\">\n\t\t\t\t\t\t\t\t\t<div class=\"elementor-button-wrapper\">\n\t\t\t\t\t<a class=\"elementor-button elementor-button-link elementor-size-sm\" href=\"https:\/\/www.icrea.cat\/impact\/research\/scientific-production\/\">\n\t\t\t\t\t\t<span class=\"elementor-button-content-wrapper\">\n\t\t\t\t\t\t\t\t\t<span class=\"elementor-button-text\">Anar a altres producciones cient\u00edfiques<\/span>\n\t\t\t\t\t<\/span>\n\t\t\t\t\t<\/a>\n\t\t\t\t<\/div>\n\t\t\t\t\t\t\t\t<\/div>\n\t\t\t\t<\/div>\n\t\t\t\t<\/div>\n\t\t\t\t\t<\/div>\n\t\t\t\t<\/div>\n\t\t\t\t<\/div>\n\t\t","protected":false},"excerpt":{"rendered":"<p>Recerca Els investigadors ICREA s\u00f3n acad\u00e8mics enormement actius i generen una gran quantitat d&#8217;articles d&#8217;alt nivell, llibres i publicacions de tota mena, i tamb\u00e9 dirigeixen tesis doctoras, fan confer\u00e8ncies inaugurals a congressos i simposis, xerrades i tot tipus de producci\u00f3 acad\u00e8mica. PUBLICACIONS Anualment, els investigadors ICREA produeixen m\u00e9s de 2.000 publicacions. Un cop la tercera [&hellip;]<\/p>\n","protected":false},"author":1,"featured_media":0,"parent":7165,"menu_order":0,"comment_status":"closed","ping_status":"closed","template":"","meta":{"_acf_changed":false,"footnotes":""},"class_list":["post-7312","page","type-page","status-publish","hentry"],"acf":[],"yoast_head":"<!-- This site is optimized with the Yoast SEO plugin v27.4 - https:\/\/yoast.com\/product\/yoast-seo-wordpress\/ -->\n<title>Recerca - ICREA<\/title>\n<meta name=\"robots\" content=\"index, follow, max-snippet:-1, max-image-preview:large, max-video-preview:-1\" \/>\n<link rel=\"canonical\" href=\"https:\/\/www.icrea.cat\/impact\/research\/\" \/>\n<meta property=\"og:locale\" content=\"ca_ES\" \/>\n<meta property=\"og:type\" content=\"article\" \/>\n<meta property=\"og:title\" content=\"Recerca - ICREA\" \/>\n<meta property=\"og:description\" content=\"Recerca Els investigadors ICREA s\u00f3n acad\u00e8mics enormement actius i generen una gran quantitat d&#8217;articles d&#8217;alt nivell, llibres i publicacions de tota mena, i tamb\u00e9 dirigeixen tesis doctoras, fan confer\u00e8ncies inaugurals a congressos i simposis, xerrades i tot tipus de producci\u00f3 acad\u00e8mica. PUBLICACIONS Anualment, els investigadors ICREA produeixen m\u00e9s de 2.000 publicacions. Un cop la tercera [&hellip;]\" \/>\n<meta property=\"og:url\" content=\"https:\/\/www.icrea.cat\/impact\/research\/\" \/>\n<meta property=\"og:site_name\" content=\"ICREA\" \/>\n<meta property=\"article:modified_time\" content=\"2024-10-24T15:28:50+00:00\" \/>\n<meta property=\"og:image\" content=\"https:\/\/www.icrea.cat\/wp-content\/uploads\/2024\/08\/Rectangle-45@2x.jpg\" \/>\n\t<meta property=\"og:image:width\" content=\"1194\" \/>\n\t<meta property=\"og:image:height\" content=\"766\" \/>\n\t<meta property=\"og:image:type\" content=\"image\/jpeg\" \/>\n<meta name=\"twitter:card\" content=\"summary_large_image\" \/>\n<meta name=\"twitter:label1\" content=\"Temps estimat de lectura\" \/>\n\t<meta name=\"twitter:data1\" content=\"1 minut\" \/>\n<script type=\"application\/ld+json\" class=\"yoast-schema-graph\">{\"@context\":\"https:\\\/\\\/schema.org\",\"@graph\":[{\"@type\":\"WebPage\",\"@id\":\"https:\\\/\\\/www.icrea.cat\\\/impact\\\/research\\\/\",\"url\":\"https:\\\/\\\/www.icrea.cat\\\/impact\\\/research\\\/\",\"name\":\"Recerca - ICREA\",\"isPartOf\":{\"@id\":\"https:\\\/\\\/www.icrea.cat\\\/#website\"},\"primaryImageOfPage\":{\"@id\":\"https:\\\/\\\/www.icrea.cat\\\/impact\\\/research\\\/#primaryimage\"},\"image\":{\"@id\":\"https:\\\/\\\/www.icrea.cat\\\/impact\\\/research\\\/#primaryimage\"},\"thumbnailUrl\":\"https:\\\/\\\/www.icrea.cat\\\/wp-content\\\/uploads\\\/2024\\\/08\\\/Rectangle-45@2x-1024x657.jpg\",\"datePublished\":\"2024-08-14T07:35:47+00:00\",\"dateModified\":\"2024-10-24T15:28:50+00:00\",\"breadcrumb\":{\"@id\":\"https:\\\/\\\/www.icrea.cat\\\/impact\\\/research\\\/#breadcrumb\"},\"inLanguage\":\"ca\",\"potentialAction\":[{\"@type\":\"ReadAction\",\"target\":[\"https:\\\/\\\/www.icrea.cat\\\/impact\\\/research\\\/\"]}]},{\"@type\":\"ImageObject\",\"inLanguage\":\"ca\",\"@id\":\"https:\\\/\\\/www.icrea.cat\\\/impact\\\/research\\\/#primaryimage\",\"url\":\"https:\\\/\\\/www.icrea.cat\\\/wp-content\\\/uploads\\\/2024\\\/08\\\/Rectangle-45@2x-1024x657.jpg\",\"contentUrl\":\"https:\\\/\\\/www.icrea.cat\\\/wp-content\\\/uploads\\\/2024\\\/08\\\/Rectangle-45@2x-1024x657.jpg\"},{\"@type\":\"BreadcrumbList\",\"@id\":\"https:\\\/\\\/www.icrea.cat\\\/impact\\\/research\\\/#breadcrumb\",\"itemListElement\":[{\"@type\":\"ListItem\",\"position\":1,\"name\":\"Home\",\"item\":\"https:\\\/\\\/www.icrea.cat\\\/ca\\\/\"},{\"@type\":\"ListItem\",\"position\":2,\"name\":\"Impact\",\"item\":\"https:\\\/\\\/www.icrea.cat\\\/impact\\\/\"},{\"@type\":\"ListItem\",\"position\":3,\"name\":\"Recerca\"}]},{\"@type\":\"WebSite\",\"@id\":\"https:\\\/\\\/www.icrea.cat\\\/#website\",\"url\":\"https:\\\/\\\/www.icrea.cat\\\/\",\"name\":\"ICREA\",\"description\":\"\",\"publisher\":{\"@id\":\"https:\\\/\\\/www.icrea.cat\\\/#organization\"},\"potentialAction\":[{\"@type\":\"SearchAction\",\"target\":{\"@type\":\"EntryPoint\",\"urlTemplate\":\"https:\\\/\\\/www.icrea.cat\\\/?s={search_term_string}\"},\"query-input\":{\"@type\":\"PropertyValueSpecification\",\"valueRequired\":true,\"valueName\":\"search_term_string\"}}],\"inLanguage\":\"ca\"},{\"@type\":\"Organization\",\"@id\":\"https:\\\/\\\/www.icrea.cat\\\/#organization\",\"name\":\"ICREA\",\"url\":\"https:\\\/\\\/www.icrea.cat\\\/\",\"logo\":{\"@type\":\"ImageObject\",\"inLanguage\":\"ca\",\"@id\":\"https:\\\/\\\/www.icrea.cat\\\/#\\\/schema\\\/logo\\\/image\\\/\",\"url\":\"https:\\\/\\\/www.icrea.cat\\\/wp-content\\\/uploads\\\/2025\\\/01\\\/cropped-logo-icrea-claim-white.png\",\"contentUrl\":\"https:\\\/\\\/www.icrea.cat\\\/wp-content\\\/uploads\\\/2025\\\/01\\\/cropped-logo-icrea-claim-white.png\",\"width\":1658,\"height\":709,\"caption\":\"ICREA\"},\"image\":{\"@id\":\"https:\\\/\\\/www.icrea.cat\\\/#\\\/schema\\\/logo\\\/image\\\/\"}}]}<\/script>\n<!-- \/ Yoast SEO plugin. -->","yoast_head_json":{"title":"Recerca - ICREA","robots":{"index":"index","follow":"follow","max-snippet":"max-snippet:-1","max-image-preview":"max-image-preview:large","max-video-preview":"max-video-preview:-1"},"canonical":"https:\/\/www.icrea.cat\/impact\/research\/","og_locale":"ca_ES","og_type":"article","og_title":"Recerca - ICREA","og_description":"Recerca Els investigadors ICREA s\u00f3n acad\u00e8mics enormement actius i generen una gran quantitat d&#8217;articles d&#8217;alt nivell, llibres i publicacions de tota mena, i tamb\u00e9 dirigeixen tesis doctoras, fan confer\u00e8ncies inaugurals a congressos i simposis, xerrades i tot tipus de producci\u00f3 acad\u00e8mica. PUBLICACIONS Anualment, els investigadors ICREA produeixen m\u00e9s de 2.000 publicacions. Un cop la tercera [&hellip;]","og_url":"https:\/\/www.icrea.cat\/impact\/research\/","og_site_name":"ICREA","article_modified_time":"2024-10-24T15:28:50+00:00","og_image":[{"width":1194,"height":766,"url":"https:\/\/www.icrea.cat\/wp-content\/uploads\/2024\/08\/Rectangle-45@2x.jpg","type":"image\/jpeg"}],"twitter_card":"summary_large_image","twitter_misc":{"Temps estimat de lectura":"1 minut"},"schema":{"@context":"https:\/\/schema.org","@graph":[{"@type":"WebPage","@id":"https:\/\/www.icrea.cat\/impact\/research\/","url":"https:\/\/www.icrea.cat\/impact\/research\/","name":"Recerca - ICREA","isPartOf":{"@id":"https:\/\/www.icrea.cat\/#website"},"primaryImageOfPage":{"@id":"https:\/\/www.icrea.cat\/impact\/research\/#primaryimage"},"image":{"@id":"https:\/\/www.icrea.cat\/impact\/research\/#primaryimage"},"thumbnailUrl":"https:\/\/www.icrea.cat\/wp-content\/uploads\/2024\/08\/Rectangle-45@2x-1024x657.jpg","datePublished":"2024-08-14T07:35:47+00:00","dateModified":"2024-10-24T15:28:50+00:00","breadcrumb":{"@id":"https:\/\/www.icrea.cat\/impact\/research\/#breadcrumb"},"inLanguage":"ca","potentialAction":[{"@type":"ReadAction","target":["https:\/\/www.icrea.cat\/impact\/research\/"]}]},{"@type":"ImageObject","inLanguage":"ca","@id":"https:\/\/www.icrea.cat\/impact\/research\/#primaryimage","url":"https:\/\/www.icrea.cat\/wp-content\/uploads\/2024\/08\/Rectangle-45@2x-1024x657.jpg","contentUrl":"https:\/\/www.icrea.cat\/wp-content\/uploads\/2024\/08\/Rectangle-45@2x-1024x657.jpg"},{"@type":"BreadcrumbList","@id":"https:\/\/www.icrea.cat\/impact\/research\/#breadcrumb","itemListElement":[{"@type":"ListItem","position":1,"name":"Home","item":"https:\/\/www.icrea.cat\/ca\/"},{"@type":"ListItem","position":2,"name":"Impact","item":"https:\/\/www.icrea.cat\/impact\/"},{"@type":"ListItem","position":3,"name":"Recerca"}]},{"@type":"WebSite","@id":"https:\/\/www.icrea.cat\/#website","url":"https:\/\/www.icrea.cat\/","name":"ICREA","description":"","publisher":{"@id":"https:\/\/www.icrea.cat\/#organization"},"potentialAction":[{"@type":"SearchAction","target":{"@type":"EntryPoint","urlTemplate":"https:\/\/www.icrea.cat\/?s={search_term_string}"},"query-input":{"@type":"PropertyValueSpecification","valueRequired":true,"valueName":"search_term_string"}}],"inLanguage":"ca"},{"@type":"Organization","@id":"https:\/\/www.icrea.cat\/#organization","name":"ICREA","url":"https:\/\/www.icrea.cat\/","logo":{"@type":"ImageObject","inLanguage":"ca","@id":"https:\/\/www.icrea.cat\/#\/schema\/logo\/image\/","url":"https:\/\/www.icrea.cat\/wp-content\/uploads\/2025\/01\/cropped-logo-icrea-claim-white.png","contentUrl":"https:\/\/www.icrea.cat\/wp-content\/uploads\/2025\/01\/cropped-logo-icrea-claim-white.png","width":1658,"height":709,"caption":"ICREA"},"image":{"@id":"https:\/\/www.icrea.cat\/#\/schema\/logo\/image\/"}}]}},"_links":{"self":[{"href":"https:\/\/www.icrea.cat\/ca\/wp-json\/wp\/v2\/pages\/7312","targetHints":{"allow":["GET"]}}],"collection":[{"href":"https:\/\/www.icrea.cat\/ca\/wp-json\/wp\/v2\/pages"}],"about":[{"href":"https:\/\/www.icrea.cat\/ca\/wp-json\/wp\/v2\/types\/page"}],"author":[{"embeddable":true,"href":"https:\/\/www.icrea.cat\/ca\/wp-json\/wp\/v2\/users\/1"}],"replies":[{"embeddable":true,"href":"https:\/\/www.icrea.cat\/ca\/wp-json\/wp\/v2\/comments?post=7312"}],"version-history":[{"count":1,"href":"https:\/\/www.icrea.cat\/ca\/wp-json\/wp\/v2\/pages\/7312\/revisions"}],"predecessor-version":[{"id":7313,"href":"https:\/\/www.icrea.cat\/ca\/wp-json\/wp\/v2\/pages\/7312\/revisions\/7313"}],"up":[{"embeddable":true,"href":"https:\/\/www.icrea.cat\/ca\/wp-json\/wp\/v2\/pages\/7165"}],"wp:attachment":[{"href":"https:\/\/www.icrea.cat\/ca\/wp-json\/wp\/v2\/media?parent=7312"}],"curies":[{"name":"wp","href":"https:\/\/api.w.org\/{rel}","templated":true}]}}