{"id":7303,"date":"2024-01-30T09:34:38","date_gmt":"2024-01-30T08:34:38","guid":{"rendered":"https:\/\/www.icrea.cat\/impact\/divulgacion\/resultats-destacats\/"},"modified":"2024-10-24T17:13:05","modified_gmt":"2024-10-24T15:13:05","slug":"resultats-destacats","status":"publish","type":"page","link":"https:\/\/www.icrea.cat\/ca\/impacte\/divulgacio\/resultats-destacats\/","title":{"rendered":"Resultats destacats"},"content":{"rendered":"\t\t<div data-elementor-type=\"wp-page\" data-elementor-id=\"7303\" class=\"elementor elementor-7303 elementor-737\">\n\t\t\t\t<div class=\"elementor-element elementor-element-8b1edc8 hero-banner-def e-flex e-con-boxed e-con e-parent\" data-id=\"8b1edc8\" data-element_type=\"container\" data-e-type=\"container\" data-settings=\"{&quot;background_background&quot;:&quot;slideshow&quot;,&quot;background_slideshow_gallery&quot;:[{&quot;id&quot;:538,&quot;url&quot;:&quot;https:\\\/\\\/www.icrea.cat\\\/wp-content\\\/uploads\\\/2024\\\/01\\\/hero-publications.png&quot;}],&quot;background_slideshow_loop&quot;:&quot;yes&quot;,&quot;background_slideshow_slide_duration&quot;:5000,&quot;background_slideshow_slide_transition&quot;:&quot;fade&quot;,&quot;background_slideshow_transition_duration&quot;:500}\">\n\t\t\t\t\t<div class=\"e-con-inner\">\n\t\t\t\t<div class=\"elementor-element elementor-element-324ee48 elementor-invisible elementor-widget elementor-widget-heading\" data-id=\"324ee48\" data-element_type=\"widget\" data-e-type=\"widget\" data-settings=\"{&quot;_animation&quot;:&quot;fadeInDown&quot;}\" data-widget_type=\"heading.default\">\n\t\t\t\t<div class=\"elementor-widget-container\">\n\t\t\t\t\t<h1 class=\"elementor-heading-title elementor-size-default\">Resultats <mark>destacats<\/mark><\/h1>\t\t\t\t<\/div>\n\t\t\t\t<\/div>\n\t\t\t\t\t<\/div>\n\t\t\t\t<\/div>\n\t\t<div class=\"elementor-element elementor-element-9657982 custom-intro e-flex e-con-boxed e-con e-parent\" data-id=\"9657982\" data-element_type=\"container\" data-e-type=\"container\" data-settings=\"{&quot;background_background&quot;:&quot;classic&quot;}\">\n\t\t\t\t\t<div class=\"e-con-inner\">\n\t\t<div class=\"elementor-element elementor-element-e97ba79 e-con-full animated-slow e-flex elementor-invisible e-con e-child\" data-id=\"e97ba79\" data-element_type=\"container\" data-e-type=\"container\" data-settings=\"{&quot;animation&quot;:&quot;fadeInDown&quot;,&quot;animation_delay&quot;:5}\">\n\t\t\t\t<div class=\"elementor-element elementor-element-c034237 intro-section  negative-margin elementor-widget elementor-widget-text-editor\" data-id=\"c034237\" data-element_type=\"widget\" data-e-type=\"widget\" data-widget_type=\"text-editor.default\">\n\t\t\t\t<div class=\"elementor-widget-container\">\n\t\t\t\t\t\t\t\t\t<p>Cada any, un comit\u00e8 d&#8217;experts s&#8217;ha d&#8217;enfrontar a la dif\u00edcil tasca d&#8217;escolllir, d&#8217;entre totes les publicacions ICREA, unes poques que destaquin sobre la resta. \u00c9s tot un repte: de vegades els debats s&#8217;acaloren, i sempre s\u00f3n dif\u00edcils, per\u00f2 acaba sortint-ne una llista amb les millors publicacions de l&#8217;any. No es concedeix cap premi, i l&#8217;\u00fanic reconeixement addicional \u00e9s l&#8217;honor d&#8217;\u00e9sser presentat com a Highlight. Cada publicaci\u00f3 t\u00e9 alguna cosa especial, sia una soluci\u00f3 especialment elegant a un vell problema, un res\u00f3 espectacular als mitjans de comunicaci\u00f3 o simplement, la fascinaci\u00f3 d&#8217;una idea revolucion\u00e0ria. Independentment del motiu, es tracta dels millors dels millors i, com a tals, ens plau compartir-los aqu\u00ed.     <\/p>\n\t\t\t\t\t\t\t\t<\/div>\n\t\t\t\t<\/div>\n\t\t\t\t<\/div>\n\t\t\t\t\t<\/div>\n\t\t\t\t<\/div>\n\t\t<div class=\"elementor-element elementor-element-4ae4103 e-flex e-con-boxed e-con e-parent\" data-id=\"4ae4103\" data-element_type=\"container\" data-e-type=\"container\">\n\t\t\t\t\t<div class=\"e-con-inner\">\n\t\t\t\t<div class=\"elementor-element elementor-element-ab821e7 elementor-widget elementor-widget-widget_highlights_search\" data-id=\"ab821e7\" data-element_type=\"widget\" data-e-type=\"widget\" data-widget_type=\"widget_highlights_search.default\">\n\t\t\t\t<div class=\"elementor-widget-container\">\n\t\t\t\t\t\n<form class=\"form-icrea-search\" onsubmit=\"sendfilters()\">\n    <div class=\"col-3\">\n        <label for=\"\">Nom<\/label>\n        <input type=\"text\" id=\"highlights_input_title_name\" name=\"highlights_input_title_name\">\n    <\/div>\n    <div class=\"col-3\">\n        <label for=\"\">Text o refer\u00e8ncia<\/label>\n        <input type=\"text\" id=\"highlights_input_text_name\" name=\"highlights_input_text_name\">\n    <\/div>\n    <div class=\"col-3\">\n        <label for=\"\">Area<\/label>\n        <select class=\"select2\" name=\"highlights_input_area\" id=\"highlights_input_area\">\n            <option value=\"\" selected>Totes<\/option>\n                            <option value=\"70\">Social & Behavioural Sciences<\/option>\n                            <option value=\"71\">Humanities<\/option>\n                            <option value=\"72\">Experimental Sciences & Mathematics<\/option>\n                            <option value=\"73\">Engineering Sciences<\/option>\n                            <option value=\"74\">Life & Medical Sciences<\/option>\n                    <\/select>\n    <\/div>\n    <div class=\"col-3\">\n        <label for=\"\">Any<\/label>\n        <select name=\"highlights_select_year\" id=\"highlights_select_year\">\n            <option value=\"\">Totes<\/option>\n                            <option value=\"2025\" selected>2025<\/option>\n                                    <option value=\"2024\">2024<\/option>\n                                    <option value=\"2023\">2023<\/option>\n                                    <option value=\"2022\">2022<\/option>\n                                    <option value=\"2021\">2021<\/option>\n                                    <option value=\"2020\">2020<\/option>\n                                    <option value=\"2019\">2019<\/option>\n                                    <option value=\"2018\">2018<\/option>\n                                    <option value=\"2017\">2017<\/option>\n                                    <option value=\"2016\">2016<\/option>\n                                    <\/select>\n    <\/div>\n    <div class=\"col-2\">\n        <button type=\"submit\">Cerca <img decoding=\"async\" src=\"\/wp-content\/uploads\/2024\/04\/search-line.svg\"><\/button>\n    <\/div>\n<\/form>\n\n<script>\n    localStorage.removeItem(\"highlights_input_text_name\");\n    localStorage.removeItem(\"highlights_input_title_name\");\n    localStorage.removeItem(\"highlights_select_year\");\n    localStorage.removeItem(\"highlights_input_area\");\n\n    function sendfilters() {\n        event.preventDefault()\n        jQuery(function($) {\n\n            localStorage.removeItem(\"highlights_input_title_name\");\n            localStorage.removeItem(\"highlights_input_text_name\");\n            localStorage.removeItem(\"highlights_select_year\");\n            localStorage.removeItem(\"highlights_input_area\");\n\n            if ($(\"#highlights_input_title_name\").val()) {\n                localStorage.setItem(\"highlights_input_title_name\", $(\"#highlights_input_title_name\").val()) \n            }\n            if ($(\"#highlights_input_text_name\").val()) {\n                localStorage.setItem(\"highlights_input_text_name\", $(\"#highlights_input_text_name\").val()) \n            }\n            if ($(\"#highlights_select_year\").val()) {\n                localStorage.setItem(\"highlights_select_year\", $(\"#highlights_select_year\").val())\n            }\n            if ($(\"#highlights_input_area\").val()) {\n                localStorage.setItem(\"highlights_input_area\", $(\"#highlights_input_area\").val())\n            }\n            \n            let filters = {\n                'highlights_input_title_name': localStorage.getItem('highlights_input_title_name'),\n                'highlights_input_text_name': localStorage.getItem('highlights_input_text_name'),\n                'highlights_select_year': localStorage.getItem('highlights_select_year'),\n                'highlights_input_area': localStorage.getItem('highlights_input_area'),\n            };\n\n            $.ajax({\n                url: '\/wp-admin\/admin-ajax.php',\n                type: 'POST',\n                data: {\n                    action: 'filter',\n                    filters: JSON.stringify(filters),\n                    template: 'templates\/highlights\/highlights.php',\n                    id: 'icrea-section',\n                    url: 'memoir-highlights',\n                },\n                beforeSend: function() {\n                    $('#icrea-section').html('<div class=\"icrea-loader-container\"><div class=\"icrea-loader\"><\/div><\/div>')\n                },\n                success: function(response) {\n                    $('#icrea-section').html(response)\n                },\n            });\n        });\n    }\n<\/script>\t\t\t\t<\/div>\n\t\t\t\t<\/div>\n\t\t\t\t<div class=\"elementor-element elementor-element-f1300f2 elementor-widget elementor-widget-widget_hightlights\" data-id=\"f1300f2\" data-element_type=\"widget\" data-e-type=\"widget\" data-widget_type=\"widget_hightlights.default\">\n\t\t\t\t<div class=\"elementor-widget-container\">\n\t\t\t\t\t\n<div id=\"icrea-section\">\n    <div class='icrea-section-header'>\n        <h2><span>0<\/span> resultats<\/h2>\n    <\/div>\n\n    <div class='row-cards-icrea'>\n            <\/div>\n\n    \n\n<script>\n\n    function reloadPage(page = 1) {\n        jQuery(function($) {\n\n            const filters = {};\n            const jsonFiltersPhp = '[\"highlights_input_text_name\",\"highlights_input_number_year\"]'\n            const arrayFilters = JSON.parse(jsonFiltersPhp)\n\n            arrayFilters.forEach(item => filters[item] = localStorage.getItem(item))\n\n            const classTab = '' || null\n            let tabSelected = null\n\n            if (classTab)\u00a0{\n                $(`.${classTab}`).each(function () {\n                    if ($(this).hasClass('active')) {\n                        tabSelected = $(this).attr('id')\n                    }\n                })\n            }\n\n            $.ajax({\n                url: '\/wp-admin\/admin-ajax.php',\n                type: 'POST',\n                data: {\n                    action: 'loadPage',\n                    page,\n                    template: 'templates\/highlights\/highlights.php',\n                    id: 'icrea-section',\n                    url: 'memoir-highlights',\n                    filters: JSON.stringify(filters),\n                    tab: '',\n                    classTab: '',\n                    paginateContent: 0                },\n                beforeSend: function() {\n                    $('#icrea-section').html('<div class=\"icrea-loader-container\"><div class=\"icrea-loader\"><\/div><\/div>')\n                },\n                success: function(response) {\n                    $('#icrea-section').html(response)\n                },\n            });\n        });\n    }\n<\/script>\n<\/div>\t\t\t\t<\/div>\n\t\t\t\t<\/div>\n\t\t\t\t\t<\/div>\n\t\t\t\t<\/div>\n\t\t<div class=\"elementor-element elementor-element-254fe9c golden-section e-flex e-con-boxed e-con e-parent\" data-id=\"254fe9c\" data-element_type=\"container\" data-e-type=\"container\">\n\t\t\t\t\t<div class=\"e-con-inner\">\n\t\t<div class=\"elementor-element elementor-element-df1b12b e-con-full e-flex e-con e-child\" data-id=\"df1b12b\" data-element_type=\"container\" data-e-type=\"container\">\n\t\t\t\t<div class=\"elementor-element elementor-element-839e4ef elementor-widget elementor-widget-heading\" data-id=\"839e4ef\" data-element_type=\"widget\" data-e-type=\"widget\" data-widget_type=\"heading.default\">\n\t\t\t\t<div class=\"elementor-widget-container\">\n\t\t\t\t\t<h2 class=\"elementor-heading-title elementor-size-default\">INFORME ANUAL<\/h2>\t\t\t\t<\/div>\n\t\t\t\t<\/div>\n\t\t\t\t<div class=\"elementor-element elementor-element-1ca0608 elementor-widget elementor-widget-text-editor\" data-id=\"1ca0608\" data-element_type=\"widget\" data-e-type=\"widget\" data-widget_type=\"text-editor.default\">\n\t\t\t\t<div class=\"elementor-widget-container\">\n\t\t\t\t\t\t\t\t\t<p>Aquests informes de recerca resumeixen el treball realitzat durant un any.<\/p>\n\t\t\t\t\t\t\t\t<\/div>\n\t\t\t\t<\/div>\n\t\t\t\t<div class=\"elementor-element elementor-element-04b44d3 elementor-widget elementor-widget-text-editor\" data-id=\"04b44d3\" data-element_type=\"widget\" data-e-type=\"widget\" data-widget_type=\"text-editor.default\">\n\t\t\t\t<div class=\"elementor-widget-container\">\n\t\t\t\t\t\t\t\t\t<p>Les publicacions s\u00f3n la part m\u00e9s visible de la recerca, per\u00f2 tamb\u00e9 cal tenir en compte altres elements que mostren la contribuci\u00f3 dels nostres investigadors a la millora del sistema catal\u00e0 de R+D: creaci\u00f3 de nous equips d&#8217;investigaci\u00f3 i obertura de noves l\u00ednies de recerca, consolidaci\u00f3 d&#8217;equips i \u00e0rees de recerca ja existents, tutoritzaci\u00f3 de tesis doctorals, doc\u00e8ncia en tots els nivells acad\u00e8mics, etc.<\/p>\n\t\t\t\t\t\t\t\t<\/div>\n\t\t\t\t<\/div>\n\t\t\t\t<div class=\"elementor-element elementor-element-a4c8b97 elementor-widget elementor-widget-text-editor\" data-id=\"a4c8b97\" data-element_type=\"widget\" data-e-type=\"widget\" data-widget_type=\"text-editor.default\">\n\t\t\t\t<div class=\"elementor-widget-container\">\n\t\t\t\t\t\t\t\t\t<p>Aix\u00ed, les dades contingudes en els informes intenten quantificar no nom\u00e9s la producci\u00f3 cient\u00edfica dels nostres investigadors, sin\u00f3 tamb\u00e9 el seu impacte m\u00e9s ampli en el sistema de recerca.<\/p>\n\t\t\t\t\t\t\t\t<\/div>\n\t\t\t\t<\/div>\n\t\t\t\t<div class=\"elementor-element elementor-element-2e28111 elementor-widget elementor-widget-text-editor\" data-id=\"2e28111\" data-element_type=\"widget\" data-e-type=\"widget\" data-widget_type=\"text-editor.default\">\n\t\t\t\t<div class=\"elementor-widget-container\">\n\t\t\t\t\t\t\t\t\t<p>La nostra mem\u00f2ria m\u00e9s recent \u00e9s la de 2025. <strong>Feu clic a la imatge per a visitar-la<\/strong>. Esperem que us agradi. <\/p>\n\t\t\t\t\t\t\t\t<\/div>\n\t\t\t\t<\/div>\n\t\t\t\t<div class=\"elementor-element elementor-element-223236b icrea-btn elementor-widget elementor-widget-button\" data-id=\"223236b\" data-element_type=\"widget\" data-e-type=\"widget\" data-widget_type=\"button.default\">\n\t\t\t\t<div class=\"elementor-widget-container\">\n\t\t\t\t\t\t\t\t\t<div class=\"elementor-button-wrapper\">\n\t\t\t\t\t<a class=\"elementor-button elementor-button-link elementor-size-sm\" href=\"\/annual-reports\/\" target=\"_blank\">\n\t\t\t\t\t\t<span class=\"elementor-button-content-wrapper\">\n\t\t\t\t\t\t\t\t\t<span class=\"elementor-button-text\">Anar a Informe anual<\/span>\n\t\t\t\t\t<\/span>\n\t\t\t\t\t<\/a>\n\t\t\t\t<\/div>\n\t\t\t\t\t\t\t\t<\/div>\n\t\t\t\t<\/div>\n\t\t\t\t<\/div>\n\t\t<div class=\"elementor-element elementor-element-0999450 e-con-full annual-control e-flex e-con e-child\" data-id=\"0999450\" data-element_type=\"container\" data-e-type=\"container\">\n\t\t\t\t<div class=\"elementor-element elementor-element-2add021 elementor-widget elementor-widget-shortcode\" data-id=\"2add021\" data-element_type=\"widget\" data-e-type=\"widget\" data-widget_type=\"shortcode.default\">\n\t\t\t\t<div class=\"elementor-widget-container\">\n\t\t\t\t\t\t\t<div class=\"elementor-shortcode\">    <a href=\"https:\/\/memoir.icrea.cat\" title=\"Memoir 2025\">\n        <img decoding=\"async\" src=\"https:\/\/api.icrea.cat\/api\/show-file\/54111?token=e93QZVcbwi9MQxRz6wtTQzfAHr28aOEUdAPEPJfy2lA4d7E1KuZ61cSaXiLAPtqq\" alt=\"\">\n    <\/a><\/div>\n\t\t\t\t\t\t<\/div>\n\t\t\t\t<\/div>\n\t\t\t\t<\/div>\n\t\t\t\t\t<\/div>\n\t\t\t\t<\/div>\n\t\t\t\t<\/div>\n\t\t","protected":false},"excerpt":{"rendered":"<p>Resultats destacats Cada any, un comit\u00e8 d&#8217;experts s&#8217;ha d&#8217;enfrontar a la dif\u00edcil tasca d&#8217;escolllir, d&#8217;entre totes les publicacions ICREA, unes poques que destaquin sobre la resta. \u00c9s tot un repte: de vegades els debats s&#8217;acaloren, i sempre s\u00f3n dif\u00edcils, per\u00f2 acaba sortint-ne una llista amb les millors publicacions de l&#8217;any. No es concedeix cap premi, [&hellip;]<\/p>\n","protected":false},"author":1,"featured_media":0,"parent":7213,"menu_order":0,"comment_status":"closed","ping_status":"closed","template":"","meta":{"_acf_changed":false,"footnotes":""},"class_list":["post-7303","page","type-page","status-publish","hentry"],"acf":[],"yoast_head":"<!-- This site is optimized with the Yoast SEO plugin v27.4 - https:\/\/yoast.com\/product\/yoast-seo-wordpress\/ -->\n<title>Resultats destacats - ICREA<\/title>\n<meta name=\"robots\" content=\"index, follow, max-snippet:-1, max-image-preview:large, max-video-preview:-1\" \/>\n<link rel=\"canonical\" href=\"https:\/\/www.icrea.cat\/ca\/impacte\/divulgacio\/resultats-destacats\/\" \/>\n<meta property=\"og:locale\" content=\"ca_ES\" \/>\n<meta property=\"og:type\" content=\"article\" \/>\n<meta property=\"og:title\" content=\"Resultats destacats - ICREA\" \/>\n<meta property=\"og:description\" content=\"Resultats destacats Cada any, un comit\u00e8 d&#8217;experts s&#8217;ha d&#8217;enfrontar a la dif\u00edcil tasca d&#8217;escolllir, d&#8217;entre totes les publicacions ICREA, unes poques que destaquin sobre la resta. \u00c9s tot un repte: de vegades els debats s&#8217;acaloren, i sempre s\u00f3n dif\u00edcils, per\u00f2 acaba sortint-ne una llista amb les millors publicacions de l&#8217;any. No es concedeix cap premi, [&hellip;]\" \/>\n<meta property=\"og:url\" content=\"https:\/\/www.icrea.cat\/ca\/impacte\/divulgacio\/resultats-destacats\/\" \/>\n<meta property=\"og:site_name\" content=\"ICREA\" \/>\n<meta property=\"article:modified_time\" content=\"2024-10-24T15:13:05+00:00\" \/>\n<meta property=\"og:image\" content=\"https:\/\/api.icrea.cat\/api\/show-file\/23952?token=e93QZVcbwi9MQxRz6wtTQzfAHr28aOEUdAPEPJfy2lA4d7E1KuZ61cSaXiLAPtqq\" \/>\n<meta name=\"twitter:card\" content=\"summary_large_image\" \/>\n<meta name=\"twitter:label1\" content=\"Temps estimat de lectura\" \/>\n\t<meta name=\"twitter:data1\" content=\"3 minuts\" \/>\n<script type=\"application\/ld+json\" class=\"yoast-schema-graph\">{\"@context\":\"https:\\\/\\\/schema.org\",\"@graph\":[{\"@type\":\"WebPage\",\"@id\":\"https:\\\/\\\/www.icrea.cat\\\/ca\\\/impacte\\\/divulgacio\\\/resultats-destacats\\\/\",\"url\":\"https:\\\/\\\/www.icrea.cat\\\/ca\\\/impacte\\\/divulgacio\\\/resultats-destacats\\\/\",\"name\":\"Resultats destacats - ICREA\",\"isPartOf\":{\"@id\":\"https:\\\/\\\/www.icrea.cat\\\/#website\"},\"primaryImageOfPage\":{\"@id\":\"https:\\\/\\\/www.icrea.cat\\\/ca\\\/impacte\\\/divulgacio\\\/resultats-destacats\\\/#primaryimage\"},\"image\":{\"@id\":\"https:\\\/\\\/www.icrea.cat\\\/ca\\\/impacte\\\/divulgacio\\\/resultats-destacats\\\/#primaryimage\"},\"thumbnailUrl\":\"https:\\\/\\\/api.icrea.cat\\\/api\\\/show-file\\\/23952?token=e93QZVcbwi9MQxRz6wtTQzfAHr28aOEUdAPEPJfy2lA4d7E1KuZ61cSaXiLAPtqq\",\"datePublished\":\"2024-01-30T08:34:38+00:00\",\"dateModified\":\"2024-10-24T15:13:05+00:00\",\"breadcrumb\":{\"@id\":\"https:\\\/\\\/www.icrea.cat\\\/ca\\\/impacte\\\/divulgacio\\\/resultats-destacats\\\/#breadcrumb\"},\"inLanguage\":\"ca\",\"potentialAction\":[{\"@type\":\"ReadAction\",\"target\":[\"https:\\\/\\\/www.icrea.cat\\\/ca\\\/impacte\\\/divulgacio\\\/resultats-destacats\\\/\"]}]},{\"@type\":\"ImageObject\",\"inLanguage\":\"ca\",\"@id\":\"https:\\\/\\\/www.icrea.cat\\\/ca\\\/impacte\\\/divulgacio\\\/resultats-destacats\\\/#primaryimage\",\"url\":\"https:\\\/\\\/api.icrea.cat\\\/api\\\/show-file\\\/23952?token=e93QZVcbwi9MQxRz6wtTQzfAHr28aOEUdAPEPJfy2lA4d7E1KuZ61cSaXiLAPtqq\",\"contentUrl\":\"https:\\\/\\\/api.icrea.cat\\\/api\\\/show-file\\\/23952?token=e93QZVcbwi9MQxRz6wtTQzfAHr28aOEUdAPEPJfy2lA4d7E1KuZ61cSaXiLAPtqq\"},{\"@type\":\"BreadcrumbList\",\"@id\":\"https:\\\/\\\/www.icrea.cat\\\/ca\\\/impacte\\\/divulgacio\\\/resultats-destacats\\\/#breadcrumb\",\"itemListElement\":[{\"@type\":\"ListItem\",\"position\":1,\"name\":\"Home\",\"item\":\"https:\\\/\\\/www.icrea.cat\\\/ca\\\/\"},{\"@type\":\"ListItem\",\"position\":2,\"name\":\"Impact\",\"item\":\"https:\\\/\\\/www.icrea.cat\\\/impact\\\/\"},{\"@type\":\"ListItem\",\"position\":3,\"name\":\"Divulgaci\u00f3\",\"item\":\"https:\\\/\\\/www.icrea.cat\\\/ca\\\/impacte\\\/divulgacio\\\/\"},{\"@type\":\"ListItem\",\"position\":4,\"name\":\"Resultats destacats\"}]},{\"@type\":\"WebSite\",\"@id\":\"https:\\\/\\\/www.icrea.cat\\\/#website\",\"url\":\"https:\\\/\\\/www.icrea.cat\\\/\",\"name\":\"ICREA\",\"description\":\"\",\"publisher\":{\"@id\":\"https:\\\/\\\/www.icrea.cat\\\/#organization\"},\"potentialAction\":[{\"@type\":\"SearchAction\",\"target\":{\"@type\":\"EntryPoint\",\"urlTemplate\":\"https:\\\/\\\/www.icrea.cat\\\/?s={search_term_string}\"},\"query-input\":{\"@type\":\"PropertyValueSpecification\",\"valueRequired\":true,\"valueName\":\"search_term_string\"}}],\"inLanguage\":\"ca\"},{\"@type\":\"Organization\",\"@id\":\"https:\\\/\\\/www.icrea.cat\\\/#organization\",\"name\":\"ICREA\",\"url\":\"https:\\\/\\\/www.icrea.cat\\\/\",\"logo\":{\"@type\":\"ImageObject\",\"inLanguage\":\"ca\",\"@id\":\"https:\\\/\\\/www.icrea.cat\\\/#\\\/schema\\\/logo\\\/image\\\/\",\"url\":\"https:\\\/\\\/www.icrea.cat\\\/wp-content\\\/uploads\\\/2025\\\/01\\\/cropped-logo-icrea-claim-white.png\",\"contentUrl\":\"https:\\\/\\\/www.icrea.cat\\\/wp-content\\\/uploads\\\/2025\\\/01\\\/cropped-logo-icrea-claim-white.png\",\"width\":1658,\"height\":709,\"caption\":\"ICREA\"},\"image\":{\"@id\":\"https:\\\/\\\/www.icrea.cat\\\/#\\\/schema\\\/logo\\\/image\\\/\"}}]}<\/script>\n<!-- \/ Yoast SEO plugin. -->","yoast_head_json":{"title":"Resultats destacats - ICREA","robots":{"index":"index","follow":"follow","max-snippet":"max-snippet:-1","max-image-preview":"max-image-preview:large","max-video-preview":"max-video-preview:-1"},"canonical":"https:\/\/www.icrea.cat\/ca\/impacte\/divulgacio\/resultats-destacats\/","og_locale":"ca_ES","og_type":"article","og_title":"Resultats destacats - ICREA","og_description":"Resultats destacats Cada any, un comit\u00e8 d&#8217;experts s&#8217;ha d&#8217;enfrontar a la dif\u00edcil tasca d&#8217;escolllir, d&#8217;entre totes les publicacions ICREA, unes poques que destaquin sobre la resta. \u00c9s tot un repte: de vegades els debats s&#8217;acaloren, i sempre s\u00f3n dif\u00edcils, per\u00f2 acaba sortint-ne una llista amb les millors publicacions de l&#8217;any. No es concedeix cap premi, [&hellip;]","og_url":"https:\/\/www.icrea.cat\/ca\/impacte\/divulgacio\/resultats-destacats\/","og_site_name":"ICREA","article_modified_time":"2024-10-24T15:13:05+00:00","og_image":[{"url":"https:\/\/api.icrea.cat\/api\/show-file\/23952?token=e93QZVcbwi9MQxRz6wtTQzfAHr28aOEUdAPEPJfy2lA4d7E1KuZ61cSaXiLAPtqq","type":"","width":"","height":""}],"twitter_card":"summary_large_image","twitter_misc":{"Temps estimat de lectura":"3 minuts"},"schema":{"@context":"https:\/\/schema.org","@graph":[{"@type":"WebPage","@id":"https:\/\/www.icrea.cat\/ca\/impacte\/divulgacio\/resultats-destacats\/","url":"https:\/\/www.icrea.cat\/ca\/impacte\/divulgacio\/resultats-destacats\/","name":"Resultats destacats - ICREA","isPartOf":{"@id":"https:\/\/www.icrea.cat\/#website"},"primaryImageOfPage":{"@id":"https:\/\/www.icrea.cat\/ca\/impacte\/divulgacio\/resultats-destacats\/#primaryimage"},"image":{"@id":"https:\/\/www.icrea.cat\/ca\/impacte\/divulgacio\/resultats-destacats\/#primaryimage"},"thumbnailUrl":"https:\/\/api.icrea.cat\/api\/show-file\/23952?token=e93QZVcbwi9MQxRz6wtTQzfAHr28aOEUdAPEPJfy2lA4d7E1KuZ61cSaXiLAPtqq","datePublished":"2024-01-30T08:34:38+00:00","dateModified":"2024-10-24T15:13:05+00:00","breadcrumb":{"@id":"https:\/\/www.icrea.cat\/ca\/impacte\/divulgacio\/resultats-destacats\/#breadcrumb"},"inLanguage":"ca","potentialAction":[{"@type":"ReadAction","target":["https:\/\/www.icrea.cat\/ca\/impacte\/divulgacio\/resultats-destacats\/"]}]},{"@type":"ImageObject","inLanguage":"ca","@id":"https:\/\/www.icrea.cat\/ca\/impacte\/divulgacio\/resultats-destacats\/#primaryimage","url":"https:\/\/api.icrea.cat\/api\/show-file\/23952?token=e93QZVcbwi9MQxRz6wtTQzfAHr28aOEUdAPEPJfy2lA4d7E1KuZ61cSaXiLAPtqq","contentUrl":"https:\/\/api.icrea.cat\/api\/show-file\/23952?token=e93QZVcbwi9MQxRz6wtTQzfAHr28aOEUdAPEPJfy2lA4d7E1KuZ61cSaXiLAPtqq"},{"@type":"BreadcrumbList","@id":"https:\/\/www.icrea.cat\/ca\/impacte\/divulgacio\/resultats-destacats\/#breadcrumb","itemListElement":[{"@type":"ListItem","position":1,"name":"Home","item":"https:\/\/www.icrea.cat\/ca\/"},{"@type":"ListItem","position":2,"name":"Impact","item":"https:\/\/www.icrea.cat\/impact\/"},{"@type":"ListItem","position":3,"name":"Divulgaci\u00f3","item":"https:\/\/www.icrea.cat\/ca\/impacte\/divulgacio\/"},{"@type":"ListItem","position":4,"name":"Resultats destacats"}]},{"@type":"WebSite","@id":"https:\/\/www.icrea.cat\/#website","url":"https:\/\/www.icrea.cat\/","name":"ICREA","description":"","publisher":{"@id":"https:\/\/www.icrea.cat\/#organization"},"potentialAction":[{"@type":"SearchAction","target":{"@type":"EntryPoint","urlTemplate":"https:\/\/www.icrea.cat\/?s={search_term_string}"},"query-input":{"@type":"PropertyValueSpecification","valueRequired":true,"valueName":"search_term_string"}}],"inLanguage":"ca"},{"@type":"Organization","@id":"https:\/\/www.icrea.cat\/#organization","name":"ICREA","url":"https:\/\/www.icrea.cat\/","logo":{"@type":"ImageObject","inLanguage":"ca","@id":"https:\/\/www.icrea.cat\/#\/schema\/logo\/image\/","url":"https:\/\/www.icrea.cat\/wp-content\/uploads\/2025\/01\/cropped-logo-icrea-claim-white.png","contentUrl":"https:\/\/www.icrea.cat\/wp-content\/uploads\/2025\/01\/cropped-logo-icrea-claim-white.png","width":1658,"height":709,"caption":"ICREA"},"image":{"@id":"https:\/\/www.icrea.cat\/#\/schema\/logo\/image\/"}}]}},"_links":{"self":[{"href":"https:\/\/www.icrea.cat\/ca\/wp-json\/wp\/v2\/pages\/7303","targetHints":{"allow":["GET"]}}],"collection":[{"href":"https:\/\/www.icrea.cat\/ca\/wp-json\/wp\/v2\/pages"}],"about":[{"href":"https:\/\/www.icrea.cat\/ca\/wp-json\/wp\/v2\/types\/page"}],"author":[{"embeddable":true,"href":"https:\/\/www.icrea.cat\/ca\/wp-json\/wp\/v2\/users\/1"}],"replies":[{"embeddable":true,"href":"https:\/\/www.icrea.cat\/ca\/wp-json\/wp\/v2\/comments?post=7303"}],"version-history":[{"count":1,"href":"https:\/\/www.icrea.cat\/ca\/wp-json\/wp\/v2\/pages\/7303\/revisions"}],"predecessor-version":[{"id":7304,"href":"https:\/\/www.icrea.cat\/ca\/wp-json\/wp\/v2\/pages\/7303\/revisions\/7304"}],"up":[{"embeddable":true,"href":"https:\/\/www.icrea.cat\/ca\/wp-json\/wp\/v2\/pages\/7213"}],"wp:attachment":[{"href":"https:\/\/www.icrea.cat\/ca\/wp-json\/wp\/v2\/media?parent=7303"}],"curies":[{"name":"wp","href":"https:\/\/api.w.org\/{rel}","templated":true}]}}