{"id":7281,"date":"2024-04-15T11:44:27","date_gmt":"2024-04-15T09:44:27","guid":{"rendered":"https:\/\/www.icrea.cat\/cookies-policy\/"},"modified":"2024-11-25T15:32:08","modified_gmt":"2024-11-25T14:32:08","slug":"cookies-policy","status":"publish","type":"page","link":"https:\/\/www.icrea.cat\/ca\/cookies-policy\/","title":{"rendered":"Cookies policy"},"content":{"rendered":"\t\t<div data-elementor-type=\"wp-page\" data-elementor-id=\"7281\" class=\"elementor elementor-7281 elementor-2650\">\n\t\t\t\t<div class=\"elementor-element elementor-element-e27f949 e-flex e-con-boxed e-con e-parent\" data-id=\"e27f949\" data-element_type=\"container\" data-e-type=\"container\">\n\t\t\t\t\t<div class=\"e-con-inner\">\n\t\t\t\t<div class=\"elementor-element elementor-element-6ccd110 elementor-widget elementor-widget-heading\" data-id=\"6ccd110\" data-element_type=\"widget\" data-e-type=\"widget\" data-widget_type=\"heading.default\">\n\t\t\t\t<div class=\"elementor-widget-container\">\n\t\t\t\t\t<h2 class=\"elementor-heading-title elementor-size-default\">Cookies policy<\/h2>\t\t\t\t<\/div>\n\t\t\t\t<\/div>\n\t\t\t\t<div class=\"elementor-element elementor-element-b6c3f0c custom-policy elementor-widget elementor-widget-text-editor\" data-id=\"b6c3f0c\" data-element_type=\"widget\" data-e-type=\"widget\" data-widget_type=\"text-editor.default\">\n\t\t\t\t<div class=\"elementor-widget-container\">\n\t\t\t\t\t\t\t\t\t<strong>INSTITUCI\u00d3 CATALANA DE RECERCA I ESTUDIS AVAN\u00c7ATS (ICREA)\u00a0<\/strong>utilitza diferents cookies durant la navegaci\u00f3 pel seu lloc web. Per con\u00e8ixer tota la informaci\u00f3 relativa a la nostra Pol\u00edtica de cookies, consulteu en els apartats que trobar\u00e0 a continuaci\u00f3:\n<ol>\n<li><strong>\u00bfQue \u00e9s una cookie?<\/strong><br>\n<p class=\"p1\">Les cookies s\u00f3n arxius de text que contenen petites quantitats d&#8217;informaci\u00f3 que es descarreguen en el seu ordinador o dispositiu m\u00f2bil quan vost\u00e8 visita un lloc web. Les galetes s&#8217;envien de tornada a la p\u00e0gina web original en cada visita posterior, o a un altre lloc web que les reconeix. Les cookies s\u00f3n \u00fatils perqu\u00e8 permeten a un lloc web recon\u00e8ixer el dispositiu de l&#8217;usuari. Les galetes poden realitzar diferents funcions com permetre navegar entre les p\u00e0gines de manera eficient, recordant les seves prefer\u00e8ncies, i en general millorar la navegaci\u00f3 de l&#8217;usuari.<\/li>\n<li><strong>\u00bfQue tipus de cookies existeixen?<\/strong><br>\nEn funci\u00f3 de la seva finalitat, les cookies poden ser:\n\n<ul>\n<li>Cookies t\u00e8cniques:\u00a0s\u00f3n aquelles que permeten a l&#8217;usuari la navegaci\u00f3 a trav\u00e9s d&#8217;una p\u00e0gina web, plataforma o aplicaci\u00f3 i la utilitzaci\u00f3 de les diferents opcions o serveis que en ella hi hagi incloent aquelles que l&#8217;editor utilitza per permetre la gesti\u00f3 i operativa de la p\u00e0gina web i habilitar els seus funcions i serveis, com per exemple, controlar el tr\u00e0nsit i la comunicaci\u00f3 de dades, identificar la sessi\u00f3, accedir a parts d&#8217;acc\u00e9s restringit, recordar els elements que integren una comanda, realitzar el proc\u00e9s de compra d&#8217;una comanda, gestionar el pagament , controlar el frau vinculat a la seguretat del servei realitzat la sol\u00b7licitud d&#8217;inscripci\u00f3 o participaci\u00f3 en un esdeveniment, comptar visites a efectes de la facturaci\u00f3 de llic\u00e8ncies de programari amb el que funciona el servei, utilitzar elements de seguretat durant la navegaci\u00f3, emmagatzemar continguts per la difusi\u00f3 de v\u00eddeos o so, habilitaci\u00f3 de contingut din\u00e0mics (per exemple animaci\u00f3 de c\u00e0rrega d&#8217;un text o imatge ) O compartir continguts a trav\u00e9s de xarxes socials.<\/li>\n \t<li>Cookies de personalitzaci\u00f3 o prefer\u00e8ncies: s\u00f3n aquelles que permeten recordar informaci\u00f3 perqu\u00e8 l&#8217;usuari pugui accedir a el servei amb algunes caracter\u00edstiques que poden diferenciar la seva experi\u00e8ncia de la d&#8217;altres usuaris, com, per exemple, l&#8217;idioma, el nombre de resultats a mostrar quan l&#8217;usuari realitza una cerca, el aspecte o el contingut del servei en funci\u00f3 del tipus de navegador a trav\u00e9s del qual accedeix a el servei, la configuraci\u00f3 regional des d&#8217;on s&#8217;accedeix a el servei, etc.<\/li>\n \t<li>Cookies d\u2019an\u00e0lisis o medici\u00f3: s\u00f3n aquelles que permeten al responsable de les mateixes, el seguiment i an\u00e0lisi del comportament dels usuaris dels llocs web als que estan vinculades, inclosa la quantificaci\u00f3 dels impactes dels anuncis. La informaci\u00f3 recollida mitjan\u00e7ant aquest tipus de galetes s&#8217;utilitza en el mesurament de l&#8217;activitat dels llocs web, aplicaci\u00f3 o plataforma, per tal d&#8217;introduir millores en funci\u00f3 de l&#8217;an\u00e0lisi de les dades d&#8217;\u00fas que fan els usuaris de el servei.<\/li>\n \t<li>Cookies de publicitad comportamental: aquestes cookies emmagatzemen informaci\u00f3 del comportament dels usuaris obtinguda a trav\u00e9s de l&#8217;observaci\u00f3 continuada dels seus h\u00e0bits de navegaci\u00f3, el que permet desenvolupar un perfil espec\u00edfic per a mostrar publicitat en funci\u00f3 de la mateixa.<\/li>\n<\/ul>\n<li><strong>\u00bfQuines cookies utilitzem? Panel de configuraci\u00f3 de cookies.<\/strong><br>\nSeguint les directrius de la Agencia Espa\u00f1ola de Protecci\u00f3n de Datos procedim a detallar l\u2019us de\u00a0<i>cookies<\/i>\u00a0que fa aquesta web amb la finalitat d\u2019informar-li amb la m\u00e0xima exactitud possible.<br><br>\nPer a tenir m\u00e9s informaci\u00f3 sobre el tractament que fa Google Analytics de les dades recollides podeu accedir a aquest enlla\u00e7\u00a0<a href=\"https:\/\/support.google.com\/analytics\/answer\/6004245?hl=es\">https:\/\/support.google.com\/analytics\/answer\/6004245?hl=es<\/a><br><br>\nTipos de cookies que utilitzem especificant el tipos i la finalitat que tenen\n\n<table class=\"t1\" cellspacing=\"0\" cellpadding=\"0\">\n<tbody>\n<tr>\n<td class=\"td1\" colspan=\"5\" valign=\"middle\">\n<p class=\"p1\">Tipos de cookies que utilitzem<\/p>\n<\/td>\n<\/tr>\n<tr>\n<td class=\"td2\" valign=\"middle\">\n<p class=\"p1\"><b>TIPOLOG\u00cdA<\/b><\/p>\n<\/td>\n<td class=\"td3\" valign=\"middle\">\n<p class=\"p1\"><b>DENOMINACI\u00d3<\/b><\/p>\n<\/td>\n<td class=\"td4\" valign=\"middle\">\n<p class=\"p1\"><b>FINALITAT<\/b><\/p>\n<\/td>\n<td class=\"td5\" valign=\"middle\">\n<p class=\"p1\"><b>RESPONSABLE<\/b><\/p>\n<\/td>\n<td class=\"td6\" valign=\"middle\">\n<p class=\"p1\"><b>CONSERVACI\u00d3<\/b><\/p>\n<\/td>\n<\/tr>\n<tr>\n<td class=\"td7\" valign=\"middle\">\n<p class=\"p1\"><b>T\u00e8cnica<\/b><\/p>\n<\/td>\n<td class=\"td8\" valign=\"middle\">\n<p class=\"p1\">has_js<\/p>\n<\/td>\n<td class=\"td9\" valign=\"middle\">\n<p class=\"p1\">Cookie que s\u2019utilitza per a detectar si el navegador accepta JavaScript.<\/p>\n<\/td>\n<td class=\"td10\" valign=\"middle\">\n<p class=\"p1\"><b>PROPIA<\/b><\/p>\n<\/td>\n<td class=\"td11\" valign=\"middle\">\n<p class=\"p1\">Al finalitzar la sessi\u00f3<\/p>\n<\/td>\n<\/tr>\n<tr>\n<td class=\"td12\" valign=\"middle\">\n<p class=\"p1\"><b>T\u00e8cnica<\/b><\/p>\n<\/td>\n<td class=\"td13\" valign=\"middle\">\n<p class=\"p1\">cookie-agreed<\/p>\n<\/td>\n<td class=\"td14\" valign=\"middle\">\n<p class=\"p1\">Cookie serveix per a registrar l\u2019acceptaci\u00f3 de l\u2019us de les cookies.<\/p>\n<\/td>\n<td class=\"td15\" valign=\"middle\">\n<p class=\"p1\"><b>PROPIA<\/b><\/p>\n<\/td>\n<td class=\"td16\" valign=\"middle\">\n<p class=\"p1\">3 mesos<\/p>\n<\/td>\n<\/tr>\n<tr>\n<td class=\"td2\" valign=\"middle\">\n<p class=\"p1\"><b>T\u00e8cnica<\/b><\/p>\n<\/td>\n<td class=\"td3\" valign=\"middle\">\n<p class=\"p1\">SESS\u2026<\/p>\n<\/td>\n<td class=\"td4\" valign=\"middle\">\n<p class=\"p1\">Cookie de sesi\u00f3 de l\u2019usuari de Drupal.<\/p>\n<\/td>\n<td class=\"td5\" valign=\"middle\">\n<p class=\"p1\"><b>PROPIA<\/b><\/p>\n<\/td>\n<td class=\"td6\" valign=\"middle\">\n<p class=\"p1\">1 mes<\/p>\n<\/td>\n<\/tr>\n<tr>\n<td class=\"td17\" valign=\"middle\">\n<p class=\"p1\"><b>Anal\u00edtica<\/b><\/p>\n<\/td>\n<td class=\"td18\" valign=\"middle\">\n<p class=\"p1\">_ga<\/p>\n<\/td>\n<td class=\"td19\" valign=\"middle\">\n<p class=\"p1\">Cookie usada per a distinguir als usuaris.<\/p>\n<\/td>\n<td class=\"td20\" valign=\"middle\">\n<p class=\"p2\"><span class=\"s3\"><a href=\"https:\/\/support.google.com\/analytics\/answer\/6004245?hl=es\"><b>GOOGLE<\/b><\/a><\/span><\/p>\n<\/td>\n<td class=\"td21\" valign=\"middle\">\n<p class=\"p1\">2 anys<\/p>\n<\/td>\n<\/tr>\n<tr>\n<td class=\"td12\" valign=\"middle\">\n<p class=\"p1\"><b>Anal\u00edtica<\/b><\/p>\n<\/td>\n<td class=\"td13\" valign=\"middle\">\n<p class=\"p1\">_gat<\/p>\n<\/td>\n<td class=\"td14\" valign=\"middle\">\n<p class=\"p1\">Cookie usada per a limitar el percentatge de sol\u00b7licituds.<\/p>\n<\/td>\n<td class=\"td15\" valign=\"middle\">\n<p class=\"p2\"><span class=\"s3\"><a href=\"https:\/\/support.google.com\/analytics\/answer\/6004245?hl=es\"><b>GOOGLE<\/b><\/a><\/span><\/p>\n<\/td>\n<td class=\"td16\" valign=\"middle\">\n<p class=\"p1\">1 minut<\/p>\n<\/td>\n<\/tr>\n<tr>\n<td class=\"td17\" valign=\"middle\">\n<p class=\"p1\"><b>Anal\u00edtica<\/b><\/p>\n<\/td>\n<td class=\"td18\" valign=\"middle\">\n<p class=\"p1\">_gid<\/p>\n<\/td>\n<td class=\"td19\" valign=\"middle\">\n<p class=\"p1\">Cookie usada per a distinguir als usuaris.<\/p>\n<\/td>\n<td class=\"td20\" valign=\"middle\">\n<p class=\"p2\"><span class=\"s3\"><a href=\"https:\/\/support.google.com\/analytics\/answer\/6004245?hl=es\"><b>GOOGLE<\/b><\/a><\/span><\/p>\n<\/td>\n<td class=\"td21\" valign=\"middle\">\n<p class=\"p1\">24 hores<\/p>\n<\/td>\n<\/tr>\n<\/tbody>\n<\/table>\n\n\n<li><strong>Transfer\u00e8ncies de dades a tercers pa\u00efsos<\/strong><br>\nPots informar-te de les transfer\u00e8ncies a tercers pa\u00efsos que, en el seu cas, realitzen els tercers identificats en aquesta pol\u00edtica de cookies en els seus corresponents pol\u00edtiques (veure els enlla\u00e7os facilitats en l&#8217;apartat \u201c\u00bfQuines cookies utilitzem?\u201d)<\/li>\n\n<li><strong>\u00bfCom desinstal\u00b7lo les cookies?<\/strong><br>\nL&#8217;usuari pot lliurement decidir sobre la implantaci\u00f3 o no al seu disc dur de les nostres galetes, aix\u00ed com la seva eliminaci\u00f3, seguint el procediment establert a la secci\u00f3 d&#8217;ajuda del seu navegador. L&#8217;usuari pot tamb\u00e9 configurar el seu navegador per acceptar o rebutjar per defecte totes les cookies o per rebre un av\u00eds en pantalla de la recepci\u00f3 de cada cookie i decidir en aquest moment la seva implantaci\u00f3 o no al seu disc dur. A continuaci\u00f3, us facilitem els enlla\u00e7os als fabricants de dispositius i navegadors per a la gesti\u00f3 o desactivaci\u00f3 de galetes de la majoria de navegadors:\n\n<ul>\n<li>Per a\u00a0<strong>Internet Explorer<\/strong>: a l\u2019opci\u00f3 de menu: Eines &gt; Opcions d\u2019Internet &gt; Privacitat &gt; Configuraci\u00f3. Per a saber m\u00e9s visita el seg\u00fcent enlla\u00e7:\u00a0<a href=\"https:\/\/support.microsoft.com\/es-es\/help\/17442\/windows-internet-explorer-delete-manage-cookies\">https:\/\/support.microsoft.com\/es-es\/help\/17442\/windows-internet-explorer-delete-manage-cookies<\/a><\/li>\n \t<li>Per a\u00a0<strong>Google Chrome<\/strong>: en Opcions &gt; Opcions avantzades &gt; Privacitat &gt; Cookies. Per a m\u00e9s informaci\u00f3 visita el seg\u00fcent enlla\u00e7:\u00a0<a href=\"https:\/\/support.google.com\/chrome\/answer\/95647?hl=es\">https:\/\/support.google.com\/chrome\/answer\/95647?hl=es<\/a><\/li>\n<li>Per a\u00a0<strong>Mozilla Firefox:<\/strong>\u00a0a l\u2019opci\u00f3 de men\u00fa: Eines &gt; Opcions &gt; Privacitat &gt; Cookies. Per a saber m\u00e9s visita els seg\u00fcents enlla\u00e7os:\u00a0<a href=\"https:\/\/support.mozilla.org\/es\/kb\/Borrar%252520cookies\">https:\/\/support.mozilla.org\/es\/kb\/Borrar%20cookies<\/a>\u00a0y\u00a0<a href=\"https:\/\/support.mozilla.org\/es\/kb\/habilitar-y-deshabilitar-cookies-sitios-web-rastrear-preferencias?redirectlocale=es&amp;redirectslug=habilitar-y-deshabilitar-cookies-que-los-sitios-we\">https:\/\/support.mozilla.org\/es\/kb\/habilitar-y-deshabilitar-cookies-sitios-web-rastrear-preferencias?redirectlocale=es&amp;redirectslug=habilitar-y-deshabilitar-cookies-que-los-sitios-we<\/a><\/li>\n\n<li>Per a\u00a0<strong>Safari (IOS 8):\u00a0<\/strong>en Ajustos &gt; Safari &gt; Bloquejar cookies. Per a saber m\u00e9s visita el seg\u00fcent enlla\u00e7:\u00a0<a href=\"http:\/\/support.apple.com\/kb\/HT1677?viewlocale=es_ES\">http:\/\/support.apple.com\/kb\/HT1677?viewlocale=es_ES<\/a><\/li>\n<li>Per a\u00a0<strong>Opera:<\/strong>\u00a0en Ajustos &gt; Avan\u00e7at &gt; Privacitat i seguretat &gt; Ajustos de contingut &gt; Cookies. Per a m\u00e9s informaci\u00f3 visita el seg\u00fcent enlla\u00e7:\u00a0<a href=\"https:\/\/help.opera.com\/en\/latest\/web-preferences\/#cookies\">https:\/\/help.opera.com\/en\/latest\/web-preferences\/#cookies<\/a><\/li>\n<li>Per a\u00a0<strong>Android:<\/strong>\u00a0en Menu &gt; Ajustos &gt; Seguretat i Privacitat &gt; Acceptar cookies per a que activi o desactivi la casella. Per a m\u00e9s informaci\u00f3 visita el seg\u00fcent enlla\u00e7:\u00a0<a href=\"http:\/\/support.google.com\/android\/?hl=es\">http:\/\/support.google.com\/android\/?hl=es<\/a><\/li>\n<\/ul>\nEl fet que l&#8217;usuari configuri el seu navegador per rebutjar totes les galetes o expressament les nostres cookies pot suposar que no sigui possible accedir a alguns dels serveis i que la seva experi\u00e8ncia a la nostra web pugui resultar menys satisfact\u00f2ria. Si voleu tenir un major control sobre la instal\u00b7laci\u00f3 de cookies, pot instal\u00b7lar programes o complements al seu navegador, coneguts com a eines de &#8220;Do Not Track&#8221;, que li permetran escollir aquelles galetes que desitja permetre.<br><br>\nNi aquesta web ni els seus representant legals es fan responsables ni del contingut ni de la veracitat de les pol\u00edtiques de privacitat que puguin tenir els tercers esmentats a la present Pol\u00edtica de\u00a0<i>cookies<\/i>. Aix\u00ed com no es garanteix la correcta o incorrecta manipulaci\u00f3 de les\u00a0<i>cookies<\/i>\u00a0per part dels navegadors.<br>\n<strong>ICREA<\/strong>\u00a0es reserva el dret a modificar la present Pol\u00edtica de Cookies per a adaptar-la a futura legislaci\u00f3 i\/o jurisprud\u00e8ncia aplicable, aix\u00ed como als futurs usos de les dades personals de l\u2019usuari en el lloc Web. En qualsevol cas, els usuaris seran informats pr\u00e8viament dels canvis a l\u2019esmentada pol\u00edtica. Per tant, es recomana a l\u2019usuari que procedeixi a legir la Pol\u00edtica de Cookies cada cop que accedeixi al lloc web.\t\t\t\t\t\t\t\t<\/div>\n\t\t\t\t<\/div>\n\t\t\t\t\t<\/div>\n\t\t\t\t<\/div>\n\t\t\t\t<\/div>\n\t\t","protected":false},"excerpt":{"rendered":"<p>Cookies policy INSTITUCI\u00d3 CATALANA DE RECERCA I ESTUDIS AVAN\u00c7ATS (ICREA)\u00a0utilitza diferents cookies durant la navegaci\u00f3 pel seu lloc web. Per con\u00e8ixer tota la informaci\u00f3 relativa a la nostra Pol\u00edtica de cookies, consulteu en els apartats que trobar\u00e0 a continuaci\u00f3: \u00bfQue \u00e9s una cookie? Les cookies s\u00f3n arxius de text que contenen petites quantitats d&#8217;informaci\u00f3 que [&hellip;]<\/p>\n","protected":false},"author":1,"featured_media":0,"parent":0,"menu_order":0,"comment_status":"closed","ping_status":"closed","template":"","meta":{"_acf_changed":false,"footnotes":""},"class_list":["post-7281","page","type-page","status-publish","hentry"],"acf":[],"yoast_head":"<!-- This site is optimized with the Yoast SEO plugin v27.4 - https:\/\/yoast.com\/product\/yoast-seo-wordpress\/ -->\n<title>Cookies policy - ICREA<\/title>\n<meta name=\"robots\" content=\"index, follow, max-snippet:-1, max-image-preview:large, max-video-preview:-1\" \/>\n<link rel=\"canonical\" href=\"https:\/\/www.icrea.cat\/cookies-policy\/\" \/>\n<meta property=\"og:locale\" content=\"ca_ES\" \/>\n<meta property=\"og:type\" content=\"article\" \/>\n<meta property=\"og:title\" content=\"Cookies policy - ICREA\" \/>\n<meta property=\"og:description\" content=\"Cookies policy INSTITUCI\u00d3 CATALANA DE RECERCA I ESTUDIS AVAN\u00c7ATS (ICREA)\u00a0utilitza diferents cookies durant la navegaci\u00f3 pel seu lloc web. Per con\u00e8ixer tota la informaci\u00f3 relativa a la nostra Pol\u00edtica de cookies, consulteu en els apartats que trobar\u00e0 a continuaci\u00f3: \u00bfQue \u00e9s una cookie? Les cookies s\u00f3n arxius de text que contenen petites quantitats d&#8217;informaci\u00f3 que [&hellip;]\" \/>\n<meta property=\"og:url\" content=\"https:\/\/www.icrea.cat\/cookies-policy\/\" \/>\n<meta property=\"og:site_name\" content=\"ICREA\" \/>\n<meta property=\"article:modified_time\" content=\"2024-11-25T14:32:08+00:00\" \/>\n<meta name=\"twitter:card\" content=\"summary_large_image\" \/>\n<meta name=\"twitter:label1\" content=\"Temps estimat de lectura\" \/>\n\t<meta name=\"twitter:data1\" content=\"7 minuts\" \/>\n<script type=\"application\/ld+json\" class=\"yoast-schema-graph\">{\"@context\":\"https:\\\/\\\/schema.org\",\"@graph\":[{\"@type\":\"WebPage\",\"@id\":\"https:\\\/\\\/www.icrea.cat\\\/cookies-policy\\\/\",\"url\":\"https:\\\/\\\/www.icrea.cat\\\/cookies-policy\\\/\",\"name\":\"Cookies policy - ICREA\",\"isPartOf\":{\"@id\":\"https:\\\/\\\/www.icrea.cat\\\/#website\"},\"datePublished\":\"2024-04-15T09:44:27+00:00\",\"dateModified\":\"2024-11-25T14:32:08+00:00\",\"breadcrumb\":{\"@id\":\"https:\\\/\\\/www.icrea.cat\\\/cookies-policy\\\/#breadcrumb\"},\"inLanguage\":\"ca\",\"potentialAction\":[{\"@type\":\"ReadAction\",\"target\":[\"https:\\\/\\\/www.icrea.cat\\\/cookies-policy\\\/\"]}]},{\"@type\":\"BreadcrumbList\",\"@id\":\"https:\\\/\\\/www.icrea.cat\\\/cookies-policy\\\/#breadcrumb\",\"itemListElement\":[{\"@type\":\"ListItem\",\"position\":1,\"name\":\"Home\",\"item\":\"https:\\\/\\\/www.icrea.cat\\\/ca\\\/\"},{\"@type\":\"ListItem\",\"position\":2,\"name\":\"Cookies policy\"}]},{\"@type\":\"WebSite\",\"@id\":\"https:\\\/\\\/www.icrea.cat\\\/#website\",\"url\":\"https:\\\/\\\/www.icrea.cat\\\/\",\"name\":\"ICREA\",\"description\":\"\",\"publisher\":{\"@id\":\"https:\\\/\\\/www.icrea.cat\\\/#organization\"},\"potentialAction\":[{\"@type\":\"SearchAction\",\"target\":{\"@type\":\"EntryPoint\",\"urlTemplate\":\"https:\\\/\\\/www.icrea.cat\\\/?s={search_term_string}\"},\"query-input\":{\"@type\":\"PropertyValueSpecification\",\"valueRequired\":true,\"valueName\":\"search_term_string\"}}],\"inLanguage\":\"ca\"},{\"@type\":\"Organization\",\"@id\":\"https:\\\/\\\/www.icrea.cat\\\/#organization\",\"name\":\"ICREA\",\"url\":\"https:\\\/\\\/www.icrea.cat\\\/\",\"logo\":{\"@type\":\"ImageObject\",\"inLanguage\":\"ca\",\"@id\":\"https:\\\/\\\/www.icrea.cat\\\/#\\\/schema\\\/logo\\\/image\\\/\",\"url\":\"https:\\\/\\\/www.icrea.cat\\\/wp-content\\\/uploads\\\/2025\\\/01\\\/cropped-logo-icrea-claim-white.png\",\"contentUrl\":\"https:\\\/\\\/www.icrea.cat\\\/wp-content\\\/uploads\\\/2025\\\/01\\\/cropped-logo-icrea-claim-white.png\",\"width\":1658,\"height\":709,\"caption\":\"ICREA\"},\"image\":{\"@id\":\"https:\\\/\\\/www.icrea.cat\\\/#\\\/schema\\\/logo\\\/image\\\/\"}}]}<\/script>\n<!-- \/ Yoast SEO plugin. -->","yoast_head_json":{"title":"Cookies policy - ICREA","robots":{"index":"index","follow":"follow","max-snippet":"max-snippet:-1","max-image-preview":"max-image-preview:large","max-video-preview":"max-video-preview:-1"},"canonical":"https:\/\/www.icrea.cat\/cookies-policy\/","og_locale":"ca_ES","og_type":"article","og_title":"Cookies policy - ICREA","og_description":"Cookies policy INSTITUCI\u00d3 CATALANA DE RECERCA I ESTUDIS AVAN\u00c7ATS (ICREA)\u00a0utilitza diferents cookies durant la navegaci\u00f3 pel seu lloc web. Per con\u00e8ixer tota la informaci\u00f3 relativa a la nostra Pol\u00edtica de cookies, consulteu en els apartats que trobar\u00e0 a continuaci\u00f3: \u00bfQue \u00e9s una cookie? Les cookies s\u00f3n arxius de text que contenen petites quantitats d&#8217;informaci\u00f3 que [&hellip;]","og_url":"https:\/\/www.icrea.cat\/cookies-policy\/","og_site_name":"ICREA","article_modified_time":"2024-11-25T14:32:08+00:00","twitter_card":"summary_large_image","twitter_misc":{"Temps estimat de lectura":"7 minuts"},"schema":{"@context":"https:\/\/schema.org","@graph":[{"@type":"WebPage","@id":"https:\/\/www.icrea.cat\/cookies-policy\/","url":"https:\/\/www.icrea.cat\/cookies-policy\/","name":"Cookies policy - ICREA","isPartOf":{"@id":"https:\/\/www.icrea.cat\/#website"},"datePublished":"2024-04-15T09:44:27+00:00","dateModified":"2024-11-25T14:32:08+00:00","breadcrumb":{"@id":"https:\/\/www.icrea.cat\/cookies-policy\/#breadcrumb"},"inLanguage":"ca","potentialAction":[{"@type":"ReadAction","target":["https:\/\/www.icrea.cat\/cookies-policy\/"]}]},{"@type":"BreadcrumbList","@id":"https:\/\/www.icrea.cat\/cookies-policy\/#breadcrumb","itemListElement":[{"@type":"ListItem","position":1,"name":"Home","item":"https:\/\/www.icrea.cat\/ca\/"},{"@type":"ListItem","position":2,"name":"Cookies policy"}]},{"@type":"WebSite","@id":"https:\/\/www.icrea.cat\/#website","url":"https:\/\/www.icrea.cat\/","name":"ICREA","description":"","publisher":{"@id":"https:\/\/www.icrea.cat\/#organization"},"potentialAction":[{"@type":"SearchAction","target":{"@type":"EntryPoint","urlTemplate":"https:\/\/www.icrea.cat\/?s={search_term_string}"},"query-input":{"@type":"PropertyValueSpecification","valueRequired":true,"valueName":"search_term_string"}}],"inLanguage":"ca"},{"@type":"Organization","@id":"https:\/\/www.icrea.cat\/#organization","name":"ICREA","url":"https:\/\/www.icrea.cat\/","logo":{"@type":"ImageObject","inLanguage":"ca","@id":"https:\/\/www.icrea.cat\/#\/schema\/logo\/image\/","url":"https:\/\/www.icrea.cat\/wp-content\/uploads\/2025\/01\/cropped-logo-icrea-claim-white.png","contentUrl":"https:\/\/www.icrea.cat\/wp-content\/uploads\/2025\/01\/cropped-logo-icrea-claim-white.png","width":1658,"height":709,"caption":"ICREA"},"image":{"@id":"https:\/\/www.icrea.cat\/#\/schema\/logo\/image\/"}}]}},"_links":{"self":[{"href":"https:\/\/www.icrea.cat\/ca\/wp-json\/wp\/v2\/pages\/7281","targetHints":{"allow":["GET"]}}],"collection":[{"href":"https:\/\/www.icrea.cat\/ca\/wp-json\/wp\/v2\/pages"}],"about":[{"href":"https:\/\/www.icrea.cat\/ca\/wp-json\/wp\/v2\/types\/page"}],"author":[{"embeddable":true,"href":"https:\/\/www.icrea.cat\/ca\/wp-json\/wp\/v2\/users\/1"}],"replies":[{"embeddable":true,"href":"https:\/\/www.icrea.cat\/ca\/wp-json\/wp\/v2\/comments?post=7281"}],"version-history":[{"count":19,"href":"https:\/\/www.icrea.cat\/ca\/wp-json\/wp\/v2\/pages\/7281\/revisions"}],"predecessor-version":[{"id":19908,"href":"https:\/\/www.icrea.cat\/ca\/wp-json\/wp\/v2\/pages\/7281\/revisions\/19908"}],"wp:attachment":[{"href":"https:\/\/www.icrea.cat\/ca\/wp-json\/wp\/v2\/media?parent=7281"}],"curies":[{"name":"wp","href":"https:\/\/api.w.org\/{rel}","templated":true}]}}