{"id":7217,"date":"2024-04-10T17:06:17","date_gmt":"2024-04-10T15:06:17","guid":{"rendered":"https:\/\/www.icrea.cat\/noticies\/"},"modified":"2024-11-27T15:51:40","modified_gmt":"2024-11-27T14:51:40","slug":"noticies","status":"publish","type":"page","link":"https:\/\/www.icrea.cat\/ca\/noticies\/","title":{"rendered":"Not\u00edcies"},"content":{"rendered":"\t\t<div data-elementor-type=\"wp-page\" data-elementor-id=\"7217\" class=\"elementor elementor-7217 elementor-1952\">\n\t\t\t\t<div class=\"elementor-element elementor-element-9aa9bee hero-banner-def e-flex e-con-boxed e-con e-parent\" data-id=\"9aa9bee\" data-element_type=\"container\" data-e-type=\"container\" data-settings=\"{&quot;background_background&quot;:&quot;slideshow&quot;,&quot;background_slideshow_gallery&quot;:[{&quot;id&quot;:1958,&quot;url&quot;:&quot;https:\\\/\\\/www.icrea.cat\\\/wp-content\\\/uploads\\\/2024\\\/04\\\/hero-news.jpg&quot;}],&quot;background_slideshow_loop&quot;:&quot;yes&quot;,&quot;background_slideshow_slide_duration&quot;:5000,&quot;background_slideshow_slide_transition&quot;:&quot;fade&quot;,&quot;background_slideshow_transition_duration&quot;:500}\">\n\t\t\t\t\t<div class=\"e-con-inner\">\n\t\t\t\t<div class=\"elementor-element elementor-element-1f4a85d elementor-invisible elementor-widget elementor-widget-heading\" data-id=\"1f4a85d\" data-element_type=\"widget\" data-e-type=\"widget\" data-settings=\"{&quot;_animation&quot;:&quot;fadeInDown&quot;}\" data-widget_type=\"heading.default\">\n\t\t\t\t<div class=\"elementor-widget-container\">\n\t\t\t\t\t<h1 class=\"elementor-heading-title elementor-size-default\"><mark>Not\u00edcies<\/mark> ICREA<\/h1>\t\t\t\t<\/div>\n\t\t\t\t<\/div>\n\t\t\t\t\t<\/div>\n\t\t\t\t<\/div>\n\t\t<div class=\"elementor-element elementor-element-99e200a e-flex e-con-boxed e-con e-parent\" data-id=\"99e200a\" data-element_type=\"container\" data-e-type=\"container\">\n\t\t\t\t\t<div class=\"e-con-inner\">\n\t\t\t\t<div class=\"elementor-element elementor-element-1bf9b7b elementor-widget elementor-widget-icrea_sina_blogpost\" data-id=\"1bf9b7b\" data-element_type=\"widget\" data-e-type=\"widget\" data-widget_type=\"icrea_sina_blogpost.default\">\n\t\t\t\t<div class=\"elementor-widget-container\">\n\t\t\t\t\t\t\t\t<div class=\"sina-blogpost sina-bp-1bf9b7b\"\n\t\t\tdata-uid=\"1bf9b7b\"\n\t\t\tdata-offset=\"7\"\n\t\t\tdata-posts-data='{\"posts_num\":7,\"offset\":7,\"total_posts\":65,\"layout\":\"grid\",\"columns\":null,\"layout_type\":\"custom\",\"custom_columns\":\"6,6,6,6,6,6,6,6\",\"categories\":[\"5\"],\"tags\":\"\",\"order_by\":\"date\",\"sort\":\"DESC\",\"posts_text\":\"yes\",\"excerpt\":\"yes\",\"content_length\":19,\"posts_meta\":\"\",\"thumb_right\":null,\"is_thumb\":\"yes\",\"read_more_effect\":\"\",\"read_more_text\":\"Read\",\"read_more_icon\":\"\",\"read_more_icon_align\":null,\"effects\":\"\",\"cats_position\":null,\"cats_icon\":null,\"posts_avatar\":null,\"avatar_size\":null,\"read_btn_bg_layer_effects\":\"\",\"bg_layer_effects\":\"\"}'>\n\t\t\t\t<div class=\"sina-bp-grid\">\n\t\t\t\t\t<div class=\"sina-bp-grid-sizer\"><\/div>\n\t\t\t\t\t\n<form class=\"form-icrea-search\" action=\"\/ca\/noticies\" method=\"get\"> \n    <div class=\"col-4\">\n        <label for=\"\">Text<\/label>\n        <input type=\"text\" id=\"news_text\" name=\"news_text\" >\n    <\/div>\n            <div class=\"col-4\">\n            <label for=\"\">Categoria<\/label>\n            <select id=\"news_category\" name=\"news_category\">\n                <option value=\"\" selected>Totes les categor\u00edes<\/option>\n                                    <option value=\"66\" >Ajuts<\/option>\n                                    <option value=\"70\" >Premis<\/option>\n                                    <option value=\"85\" >Xerrades<\/option>\n                            <\/select>\n        <\/div>\n        <div class=\"col-2\">\n        <button type=\"submit\">Cerca <img decoding=\"async\" src=\"\/wp-content\/uploads\/2024\/04\/search-line.svg\"><\/button>\n    <\/div>\n<\/form><div class=\"sina-bp-col sina-bp-custom-12 sina-bp-custom-destacado \">\n\t<div class=\"custom-sina-col\">\n        <div class=\"custom-sina-text\">\n            <p class=\"category\"><a>News<\/a> <a>Not\u00edcies<\/a> <a>Premis<\/a><\/p>\n            <a class=\"custom-sina-title\" href=\"https:\/\/www.icrea.cat\/ca\/premis-nacionals-de-recerca-2025\/\"><h2>Premis Nacionals de Recerca 2025<\/h2><\/a>\n            <p>\n                Els recercaires ICREA, Luis Serrano i Katherine Villa han estat guardonats en la 36a edici\u00f3 dels Premis Nacionals de&hellip;            <\/p>\n        \n                            <div class=\"sina-btn-wrapper\">\n                    <a href=\"https:\/\/www.icrea.cat\/ca\/premis-nacionals-de-recerca-2025\/\" class=\"arrow-btn  \">\n                        \t\tRead\t\t                    <\/a>\n                \n                <\/div>\n                    <\/div>\n                    <figure style=\"background-image:url(https:\/\/www.icrea.cat\/wp-content\/uploads\/2026\/02\/PNR-generic_b-scaled.jpg)\"><\/figure>\n            <\/div>\n<\/div>\n<div class=\"sina-bp-col sina-bp-custom-6 \">\n\t<div class=\"custom-sina-col\">\n        <div class=\"custom-sina-text\">\n            <p class=\"category\"><a>News<\/a> <a>Not\u00edcies<\/a><\/p>\n            <a class=\"custom-sina-title\" href=\"https:\/\/www.icrea.cat\/ca\/25-anys-dicrea-un-exit-compartit-que-projecta-catalunya-al-futur\/\"><h2>25 anys d&#8217;ICREA: un \u00e8xit compartit que projecta Catalunya al futur<\/h2><\/a>\n            <p>\n                La Instituci\u00f3 Catalana de Recerca i Estudis Avan\u00e7ats (ICREA) ha celebrat avui divendres, 6 de febrer, el seu 25\u00e8&hellip;            <\/p>\n        \n                            <div class=\"sina-btn-wrapper\">\n                    <a href=\"https:\/\/www.icrea.cat\/ca\/25-anys-dicrea-un-exit-compartit-que-projecta-catalunya-al-futur\/\" class=\"arrow-btn  \">\n                        \t\tRead\t\t                    <\/a>\n                \n                <\/div>\n                    <\/div>\n                    <figure style=\"background-image:url(https:\/\/www.icrea.cat\/wp-content\/uploads\/2026\/02\/Pastis_DEF-1296x581-1.webp)\"><\/figure>\n            <\/div>\n<\/div>\n<div class=\"sina-bp-col sina-bp-custom-6 \">\n\t<div class=\"custom-sina-col\">\n        <div class=\"custom-sina-text\">\n            <p class=\"category\"><a>News<\/a> <a>Not\u00edcies<\/a><\/p>\n            <a class=\"custom-sina-title\" href=\"https:\/\/www.icrea.cat\/ca\/luxquanta-capta-8-me-per-desplegar-solucions-de-ciberseguretat-quantica\/\"><h2>LuxQuanta capta 8\u202fM\u20ac per desplegar solucions de ciberseguretat qu\u00e0ntica.<\/h2><\/a>\n            <p>\n                Aquesta spin-off de l'ICFO es basa en la recerca liderada per l'investigador ICREA Valerio Pruneri, que tamb\u00e9 \u00e9s membre&hellip;            <\/p>\n        \n                            <div class=\"sina-btn-wrapper\">\n                    <a href=\"https:\/\/www.icrea.cat\/ca\/luxquanta-capta-8-me-per-desplegar-solucions-de-ciberseguretat-quantica\/\" class=\"arrow-btn  \">\n                        \t\tRead\t\t                    <\/a>\n                \n                <\/div>\n                    <\/div>\n                    <figure style=\"background-image:url(https:\/\/www.icrea.cat\/wp-content\/uploads\/2025\/10\/640_LuxQuanta_3.webp)\"><\/figure>\n            <\/div>\n<\/div>\n<div class=\"sina-bp-col sina-bp-custom-6 \">\n\t<div class=\"custom-sina-col\">\n        <div class=\"custom-sina-text\">\n            <p class=\"category\"><a>News<\/a> <a>Not\u00edcies<\/a> <a>Premis<\/a><\/p>\n            <a class=\"custom-sina-title\" href=\"https:\/\/www.icrea.cat\/ca\/premios-nacionales-de-investigacion-2025\/\"><h2>Premios Nacionales de Investigaci\u00f3n 2025<\/h2><\/a>\n            <p>\n                Recentment, el Ministerio de Ciencia, Innovaci\u00f3n y Universidades ha donat a con\u00e8ixer els guardonats dels Premios Nacionales de Investigaci\u00f3n.&hellip;            <\/p>\n        \n                            <div class=\"sina-btn-wrapper\">\n                    <a href=\"https:\/\/www.icrea.cat\/ca\/premios-nacionales-de-investigacion-2025\/\" class=\"arrow-btn  \">\n                        \t\tRead\t\t                    <\/a>\n                \n                <\/div>\n                    <\/div>\n                    <figure style=\"background-image:url(https:\/\/www.icrea.cat\/wp-content\/uploads\/2024\/10\/PNI_image_4.jpg)\"><\/figure>\n            <\/div>\n<\/div>\n<div class=\"sina-bp-col sina-bp-custom-6 \">\n\t<div class=\"custom-sina-col\">\n        <div class=\"custom-sina-text\">\n            <p class=\"category\"><a>News<\/a> <a>Not\u00edcies<\/a> <a>Premis<\/a><\/p>\n            <a class=\"custom-sina-title\" href=\"https:\/\/www.icrea.cat\/ca\/premis-fundacio-banc-de-sabadell-2025\/\"><h2>Premis Fundaci\u00f3 Banc de Sabadell 2025<\/h2><\/a>\n            <p>\n                La profesora d'Investigaci\u00f3 ICREA S\u00edlvia Osuna (UdG) rep el IX Premi a les Ci\u00e8ncies i l\u2019Enginyeria pels seus aven\u00e7os&hellip;            <\/p>\n        \n                            <div class=\"sina-btn-wrapper\">\n                    <a href=\"https:\/\/www.icrea.cat\/ca\/premis-fundacio-banc-de-sabadell-2025\/\" class=\"arrow-btn  \">\n                        \t\tRead\t\t                    <\/a>\n                \n                <\/div>\n                    <\/div>\n                    <figure style=\"background-image:url(https:\/\/www.icrea.cat\/wp-content\/uploads\/2025\/07\/Banc-de-Sabadell_imatge_02.jpeg)\"><\/figure>\n            <\/div>\n<\/div>\n<div class=\"sina-bp-col sina-bp-custom-6 \">\n\t<div class=\"custom-sina-col\">\n        <div class=\"custom-sina-text\">\n            <p class=\"category\"><a>News<\/a> <a>Not\u00edcies<\/a> <a>Premis<\/a><\/p>\n            <a class=\"custom-sina-title\" href=\"https:\/\/www.icrea.cat\/ca\/premis-ciutat-de-barcelona-2024\/\"><h2>Premis Ciutat de Barcelona &#8211; 2024<\/h2><\/a>\n            <p>\n                Els Premis Ciutat de Barcelona els atorga l\u2019Ajuntament de Barcelona i tenen per objecte el reconeixement de la creaci\u00f3&hellip;            <\/p>\n        \n                            <div class=\"sina-btn-wrapper\">\n                    <a href=\"https:\/\/www.icrea.cat\/ca\/premis-ciutat-de-barcelona-2024\/\" class=\"arrow-btn  \">\n                        \t\tRead\t\t                    <\/a>\n                \n                <\/div>\n                    <\/div>\n                    <figure style=\"background-image:url(https:\/\/www.icrea.cat\/wp-content\/uploads\/2025\/06\/Ciutat-de-Barcelona.png)\"><\/figure>\n            <\/div>\n<\/div>\n<div class=\"sina-bp-col sina-bp-custom-6 \">\n\t<div class=\"custom-sina-col\">\n        <div class=\"custom-sina-text\">\n            <p class=\"category\"><a>News<\/a> <a>Not\u00edcies<\/a> <a>Premis<\/a><\/p>\n            <a class=\"custom-sina-title\" href=\"https:\/\/www.icrea.cat\/ca\/premios-rei-jaume-i-2024-2\/\"><h2>Premios Rei Jaume I &#8211; 2024<\/h2><\/a>\n            <p>\n                Tres Professors d'Investigaci\u00f3 ICREA reben el Premio Rei Jaume I en la 37a edici\u00f3 d'aquest guard\u00f3. Moltes felicitats a:&hellip;            <\/p>\n        \n                            <div class=\"sina-btn-wrapper\">\n                    <a href=\"https:\/\/www.icrea.cat\/ca\/premios-rei-jaume-i-2024-2\/\" class=\"arrow-btn  \">\n                        \t\tRead\t\t                    <\/a>\n                \n                <\/div>\n                    <\/div>\n                    <figure style=\"background-image:url(https:\/\/www.icrea.cat\/wp-content\/uploads\/2025\/06\/Jaume-I_2.png)\"><\/figure>\n            <\/div>\n<\/div>\n\t\t\t\t\t\t\t\t\t<\/div>\n\n\t\t\t\t\n\t\t\t\t\t\t\t\t\t<div class=\"sina-bp-pagination\">\n\t\t\t\t\t\t<a aria-current=\"page\" class=\"page-numbers current\">1<\/a>\n<a class=\"page-numbers\" href=\"https:\/\/www.icrea.cat\/ca\/wp-json\/wp\/v2\/pages\/7217\/page\/2\/\">2<\/a>\n<a class=\"page-numbers\" href=\"https:\/\/www.icrea.cat\/ca\/wp-json\/wp\/v2\/pages\/7217\/page\/3\/\">3<\/a>\n<a class=\"page-numbers dots\">&hellip;<\/a>\n<a class=\"page-numbers\" href=\"https:\/\/www.icrea.cat\/ca\/wp-json\/wp\/v2\/pages\/7217\/page\/10\/\">10<\/a>\t\t\t\t\t<\/div>\n\t\t\t\t\t\t\t\t<input type=\"hidden\" id=\"sina_load_more_posts1bf9b7b\" name=\"sina_load_more_posts1bf9b7b\" value=\"3f5286f16f\" \/><input type=\"hidden\" name=\"_wp_http_referer\" value=\"\/ca\/wp-json\/wp\/v2\/pages\/7217\" \/>\t\t\t<\/div><!-- .sina-blogpost -->\n\t\t\t\t\t\t\t<\/div>\n\t\t\t\t<\/div>\n\t\t\t\t\t<\/div>\n\t\t\t\t<\/div>\n\t\t\t\t<\/div>\n\t\t","protected":false},"excerpt":{"rendered":"<p>Not\u00edcies ICREA Text Category All categoriesAwardsGrantsSeminars Search News 5 ICREAs amongst the 1% most cited researchers of 2024 worldwide Congratulations to all of them, and also to their host institutions for this well deserved recognition. \u00b7 Josep Dalmau&hellip; Read Grants News ERC Synergy grants 2024 Congratulations to Diego Blas, Mariona Graupera and Kostas Kostarelos on [&hellip;]<\/p>\n","protected":false},"author":1,"featured_media":0,"parent":0,"menu_order":0,"comment_status":"closed","ping_status":"closed","template":"","meta":{"_acf_changed":false,"footnotes":""},"class_list":["post-7217","page","type-page","status-publish","hentry"],"acf":[],"yoast_head":"<!-- This site is optimized with the Yoast SEO plugin v27.5 - https:\/\/yoast.com\/product\/yoast-seo-wordpress\/ -->\n<title>Not\u00edcies - ICREA<\/title>\n<meta name=\"robots\" content=\"index, follow, max-snippet:-1, max-image-preview:large, max-video-preview:-1\" \/>\n<link rel=\"canonical\" href=\"https:\/\/www.icrea.cat\/news\/\" \/>\n<meta property=\"og:locale\" content=\"ca_ES\" \/>\n<meta property=\"og:type\" content=\"article\" \/>\n<meta property=\"og:title\" content=\"Not\u00edcies - ICREA\" \/>\n<meta property=\"og:description\" content=\"Not\u00edcies ICREA Text Category All categoriesAwardsGrantsSeminars Search News 5 ICREAs amongst the 1% most cited researchers of 2024 worldwide Congratulations to all of them, and also to their host institutions for this well deserved recognition. \u00b7 Josep Dalmau&hellip; Read Grants News ERC Synergy grants 2024 Congratulations to Diego Blas, Mariona Graupera and Kostas Kostarelos on [&hellip;]\" \/>\n<meta property=\"og:url\" content=\"https:\/\/www.icrea.cat\/news\/\" \/>\n<meta property=\"og:site_name\" content=\"ICREA\" \/>\n<meta property=\"article:modified_time\" content=\"2024-11-27T14:51:40+00:00\" \/>\n<meta name=\"twitter:card\" content=\"summary_large_image\" \/>\n<meta name=\"twitter:label1\" content=\"Temps estimat de lectura\" \/>\n\t<meta name=\"twitter:data1\" content=\"2 minuts\" \/>\n<script type=\"application\/ld+json\" class=\"yoast-schema-graph\">{\"@context\":\"https:\\\/\\\/schema.org\",\"@graph\":[{\"@type\":\"WebPage\",\"@id\":\"https:\\\/\\\/www.icrea.cat\\\/news\\\/\",\"url\":\"https:\\\/\\\/www.icrea.cat\\\/news\\\/\",\"name\":\"Not\u00edcies - ICREA\",\"isPartOf\":{\"@id\":\"https:\\\/\\\/www.icrea.cat\\\/#website\"},\"datePublished\":\"2024-04-10T15:06:17+00:00\",\"dateModified\":\"2024-11-27T14:51:40+00:00\",\"breadcrumb\":{\"@id\":\"https:\\\/\\\/www.icrea.cat\\\/news\\\/#breadcrumb\"},\"inLanguage\":\"ca\",\"potentialAction\":[{\"@type\":\"ReadAction\",\"target\":[\"https:\\\/\\\/www.icrea.cat\\\/news\\\/\"]}]},{\"@type\":\"BreadcrumbList\",\"@id\":\"https:\\\/\\\/www.icrea.cat\\\/news\\\/#breadcrumb\",\"itemListElement\":[{\"@type\":\"ListItem\",\"position\":1,\"name\":\"Home\",\"item\":\"https:\\\/\\\/www.icrea.cat\\\/ca\\\/\"},{\"@type\":\"ListItem\",\"position\":2,\"name\":\"Not\u00edcies\"}]},{\"@type\":\"WebSite\",\"@id\":\"https:\\\/\\\/www.icrea.cat\\\/#website\",\"url\":\"https:\\\/\\\/www.icrea.cat\\\/\",\"name\":\"ICREA\",\"description\":\"\",\"publisher\":{\"@id\":\"https:\\\/\\\/www.icrea.cat\\\/#organization\"},\"potentialAction\":[{\"@type\":\"SearchAction\",\"target\":{\"@type\":\"EntryPoint\",\"urlTemplate\":\"https:\\\/\\\/www.icrea.cat\\\/?s={search_term_string}\"},\"query-input\":{\"@type\":\"PropertyValueSpecification\",\"valueRequired\":true,\"valueName\":\"search_term_string\"}}],\"inLanguage\":\"ca\"},{\"@type\":\"Organization\",\"@id\":\"https:\\\/\\\/www.icrea.cat\\\/#organization\",\"name\":\"ICREA\",\"url\":\"https:\\\/\\\/www.icrea.cat\\\/\",\"logo\":{\"@type\":\"ImageObject\",\"inLanguage\":\"ca\",\"@id\":\"https:\\\/\\\/www.icrea.cat\\\/#\\\/schema\\\/logo\\\/image\\\/\",\"url\":\"https:\\\/\\\/www.icrea.cat\\\/wp-content\\\/uploads\\\/2025\\\/01\\\/cropped-logo-icrea-claim-white.png\",\"contentUrl\":\"https:\\\/\\\/www.icrea.cat\\\/wp-content\\\/uploads\\\/2025\\\/01\\\/cropped-logo-icrea-claim-white.png\",\"width\":1658,\"height\":709,\"caption\":\"ICREA\"},\"image\":{\"@id\":\"https:\\\/\\\/www.icrea.cat\\\/#\\\/schema\\\/logo\\\/image\\\/\"}}]}<\/script>\n<!-- \/ Yoast SEO plugin. -->","yoast_head_json":{"title":"Not\u00edcies - ICREA","robots":{"index":"index","follow":"follow","max-snippet":"max-snippet:-1","max-image-preview":"max-image-preview:large","max-video-preview":"max-video-preview:-1"},"canonical":"https:\/\/www.icrea.cat\/news\/","og_locale":"ca_ES","og_type":"article","og_title":"Not\u00edcies - ICREA","og_description":"Not\u00edcies ICREA Text Category All categoriesAwardsGrantsSeminars Search News 5 ICREAs amongst the 1% most cited researchers of 2024 worldwide Congratulations to all of them, and also to their host institutions for this well deserved recognition. \u00b7 Josep Dalmau&hellip; Read Grants News ERC Synergy grants 2024 Congratulations to Diego Blas, Mariona Graupera and Kostas Kostarelos on [&hellip;]","og_url":"https:\/\/www.icrea.cat\/news\/","og_site_name":"ICREA","article_modified_time":"2024-11-27T14:51:40+00:00","twitter_card":"summary_large_image","twitter_misc":{"Temps estimat de lectura":"2 minuts"},"schema":{"@context":"https:\/\/schema.org","@graph":[{"@type":"WebPage","@id":"https:\/\/www.icrea.cat\/news\/","url":"https:\/\/www.icrea.cat\/news\/","name":"Not\u00edcies - ICREA","isPartOf":{"@id":"https:\/\/www.icrea.cat\/#website"},"datePublished":"2024-04-10T15:06:17+00:00","dateModified":"2024-11-27T14:51:40+00:00","breadcrumb":{"@id":"https:\/\/www.icrea.cat\/news\/#breadcrumb"},"inLanguage":"ca","potentialAction":[{"@type":"ReadAction","target":["https:\/\/www.icrea.cat\/news\/"]}]},{"@type":"BreadcrumbList","@id":"https:\/\/www.icrea.cat\/news\/#breadcrumb","itemListElement":[{"@type":"ListItem","position":1,"name":"Home","item":"https:\/\/www.icrea.cat\/ca\/"},{"@type":"ListItem","position":2,"name":"Not\u00edcies"}]},{"@type":"WebSite","@id":"https:\/\/www.icrea.cat\/#website","url":"https:\/\/www.icrea.cat\/","name":"ICREA","description":"","publisher":{"@id":"https:\/\/www.icrea.cat\/#organization"},"potentialAction":[{"@type":"SearchAction","target":{"@type":"EntryPoint","urlTemplate":"https:\/\/www.icrea.cat\/?s={search_term_string}"},"query-input":{"@type":"PropertyValueSpecification","valueRequired":true,"valueName":"search_term_string"}}],"inLanguage":"ca"},{"@type":"Organization","@id":"https:\/\/www.icrea.cat\/#organization","name":"ICREA","url":"https:\/\/www.icrea.cat\/","logo":{"@type":"ImageObject","inLanguage":"ca","@id":"https:\/\/www.icrea.cat\/#\/schema\/logo\/image\/","url":"https:\/\/www.icrea.cat\/wp-content\/uploads\/2025\/01\/cropped-logo-icrea-claim-white.png","contentUrl":"https:\/\/www.icrea.cat\/wp-content\/uploads\/2025\/01\/cropped-logo-icrea-claim-white.png","width":1658,"height":709,"caption":"ICREA"},"image":{"@id":"https:\/\/www.icrea.cat\/#\/schema\/logo\/image\/"}}]}},"_links":{"self":[{"href":"https:\/\/www.icrea.cat\/ca\/wp-json\/wp\/v2\/pages\/7217","targetHints":{"allow":["GET"]}}],"collection":[{"href":"https:\/\/www.icrea.cat\/ca\/wp-json\/wp\/v2\/pages"}],"about":[{"href":"https:\/\/www.icrea.cat\/ca\/wp-json\/wp\/v2\/types\/page"}],"author":[{"embeddable":true,"href":"https:\/\/www.icrea.cat\/ca\/wp-json\/wp\/v2\/users\/1"}],"replies":[{"embeddable":true,"href":"https:\/\/www.icrea.cat\/ca\/wp-json\/wp\/v2\/comments?post=7217"}],"version-history":[{"count":27,"href":"https:\/\/www.icrea.cat\/ca\/wp-json\/wp\/v2\/pages\/7217\/revisions"}],"predecessor-version":[{"id":20000,"href":"https:\/\/www.icrea.cat\/ca\/wp-json\/wp\/v2\/pages\/7217\/revisions\/20000"}],"wp:attachment":[{"href":"https:\/\/www.icrea.cat\/ca\/wp-json\/wp\/v2\/media?parent=7217"}],"curies":[{"name":"wp","href":"https:\/\/api.w.org\/{rel}","templated":true}]}}