{"id":7213,"date":"2024-08-21T10:44:41","date_gmt":"2024-08-21T08:44:41","guid":{"rendered":"https:\/\/www.icrea.cat\/impact\/divulgacion\/"},"modified":"2026-03-23T12:36:55","modified_gmt":"2026-03-23T11:36:55","slug":"divulgacio","status":"publish","type":"page","link":"https:\/\/www.icrea.cat\/ca\/impacte\/divulgacio\/","title":{"rendered":"Divulgaci\u00f3"},"content":{"rendered":"\t\t<div data-elementor-type=\"wp-page\" data-elementor-id=\"7213\" class=\"elementor elementor-7213 elementor-5453\">\n\t\t\t\t<div class=\"elementor-element elementor-element-6621672 hero-banner-def e-flex e-con-boxed e-con e-parent\" data-id=\"6621672\" data-element_type=\"container\" data-e-type=\"container\" data-settings=\"{&quot;background_background&quot;:&quot;slideshow&quot;,&quot;background_slideshow_gallery&quot;:[{&quot;id&quot;:5276,&quot;url&quot;:&quot;https:\\\/\\\/www.icrea.cat\\\/wp-content\\\/uploads\\\/2024\\\/08\\\/Mask-group.png&quot;}],&quot;background_slideshow_loop&quot;:&quot;yes&quot;,&quot;background_slideshow_slide_duration&quot;:5000,&quot;background_slideshow_slide_transition&quot;:&quot;fade&quot;,&quot;background_slideshow_transition_duration&quot;:500}\">\n\t\t\t\t\t<div class=\"e-con-inner\">\n\t\t\t\t<div class=\"elementor-element elementor-element-9b97a17 elementor-invisible elementor-widget elementor-widget-heading\" data-id=\"9b97a17\" data-element_type=\"widget\" data-e-type=\"widget\" data-settings=\"{&quot;_animation&quot;:&quot;fadeInDown&quot;}\" data-widget_type=\"heading.default\">\n\t\t\t\t<div class=\"elementor-widget-container\">\n\t\t\t\t\t<h1 class=\"elementor-heading-title elementor-size-default\"><mark>Divulgaci\u00f3<\/mark><\/h1>\t\t\t\t<\/div>\n\t\t\t\t<\/div>\n\t\t\t\t\t<\/div>\n\t\t\t\t<\/div>\n\t\t<div class=\"elementor-element elementor-element-21af319 e-flex e-con-boxed e-con e-parent\" data-id=\"21af319\" data-element_type=\"container\" data-e-type=\"container\">\n\t\t\t\t\t<div class=\"e-con-inner\">\n\t\t<div class=\"elementor-element elementor-element-dabae51 e-con-full e-flex e-con e-child\" data-id=\"dabae51\" data-element_type=\"container\" data-e-type=\"container\">\n\t\t\t\t<div class=\"elementor-element elementor-element-fe0c4f8 elementor-widget elementor-widget-heading\" data-id=\"fe0c4f8\" data-element_type=\"widget\" data-e-type=\"widget\" data-widget_type=\"heading.default\">\n\t\t\t\t<div class=\"elementor-widget-container\">\n\t\t\t\t\t<h2 class=\"elementor-heading-title elementor-size-default\">ALTRES PRODUCCIONS <mark>CIENT\u00cdFIQUES<\/mark><\/h2>\t\t\t\t<\/div>\n\t\t\t\t<\/div>\n\t\t\t\t<\/div>\n\t\t<div class=\"elementor-element elementor-element-272539d e-con-full e-flex e-con e-child\" data-id=\"272539d\" data-element_type=\"container\" data-e-type=\"container\">\n\t\t\t\t<\/div>\n\t\t<div class=\"elementor-element elementor-element-93278f2 e-con-full e-flex e-con e-child\" data-id=\"93278f2\" data-element_type=\"container\" data-e-type=\"container\">\n\t\t\t\t<\/div>\n\t\t\t\t\t<\/div>\n\t\t\t\t<\/div>\n\t\t<div class=\"elementor-element elementor-element-9933976 golden-section e-flex e-con-boxed e-con e-parent\" data-id=\"9933976\" data-element_type=\"container\" data-e-type=\"container\">\n\t\t\t\t\t<div class=\"e-con-inner\">\n\t\t<div class=\"elementor-element elementor-element-6dc4124 e-con-full e-flex e-con e-child\" data-id=\"6dc4124\" data-element_type=\"container\" data-e-type=\"container\">\n\t\t\t\t<div class=\"elementor-element elementor-element-1ef98dd elementor-widget elementor-widget-heading\" data-id=\"1ef98dd\" data-element_type=\"widget\" data-e-type=\"widget\" data-widget_type=\"heading.default\">\n\t\t\t\t<div class=\"elementor-widget-container\">\n\t\t\t\t\t<h2 class=\"elementor-heading-title elementor-size-default\"> RESULTATS DESTACATS<\/h2>\t\t\t\t<\/div>\n\t\t\t\t<\/div>\n\t\t\t\t<div class=\"elementor-element elementor-element-2759f6a elementor-widget elementor-widget-text-editor\" data-id=\"2759f6a\" data-element_type=\"widget\" data-e-type=\"widget\" data-widget_type=\"text-editor.default\">\n\t\t\t\t<div class=\"elementor-widget-container\">\n\t\t\t\t\t\t\t\t\t<p>Navegueu i gaudiu del millor de la nostra recerca. Una selecci\u00f3 de publicacions dirigides pels nostres Professors d&#8217;Investigaci\u00f3 ICREA, en totes les disciplines i camps. <\/p>\t\t\t\t\t\t\t\t<\/div>\n\t\t\t\t<\/div>\n\t\t\t\t<div class=\"elementor-element elementor-element-3d57d20 icrea-btn-black elementor-widget elementor-widget-button\" data-id=\"3d57d20\" data-element_type=\"widget\" data-e-type=\"widget\" data-widget_type=\"button.default\">\n\t\t\t\t<div class=\"elementor-widget-container\">\n\t\t\t\t\t\t\t\t\t<div class=\"elementor-button-wrapper\">\n\t\t\t\t\t<a class=\"elementor-button elementor-button-link elementor-size-sm\" href=\"https:\/\/www.icrea.cat\/ca\/impacte\/divulgacio\/resultats-destacats\/\">\n\t\t\t\t\t\t<span class=\"elementor-button-content-wrapper\">\n\t\t\t\t\t\t\t\t\t<span class=\"elementor-button-text\">Anar a resultats destacats<\/span>\n\t\t\t\t\t<\/span>\n\t\t\t\t\t<\/a>\n\t\t\t\t<\/div>\n\t\t\t\t\t\t\t\t<\/div>\n\t\t\t\t<\/div>\n\t\t\t\t<\/div>\n\t\t<div class=\"elementor-element elementor-element-45465cb e-con-full annual-control e-flex e-con e-child\" data-id=\"45465cb\" data-element_type=\"container\" data-e-type=\"container\">\n\t\t\t\t<div class=\"elementor-element elementor-element-67ff523 elementor-widget elementor-widget-image\" data-id=\"67ff523\" data-element_type=\"widget\" data-e-type=\"widget\" data-widget_type=\"image.default\">\n\t\t\t\t<div class=\"elementor-widget-container\">\n\t\t\t\t\t\t\t\t\t\t\t\t\t\t\t<img fetchpriority=\"high\" decoding=\"async\" width=\"800\" height=\"513\" src=\"https:\/\/www.icrea.cat\/wp-content\/uploads\/2024\/08\/Rectangle-45@2x-1024x657.jpg\" class=\"attachment-large size-large wp-image-5289\" alt=\"\" srcset=\"https:\/\/www.icrea.cat\/wp-content\/uploads\/2024\/08\/Rectangle-45@2x-1024x657.jpg 1024w, https:\/\/www.icrea.cat\/wp-content\/uploads\/2024\/08\/Rectangle-45@2x-300x192.jpg 300w, https:\/\/www.icrea.cat\/wp-content\/uploads\/2024\/08\/Rectangle-45@2x-768x493.jpg 768w, https:\/\/www.icrea.cat\/wp-content\/uploads\/2024\/08\/Rectangle-45@2x.jpg 1194w\" sizes=\"(max-width: 800px) 100vw, 800px\" \/>\t\t\t\t\t\t\t\t\t\t\t\t\t\t\t<\/div>\n\t\t\t\t<\/div>\n\t\t\t\t<\/div>\n\t\t\t\t\t<\/div>\n\t\t\t\t<\/div>\n\t\t<div class=\"elementor-element elementor-element-e421620 e-flex e-con-boxed e-con e-parent\" data-id=\"e421620\" data-element_type=\"container\" data-e-type=\"container\">\n\t\t\t\t\t<div class=\"e-con-inner\">\n\t\t<div class=\"elementor-element elementor-element-3fd76ec e-con-full e-flex e-con e-child\" data-id=\"3fd76ec\" data-element_type=\"container\" data-e-type=\"container\">\n\t\t\t\t<div class=\"elementor-element elementor-element-06f883b elementor-widget elementor-widget-image\" data-id=\"06f883b\" data-element_type=\"widget\" data-e-type=\"widget\" data-widget_type=\"image.default\">\n\t\t\t\t<div class=\"elementor-widget-container\">\n\t\t\t\t\t\t\t\t\t\t\t\t\t\t\t<img decoding=\"async\" width=\"398\" height=\"692\" src=\"https:\/\/www.icrea.cat\/wp-content\/uploads\/2024\/08\/Mask-group-1.jpg\" class=\"attachment-large size-large wp-image-5486\" alt=\"\" srcset=\"https:\/\/www.icrea.cat\/wp-content\/uploads\/2024\/08\/Mask-group-1.jpg 398w, https:\/\/www.icrea.cat\/wp-content\/uploads\/2024\/08\/Mask-group-1-173x300.jpg 173w\" sizes=\"(max-width: 398px) 100vw, 398px\" \/>\t\t\t\t\t\t\t\t\t\t\t\t\t\t\t<\/div>\n\t\t\t\t<\/div>\n\t\t\t\t<\/div>\n\t\t<div class=\"elementor-element elementor-element-04edb07 e-con-full e-flex e-con e-child\" data-id=\"04edb07\" data-element_type=\"container\" data-e-type=\"container\">\n\t\t\t\t<div class=\"elementor-element elementor-element-a8da955 elementor-widget elementor-widget-heading\" data-id=\"a8da955\" data-element_type=\"widget\" data-e-type=\"widget\" data-widget_type=\"heading.default\">\n\t\t\t\t<div class=\"elementor-widget-container\">\n\t\t\t\t\t<h2 class=\"elementor-heading-title elementor-size-default\"><mark> DIFUSI\u00d3<\/mark><\/h2>\t\t\t\t<\/div>\n\t\t\t\t<\/div>\n\t\t\t\t<div class=\"elementor-element elementor-element-872e405 elementor-widget elementor-widget-text-editor\" data-id=\"872e405\" data-element_type=\"widget\" data-e-type=\"widget\" data-widget_type=\"text-editor.default\">\n\t\t\t\t<div class=\"elementor-widget-container\">\n\t\t\t\t\t\t\t\t\t<p>Descobriu com els Professors d&#8217;Investigaci\u00f3 ICREA interactuen amb el seu p\u00fablic i participen en debats p\u00fablics, apareixen als mitjans de comunicaci\u00f3 i arriben a un p\u00fablic m\u00e9s ampli per portar el seu treball a un p\u00fablic m\u00e9s ampli.<\/p>\t\t\t\t\t\t\t\t<\/div>\n\t\t\t\t<\/div>\n\t\t\t\t<div class=\"elementor-element elementor-element-482707c icrea-btn elementor-widget elementor-widget-button\" data-id=\"482707c\" data-element_type=\"widget\" data-e-type=\"widget\" data-widget_type=\"button.default\">\n\t\t\t\t<div class=\"elementor-widget-container\">\n\t\t\t\t\t\t\t\t\t<div class=\"elementor-button-wrapper\">\n\t\t\t\t\t<a class=\"elementor-button elementor-button-link elementor-size-sm\" href=\"https:\/\/www.icrea.cat\/ca\/impacte\/divulgacio\/dissemination\/\">\n\t\t\t\t\t\t<span class=\"elementor-button-content-wrapper\">\n\t\t\t\t\t\t\t\t\t<span class=\"elementor-button-text\">Anar a difusi\u00f3<\/span>\n\t\t\t\t\t<\/span>\n\t\t\t\t\t<\/a>\n\t\t\t\t<\/div>\n\t\t\t\t\t\t\t\t<\/div>\n\t\t\t\t<\/div>\n\t\t\t\t<\/div>\n\t\t<div class=\"elementor-element elementor-element-e12bf26 golden-section e-con-full e-flex e-con e-child\" data-id=\"e12bf26\" data-element_type=\"container\" data-e-type=\"container\">\n\t\t<div class=\"elementor-element elementor-element-00fef1f e-con-full e-flex e-con e-child\" data-id=\"00fef1f\" data-element_type=\"container\" data-e-type=\"container\">\n\t\t\t\t<div class=\"elementor-element elementor-element-6308cdd elementor-widget elementor-widget-heading\" data-id=\"6308cdd\" data-element_type=\"widget\" data-e-type=\"widget\" data-widget_type=\"heading.default\">\n\t\t\t\t<div class=\"elementor-widget-container\">\n\t\t\t\t\t<h2 class=\"elementor-heading-title elementor-size-default\"><mark> ICREA't<\/mark><\/h2>\t\t\t\t<\/div>\n\t\t\t\t<\/div>\n\t\t\t\t<div class=\"elementor-element elementor-element-47a5b8a elementor-widget elementor-widget-text-editor\" data-id=\"47a5b8a\" data-element_type=\"widget\" data-e-type=\"widget\" data-widget_type=\"text-editor.default\">\n\t\t\t\t<div class=\"elementor-widget-container\">\n\t\t\t\t\t\t\t\t\t<p>Aquest enlla\u00e7 enlla\u00e7a al nostre nou lloc web ICREA&#8217;t, que mostra el millor de la nostra recerca a la societat catalana. Descobriu la ci\u00e8ncia que ens ofereix noves maneres de veure i entendre l&#8217;univers. <\/p>\t\t\t\t\t\t\t\t<\/div>\n\t\t\t\t<\/div>\n\t\t\t\t<div class=\"elementor-element elementor-element-4d76024 icrea-btn-black elementor-widget elementor-widget-button\" data-id=\"4d76024\" data-element_type=\"widget\" data-e-type=\"widget\" data-widget_type=\"button.default\">\n\t\t\t\t<div class=\"elementor-widget-container\">\n\t\t\t\t\t\t\t\t\t<div class=\"elementor-button-wrapper\">\n\t\t\t\t\t<a class=\"elementor-button elementor-button-link elementor-size-sm\" href=\"http:\/\/www.icreat.cat\">\n\t\t\t\t\t\t<span class=\"elementor-button-content-wrapper\">\n\t\t\t\t\t\t\t\t\t<span class=\"elementor-button-text\">Anar al web d'ICREA't<\/span>\n\t\t\t\t\t<\/span>\n\t\t\t\t\t<\/a>\n\t\t\t\t<\/div>\n\t\t\t\t\t\t\t\t<\/div>\n\t\t\t\t<\/div>\n\t\t\t\t<\/div>\n\t\t<div class=\"elementor-element elementor-element-a15c92b e-con-full annual-control e-flex e-con e-child\" data-id=\"a15c92b\" data-element_type=\"container\" data-e-type=\"container\">\n\t\t\t\t<div class=\"elementor-element elementor-element-6c5c57c elementor-widget elementor-widget-image\" data-id=\"6c5c57c\" data-element_type=\"widget\" data-e-type=\"widget\" data-widget_type=\"image.default\">\n\t\t\t\t<div class=\"elementor-widget-container\">\n\t\t\t\t\t\t\t\t\t\t\t\t\t\t\t<img decoding=\"async\" width=\"800\" height=\"359\" src=\"https:\/\/www.icrea.cat\/wp-content\/uploads\/2026\/03\/Banner4-1024x459.jpg\" class=\"attachment-large size-large wp-image-26551\" alt=\"\" srcset=\"https:\/\/www.icrea.cat\/wp-content\/uploads\/2026\/03\/Banner4-1024x459.jpg 1024w, https:\/\/www.icrea.cat\/wp-content\/uploads\/2026\/03\/Banner4-300x134.jpg 300w, https:\/\/www.icrea.cat\/wp-content\/uploads\/2026\/03\/Banner4-768x344.jpg 768w, https:\/\/www.icrea.cat\/wp-content\/uploads\/2026\/03\/Banner4.jpg 1296w\" sizes=\"(max-width: 800px) 100vw, 800px\" \/>\t\t\t\t\t\t\t\t\t\t\t\t\t\t\t<\/div>\n\t\t\t\t<\/div>\n\t\t\t\t<\/div>\n\t\t\t\t<\/div>\n\t\t\t\t\t<\/div>\n\t\t\t\t<\/div>\n\t\t\t\t<\/div>\n\t\t","protected":false},"excerpt":{"rendered":"<p>Divulgaci\u00f3 ALTRES PRODUCCIONS CIENT\u00cdFIQUES RESULTATS DESTACATS Navegueu i gaudiu del millor de la nostra recerca. Una selecci\u00f3 de publicacions dirigides pels nostres Professors d&#8217;Investigaci\u00f3 ICREA, en totes les disciplines i camps. Anar a resultats destacats DIFUSI\u00d3 Descobriu com els Professors d&#8217;Investigaci\u00f3 ICREA interactuen amb el seu p\u00fablic i participen en debats p\u00fablics, apareixen als mitjans [&hellip;]<\/p>\n","protected":false},"author":1,"featured_media":0,"parent":7165,"menu_order":0,"comment_status":"closed","ping_status":"closed","template":"","meta":{"_acf_changed":false,"footnotes":""},"class_list":["post-7213","page","type-page","status-publish","hentry"],"acf":[],"yoast_head":"<!-- This site is optimized with the Yoast SEO plugin v27.4 - https:\/\/yoast.com\/product\/yoast-seo-wordpress\/ -->\n<title>Divulgaci\u00f3 - ICREA<\/title>\n<meta name=\"robots\" content=\"index, follow, max-snippet:-1, max-image-preview:large, max-video-preview:-1\" \/>\n<link rel=\"canonical\" href=\"https:\/\/www.icrea.cat\/ca\/impacte\/divulgacio\/\" \/>\n<meta property=\"og:locale\" content=\"ca_ES\" \/>\n<meta property=\"og:type\" content=\"article\" \/>\n<meta property=\"og:title\" content=\"Divulgaci\u00f3 - ICREA\" \/>\n<meta property=\"og:description\" content=\"Divulgaci\u00f3 ALTRES PRODUCCIONS CIENT\u00cdFIQUES RESULTATS DESTACATS Navegueu i gaudiu del millor de la nostra recerca. Una selecci\u00f3 de publicacions dirigides pels nostres Professors d&#8217;Investigaci\u00f3 ICREA, en totes les disciplines i camps. Anar a resultats destacats DIFUSI\u00d3 Descobriu com els Professors d&#8217;Investigaci\u00f3 ICREA interactuen amb el seu p\u00fablic i participen en debats p\u00fablics, apareixen als mitjans [&hellip;]\" \/>\n<meta property=\"og:url\" content=\"https:\/\/www.icrea.cat\/ca\/impacte\/divulgacio\/\" \/>\n<meta property=\"og:site_name\" content=\"ICREA\" \/>\n<meta property=\"article:modified_time\" content=\"2026-03-23T11:36:55+00:00\" \/>\n<meta property=\"og:image\" content=\"https:\/\/www.icrea.cat\/wp-content\/uploads\/2024\/08\/Rectangle-45@2x.jpg\" \/>\n\t<meta property=\"og:image:width\" content=\"1194\" \/>\n\t<meta property=\"og:image:height\" content=\"766\" \/>\n\t<meta property=\"og:image:type\" content=\"image\/jpeg\" \/>\n<meta name=\"twitter:card\" content=\"summary_large_image\" \/>\n<meta name=\"twitter:label1\" content=\"Temps estimat de lectura\" \/>\n\t<meta name=\"twitter:data1\" content=\"1 minut\" \/>\n<script type=\"application\/ld+json\" class=\"yoast-schema-graph\">{\"@context\":\"https:\\\/\\\/schema.org\",\"@graph\":[{\"@type\":\"WebPage\",\"@id\":\"https:\\\/\\\/www.icrea.cat\\\/ca\\\/impacte\\\/divulgacio\\\/\",\"url\":\"https:\\\/\\\/www.icrea.cat\\\/ca\\\/impacte\\\/divulgacio\\\/\",\"name\":\"Divulgaci\u00f3 - ICREA\",\"isPartOf\":{\"@id\":\"https:\\\/\\\/www.icrea.cat\\\/#website\"},\"primaryImageOfPage\":{\"@id\":\"https:\\\/\\\/www.icrea.cat\\\/ca\\\/impacte\\\/divulgacio\\\/#primaryimage\"},\"image\":{\"@id\":\"https:\\\/\\\/www.icrea.cat\\\/ca\\\/impacte\\\/divulgacio\\\/#primaryimage\"},\"thumbnailUrl\":\"https:\\\/\\\/www.icrea.cat\\\/wp-content\\\/uploads\\\/2024\\\/08\\\/Rectangle-45@2x-1024x657.jpg\",\"datePublished\":\"2024-08-21T08:44:41+00:00\",\"dateModified\":\"2026-03-23T11:36:55+00:00\",\"breadcrumb\":{\"@id\":\"https:\\\/\\\/www.icrea.cat\\\/ca\\\/impacte\\\/divulgacio\\\/#breadcrumb\"},\"inLanguage\":\"ca\",\"potentialAction\":[{\"@type\":\"ReadAction\",\"target\":[\"https:\\\/\\\/www.icrea.cat\\\/ca\\\/impacte\\\/divulgacio\\\/\"]}]},{\"@type\":\"ImageObject\",\"inLanguage\":\"ca\",\"@id\":\"https:\\\/\\\/www.icrea.cat\\\/ca\\\/impacte\\\/divulgacio\\\/#primaryimage\",\"url\":\"https:\\\/\\\/www.icrea.cat\\\/wp-content\\\/uploads\\\/2024\\\/08\\\/Rectangle-45@2x-1024x657.jpg\",\"contentUrl\":\"https:\\\/\\\/www.icrea.cat\\\/wp-content\\\/uploads\\\/2024\\\/08\\\/Rectangle-45@2x-1024x657.jpg\"},{\"@type\":\"BreadcrumbList\",\"@id\":\"https:\\\/\\\/www.icrea.cat\\\/ca\\\/impacte\\\/divulgacio\\\/#breadcrumb\",\"itemListElement\":[{\"@type\":\"ListItem\",\"position\":1,\"name\":\"Home\",\"item\":\"https:\\\/\\\/www.icrea.cat\\\/ca\\\/\"},{\"@type\":\"ListItem\",\"position\":2,\"name\":\"Impact\",\"item\":\"https:\\\/\\\/www.icrea.cat\\\/impact\\\/\"},{\"@type\":\"ListItem\",\"position\":3,\"name\":\"Divulgaci\u00f3\"}]},{\"@type\":\"WebSite\",\"@id\":\"https:\\\/\\\/www.icrea.cat\\\/#website\",\"url\":\"https:\\\/\\\/www.icrea.cat\\\/\",\"name\":\"ICREA\",\"description\":\"\",\"publisher\":{\"@id\":\"https:\\\/\\\/www.icrea.cat\\\/#organization\"},\"potentialAction\":[{\"@type\":\"SearchAction\",\"target\":{\"@type\":\"EntryPoint\",\"urlTemplate\":\"https:\\\/\\\/www.icrea.cat\\\/?s={search_term_string}\"},\"query-input\":{\"@type\":\"PropertyValueSpecification\",\"valueRequired\":true,\"valueName\":\"search_term_string\"}}],\"inLanguage\":\"ca\"},{\"@type\":\"Organization\",\"@id\":\"https:\\\/\\\/www.icrea.cat\\\/#organization\",\"name\":\"ICREA\",\"url\":\"https:\\\/\\\/www.icrea.cat\\\/\",\"logo\":{\"@type\":\"ImageObject\",\"inLanguage\":\"ca\",\"@id\":\"https:\\\/\\\/www.icrea.cat\\\/#\\\/schema\\\/logo\\\/image\\\/\",\"url\":\"https:\\\/\\\/www.icrea.cat\\\/wp-content\\\/uploads\\\/2025\\\/01\\\/cropped-logo-icrea-claim-white.png\",\"contentUrl\":\"https:\\\/\\\/www.icrea.cat\\\/wp-content\\\/uploads\\\/2025\\\/01\\\/cropped-logo-icrea-claim-white.png\",\"width\":1658,\"height\":709,\"caption\":\"ICREA\"},\"image\":{\"@id\":\"https:\\\/\\\/www.icrea.cat\\\/#\\\/schema\\\/logo\\\/image\\\/\"}}]}<\/script>\n<!-- \/ Yoast SEO plugin. -->","yoast_head_json":{"title":"Divulgaci\u00f3 - ICREA","robots":{"index":"index","follow":"follow","max-snippet":"max-snippet:-1","max-image-preview":"max-image-preview:large","max-video-preview":"max-video-preview:-1"},"canonical":"https:\/\/www.icrea.cat\/ca\/impacte\/divulgacio\/","og_locale":"ca_ES","og_type":"article","og_title":"Divulgaci\u00f3 - ICREA","og_description":"Divulgaci\u00f3 ALTRES PRODUCCIONS CIENT\u00cdFIQUES RESULTATS DESTACATS Navegueu i gaudiu del millor de la nostra recerca. Una selecci\u00f3 de publicacions dirigides pels nostres Professors d&#8217;Investigaci\u00f3 ICREA, en totes les disciplines i camps. Anar a resultats destacats DIFUSI\u00d3 Descobriu com els Professors d&#8217;Investigaci\u00f3 ICREA interactuen amb el seu p\u00fablic i participen en debats p\u00fablics, apareixen als mitjans [&hellip;]","og_url":"https:\/\/www.icrea.cat\/ca\/impacte\/divulgacio\/","og_site_name":"ICREA","article_modified_time":"2026-03-23T11:36:55+00:00","og_image":[{"width":1194,"height":766,"url":"https:\/\/www.icrea.cat\/wp-content\/uploads\/2024\/08\/Rectangle-45@2x.jpg","type":"image\/jpeg"}],"twitter_card":"summary_large_image","twitter_misc":{"Temps estimat de lectura":"1 minut"},"schema":{"@context":"https:\/\/schema.org","@graph":[{"@type":"WebPage","@id":"https:\/\/www.icrea.cat\/ca\/impacte\/divulgacio\/","url":"https:\/\/www.icrea.cat\/ca\/impacte\/divulgacio\/","name":"Divulgaci\u00f3 - ICREA","isPartOf":{"@id":"https:\/\/www.icrea.cat\/#website"},"primaryImageOfPage":{"@id":"https:\/\/www.icrea.cat\/ca\/impacte\/divulgacio\/#primaryimage"},"image":{"@id":"https:\/\/www.icrea.cat\/ca\/impacte\/divulgacio\/#primaryimage"},"thumbnailUrl":"https:\/\/www.icrea.cat\/wp-content\/uploads\/2024\/08\/Rectangle-45@2x-1024x657.jpg","datePublished":"2024-08-21T08:44:41+00:00","dateModified":"2026-03-23T11:36:55+00:00","breadcrumb":{"@id":"https:\/\/www.icrea.cat\/ca\/impacte\/divulgacio\/#breadcrumb"},"inLanguage":"ca","potentialAction":[{"@type":"ReadAction","target":["https:\/\/www.icrea.cat\/ca\/impacte\/divulgacio\/"]}]},{"@type":"ImageObject","inLanguage":"ca","@id":"https:\/\/www.icrea.cat\/ca\/impacte\/divulgacio\/#primaryimage","url":"https:\/\/www.icrea.cat\/wp-content\/uploads\/2024\/08\/Rectangle-45@2x-1024x657.jpg","contentUrl":"https:\/\/www.icrea.cat\/wp-content\/uploads\/2024\/08\/Rectangle-45@2x-1024x657.jpg"},{"@type":"BreadcrumbList","@id":"https:\/\/www.icrea.cat\/ca\/impacte\/divulgacio\/#breadcrumb","itemListElement":[{"@type":"ListItem","position":1,"name":"Home","item":"https:\/\/www.icrea.cat\/ca\/"},{"@type":"ListItem","position":2,"name":"Impact","item":"https:\/\/www.icrea.cat\/impact\/"},{"@type":"ListItem","position":3,"name":"Divulgaci\u00f3"}]},{"@type":"WebSite","@id":"https:\/\/www.icrea.cat\/#website","url":"https:\/\/www.icrea.cat\/","name":"ICREA","description":"","publisher":{"@id":"https:\/\/www.icrea.cat\/#organization"},"potentialAction":[{"@type":"SearchAction","target":{"@type":"EntryPoint","urlTemplate":"https:\/\/www.icrea.cat\/?s={search_term_string}"},"query-input":{"@type":"PropertyValueSpecification","valueRequired":true,"valueName":"search_term_string"}}],"inLanguage":"ca"},{"@type":"Organization","@id":"https:\/\/www.icrea.cat\/#organization","name":"ICREA","url":"https:\/\/www.icrea.cat\/","logo":{"@type":"ImageObject","inLanguage":"ca","@id":"https:\/\/www.icrea.cat\/#\/schema\/logo\/image\/","url":"https:\/\/www.icrea.cat\/wp-content\/uploads\/2025\/01\/cropped-logo-icrea-claim-white.png","contentUrl":"https:\/\/www.icrea.cat\/wp-content\/uploads\/2025\/01\/cropped-logo-icrea-claim-white.png","width":1658,"height":709,"caption":"ICREA"},"image":{"@id":"https:\/\/www.icrea.cat\/#\/schema\/logo\/image\/"}}]}},"_links":{"self":[{"href":"https:\/\/www.icrea.cat\/ca\/wp-json\/wp\/v2\/pages\/7213","targetHints":{"allow":["GET"]}}],"collection":[{"href":"https:\/\/www.icrea.cat\/ca\/wp-json\/wp\/v2\/pages"}],"about":[{"href":"https:\/\/www.icrea.cat\/ca\/wp-json\/wp\/v2\/types\/page"}],"author":[{"embeddable":true,"href":"https:\/\/www.icrea.cat\/ca\/wp-json\/wp\/v2\/users\/1"}],"replies":[{"embeddable":true,"href":"https:\/\/www.icrea.cat\/ca\/wp-json\/wp\/v2\/comments?post=7213"}],"version-history":[{"count":9,"href":"https:\/\/www.icrea.cat\/ca\/wp-json\/wp\/v2\/pages\/7213\/revisions"}],"predecessor-version":[{"id":26668,"href":"https:\/\/www.icrea.cat\/ca\/wp-json\/wp\/v2\/pages\/7213\/revisions\/26668"}],"up":[{"embeddable":true,"href":"https:\/\/www.icrea.cat\/ca\/wp-json\/wp\/v2\/pages\/7165"}],"wp:attachment":[{"href":"https:\/\/www.icrea.cat\/ca\/wp-json\/wp\/v2\/media?parent=7213"}],"curies":[{"name":"wp","href":"https:\/\/api.w.org\/{rel}","templated":true}]}}