{"id":7207,"date":"2024-01-30T09:53:56","date_gmt":"2024-01-30T08:53:56","guid":{"rendered":"https:\/\/www.icrea.cat\/impact\/innovacio\/"},"modified":"2024-10-24T12:13:20","modified_gmt":"2024-10-24T10:13:20","slug":"innovacio","status":"publish","type":"page","link":"https:\/\/www.icrea.cat\/ca\/impacte\/innovacio\/","title":{"rendered":"Innovaci\u00f3"},"content":{"rendered":"\t\t<div data-elementor-type=\"wp-page\" data-elementor-id=\"7207\" class=\"elementor elementor-7207 elementor-750\">\n\t\t\t\t<div class=\"elementor-element elementor-element-083e46a hero-banner-def e-flex e-con-boxed e-con e-parent\" data-id=\"083e46a\" data-element_type=\"container\" data-e-type=\"container\" data-settings=\"{&quot;background_background&quot;:&quot;slideshow&quot;,&quot;background_slideshow_gallery&quot;:[{&quot;id&quot;:763,&quot;url&quot;:&quot;https:\\\/\\\/www.icrea.cat\\\/wp-content\\\/uploads\\\/2024\\\/01\\\/Mask-group.png&quot;}],&quot;background_slideshow_loop&quot;:&quot;yes&quot;,&quot;background_slideshow_slide_duration&quot;:5000,&quot;background_slideshow_slide_transition&quot;:&quot;fade&quot;,&quot;background_slideshow_transition_duration&quot;:500}\">\n\t\t\t\t\t<div class=\"e-con-inner\">\n\t\t\t\t<div class=\"elementor-element elementor-element-af291f6 elementor-widget elementor-widget-heading\" data-id=\"af291f6\" data-element_type=\"widget\" data-e-type=\"widget\" data-widget_type=\"heading.default\">\n\t\t\t\t<div class=\"elementor-widget-container\">\n\t\t\t\t\t<h1 class=\"elementor-heading-title elementor-size-default\"><mark>Innovaci\u00f3<\/mark><\/h1>\t\t\t\t<\/div>\n\t\t\t\t<\/div>\n\t\t\t\t\t<\/div>\n\t\t\t\t<\/div>\n\t\t<div class=\"elementor-element elementor-element-0f385b1 e-flex e-con-boxed e-con e-parent\" data-id=\"0f385b1\" data-element_type=\"container\" data-e-type=\"container\">\n\t\t\t\t\t<div class=\"e-con-inner\">\n\t\t<div class=\"elementor-element elementor-element-be2089d e-con-full e-flex e-con e-child\" data-id=\"be2089d\" data-element_type=\"container\" data-e-type=\"container\">\n\t\t\t\t<div class=\"elementor-element elementor-element-d08af59 elementor-widget elementor-widget-heading\" data-id=\"d08af59\" data-element_type=\"widget\" data-e-type=\"widget\" data-widget_type=\"heading.default\">\n\t\t\t\t<div class=\"elementor-widget-container\">\n\t\t\t\t\t<h2 class=\"elementor-heading-title elementor-size-default\"><mark>PORTAR<\/mark> IDEES AL MERCAT<\/h2>\t\t\t\t<\/div>\n\t\t\t\t<\/div>\n\t\t\t\t<\/div>\n\t\t<div class=\"elementor-element elementor-element-5f38cde e-con-full e-flex e-con e-child\" data-id=\"5f38cde\" data-element_type=\"container\" data-e-type=\"container\">\n\t\t\t\t<div class=\"elementor-element elementor-element-a072c43 elementor-widget elementor-widget-text-editor\" data-id=\"a072c43\" data-element_type=\"widget\" data-e-type=\"widget\" data-widget_type=\"text-editor.default\">\n\t\t\t\t<div class=\"elementor-widget-container\">\n\t\t\t\t\t\t\t\t\t<p>Els investigadors ICREA tenen plena llibertat per fer la seva recerca, i se&#8217;ls selecciona \u00fanicament segons l&#8217;excel\u00b7l\u00e8ncia cient\u00edfica i acad\u00e8mica. Ara b\u00e9, l&#8217;excel\u00b7l\u00e8ncia cient\u00edfica porta sovint a descobriments incre\u00efbles que poden transformar la forma en qu\u00e8 fem les coses, i el que pensem de nosaltres i del nostre futur. <\/p>\n\t\t\t\t\t\t\t\t<\/div>\n\t\t\t\t<\/div>\n\t\t\t\t<\/div>\n\t\t<div class=\"elementor-element elementor-element-09aff6b e-con-full e-flex e-con e-child\" data-id=\"09aff6b\" data-element_type=\"container\" data-e-type=\"container\">\n\t\t\t\t<div class=\"elementor-element elementor-element-3ce7e71 elementor-widget elementor-widget-text-editor\" data-id=\"3ce7e71\" data-element_type=\"widget\" data-e-type=\"widget\" data-widget_type=\"text-editor.default\">\n\t\t\t\t<div class=\"elementor-widget-container\">\n\t\t\t\t\t\t\t\t\t<p>Quan passa aix\u00f2, ICREA hi ajuda. I passa molt sovint, perqu\u00e8 la recerca de frontera sovint aporta nous descobriments que poden canviar la forma de fer les coses. <\/p>\n\t\t\t\t\t\t\t\t<\/div>\n\t\t\t\t<\/div>\n\t\t\t\t<div class=\"elementor-element elementor-element-18d0070 elementor-widget elementor-widget-text-editor\" data-id=\"18d0070\" data-element_type=\"widget\" data-e-type=\"widget\" data-widget_type=\"text-editor.default\">\n\t\t\t\t<div class=\"elementor-widget-container\">\n\t\t\t\t\t\t\t\t\t<p>Fer que aquests descobriments puguin arribar al mercat, mitjan\u00e7ant la creaci\u00f3 d&#8217;una empresa, o la concessi\u00f3 de llic\u00e8ncies d&#8217;explotaci\u00f3 \u00e9s cada cop m\u00e9s important en la nostra tasca di\u00e0ria.<\/p>\n\t\t\t\t\t\t\t\t<\/div>\n\t\t\t\t<\/div>\n\t\t\t\t<\/div>\n\t\t\t\t\t<\/div>\n\t\t\t\t<\/div>\n\t\t<div class=\"elementor-element elementor-element-db4e4ea golden-section e-flex e-con-boxed e-con e-parent\" data-id=\"db4e4ea\" data-element_type=\"container\" data-e-type=\"container\">\n\t\t\t\t\t<div class=\"e-con-inner\">\n\t\t<div class=\"elementor-element elementor-element-699aacf e-con-full e-flex e-con e-child\" data-id=\"699aacf\" data-element_type=\"container\" data-e-type=\"container\">\n\t\t\t\t<div class=\"elementor-element elementor-element-f33f168 elementor-widget elementor-widget-heading\" data-id=\"f33f168\" data-element_type=\"widget\" data-e-type=\"widget\" data-widget_type=\"heading.default\">\n\t\t\t\t<div class=\"elementor-widget-container\">\n\t\t\t\t\t<h2 class=\"elementor-heading-title elementor-size-default\"> Empreses <mark>derivades<\/mark><\/h2>\t\t\t\t<\/div>\n\t\t\t\t<\/div>\n\t\t\t\t<div class=\"elementor-element elementor-element-59732d1 elementor-widget elementor-widget-text-editor\" data-id=\"59732d1\" data-element_type=\"widget\" data-e-type=\"widget\" data-widget_type=\"text-editor.default\">\n\t\t\t\t<div class=\"elementor-widget-container\">\n\t\t\t\t\t\t\t\t\t<p>Tot i que no \u00e9s una cosa que s&#8217;esperi en absolut dels investigadors ICREA, de vegades troben alguna cosa que promet de convertir-se en una potent tecnologia nova, per\u00f2 sembla impossible desenvolupar-la m\u00e9s sense una inversi\u00f3 significativa de temps i diners. En aquests casos, n&#8217;hi ha molts que opten per la creaci\u00f3 d&#8217;una empresa especialitzada, que gr\u00e0cies a l&#8217;aportaci\u00f3 d&#8217;inversors, obtingui recursos per a convertir la idea en una realitat. <\/p>\n\t\t\t\t\t\t\t\t<\/div>\n\t\t\t\t<\/div>\n\t\t\t\t<div class=\"elementor-element elementor-element-bbc4bab icrea-btn-black elementor-widget elementor-widget-button\" data-id=\"bbc4bab\" data-element_type=\"widget\" data-e-type=\"widget\" data-widget_type=\"button.default\">\n\t\t\t\t<div class=\"elementor-widget-container\">\n\t\t\t\t\t\t\t\t\t<div class=\"elementor-button-wrapper\">\n\t\t\t\t\t<a class=\"elementor-button elementor-button-link elementor-size-sm\" href=\"\/impact\/innovation\/spin-offs\/\">\n\t\t\t\t\t\t<span class=\"elementor-button-content-wrapper\">\n\t\t\t\t\t\t\t\t\t<span class=\"elementor-button-text\">Ves a empreses derivades<\/span>\n\t\t\t\t\t<\/span>\n\t\t\t\t\t<\/a>\n\t\t\t\t<\/div>\n\t\t\t\t\t\t\t\t<\/div>\n\t\t\t\t<\/div>\n\t\t\t\t<\/div>\n\t\t<div class=\"elementor-element elementor-element-2b0e225 e-con-full e-flex e-con e-child\" data-id=\"2b0e225\" data-element_type=\"container\" data-e-type=\"container\">\n\t\t\t\t<div class=\"elementor-element elementor-element-23b8eaa elementor-widget elementor-widget-image\" data-id=\"23b8eaa\" data-element_type=\"widget\" data-e-type=\"widget\" data-widget_type=\"image.default\">\n\t\t\t\t<div class=\"elementor-widget-container\">\n\t\t\t\t\t\t\t\t\t\t\t\t\t\t\t<img fetchpriority=\"high\" decoding=\"async\" width=\"633\" height=\"633\" src=\"https:\/\/www.icrea.cat\/wp-content\/uploads\/2024\/01\/Rectangle-45spinoff.jpg\" class=\"attachment-large size-large wp-image-5050\" alt=\"\" srcset=\"https:\/\/www.icrea.cat\/wp-content\/uploads\/2024\/01\/Rectangle-45spinoff.jpg 633w, https:\/\/www.icrea.cat\/wp-content\/uploads\/2024\/01\/Rectangle-45spinoff-300x300.jpg 300w, https:\/\/www.icrea.cat\/wp-content\/uploads\/2024\/01\/Rectangle-45spinoff-150x150.jpg 150w\" sizes=\"(max-width: 633px) 100vw, 633px\" \/>\t\t\t\t\t\t\t\t\t\t\t\t\t\t\t<\/div>\n\t\t\t\t<\/div>\n\t\t\t\t<\/div>\n\t\t\t\t\t<\/div>\n\t\t\t\t<\/div>\n\t\t<div class=\"elementor-element elementor-element-da1858c e-flex e-con-boxed e-con e-parent\" data-id=\"da1858c\" data-element_type=\"container\" data-e-type=\"container\">\n\t\t\t\t\t<div class=\"e-con-inner\">\n\t\t<div class=\"elementor-element elementor-element-c78c2bc e-con-full e-flex e-con e-child\" data-id=\"c78c2bc\" data-element_type=\"container\" data-e-type=\"container\">\n\t\t\t\t<div class=\"elementor-element elementor-element-192b078 elementor-widget elementor-widget-heading\" data-id=\"192b078\" data-element_type=\"widget\" data-e-type=\"widget\" data-widget_type=\"heading.default\">\n\t\t\t\t<div class=\"elementor-widget-container\">\n\t\t\t\t\t<h2 class=\"elementor-heading-title elementor-size-default\"><mark> PROPIETAT INDUSTRIAL<\/mark><\/h2>\t\t\t\t<\/div>\n\t\t\t\t<\/div>\n\t\t\t\t<div class=\"elementor-element elementor-element-1b96c3d elementor-widget elementor-widget-text-editor\" data-id=\"1b96c3d\" data-element_type=\"widget\" data-e-type=\"widget\" data-widget_type=\"text-editor.default\">\n\t\t\t\t<div class=\"elementor-widget-container\">\n\t\t\t\t\t\t\t\t\t<p><strong>ICREA<\/strong> selecciona els investigadors \u00fanicament segons els seus m\u00e8rits cient\u00edfics. No obstant aix\u00f2, l&#8217;excel\u00b7l\u00e8ncia cient\u00edfica porta sovint a la invenci\u00f3 de noves tecnologies i solucions. Quan passa aix\u00f2, ICREA fa costat a l&#8217;aprofitament d&#8217;aquestes oportunitats.  <\/p>\n\t\t\t\t\t\t\t\t<\/div>\n\t\t\t\t<\/div>\n\t\t\t\t<\/div>\n\t\t<div class=\"elementor-element elementor-element-45c25e2 e-con-full e-flex e-con e-child\" data-id=\"45c25e2\" data-element_type=\"container\" data-e-type=\"container\">\n\t\t\t\t<div class=\"elementor-element elementor-element-0366c9b elementor-widget elementor-widget-text-editor\" data-id=\"0366c9b\" data-element_type=\"widget\" data-e-type=\"widget\" data-widget_type=\"text-editor.default\">\n\t\t\t\t<div class=\"elementor-widget-container\">\n\t\t\t\t\t\t\t\t\t<p>Els catedr\u00e0tics de recerca de la ICREA treballen a diverses universitats i centres de recerca. Per aix\u00f2 la titularitat de qualsevol propietat industrial es comparteix sempre entre la ICREA i la instituci\u00f3 d&#8217;acollida. <\/p>\n\t\t\t\t\t\t\t\t<\/div>\n\t\t\t\t<\/div>\n\t\t\t\t<div class=\"elementor-element elementor-element-4861d78 elementor-widget elementor-widget-text-editor\" data-id=\"4861d78\" data-element_type=\"widget\" data-e-type=\"widget\" data-widget_type=\"text-editor.default\">\n\t\t\t\t<div class=\"elementor-widget-container\">\n\t\t\t\t\t\t\t\t\t<p><span style=\"white-space-collapse: preserve;\">Perqu\u00e8 les negociacions siguin el m\u00e9s \u00e0gils i concloents possible, les institucions d&#8217;acollida tenen plena llibertat per emprendre activitats de transfer\u00e8ncia de tecnologia en nom d&#8217;ICREA, si en sorgeix l&#8217;oportunitat. <br \/><\/span><\/p>\n\t\t\t\t\t\t\t\t<\/div>\n\t\t\t\t<\/div>\n\t\t\t\t<\/div>\n\t\t<div class=\"elementor-element elementor-element-65f319f e-con-full e-flex e-con e-child\" data-id=\"65f319f\" data-element_type=\"container\" data-e-type=\"container\">\n\t\t\t\t<div class=\"elementor-element elementor-element-b66dbd2 elementor-widget elementor-widget-text-editor\" data-id=\"b66dbd2\" data-element_type=\"widget\" data-e-type=\"widget\" data-widget_type=\"text-editor.default\">\n\t\t\t\t<div class=\"elementor-widget-container\">\n\t\t\t\t\t\t\t\t\t<p>ICREA recolza les accions encaminades a aquest aprofitament i presta assessorament al llarg de tot el proc\u00e9s.<\/p>\n\t\t\t\t\t\t\t\t<\/div>\n\t\t\t\t<\/div>\n\t\t\t\t<div class=\"elementor-element elementor-element-a4048ae elementor-widget elementor-widget-text-editor\" data-id=\"a4048ae\" data-element_type=\"widget\" data-e-type=\"widget\" data-widget_type=\"text-editor.default\">\n\t\t\t\t<div class=\"elementor-widget-container\">\n\t\t\t\t\t\t\t\t\t<p>Consulteu les nostres tecnologies actuals i contacteu amb ICREA per saber-ne m\u00e9s.<\/p>\n\t\t\t\t\t\t\t\t<\/div>\n\t\t\t\t<\/div>\n\t\t\t\t<\/div>\n\t\t<div class=\"elementor-element elementor-element-3528710 e-con-full e-flex e-con e-child\" data-id=\"3528710\" data-element_type=\"container\" data-e-type=\"container\">\n\t\t\t\t<div class=\"elementor-element elementor-element-4f0d2d1 icrea-btn elementor-widget elementor-widget-button\" data-id=\"4f0d2d1\" data-element_type=\"widget\" data-e-type=\"widget\" data-widget_type=\"button.default\">\n\t\t\t\t<div class=\"elementor-widget-container\">\n\t\t\t\t\t\t\t\t\t<div class=\"elementor-button-wrapper\">\n\t\t\t\t\t<a class=\"elementor-button elementor-button-link elementor-size-sm\" href=\"https:\/\/www.icrea.cat\/impact\/innovation\/industrial-property\/\">\n\t\t\t\t\t\t<span class=\"elementor-button-content-wrapper\">\n\t\t\t\t\t\t\t\t\t<span class=\"elementor-button-text\">Anar a propietat industrial<\/span>\n\t\t\t\t\t<\/span>\n\t\t\t\t\t<\/a>\n\t\t\t\t<\/div>\n\t\t\t\t\t\t\t\t<\/div>\n\t\t\t\t<\/div>\n\t\t\t\t<\/div>\n\t\t\t\t\t<\/div>\n\t\t\t\t<\/div>\n\t\t\t\t<\/div>\n\t\t","protected":false},"excerpt":{"rendered":"<p>Innovaci\u00f3 PORTAR IDEES AL MERCAT Els investigadors ICREA tenen plena llibertat per fer la seva recerca, i se&#8217;ls selecciona \u00fanicament segons l&#8217;excel\u00b7l\u00e8ncia cient\u00edfica i acad\u00e8mica. Ara b\u00e9, l&#8217;excel\u00b7l\u00e8ncia cient\u00edfica porta sovint a descobriments incre\u00efbles que poden transformar la forma en qu\u00e8 fem les coses, i el que pensem de nosaltres i del nostre futur. Quan [&hellip;]<\/p>\n","protected":false},"author":1,"featured_media":0,"parent":7165,"menu_order":0,"comment_status":"closed","ping_status":"closed","template":"","meta":{"_acf_changed":false,"footnotes":""},"class_list":["post-7207","page","type-page","status-publish","hentry"],"acf":[],"yoast_head":"<!-- This site is optimized with the Yoast SEO plugin v27.4 - https:\/\/yoast.com\/product\/yoast-seo-wordpress\/ -->\n<title>Innovaci\u00f3 - ICREA<\/title>\n<meta name=\"robots\" content=\"index, follow, max-snippet:-1, max-image-preview:large, max-video-preview:-1\" \/>\n<link rel=\"canonical\" href=\"https:\/\/www.icrea.cat\/impact\/innovation\/\" \/>\n<meta property=\"og:locale\" content=\"ca_ES\" \/>\n<meta property=\"og:type\" content=\"article\" \/>\n<meta property=\"og:title\" content=\"Innovaci\u00f3 - ICREA\" \/>\n<meta property=\"og:description\" content=\"Innovaci\u00f3 PORTAR IDEES AL MERCAT Els investigadors ICREA tenen plena llibertat per fer la seva recerca, i se&#8217;ls selecciona \u00fanicament segons l&#8217;excel\u00b7l\u00e8ncia cient\u00edfica i acad\u00e8mica. Ara b\u00e9, l&#8217;excel\u00b7l\u00e8ncia cient\u00edfica porta sovint a descobriments incre\u00efbles que poden transformar la forma en qu\u00e8 fem les coses, i el que pensem de nosaltres i del nostre futur. Quan [&hellip;]\" \/>\n<meta property=\"og:url\" content=\"https:\/\/www.icrea.cat\/impact\/innovation\/\" \/>\n<meta property=\"og:site_name\" content=\"ICREA\" \/>\n<meta property=\"article:modified_time\" content=\"2024-10-24T10:13:20+00:00\" \/>\n<meta property=\"og:image\" content=\"https:\/\/www.icrea.cat\/wp-content\/uploads\/2024\/01\/Rectangle-45spinoff.jpg\" \/>\n\t<meta property=\"og:image:width\" content=\"633\" \/>\n\t<meta property=\"og:image:height\" content=\"633\" \/>\n\t<meta property=\"og:image:type\" content=\"image\/jpeg\" \/>\n<meta name=\"twitter:card\" content=\"summary_large_image\" \/>\n<meta name=\"twitter:label1\" content=\"Temps estimat de lectura\" \/>\n\t<meta name=\"twitter:data1\" content=\"2 minuts\" \/>\n<script type=\"application\/ld+json\" class=\"yoast-schema-graph\">{\"@context\":\"https:\\\/\\\/schema.org\",\"@graph\":[{\"@type\":\"WebPage\",\"@id\":\"https:\\\/\\\/www.icrea.cat\\\/impact\\\/innovation\\\/\",\"url\":\"https:\\\/\\\/www.icrea.cat\\\/impact\\\/innovation\\\/\",\"name\":\"Innovaci\u00f3 - ICREA\",\"isPartOf\":{\"@id\":\"https:\\\/\\\/www.icrea.cat\\\/#website\"},\"primaryImageOfPage\":{\"@id\":\"https:\\\/\\\/www.icrea.cat\\\/impact\\\/innovation\\\/#primaryimage\"},\"image\":{\"@id\":\"https:\\\/\\\/www.icrea.cat\\\/impact\\\/innovation\\\/#primaryimage\"},\"thumbnailUrl\":\"https:\\\/\\\/www.icrea.cat\\\/wp-content\\\/uploads\\\/2024\\\/01\\\/Rectangle-45spinoff.jpg\",\"datePublished\":\"2024-01-30T08:53:56+00:00\",\"dateModified\":\"2024-10-24T10:13:20+00:00\",\"breadcrumb\":{\"@id\":\"https:\\\/\\\/www.icrea.cat\\\/impact\\\/innovation\\\/#breadcrumb\"},\"inLanguage\":\"ca\",\"potentialAction\":[{\"@type\":\"ReadAction\",\"target\":[\"https:\\\/\\\/www.icrea.cat\\\/impact\\\/innovation\\\/\"]}]},{\"@type\":\"ImageObject\",\"inLanguage\":\"ca\",\"@id\":\"https:\\\/\\\/www.icrea.cat\\\/impact\\\/innovation\\\/#primaryimage\",\"url\":\"https:\\\/\\\/www.icrea.cat\\\/wp-content\\\/uploads\\\/2024\\\/01\\\/Rectangle-45spinoff.jpg\",\"contentUrl\":\"https:\\\/\\\/www.icrea.cat\\\/wp-content\\\/uploads\\\/2024\\\/01\\\/Rectangle-45spinoff.jpg\"},{\"@type\":\"BreadcrumbList\",\"@id\":\"https:\\\/\\\/www.icrea.cat\\\/impact\\\/innovation\\\/#breadcrumb\",\"itemListElement\":[{\"@type\":\"ListItem\",\"position\":1,\"name\":\"Home\",\"item\":\"https:\\\/\\\/www.icrea.cat\\\/ca\\\/\"},{\"@type\":\"ListItem\",\"position\":2,\"name\":\"Impact\",\"item\":\"https:\\\/\\\/www.icrea.cat\\\/impact\\\/\"},{\"@type\":\"ListItem\",\"position\":3,\"name\":\"Innovaci\u00f3\"}]},{\"@type\":\"WebSite\",\"@id\":\"https:\\\/\\\/www.icrea.cat\\\/#website\",\"url\":\"https:\\\/\\\/www.icrea.cat\\\/\",\"name\":\"ICREA\",\"description\":\"\",\"publisher\":{\"@id\":\"https:\\\/\\\/www.icrea.cat\\\/#organization\"},\"potentialAction\":[{\"@type\":\"SearchAction\",\"target\":{\"@type\":\"EntryPoint\",\"urlTemplate\":\"https:\\\/\\\/www.icrea.cat\\\/?s={search_term_string}\"},\"query-input\":{\"@type\":\"PropertyValueSpecification\",\"valueRequired\":true,\"valueName\":\"search_term_string\"}}],\"inLanguage\":\"ca\"},{\"@type\":\"Organization\",\"@id\":\"https:\\\/\\\/www.icrea.cat\\\/#organization\",\"name\":\"ICREA\",\"url\":\"https:\\\/\\\/www.icrea.cat\\\/\",\"logo\":{\"@type\":\"ImageObject\",\"inLanguage\":\"ca\",\"@id\":\"https:\\\/\\\/www.icrea.cat\\\/#\\\/schema\\\/logo\\\/image\\\/\",\"url\":\"https:\\\/\\\/www.icrea.cat\\\/wp-content\\\/uploads\\\/2025\\\/01\\\/cropped-logo-icrea-claim-white.png\",\"contentUrl\":\"https:\\\/\\\/www.icrea.cat\\\/wp-content\\\/uploads\\\/2025\\\/01\\\/cropped-logo-icrea-claim-white.png\",\"width\":1658,\"height\":709,\"caption\":\"ICREA\"},\"image\":{\"@id\":\"https:\\\/\\\/www.icrea.cat\\\/#\\\/schema\\\/logo\\\/image\\\/\"}}]}<\/script>\n<!-- \/ Yoast SEO plugin. -->","yoast_head_json":{"title":"Innovaci\u00f3 - ICREA","robots":{"index":"index","follow":"follow","max-snippet":"max-snippet:-1","max-image-preview":"max-image-preview:large","max-video-preview":"max-video-preview:-1"},"canonical":"https:\/\/www.icrea.cat\/impact\/innovation\/","og_locale":"ca_ES","og_type":"article","og_title":"Innovaci\u00f3 - ICREA","og_description":"Innovaci\u00f3 PORTAR IDEES AL MERCAT Els investigadors ICREA tenen plena llibertat per fer la seva recerca, i se&#8217;ls selecciona \u00fanicament segons l&#8217;excel\u00b7l\u00e8ncia cient\u00edfica i acad\u00e8mica. Ara b\u00e9, l&#8217;excel\u00b7l\u00e8ncia cient\u00edfica porta sovint a descobriments incre\u00efbles que poden transformar la forma en qu\u00e8 fem les coses, i el que pensem de nosaltres i del nostre futur. Quan [&hellip;]","og_url":"https:\/\/www.icrea.cat\/impact\/innovation\/","og_site_name":"ICREA","article_modified_time":"2024-10-24T10:13:20+00:00","og_image":[{"width":633,"height":633,"url":"https:\/\/www.icrea.cat\/wp-content\/uploads\/2024\/01\/Rectangle-45spinoff.jpg","type":"image\/jpeg"}],"twitter_card":"summary_large_image","twitter_misc":{"Temps estimat de lectura":"2 minuts"},"schema":{"@context":"https:\/\/schema.org","@graph":[{"@type":"WebPage","@id":"https:\/\/www.icrea.cat\/impact\/innovation\/","url":"https:\/\/www.icrea.cat\/impact\/innovation\/","name":"Innovaci\u00f3 - ICREA","isPartOf":{"@id":"https:\/\/www.icrea.cat\/#website"},"primaryImageOfPage":{"@id":"https:\/\/www.icrea.cat\/impact\/innovation\/#primaryimage"},"image":{"@id":"https:\/\/www.icrea.cat\/impact\/innovation\/#primaryimage"},"thumbnailUrl":"https:\/\/www.icrea.cat\/wp-content\/uploads\/2024\/01\/Rectangle-45spinoff.jpg","datePublished":"2024-01-30T08:53:56+00:00","dateModified":"2024-10-24T10:13:20+00:00","breadcrumb":{"@id":"https:\/\/www.icrea.cat\/impact\/innovation\/#breadcrumb"},"inLanguage":"ca","potentialAction":[{"@type":"ReadAction","target":["https:\/\/www.icrea.cat\/impact\/innovation\/"]}]},{"@type":"ImageObject","inLanguage":"ca","@id":"https:\/\/www.icrea.cat\/impact\/innovation\/#primaryimage","url":"https:\/\/www.icrea.cat\/wp-content\/uploads\/2024\/01\/Rectangle-45spinoff.jpg","contentUrl":"https:\/\/www.icrea.cat\/wp-content\/uploads\/2024\/01\/Rectangle-45spinoff.jpg"},{"@type":"BreadcrumbList","@id":"https:\/\/www.icrea.cat\/impact\/innovation\/#breadcrumb","itemListElement":[{"@type":"ListItem","position":1,"name":"Home","item":"https:\/\/www.icrea.cat\/ca\/"},{"@type":"ListItem","position":2,"name":"Impact","item":"https:\/\/www.icrea.cat\/impact\/"},{"@type":"ListItem","position":3,"name":"Innovaci\u00f3"}]},{"@type":"WebSite","@id":"https:\/\/www.icrea.cat\/#website","url":"https:\/\/www.icrea.cat\/","name":"ICREA","description":"","publisher":{"@id":"https:\/\/www.icrea.cat\/#organization"},"potentialAction":[{"@type":"SearchAction","target":{"@type":"EntryPoint","urlTemplate":"https:\/\/www.icrea.cat\/?s={search_term_string}"},"query-input":{"@type":"PropertyValueSpecification","valueRequired":true,"valueName":"search_term_string"}}],"inLanguage":"ca"},{"@type":"Organization","@id":"https:\/\/www.icrea.cat\/#organization","name":"ICREA","url":"https:\/\/www.icrea.cat\/","logo":{"@type":"ImageObject","inLanguage":"ca","@id":"https:\/\/www.icrea.cat\/#\/schema\/logo\/image\/","url":"https:\/\/www.icrea.cat\/wp-content\/uploads\/2025\/01\/cropped-logo-icrea-claim-white.png","contentUrl":"https:\/\/www.icrea.cat\/wp-content\/uploads\/2025\/01\/cropped-logo-icrea-claim-white.png","width":1658,"height":709,"caption":"ICREA"},"image":{"@id":"https:\/\/www.icrea.cat\/#\/schema\/logo\/image\/"}}]}},"_links":{"self":[{"href":"https:\/\/www.icrea.cat\/ca\/wp-json\/wp\/v2\/pages\/7207","targetHints":{"allow":["GET"]}}],"collection":[{"href":"https:\/\/www.icrea.cat\/ca\/wp-json\/wp\/v2\/pages"}],"about":[{"href":"https:\/\/www.icrea.cat\/ca\/wp-json\/wp\/v2\/types\/page"}],"author":[{"embeddable":true,"href":"https:\/\/www.icrea.cat\/ca\/wp-json\/wp\/v2\/users\/1"}],"replies":[{"embeddable":true,"href":"https:\/\/www.icrea.cat\/ca\/wp-json\/wp\/v2\/comments?post=7207"}],"version-history":[{"count":1,"href":"https:\/\/www.icrea.cat\/ca\/wp-json\/wp\/v2\/pages\/7207\/revisions"}],"predecessor-version":[{"id":7208,"href":"https:\/\/www.icrea.cat\/ca\/wp-json\/wp\/v2\/pages\/7207\/revisions\/7208"}],"up":[{"embeddable":true,"href":"https:\/\/www.icrea.cat\/ca\/wp-json\/wp\/v2\/pages\/7165"}],"wp:attachment":[{"href":"https:\/\/www.icrea.cat\/ca\/wp-json\/wp\/v2\/media?parent=7207"}],"curies":[{"name":"wp","href":"https:\/\/api.w.org\/{rel}","templated":true}]}}