{"id":7134,"date":"2024-01-31T17:48:57","date_gmt":"2024-01-31T16:48:57","guid":{"rendered":"https:\/\/www.icrea.cat\/imatge-de-marca\/"},"modified":"2024-11-14T15:44:24","modified_gmt":"2024-11-14T14:44:24","slug":"imatge-de-marca","status":"publish","type":"page","link":"https:\/\/www.icrea.cat\/ca\/imatge-de-marca\/","title":{"rendered":"Imatge de marca"},"content":{"rendered":"\t\t<div data-elementor-type=\"wp-page\" data-elementor-id=\"7134\" class=\"elementor elementor-7134 elementor-1023\">\n\t\t\t\t<div class=\"elementor-element elementor-element-e8ebc16 hero-banner-def e-flex e-con-boxed e-con e-parent\" data-id=\"e8ebc16\" data-element_type=\"container\" data-e-type=\"container\" data-settings=\"{&quot;background_background&quot;:&quot;slideshow&quot;,&quot;background_slideshow_gallery&quot;:[{&quot;id&quot;:1030,&quot;url&quot;:&quot;https:\\\/\\\/www.icrea.cat\\\/wp-content\\\/uploads\\\/2024\\\/01\\\/hero-brand.png&quot;}],&quot;background_slideshow_loop&quot;:&quot;yes&quot;,&quot;background_slideshow_slide_duration&quot;:5000,&quot;background_slideshow_slide_transition&quot;:&quot;fade&quot;,&quot;background_slideshow_transition_duration&quot;:500}\">\n\t\t\t\t\t<div class=\"e-con-inner\">\n\t\t\t\t<div class=\"elementor-element elementor-element-97020dc elementor-invisible elementor-widget elementor-widget-heading\" data-id=\"97020dc\" data-element_type=\"widget\" data-e-type=\"widget\" data-settings=\"{&quot;_animation&quot;:&quot;fadeInDown&quot;}\" data-widget_type=\"heading.default\">\n\t\t\t\t<div class=\"elementor-widget-container\">\n\t\t\t\t\t<h1 class=\"elementor-heading-title elementor-size-default\">Imatge de <mark>marca<\/mark><\/h1>\t\t\t\t<\/div>\n\t\t\t\t<\/div>\n\t\t\t\t\t<\/div>\n\t\t\t\t<\/div>\n\t\t<div class=\"elementor-element elementor-element-12c8718 custom-intro e-flex e-con-boxed e-con e-parent\" data-id=\"12c8718\" data-element_type=\"container\" data-e-type=\"container\" data-settings=\"{&quot;background_background&quot;:&quot;classic&quot;}\">\n\t\t\t\t\t<div class=\"e-con-inner\">\n\t\t<div class=\"elementor-element elementor-element-6bfd02f e-con-full animated-slow e-flex elementor-invisible e-con e-child\" data-id=\"6bfd02f\" data-element_type=\"container\" data-e-type=\"container\" data-settings=\"{&quot;animation&quot;:&quot;fadeInDown&quot;,&quot;animation_delay&quot;:5}\">\n\t\t\t\t<div class=\"elementor-element elementor-element-27b572b intro-section  negative-margin elementor-widget elementor-widget-text-editor\" data-id=\"27b572b\" data-element_type=\"widget\" data-e-type=\"widget\" data-widget_type=\"text-editor.default\">\n\t\t\t\t<div class=\"elementor-widget-container\">\n\t\t\t\t\t\t\t\t\t<p>El nostre logo pret\u00e9n il\u00b7lustrar qu\u00e8 s\u00f3n i qu\u00e8 representen els investigadors ICREA. Les estrelles solen identificar-se com un s\u00edmbol d&#8217;excel\u00b7l\u00e8ncia, per\u00f2 al nostre logo l&#8217;estrella en si no s&#8217;ha dibuixat: es veu indirectament per l&#8217;impacte que l&#8217;envolta. \u00c9s una bona met\u00e0fora dels nostres investigadors, que, tot i ser estrelles, es reconeixen per l&#8217;impacte que causen en la nostra societat.  <\/p>\n\t\t\t\t\t\t\t\t<\/div>\n\t\t\t\t<\/div>\n\t\t\t\t<\/div>\n\t\t\t\t\t<\/div>\n\t\t\t\t<\/div>\n\t\t<div class=\"elementor-element elementor-element-5fbbbc4 e-flex e-con-boxed e-con e-parent\" data-id=\"5fbbbc4\" data-element_type=\"container\" data-e-type=\"container\">\n\t\t\t\t\t<div class=\"e-con-inner\">\n\t\t<div class=\"elementor-element elementor-element-e4b0917 e-con-full e-flex e-con e-child\" data-id=\"e4b0917\" data-element_type=\"container\" data-e-type=\"container\">\n\t\t\t\t<div class=\"elementor-element elementor-element-30afd01 elementor-widget elementor-widget-heading\" data-id=\"30afd01\" data-element_type=\"widget\" data-e-type=\"widget\" data-widget_type=\"heading.default\">\n\t\t\t\t<div class=\"elementor-widget-container\">\n\t\t\t\t\t<h2 class=\"elementor-heading-title elementor-size-default\">MATERIAL GR\u00c0FIC<\/h2>\t\t\t\t<\/div>\n\t\t\t\t<\/div>\n\t\t\t\t<\/div>\n\t\t<div class=\"elementor-element elementor-element-350f843 e-con-full e-flex e-con e-child\" data-id=\"350f843\" data-element_type=\"container\" data-e-type=\"container\">\n\t\t<div class=\"elementor-element elementor-element-1d6ef2a card-download e-flex e-con-boxed e-con e-child\" data-id=\"1d6ef2a\" data-element_type=\"container\" data-e-type=\"container\">\n\t\t\t\t\t<div class=\"e-con-inner\">\n\t\t\t\t<div class=\"elementor-element elementor-element-81c76f5 elementor-widget elementor-widget-heading\" data-id=\"81c76f5\" data-element_type=\"widget\" data-e-type=\"widget\" data-widget_type=\"heading.default\">\n\t\t\t\t<div class=\"elementor-widget-container\">\n\t\t\t\t\t<h3 class=\"elementor-heading-title elementor-size-default\">Logo<\/h3>\t\t\t\t<\/div>\n\t\t\t\t<\/div>\n\t\t\t\t<div class=\"elementor-element elementor-element-dc618c8 elementor-widget elementor-widget-heading\" data-id=\"dc618c8\" data-element_type=\"widget\" data-e-type=\"widget\" data-widget_type=\"heading.default\">\n\t\t\t\t<div class=\"elementor-widget-container\">\n\t\t\t\t\t<h2 class=\"elementor-heading-title elementor-size-default\">Descarrega el logotip en diferents formats i variacions<\/h2>\t\t\t\t<\/div>\n\t\t\t\t<\/div>\n\t\t\t\t<div class=\"elementor-element elementor-element-a54a63f icrea-btn elementor-widget elementor-widget-button\" data-id=\"a54a63f\" data-element_type=\"widget\" data-e-type=\"widget\" data-widget_type=\"button.default\">\n\t\t\t\t<div class=\"elementor-widget-container\">\n\t\t\t\t\t\t\t\t\t<div class=\"elementor-button-wrapper\">\n\t\t\t\t\t<a class=\"elementor-button elementor-button-link elementor-size-sm\" href=\"https:\/\/www.icrea.cat\/wp-content\/uploads\/2024\/04\/logos-icrea.zip\">\n\t\t\t\t\t\t<span class=\"elementor-button-content-wrapper\">\n\t\t\t\t\t\t\t\t\t<span class=\"elementor-button-text\">Descarrega<\/span>\n\t\t\t\t\t<\/span>\n\t\t\t\t\t<\/a>\n\t\t\t\t<\/div>\n\t\t\t\t\t\t\t\t<\/div>\n\t\t\t\t<\/div>\n\t\t\t\t\t<\/div>\n\t\t\t\t<\/div>\n\t\t\t\t<\/div>\n\t\t<div class=\"elementor-element elementor-element-f8e7972 e-con-full e-flex e-con e-child\" data-id=\"f8e7972\" data-element_type=\"container\" data-e-type=\"container\">\n\t\t<div class=\"elementor-element elementor-element-e4b7580 card-download e-flex e-con-boxed e-con e-child\" data-id=\"e4b7580\" data-element_type=\"container\" data-e-type=\"container\">\n\t\t\t\t\t<div class=\"e-con-inner\">\n\t\t\t\t<div class=\"elementor-element elementor-element-0850df7 elementor-widget elementor-widget-heading\" data-id=\"0850df7\" data-element_type=\"widget\" data-e-type=\"widget\" data-widget_type=\"heading.default\">\n\t\t\t\t<div class=\"elementor-widget-container\">\n\t\t\t\t\t<h3 class=\"elementor-heading-title elementor-size-default\">Manual d'imatge<\/h3>\t\t\t\t<\/div>\n\t\t\t\t<\/div>\n\t\t\t\t<div class=\"elementor-element elementor-element-b77fadd elementor-widget elementor-widget-heading\" data-id=\"b77fadd\" data-element_type=\"widget\" data-e-type=\"widget\" data-widget_type=\"heading.default\">\n\t\t\t\t<div class=\"elementor-widget-container\">\n\t\t\t\t\t<h2 class=\"elementor-heading-title elementor-size-default\">Descarrega el manual d'aplicaci\u00f3 de la nostra marca<\/h2>\t\t\t\t<\/div>\n\t\t\t\t<\/div>\n\t\t\t\t<div class=\"elementor-element elementor-element-8e7f9c6 icrea-btn elementor-widget elementor-widget-button\" data-id=\"8e7f9c6\" data-element_type=\"widget\" data-e-type=\"widget\" data-widget_type=\"button.default\">\n\t\t\t\t<div class=\"elementor-widget-container\">\n\t\t\t\t\t\t\t\t\t<div class=\"elementor-button-wrapper\">\n\t\t\t\t\t<a class=\"elementor-button elementor-button-link elementor-size-sm\" href=\"https:\/\/www.icrea.cat\/wp-content\/uploads\/2024\/04\/image-manual.zip\">\n\t\t\t\t\t\t<span class=\"elementor-button-content-wrapper\">\n\t\t\t\t\t\t\t\t\t<span class=\"elementor-button-text\">Descarrega<\/span>\n\t\t\t\t\t<\/span>\n\t\t\t\t\t<\/a>\n\t\t\t\t<\/div>\n\t\t\t\t\t\t\t\t<\/div>\n\t\t\t\t<\/div>\n\t\t\t\t\t<\/div>\n\t\t\t\t<\/div>\n\t\t\t\t<\/div>\n\t\t<div class=\"elementor-element elementor-element-d32298e e-con-full elementor-hidden-desktop elementor-hidden-tablet elementor-hidden-mobile e-flex e-con e-child\" data-id=\"d32298e\" data-element_type=\"container\" data-e-type=\"container\">\n\t\t<div class=\"elementor-element elementor-element-6fa3dd2 card-download e-flex e-con-boxed e-con e-child\" data-id=\"6fa3dd2\" data-element_type=\"container\" data-e-type=\"container\">\n\t\t\t\t\t<div class=\"e-con-inner\">\n\t\t\t\t<div class=\"elementor-element elementor-element-248bdc3 elementor-widget elementor-widget-heading\" data-id=\"248bdc3\" data-element_type=\"widget\" data-e-type=\"widget\" data-widget_type=\"heading.default\">\n\t\t\t\t<div class=\"elementor-widget-container\">\n\t\t\t\t\t<h3 class=\"elementor-heading-title elementor-size-default\">Imatges<\/h3>\t\t\t\t<\/div>\n\t\t\t\t<\/div>\n\t\t\t\t<div class=\"elementor-element elementor-element-2a93b4b elementor-widget elementor-widget-heading\" data-id=\"2a93b4b\" data-element_type=\"widget\" data-e-type=\"widget\" data-widget_type=\"heading.default\">\n\t\t\t\t<div class=\"elementor-widget-container\">\n\t\t\t\t\t<h2 class=\"elementor-heading-title elementor-size-default\">Baixeu una selecci\u00f3 d'imatges per a la premsa<\/h2>\t\t\t\t<\/div>\n\t\t\t\t<\/div>\n\t\t\t\t<div class=\"elementor-element elementor-element-17e9f63 icrea-btn elementor-widget elementor-widget-button\" data-id=\"17e9f63\" data-element_type=\"widget\" data-e-type=\"widget\" data-widget_type=\"button.default\">\n\t\t\t\t<div class=\"elementor-widget-container\">\n\t\t\t\t\t\t\t\t\t<div class=\"elementor-button-wrapper\">\n\t\t\t\t\t<a class=\"elementor-button elementor-button-link elementor-size-sm\" href=\"#\">\n\t\t\t\t\t\t<span class=\"elementor-button-content-wrapper\">\n\t\t\t\t\t\t\t\t\t<span class=\"elementor-button-text\">Descarrega<\/span>\n\t\t\t\t\t<\/span>\n\t\t\t\t\t<\/a>\n\t\t\t\t<\/div>\n\t\t\t\t\t\t\t\t<\/div>\n\t\t\t\t<\/div>\n\t\t\t\t\t<\/div>\n\t\t\t\t<\/div>\n\t\t\t\t<\/div>\n\t\t<div class=\"elementor-element elementor-element-9cc4a4f e-con-full elementor-hidden-desktop elementor-hidden-tablet elementor-hidden-mobile e-flex e-con e-child\" data-id=\"9cc4a4f\" data-element_type=\"container\" data-e-type=\"container\">\n\t\t<div class=\"elementor-element elementor-element-9f3e91e card-download e-flex e-con-boxed e-con e-child\" data-id=\"9f3e91e\" data-element_type=\"container\" data-e-type=\"container\">\n\t\t\t\t\t<div class=\"e-con-inner\">\n\t\t\t\t<div class=\"elementor-element elementor-element-8398a84 elementor-widget elementor-widget-heading\" data-id=\"8398a84\" data-element_type=\"widget\" data-e-type=\"widget\" data-widget_type=\"heading.default\">\n\t\t\t\t<div class=\"elementor-widget-container\">\n\t\t\t\t\t<h3 class=\"elementor-heading-title elementor-size-default\">Dossier<\/h3>\t\t\t\t<\/div>\n\t\t\t\t<\/div>\n\t\t\t\t<div class=\"elementor-element elementor-element-8aff226 elementor-widget elementor-widget-heading\" data-id=\"8aff226\" data-element_type=\"widget\" data-e-type=\"widget\" data-widget_type=\"heading.default\">\n\t\t\t\t<div class=\"elementor-widget-container\">\n\t\t\t\t\t<h2 class=\"elementor-heading-title elementor-size-default\">Descarrega't el dossier corporatiu ICREA<\/h2>\t\t\t\t<\/div>\n\t\t\t\t<\/div>\n\t\t\t\t<div class=\"elementor-element elementor-element-d2b6b9b icrea-btn elementor-widget elementor-widget-button\" data-id=\"d2b6b9b\" data-element_type=\"widget\" data-e-type=\"widget\" data-widget_type=\"button.default\">\n\t\t\t\t<div class=\"elementor-widget-container\">\n\t\t\t\t\t\t\t\t\t<div class=\"elementor-button-wrapper\">\n\t\t\t\t\t<a class=\"elementor-button elementor-button-link elementor-size-sm\" href=\"#\">\n\t\t\t\t\t\t<span class=\"elementor-button-content-wrapper\">\n\t\t\t\t\t\t\t\t\t<span class=\"elementor-button-text\">Descarrega<\/span>\n\t\t\t\t\t<\/span>\n\t\t\t\t\t<\/a>\n\t\t\t\t<\/div>\n\t\t\t\t\t\t\t\t<\/div>\n\t\t\t\t<\/div>\n\t\t\t\t\t<\/div>\n\t\t\t\t<\/div>\n\t\t\t\t<\/div>\n\t\t\t\t\t<\/div>\n\t\t\t\t<\/div>\n\t\t\t\t<\/div>\n\t\t","protected":false},"excerpt":{"rendered":"<p>Imatge de marca El nostre logo pret\u00e9n il\u00b7lustrar qu\u00e8 s\u00f3n i qu\u00e8 representen els investigadors ICREA. Les estrelles solen identificar-se com un s\u00edmbol d&#8217;excel\u00b7l\u00e8ncia, per\u00f2 al nostre logo l&#8217;estrella en si no s&#8217;ha dibuixat: es veu indirectament per l&#8217;impacte que l&#8217;envolta. \u00c9s una bona met\u00e0fora dels nostres investigadors, que, tot i ser estrelles, es reconeixen [&hellip;]<\/p>\n","protected":false},"author":1,"featured_media":0,"parent":0,"menu_order":0,"comment_status":"closed","ping_status":"closed","template":"","meta":{"_acf_changed":false,"footnotes":""},"class_list":["post-7134","page","type-page","status-publish","hentry"],"acf":[],"yoast_head":"<!-- This site is optimized with the Yoast SEO plugin v27.4 - https:\/\/yoast.com\/product\/yoast-seo-wordpress\/ -->\n<title>Imatge de marca - ICREA<\/title>\n<meta name=\"robots\" content=\"index, follow, max-snippet:-1, max-image-preview:large, max-video-preview:-1\" \/>\n<link rel=\"canonical\" href=\"https:\/\/www.icrea.cat\/brand-image\/\" \/>\n<meta property=\"og:locale\" content=\"ca_ES\" \/>\n<meta property=\"og:type\" content=\"article\" \/>\n<meta property=\"og:title\" content=\"Imatge de marca - ICREA\" \/>\n<meta property=\"og:description\" content=\"Imatge de marca El nostre logo pret\u00e9n il\u00b7lustrar qu\u00e8 s\u00f3n i qu\u00e8 representen els investigadors ICREA. Les estrelles solen identificar-se com un s\u00edmbol d&#8217;excel\u00b7l\u00e8ncia, per\u00f2 al nostre logo l&#8217;estrella en si no s&#8217;ha dibuixat: es veu indirectament per l&#8217;impacte que l&#8217;envolta. \u00c9s una bona met\u00e0fora dels nostres investigadors, que, tot i ser estrelles, es reconeixen [&hellip;]\" \/>\n<meta property=\"og:url\" content=\"https:\/\/www.icrea.cat\/brand-image\/\" \/>\n<meta property=\"og:site_name\" content=\"ICREA\" \/>\n<meta property=\"article:modified_time\" content=\"2024-11-14T14:44:24+00:00\" \/>\n<meta name=\"twitter:card\" content=\"summary_large_image\" \/>\n<meta name=\"twitter:label1\" content=\"Temps estimat de lectura\" \/>\n\t<meta name=\"twitter:data1\" content=\"1 minut\" \/>\n<script type=\"application\/ld+json\" class=\"yoast-schema-graph\">{\"@context\":\"https:\\\/\\\/schema.org\",\"@graph\":[{\"@type\":\"WebPage\",\"@id\":\"https:\\\/\\\/www.icrea.cat\\\/brand-image\\\/\",\"url\":\"https:\\\/\\\/www.icrea.cat\\\/brand-image\\\/\",\"name\":\"Imatge de marca - ICREA\",\"isPartOf\":{\"@id\":\"https:\\\/\\\/www.icrea.cat\\\/#website\"},\"datePublished\":\"2024-01-31T16:48:57+00:00\",\"dateModified\":\"2024-11-14T14:44:24+00:00\",\"breadcrumb\":{\"@id\":\"https:\\\/\\\/www.icrea.cat\\\/brand-image\\\/#breadcrumb\"},\"inLanguage\":\"ca\",\"potentialAction\":[{\"@type\":\"ReadAction\",\"target\":[\"https:\\\/\\\/www.icrea.cat\\\/brand-image\\\/\"]}]},{\"@type\":\"BreadcrumbList\",\"@id\":\"https:\\\/\\\/www.icrea.cat\\\/brand-image\\\/#breadcrumb\",\"itemListElement\":[{\"@type\":\"ListItem\",\"position\":1,\"name\":\"Home\",\"item\":\"https:\\\/\\\/www.icrea.cat\\\/ca\\\/\"},{\"@type\":\"ListItem\",\"position\":2,\"name\":\"Imatge de marca\"}]},{\"@type\":\"WebSite\",\"@id\":\"https:\\\/\\\/www.icrea.cat\\\/#website\",\"url\":\"https:\\\/\\\/www.icrea.cat\\\/\",\"name\":\"ICREA\",\"description\":\"\",\"publisher\":{\"@id\":\"https:\\\/\\\/www.icrea.cat\\\/#organization\"},\"potentialAction\":[{\"@type\":\"SearchAction\",\"target\":{\"@type\":\"EntryPoint\",\"urlTemplate\":\"https:\\\/\\\/www.icrea.cat\\\/?s={search_term_string}\"},\"query-input\":{\"@type\":\"PropertyValueSpecification\",\"valueRequired\":true,\"valueName\":\"search_term_string\"}}],\"inLanguage\":\"ca\"},{\"@type\":\"Organization\",\"@id\":\"https:\\\/\\\/www.icrea.cat\\\/#organization\",\"name\":\"ICREA\",\"url\":\"https:\\\/\\\/www.icrea.cat\\\/\",\"logo\":{\"@type\":\"ImageObject\",\"inLanguage\":\"ca\",\"@id\":\"https:\\\/\\\/www.icrea.cat\\\/#\\\/schema\\\/logo\\\/image\\\/\",\"url\":\"https:\\\/\\\/www.icrea.cat\\\/wp-content\\\/uploads\\\/2025\\\/01\\\/cropped-logo-icrea-claim-white.png\",\"contentUrl\":\"https:\\\/\\\/www.icrea.cat\\\/wp-content\\\/uploads\\\/2025\\\/01\\\/cropped-logo-icrea-claim-white.png\",\"width\":1658,\"height\":709,\"caption\":\"ICREA\"},\"image\":{\"@id\":\"https:\\\/\\\/www.icrea.cat\\\/#\\\/schema\\\/logo\\\/image\\\/\"}}]}<\/script>\n<!-- \/ Yoast SEO plugin. -->","yoast_head_json":{"title":"Imatge de marca - ICREA","robots":{"index":"index","follow":"follow","max-snippet":"max-snippet:-1","max-image-preview":"max-image-preview:large","max-video-preview":"max-video-preview:-1"},"canonical":"https:\/\/www.icrea.cat\/brand-image\/","og_locale":"ca_ES","og_type":"article","og_title":"Imatge de marca - ICREA","og_description":"Imatge de marca El nostre logo pret\u00e9n il\u00b7lustrar qu\u00e8 s\u00f3n i qu\u00e8 representen els investigadors ICREA. Les estrelles solen identificar-se com un s\u00edmbol d&#8217;excel\u00b7l\u00e8ncia, per\u00f2 al nostre logo l&#8217;estrella en si no s&#8217;ha dibuixat: es veu indirectament per l&#8217;impacte que l&#8217;envolta. \u00c9s una bona met\u00e0fora dels nostres investigadors, que, tot i ser estrelles, es reconeixen [&hellip;]","og_url":"https:\/\/www.icrea.cat\/brand-image\/","og_site_name":"ICREA","article_modified_time":"2024-11-14T14:44:24+00:00","twitter_card":"summary_large_image","twitter_misc":{"Temps estimat de lectura":"1 minut"},"schema":{"@context":"https:\/\/schema.org","@graph":[{"@type":"WebPage","@id":"https:\/\/www.icrea.cat\/brand-image\/","url":"https:\/\/www.icrea.cat\/brand-image\/","name":"Imatge de marca - ICREA","isPartOf":{"@id":"https:\/\/www.icrea.cat\/#website"},"datePublished":"2024-01-31T16:48:57+00:00","dateModified":"2024-11-14T14:44:24+00:00","breadcrumb":{"@id":"https:\/\/www.icrea.cat\/brand-image\/#breadcrumb"},"inLanguage":"ca","potentialAction":[{"@type":"ReadAction","target":["https:\/\/www.icrea.cat\/brand-image\/"]}]},{"@type":"BreadcrumbList","@id":"https:\/\/www.icrea.cat\/brand-image\/#breadcrumb","itemListElement":[{"@type":"ListItem","position":1,"name":"Home","item":"https:\/\/www.icrea.cat\/ca\/"},{"@type":"ListItem","position":2,"name":"Imatge de marca"}]},{"@type":"WebSite","@id":"https:\/\/www.icrea.cat\/#website","url":"https:\/\/www.icrea.cat\/","name":"ICREA","description":"","publisher":{"@id":"https:\/\/www.icrea.cat\/#organization"},"potentialAction":[{"@type":"SearchAction","target":{"@type":"EntryPoint","urlTemplate":"https:\/\/www.icrea.cat\/?s={search_term_string}"},"query-input":{"@type":"PropertyValueSpecification","valueRequired":true,"valueName":"search_term_string"}}],"inLanguage":"ca"},{"@type":"Organization","@id":"https:\/\/www.icrea.cat\/#organization","name":"ICREA","url":"https:\/\/www.icrea.cat\/","logo":{"@type":"ImageObject","inLanguage":"ca","@id":"https:\/\/www.icrea.cat\/#\/schema\/logo\/image\/","url":"https:\/\/www.icrea.cat\/wp-content\/uploads\/2025\/01\/cropped-logo-icrea-claim-white.png","contentUrl":"https:\/\/www.icrea.cat\/wp-content\/uploads\/2025\/01\/cropped-logo-icrea-claim-white.png","width":1658,"height":709,"caption":"ICREA"},"image":{"@id":"https:\/\/www.icrea.cat\/#\/schema\/logo\/image\/"}}]}},"_links":{"self":[{"href":"https:\/\/www.icrea.cat\/ca\/wp-json\/wp\/v2\/pages\/7134","targetHints":{"allow":["GET"]}}],"collection":[{"href":"https:\/\/www.icrea.cat\/ca\/wp-json\/wp\/v2\/pages"}],"about":[{"href":"https:\/\/www.icrea.cat\/ca\/wp-json\/wp\/v2\/types\/page"}],"author":[{"embeddable":true,"href":"https:\/\/www.icrea.cat\/ca\/wp-json\/wp\/v2\/users\/1"}],"replies":[{"embeddable":true,"href":"https:\/\/www.icrea.cat\/ca\/wp-json\/wp\/v2\/comments?post=7134"}],"version-history":[{"count":7,"href":"https:\/\/www.icrea.cat\/ca\/wp-json\/wp\/v2\/pages\/7134\/revisions"}],"predecessor-version":[{"id":19463,"href":"https:\/\/www.icrea.cat\/ca\/wp-json\/wp\/v2\/pages\/7134\/revisions\/19463"}],"wp:attachment":[{"href":"https:\/\/www.icrea.cat\/ca\/wp-json\/wp\/v2\/media?parent=7134"}],"curies":[{"name":"wp","href":"https:\/\/api.w.org\/{rel}","templated":true}]}}