{"id":7130,"date":"2024-04-15T11:55:06","date_gmt":"2024-04-15T09:55:06","guid":{"rendered":"https:\/\/www.icrea.cat\/aviso-legal\/"},"modified":"2024-10-23T13:49:24","modified_gmt":"2024-10-23T11:49:24","slug":"aviso-legal","status":"publish","type":"page","link":"https:\/\/www.icrea.cat\/ca\/aviso-legal\/","title":{"rendered":"Avis Legal"},"content":{"rendered":"\t\t<div data-elementor-type=\"wp-page\" data-elementor-id=\"7130\" class=\"elementor elementor-7130 elementor-2674\">\n\t\t\t\t<div class=\"elementor-element elementor-element-9a7ae97 e-flex e-con-boxed e-con e-parent\" data-id=\"9a7ae97\" data-element_type=\"container\" data-e-type=\"container\">\n\t\t\t\t\t<div class=\"e-con-inner\">\n\t\t\t\t<div class=\"elementor-element elementor-element-9c15b56 elementor-widget elementor-widget-heading\" data-id=\"9c15b56\" data-element_type=\"widget\" data-e-type=\"widget\" data-widget_type=\"heading.default\">\n\t\t\t\t<div class=\"elementor-widget-container\">\n\t\t\t\t\t<h2 class=\"elementor-heading-title elementor-size-default\">Avis Legal<\/h2>\t\t\t\t<\/div>\n\t\t\t\t<\/div>\n\t\t\t\t<div class=\"elementor-element elementor-element-c00660d custom-policy elementor-widget elementor-widget-text-editor\" data-id=\"c00660d\" data-element_type=\"widget\" data-e-type=\"widget\" data-widget_type=\"text-editor.default\">\n\t\t\t\t<div class=\"elementor-widget-container\">\n\t\t\t\t\t\t\t\t\t<div class=\"field-item even\"><p>La Fundaci\u00f3 <strong>INSTITUCI\u00d3 CATALANA DE RECERCA I ESTUDIS AVAN\u00c7ATS <\/strong>(<strong>ICREA) <\/strong>amb C.I.F. n\u00famero G62515838 i registrada a la Direcci\u00f3 General de Dret i d&#8217;Entitats Jur\u00eddiques amb el n\u00famero 1532 \u00e9s titular del nom de domini <a href=\"http:\/\/www.icrea.cat\">www.icrea.cat<\/a> &nbsp;(d&#8217;ara endavant i conjuntament, el \u201c<strong>Lloc web<\/strong>\u201d).<\/p>\n<p><strong>Adre\u00e7a:<\/strong><\/p>\n<p>Passeig Llu\u00eds Companys, 23, 08010, Barcelona <\/p>\n<p>Tel. no.: (+34) 93 567 0281<\/p>\n<p>Email: <a href=\"mailto:icrea@icrea.cat\">icrea@icrea.cat<\/a> <\/p>\n<p><strong>1.- CONDICIONS D\u2019\u00daS GENERALS <\/strong><\/p>\n<p>L&#8217;Usuari accedeix volunt\u00e0riament a aquest Lloc web, la qual cosa implica que l\u2019utilitzar\u00e0 conforme al present av\u00eds legal, la llei, la moral, la bona fe i\/o els bons costums.<\/p>\n<ul class=\"ul1\">\n<li class=\"li1\">La utilitzaci\u00f3 d&#8217;aquest Lloc web suposa l&#8217;acceptaci\u00f3 d&#8217;aquest av\u00eds legal.<\/li>\n<li class=\"li1\">Les p\u00e0gines web d&#8217;aquest Lloc web poden ser visitades lliurement pels usuaris i no requereixen la subscripci\u00f3 pr\u00e8via o el registre d&#8217;usuaris.<\/li>\n<li class=\"li1\"><strong>ICREA<\/strong> es reserva el dret a modificar sense previ av\u00eds el contingut d&#8217;aquest av\u00eds legal, per tant i per a una correcta utilitzaci\u00f3 del Lloc web, li recomanem que visiti peri\u00f2dicament aquesta secci\u00f3. <\/li>\n<\/ul>\n<p><strong>2.- PROPIETAT INTEL\u00b7LECTUAL I INDUSTRIAL <\/strong><\/p>\n<p>\u00a9 2021, <strong>ICREA<\/strong>. Tots els drets reservats. <\/p>\n<ul class=\"ul1\">\n<li class=\"li1\">Aquest Lloc web i els continguts inclosos en el mateix: articles, textos, imatges, logotips, marques, botons, programari, etc. estan protegits per la legislaci\u00f3 vigent de propietat industrial i intel\u00b7lectual i s\u00f3n propietat de <strong>ICREA<\/strong> o de tercers que han autoritzat el seu \u00fas a <strong>ICREA<\/strong>, quedant expressament prohibida l&#8217;explotaci\u00f3 sense l&#8217;autoritzaci\u00f3 de <strong>ICREA<\/strong>.  <\/li>\n<li class=\"li1\">L&#8217;acc\u00e9s a aquest Lloc web no suposa, en cap cas, l&#8217;adquisici\u00f3 per part dels usuaris de cap dret de propietat sobre els continguts que figuren en el mateix.<\/li>\n<li class=\"li1\"><strong>ICREA<\/strong> es reserva el dret a modificar, actualitzar o suprimir qualsevol dels continguts d&#8217;aquest Lloc web, en qualsevol moment i sense previ av\u00eds.<\/li>\n<li class=\"li1\">Es permet la creaci\u00f3 d&#8217;enlla\u00e7os (&#8220;links&#8221;) a aquesta Web, sempre que siguin a la p\u00e0gina principal. Es prohibeixen expressament enlla\u00e7os profunds a altres p\u00e0gines (&#8220;deep link&#8221;), el seu emmarcat (&#8220;framing&#8221;) aix\u00ed com qualsevol altre no autoritzat. En aquest sentit aquelles persones que desitgin establir un &#8220;link&#8221; o \u201chiperenlace\u201d entre la seva p\u00e0gina Web i aquest Website hauran de recaptar l&#8217;autoritzaci\u00f3 expressa i per escrit de <strong>ICREA<\/strong> sense que aix\u00f2 impliqui una relaci\u00f3 entre aquesta i el titular de la p\u00e0gina en la qual s&#8217;estableixi el &#8220;<strong>link<\/strong>&#8220;, ni l&#8217;aprovaci\u00f3 o acceptaci\u00f3 per part de <strong>ICREA<\/strong> dels seus continguts o serveis.   <\/li>\n<\/ul>\n<p><strong>3.- LIMITACI\u00d3 DE LA RESPONSABILITAT<\/strong><\/p>\n<ul class=\"ul1\">\n<li class=\"li1\"><strong>ICREA<\/strong> es reserva el dret a interrompre l&#8217;acc\u00e9s al seu Lloc web, aix\u00ed com la prestaci\u00f3 de qualsevol servei a trav\u00e9s del mateix en qualsevol moment i sense previ av\u00eds, sigui per motius t\u00e8cnics, de seguretat, de manteniment o per qualsevol altra causa.<\/li>\n<li class=\"li1\"><strong>ICREA<\/strong> no ser\u00e0 responsable en cas que s&#8217;hagi d&#8217;interrompre el servei, retard o mal funcionament i altres inconvenients que tinguin el seu origen en causes que s&#8217;escapin del control de <strong>ICREA<\/strong> i\/o siguin degudes a una actuaci\u00f3 dolosa o culpable de l&#8217;usuari i\/o tinguin el seu origen en causes de for\u00e7a major.<\/li>\n<li class=\"li1\">La informaci\u00f3 continguda en aquest Lloc web pot no ser correcta, malgrat els esfor\u00e7os realitzats per assegurar la seva exactitud i actualitzaci\u00f3. En conseq\u00fc\u00e8ncia, <strong>ICREA<\/strong>. no es responsabilitza dels errors continguts, ni dels danys o perjudicis derivats de la seva utilitzaci\u00f3.<\/li>\n<li class=\"li1\">Aquest Lloc web pot contenir enlla\u00e7os a altres llocs webs del contingut dels quals, utilitat o exactitud no es pot responsabilitzar <strong>ICREA<\/strong>. La incorporaci\u00f3 d&#8217;un enlla\u00e7 en aquest Lloc web no pot considerar-se una recomanaci\u00f3 als usuaris perqu\u00e8 procedeixin a la seva utilitzaci\u00f3, la decisi\u00f3 d&#8217;utilitzar-los \u00e9s responsabilitat d&#8217;aquests \u00faltims. <\/li>\n<li class=\"li1\"><strong>ICREA<\/strong> no es fa responsable dels danys i perjudicis derivats de l&#8217;\u00fas d&#8217;aquest Lloc web o dels seus continguts, no garantint l&#8217;abs\u00e8ncia de virus o la impossibilitat de causar danys en els sistemes inform\u00e0tics de l&#8217;usuari.<\/li>\n<li class=\"li1\"><strong>ICREA<\/strong> no es responsabilitza del mal \u00fas que es pugui fer d&#8217;aquest Lloc web.<\/li>\n<\/ul>\n<p><strong>4.- LEGISLACI\u00d3 APLICABLE I TRIBUNALS COMPETENTS <\/strong><\/p>\n<ul class=\"ul1\">\n<li class=\"li1\">Les condicions d&#8217;aquest Lloc web i les relacions entre l&#8217;usuari i <strong>ICREA<\/strong> es regiran per la legislaci\u00f3 i jurisdicci\u00f3 espanyola.<\/li>\n<li class=\"li1\">Per con\u00e8ixer qualsevol discrep\u00e0ncia que pugui sorgir entre l&#8217;usuari i <strong>ICREA<\/strong> ambdues parts es sotmeten als Jutjats i Tribunals de Barcelona (Espanya).<\/li>\n<\/ul>\n<p><strong>Text actualitzat a novembre de 2021<\/strong><\/p>\n<\/div>\n\n\t\t\t\t\t\t\t\t<\/div>\n\t\t\t\t<\/div>\n\t\t\t\t\t<\/div>\n\t\t\t\t<\/div>\n\t\t\t\t<\/div>\n\t\t","protected":false},"excerpt":{"rendered":"<p>Avis Legal La Fundaci\u00f3 INSTITUCI\u00d3 CATALANA DE RECERCA I ESTUDIS AVAN\u00c7ATS (ICREA) amb C.I.F. n\u00famero G62515838 i registrada a la Direcci\u00f3 General de Dret i d&#8217;Entitats Jur\u00eddiques amb el n\u00famero 1532 \u00e9s titular del nom de domini www.icrea.cat &nbsp;(d&#8217;ara endavant i conjuntament, el \u201cLloc web\u201d). Adre\u00e7a: Passeig Llu\u00eds Companys, 23, 08010, Barcelona Tel. no.: (+34) [&hellip;]<\/p>\n","protected":false},"author":1,"featured_media":0,"parent":0,"menu_order":0,"comment_status":"closed","ping_status":"closed","template":"","meta":{"_acf_changed":false,"footnotes":""},"class_list":["post-7130","page","type-page","status-publish","hentry"],"acf":[],"yoast_head":"<!-- This site is optimized with the Yoast SEO plugin v27.6 - https:\/\/yoast.com\/product\/yoast-seo-wordpress\/ -->\n<title>Avis Legal - ICREA<\/title>\n<meta name=\"robots\" content=\"index, follow, max-snippet:-1, max-image-preview:large, max-video-preview:-1\" \/>\n<link rel=\"canonical\" href=\"https:\/\/www.icrea.cat\/legal-notice\/\" \/>\n<meta property=\"og:locale\" content=\"ca_ES\" \/>\n<meta property=\"og:type\" content=\"article\" \/>\n<meta property=\"og:title\" content=\"Avis Legal - ICREA\" \/>\n<meta property=\"og:description\" content=\"Avis Legal La Fundaci\u00f3 INSTITUCI\u00d3 CATALANA DE RECERCA I ESTUDIS AVAN\u00c7ATS (ICREA) amb C.I.F. n\u00famero G62515838 i registrada a la Direcci\u00f3 General de Dret i d&#8217;Entitats Jur\u00eddiques amb el n\u00famero 1532 \u00e9s titular del nom de domini www.icrea.cat &nbsp;(d&#8217;ara endavant i conjuntament, el \u201cLloc web\u201d). Adre\u00e7a: Passeig Llu\u00eds Companys, 23, 08010, Barcelona Tel. no.: (+34) [&hellip;]\" \/>\n<meta property=\"og:url\" content=\"https:\/\/www.icrea.cat\/legal-notice\/\" \/>\n<meta property=\"og:site_name\" content=\"ICREA\" \/>\n<meta property=\"article:modified_time\" content=\"2024-10-23T11:49:24+00:00\" \/>\n<meta name=\"twitter:card\" content=\"summary_large_image\" \/>\n<meta name=\"twitter:label1\" content=\"Temps estimat de lectura\" \/>\n\t<meta name=\"twitter:data1\" content=\"4 minuts\" \/>\n<script type=\"application\/ld+json\" class=\"yoast-schema-graph\">{\"@context\":\"https:\\\/\\\/schema.org\",\"@graph\":[{\"@type\":\"WebPage\",\"@id\":\"https:\\\/\\\/www.icrea.cat\\\/legal-notice\\\/\",\"url\":\"https:\\\/\\\/www.icrea.cat\\\/legal-notice\\\/\",\"name\":\"Avis Legal - ICREA\",\"isPartOf\":{\"@id\":\"https:\\\/\\\/www.icrea.cat\\\/#website\"},\"datePublished\":\"2024-04-15T09:55:06+00:00\",\"dateModified\":\"2024-10-23T11:49:24+00:00\",\"breadcrumb\":{\"@id\":\"https:\\\/\\\/www.icrea.cat\\\/legal-notice\\\/#breadcrumb\"},\"inLanguage\":\"ca\",\"potentialAction\":[{\"@type\":\"ReadAction\",\"target\":[\"https:\\\/\\\/www.icrea.cat\\\/legal-notice\\\/\"]}]},{\"@type\":\"BreadcrumbList\",\"@id\":\"https:\\\/\\\/www.icrea.cat\\\/legal-notice\\\/#breadcrumb\",\"itemListElement\":[{\"@type\":\"ListItem\",\"position\":1,\"name\":\"Home\",\"item\":\"https:\\\/\\\/www.icrea.cat\\\/ca\\\/\"},{\"@type\":\"ListItem\",\"position\":2,\"name\":\"Avis Legal\"}]},{\"@type\":\"WebSite\",\"@id\":\"https:\\\/\\\/www.icrea.cat\\\/#website\",\"url\":\"https:\\\/\\\/www.icrea.cat\\\/\",\"name\":\"ICREA\",\"description\":\"\",\"publisher\":{\"@id\":\"https:\\\/\\\/www.icrea.cat\\\/#organization\"},\"potentialAction\":[{\"@type\":\"SearchAction\",\"target\":{\"@type\":\"EntryPoint\",\"urlTemplate\":\"https:\\\/\\\/www.icrea.cat\\\/?s={search_term_string}\"},\"query-input\":{\"@type\":\"PropertyValueSpecification\",\"valueRequired\":true,\"valueName\":\"search_term_string\"}}],\"inLanguage\":\"ca\"},{\"@type\":\"Organization\",\"@id\":\"https:\\\/\\\/www.icrea.cat\\\/#organization\",\"name\":\"ICREA\",\"url\":\"https:\\\/\\\/www.icrea.cat\\\/\",\"logo\":{\"@type\":\"ImageObject\",\"inLanguage\":\"ca\",\"@id\":\"https:\\\/\\\/www.icrea.cat\\\/#\\\/schema\\\/logo\\\/image\\\/\",\"url\":\"https:\\\/\\\/www.icrea.cat\\\/wp-content\\\/uploads\\\/2025\\\/01\\\/cropped-logo-icrea-claim-white.png\",\"contentUrl\":\"https:\\\/\\\/www.icrea.cat\\\/wp-content\\\/uploads\\\/2025\\\/01\\\/cropped-logo-icrea-claim-white.png\",\"width\":1658,\"height\":709,\"caption\":\"ICREA\"},\"image\":{\"@id\":\"https:\\\/\\\/www.icrea.cat\\\/#\\\/schema\\\/logo\\\/image\\\/\"}}]}<\/script>\n<!-- \/ Yoast SEO plugin. -->","yoast_head_json":{"title":"Avis Legal - ICREA","robots":{"index":"index","follow":"follow","max-snippet":"max-snippet:-1","max-image-preview":"max-image-preview:large","max-video-preview":"max-video-preview:-1"},"canonical":"https:\/\/www.icrea.cat\/legal-notice\/","og_locale":"ca_ES","og_type":"article","og_title":"Avis Legal - ICREA","og_description":"Avis Legal La Fundaci\u00f3 INSTITUCI\u00d3 CATALANA DE RECERCA I ESTUDIS AVAN\u00c7ATS (ICREA) amb C.I.F. n\u00famero G62515838 i registrada a la Direcci\u00f3 General de Dret i d&#8217;Entitats Jur\u00eddiques amb el n\u00famero 1532 \u00e9s titular del nom de domini www.icrea.cat &nbsp;(d&#8217;ara endavant i conjuntament, el \u201cLloc web\u201d). Adre\u00e7a: Passeig Llu\u00eds Companys, 23, 08010, Barcelona Tel. no.: (+34) [&hellip;]","og_url":"https:\/\/www.icrea.cat\/legal-notice\/","og_site_name":"ICREA","article_modified_time":"2024-10-23T11:49:24+00:00","twitter_card":"summary_large_image","twitter_misc":{"Temps estimat de lectura":"4 minuts"},"schema":{"@context":"https:\/\/schema.org","@graph":[{"@type":"WebPage","@id":"https:\/\/www.icrea.cat\/legal-notice\/","url":"https:\/\/www.icrea.cat\/legal-notice\/","name":"Avis Legal - ICREA","isPartOf":{"@id":"https:\/\/www.icrea.cat\/#website"},"datePublished":"2024-04-15T09:55:06+00:00","dateModified":"2024-10-23T11:49:24+00:00","breadcrumb":{"@id":"https:\/\/www.icrea.cat\/legal-notice\/#breadcrumb"},"inLanguage":"ca","potentialAction":[{"@type":"ReadAction","target":["https:\/\/www.icrea.cat\/legal-notice\/"]}]},{"@type":"BreadcrumbList","@id":"https:\/\/www.icrea.cat\/legal-notice\/#breadcrumb","itemListElement":[{"@type":"ListItem","position":1,"name":"Home","item":"https:\/\/www.icrea.cat\/ca\/"},{"@type":"ListItem","position":2,"name":"Avis Legal"}]},{"@type":"WebSite","@id":"https:\/\/www.icrea.cat\/#website","url":"https:\/\/www.icrea.cat\/","name":"ICREA","description":"","publisher":{"@id":"https:\/\/www.icrea.cat\/#organization"},"potentialAction":[{"@type":"SearchAction","target":{"@type":"EntryPoint","urlTemplate":"https:\/\/www.icrea.cat\/?s={search_term_string}"},"query-input":{"@type":"PropertyValueSpecification","valueRequired":true,"valueName":"search_term_string"}}],"inLanguage":"ca"},{"@type":"Organization","@id":"https:\/\/www.icrea.cat\/#organization","name":"ICREA","url":"https:\/\/www.icrea.cat\/","logo":{"@type":"ImageObject","inLanguage":"ca","@id":"https:\/\/www.icrea.cat\/#\/schema\/logo\/image\/","url":"https:\/\/www.icrea.cat\/wp-content\/uploads\/2025\/01\/cropped-logo-icrea-claim-white.png","contentUrl":"https:\/\/www.icrea.cat\/wp-content\/uploads\/2025\/01\/cropped-logo-icrea-claim-white.png","width":1658,"height":709,"caption":"ICREA"},"image":{"@id":"https:\/\/www.icrea.cat\/#\/schema\/logo\/image\/"}}]}},"_links":{"self":[{"href":"https:\/\/www.icrea.cat\/ca\/wp-json\/wp\/v2\/pages\/7130","targetHints":{"allow":["GET"]}}],"collection":[{"href":"https:\/\/www.icrea.cat\/ca\/wp-json\/wp\/v2\/pages"}],"about":[{"href":"https:\/\/www.icrea.cat\/ca\/wp-json\/wp\/v2\/types\/page"}],"author":[{"embeddable":true,"href":"https:\/\/www.icrea.cat\/ca\/wp-json\/wp\/v2\/users\/1"}],"replies":[{"embeddable":true,"href":"https:\/\/www.icrea.cat\/ca\/wp-json\/wp\/v2\/comments?post=7130"}],"version-history":[{"count":3,"href":"https:\/\/www.icrea.cat\/ca\/wp-json\/wp\/v2\/pages\/7130\/revisions"}],"predecessor-version":[{"id":7138,"href":"https:\/\/www.icrea.cat\/ca\/wp-json\/wp\/v2\/pages\/7130\/revisions\/7138"}],"wp:attachment":[{"href":"https:\/\/www.icrea.cat\/ca\/wp-json\/wp\/v2\/media?parent=7130"}],"curies":[{"name":"wp","href":"https:\/\/api.w.org\/{rel}","templated":true}]}}